{"id":25025,"date":"2025-11-25T12:26:16","date_gmt":"2025-11-25T12:26:16","guid":{"rendered":"https:\/\/www.tx-lab.com\/?post_type=product&#038;p=25025"},"modified":"2026-04-14T10:53:45","modified_gmt":"2026-04-14T10:53:45","slug":"360-professional-scanning-hood-kit-valoi","status":"publish","type":"product","link":"https:\/\/www.tx-lab.com\/en\/product\/360-professional-scanning-hood-kit-valoi\/","title":{"rendered":"360 Professional &amp; Scanning Hood Kit - Valoi"},"content":{"rendered":"<p>If you're ready to get into camera scanning, this is the kit for you.<br \/>\nyou want. Here you get almost all VALOI products in one package<br \/>\ndiscount, as well as an excellent light source. This kit offers a<br \/>\n significant discount in the final scanning configuration of<br \/>\ncamera.<\/p>\n<p>Additional holders, such as a holder for scanning sprockets on 35 mm film, can be added separately.<\/p>\n<p><span style=\"font-size:10pt;font-family:Arial;font-style:normal\" data-sheets-root=\"1\"><b>Professional Scanning Kit: <\/b><\/span><\/p>\n<p><b>Advanced<\/b><br \/>\nThe VALOI Advancer will help you improve your speed, stability, performance, and<br \/>\nleveling, quality of light and is compatible with all brackets.<br \/>\nVALOI; it will also allow you to use other accessories, such as the VALOI<br \/>\nDuster. Read more about VALOI Advancer.<\/p>\n<p><b>Light adapter <\/b><br \/>\nThis VALOI LightAdapter is a sturdy platform with space for<br \/>\nthe Cinestill CS-LITE is inserted and then screwed into place.<br \/>\nScrew light with LightAdapter and LightAdapter with Advancer<br \/>\nallows for a super-strong configuration. At the bottom of the<br \/>\nLightAdapter are fitted with rubber levelling feet that allow for a<br \/>\nfine adjustment in levelling and gripping on the surface. Read more about<br \/>\nVALOI LightAdapter<\/p>\n<p><b>Cinestill CS-LITE<\/b><br \/>\nCinestill CS-LITE is the most affordable light source on the market for<br \/>\nfilm scanning. The low cost combined with a high CRI, high<br \/>\nlight intensity and three optimised settings for different lighting conditions.<br \/>\ntypes of film, this is an unbeatable offer. And best of all:<br \/>\nintegrates seamlessly with the VALOI 360 system. Read more about<br \/>\nCinestill CS-LITE.<\/p>\n<p><b>Film masks<\/b><br \/>\nIncluding the 6\u00d74.5, 6\u00d76, 6\u00d77 film masks, this kit provides you with<br \/>\nall the options when scanning 120 film.<br \/>\nreduce the additional light when scanning formats smaller than a<br \/>\n6\u00d79 film on the 120 backing. This improves the contrast, which<br \/>\nhas a dramatic effect on older lenses. Read more about the<br \/>\nVALOI 360 film masks.<\/p>\n<p><b>35 mm support<\/b><br \/>\nThe VALOI 35 mm holder is made for standard 35 mm film.<br \/>\nmm with a frame size of approximately 24 x 36 mm and it is<br \/>\nmaximised in terms of flatness and quality. It is compatible with Advancer<br \/>\nbut can be used alone. Read more about the VALOI 35 mm bracket.<\/p>\n<p><b>120 mm bracket<\/b><br \/>\nThe VALOI 360 120 holder is designed for standard 120\" film.<br \/>\nwith a frame size of up to 6\u00d79, although it is perfectly suited to<br \/>\n all the smaller formats in 120 film and is maximised<br \/>\nin terms of flatness and quality. It is compatible with Advancer but can be<br \/>\n to be used alone. Read more about the VALOI 120 stand.<\/p>\n<p><b>Duster<\/b><br \/>\nThe VALOI Duster is perhaps the most popular accessory for the VALOI system.<br \/>\n 360. It has a completely black anodised aluminium structure.<br \/>\nwith a matt surface to avoid reflections. In it we have included two<br \/>\nhigh quality brushes with antistatic brushes that have an antistatic bristle<br \/>\n extremely thin to ensure that it doesn't scratch the film.<br \/>\nyou get as part of a kit at a very good price!<\/p>\n<p><b>Levelling mirror<\/b><br \/>\nThe levelling mirror is a modest addition to your kit, but perhaps one that will<br \/>\n The largest possible size, as it allows you to ensure that you have the best possible<br \/>\naccurate and quick to ensure that the film and the camera sensor<br \/>\nare parallel. This guarantees square images with a sharp focus.<br \/>\nuniform over the entire image area and is essential for obtaining a uniform<br \/>\ngood result. Read more about the VALOI 360\u00b0 Levelling Mirror<\/p>\n<p><\/p>","protected":false},"excerpt":{"rendered":"<p><b>Kit contains:<br \/>\n<\/b><\/p>\n<ul>\n<li>- Professional Scanning Kit (VLPROFKIT: Valoi Advancer + Light Adapter + Cinestill CS-Lite + Film Masks + 35mm and 120mm Holder + Duster + Mirror Leveler\n    <\/li>\n<li>- Scanning Hood 35mm (VLSCNHOOD35)\n    <\/li>\n<li>- Scanning Hood 120 (VLSCNHOOD120)\n<\/li>\n<\/ul>","protected":false},"featured_media":25021,"comment_status":"open","ping_status":"closed","template":"","meta":[],"product_brand":[],"product_cat":[535],"product_tag":[1854],"class_list":{"0":"post-25025","1":"product","2":"type-product","3":"status-publish","4":"has-post-thumbnail","6":"product_cat-mesas-de-bodegon","7":"product_tag-valoi-kit","9":"first","10":"onbackorder","11":"taxable","12":"shipping-taxable","13":"purchasable","14":"product-type-simple"},"yoast_head":"<!-- This site is optimized with the Yoast SEO plugin v27.4 - https:\/\/yoast.com\/product\/yoast-seo-wordpress\/ -->\n<title>\u1409 360 Professional &amp; Scanning Hood Kit - Valoi | Tx-lab<\/title>\n<meta name=\"description\" content=\"\ud83e\udd47 Entra y descubre \u261d 360 Professional &amp; Scanning Hood Kit - Valoi. La mejor tecnolog\u00eda disponible en... comprar 360 Professional &amp; Scanning Hood Kit - Valoi al mejor precio \u2705 360 Professional &amp; Scanning Hood Kit - Valoi recomendado para...\" \/>\n<meta name=\"robots\" content=\"index, follow, max-snippet:-1, max-image-preview:large, max-video-preview:-1\" \/>\n<link rel=\"canonical\" href=\"https:\/\/www.tx-lab.com\/en\/product\/360-professional-scanning-hood-kit-valoi\/\" \/>\n<meta property=\"og:locale\" content=\"en_GB\" \/>\n<meta property=\"og:type\" content=\"article\" \/>\n<meta property=\"og:title\" content=\"\u1409 360 Professional &amp; Scanning Hood Kit - Valoi | Tx-lab\" \/>\n<meta property=\"og:description\" content=\"\ud83e\udd47 Entra y descubre \u261d 360 Professional &amp; Scanning Hood Kit - Valoi. La mejor tecnolog\u00eda disponible en... comprar 360 Professional &amp; Scanning Hood Kit - Valoi al mejor precio \u2705 360 Professional &amp; Scanning Hood Kit - Valoi recomendado para...\" \/>\n<meta property=\"og:url\" content=\"https:\/\/www.tx-lab.com\/en\/product\/360-professional-scanning-hood-kit-valoi\/\" \/>\n<meta property=\"og:site_name\" content=\"Tx-lab\" \/>\n<meta property=\"article:modified_time\" content=\"2026-04-14T10:53:45+00:00\" \/>\n<meta property=\"og:image\" content=\"https:\/\/www.tx-lab.com\/wp-content\/uploads\/2025\/11\/imgAZRYY7.jpg\" \/>\n\t<meta property=\"og:image:width\" content=\"2048\" \/>\n\t<meta property=\"og:image:height\" content=\"1365\" \/>\n\t<meta property=\"og:image:type\" content=\"image\/jpeg\" \/>\n<meta name=\"twitter:card\" content=\"summary_large_image\" \/>\n<meta name=\"twitter:label1\" content=\"Estimated reading time\" \/>\n\t<meta name=\"twitter:data1\" content=\"3 minutes\" \/>\n<script type=\"application\/ld+json\" class=\"yoast-schema-graph\">{\"@context\":\"https:\\\/\\\/schema.org\",\"@graph\":[{\"@type\":\"WebPage\",\"@id\":\"https:\\\/\\\/www.tx-lab.com\\\/producto\\\/360-professional-scanning-hood-kit-valoi\\\/\",\"url\":\"https:\\\/\\\/www.tx-lab.com\\\/producto\\\/360-professional-scanning-hood-kit-valoi\\\/\",\"name\":\"\u1409 360 Professional &amp; Scanning Hood Kit - Valoi | Tx-lab\",\"isPartOf\":{\"@id\":\"https:\\\/\\\/www.tx-lab.com\\\/#website\"},\"primaryImageOfPage\":{\"@id\":\"https:\\\/\\\/www.tx-lab.com\\\/producto\\\/360-professional-scanning-hood-kit-valoi\\\/#primaryimage\"},\"image\":{\"@id\":\"https:\\\/\\\/www.tx-lab.com\\\/producto\\\/360-professional-scanning-hood-kit-valoi\\\/#primaryimage\"},\"thumbnailUrl\":\"https:\\\/\\\/www.tx-lab.com\\\/wp-content\\\/uploads\\\/2025\\\/11\\\/imgAZRYY7.jpg\",\"datePublished\":\"2025-11-25T12:26:16+00:00\",\"dateModified\":\"2026-04-14T10:53:45+00:00\",\"description\":\"\ud83e\udd47 Entra y descubre \u261d 360 Professional &amp; Scanning Hood Kit - Valoi. La mejor tecnolog\u00eda disponible en... comprar 360 Professional &amp; Scanning Hood Kit - Valoi al mejor precio \u2705 360 Professional &amp; Scanning Hood Kit - Valoi recomendado para...\",\"breadcrumb\":{\"@id\":\"https:\\\/\\\/www.tx-lab.com\\\/producto\\\/360-professional-scanning-hood-kit-valoi\\\/#breadcrumb\"},\"inLanguage\":\"en-GB\",\"potentialAction\":[{\"@type\":\"ReadAction\",\"target\":[\"https:\\\/\\\/www.tx-lab.com\\\/producto\\\/360-professional-scanning-hood-kit-valoi\\\/\"]}]},{\"@type\":\"ImageObject\",\"inLanguage\":\"en-GB\",\"@id\":\"https:\\\/\\\/www.tx-lab.com\\\/producto\\\/360-professional-scanning-hood-kit-valoi\\\/#primaryimage\",\"url\":\"https:\\\/\\\/www.tx-lab.com\\\/wp-content\\\/uploads\\\/2025\\\/11\\\/imgAZRYY7.jpg\",\"contentUrl\":\"https:\\\/\\\/www.tx-lab.com\\\/wp-content\\\/uploads\\\/2025\\\/11\\\/imgAZRYY7.jpg\",\"width\":2048,\"height\":1365},{\"@type\":\"BreadcrumbList\",\"@id\":\"https:\\\/\\\/www.tx-lab.com\\\/producto\\\/360-professional-scanning-hood-kit-valoi\\\/#breadcrumb\",\"itemListElement\":[{\"@type\":\"ListItem\",\"position\":1,\"name\":\"Portada\",\"item\":\"https:\\\/\\\/www.tx-lab.com\\\/\"},{\"@type\":\"ListItem\",\"position\":2,\"name\":\"Tienda\",\"item\":\"https:\\\/\\\/www.tx-lab.com\\\/tienda\\\/\"},{\"@type\":\"ListItem\",\"position\":3,\"name\":\"360 Professional &amp; Scanning Hood Kit &#8211; Valoi\"}]},{\"@type\":\"WebSite\",\"@id\":\"https:\\\/\\\/www.tx-lab.com\\\/#website\",\"url\":\"https:\\\/\\\/www.tx-lab.com\\\/\",\"name\":\"Tx-lab\",\"description\":\"Productos y servicios para profesionales de la imagen\",\"publisher\":{\"@id\":\"https:\\\/\\\/www.tx-lab.com\\\/#organization\"},\"potentialAction\":[{\"@type\":\"SearchAction\",\"target\":{\"@type\":\"EntryPoint\",\"urlTemplate\":\"https:\\\/\\\/www.tx-lab.com\\\/?s={search_term_string}\"},\"query-input\":{\"@type\":\"PropertyValueSpecification\",\"valueRequired\":true,\"valueName\":\"search_term_string\"}}],\"inLanguage\":\"en-GB\"},{\"@type\":\"Organization\",\"@id\":\"https:\\\/\\\/www.tx-lab.com\\\/#organization\",\"name\":\"Tx-lab\",\"url\":\"https:\\\/\\\/www.tx-lab.com\\\/\",\"logo\":{\"@type\":\"ImageObject\",\"inLanguage\":\"en-GB\",\"@id\":\"https:\\\/\\\/www.tx-lab.com\\\/#\\\/schema\\\/logo\\\/image\\\/\",\"url\":\"https:\\\/\\\/www.tx-lab.com\\\/wp-content\\\/uploads\\\/2022\\\/09\\\/logo_tx-lab-white-web.png\",\"contentUrl\":\"https:\\\/\\\/www.tx-lab.com\\\/wp-content\\\/uploads\\\/2022\\\/09\\\/logo_tx-lab-white-web.png\",\"width\":520,\"height\":236,\"caption\":\"Tx-lab\"},\"image\":{\"@id\":\"https:\\\/\\\/www.tx-lab.com\\\/#\\\/schema\\\/logo\\\/image\\\/\"}}]}<\/script>\n<!-- \/ Yoast SEO plugin. -->","yoast_head_json":{"title":"\u1409 360 Professional &amp; Scanning Hood Kit - Valoi | Tx-lab","description":"\ud83e\udd47 Entra y descubre \u261d 360 Professional &amp; Scanning Hood Kit - Valoi. La mejor tecnolog\u00eda disponible en... comprar 360 Professional &amp; Scanning Hood Kit - Valoi al mejor precio \u2705 360 Professional &amp; Scanning Hood Kit - Valoi recomendado para...","robots":{"index":"index","follow":"follow","max-snippet":"max-snippet:-1","max-image-preview":"max-image-preview:large","max-video-preview":"max-video-preview:-1"},"canonical":"https:\/\/www.tx-lab.com\/en\/product\/360-professional-scanning-hood-kit-valoi\/","og_locale":"en_GB","og_type":"article","og_title":"\u1409 360 Professional &amp; Scanning Hood Kit - Valoi | Tx-lab","og_description":"\ud83e\udd47 Entra y descubre \u261d 360 Professional &amp; Scanning Hood Kit - Valoi. La mejor tecnolog\u00eda disponible en... comprar 360 Professional &amp; Scanning Hood Kit - Valoi al mejor precio \u2705 360 Professional &amp; Scanning Hood Kit - Valoi recomendado para...","og_url":"https:\/\/www.tx-lab.com\/en\/product\/360-professional-scanning-hood-kit-valoi\/","og_site_name":"Tx-lab","article_modified_time":"2026-04-14T10:53:45+00:00","og_image":[{"width":2048,"height":1365,"url":"https:\/\/www.tx-lab.com\/wp-content\/uploads\/2025\/11\/imgAZRYY7.jpg","type":"image\/jpeg"}],"twitter_card":"summary_large_image","twitter_misc":{"Estimated reading time":"3 minutes"},"schema":{"@context":"https:\/\/schema.org","@graph":[{"@type":"WebPage","@id":"https:\/\/www.tx-lab.com\/producto\/360-professional-scanning-hood-kit-valoi\/","url":"https:\/\/www.tx-lab.com\/producto\/360-professional-scanning-hood-kit-valoi\/","name":"\u1409 360 Professional &amp; Scanning Hood Kit - Valoi | Tx-lab","isPartOf":{"@id":"https:\/\/www.tx-lab.com\/#website"},"primaryImageOfPage":{"@id":"https:\/\/www.tx-lab.com\/producto\/360-professional-scanning-hood-kit-valoi\/#primaryimage"},"image":{"@id":"https:\/\/www.tx-lab.com\/producto\/360-professional-scanning-hood-kit-valoi\/#primaryimage"},"thumbnailUrl":"https:\/\/www.tx-lab.com\/wp-content\/uploads\/2025\/11\/imgAZRYY7.jpg","datePublished":"2025-11-25T12:26:16+00:00","dateModified":"2026-04-14T10:53:45+00:00","description":"\ud83e\udd47 Entra y descubre \u261d 360 Professional &amp; Scanning Hood Kit - Valoi. La mejor tecnolog\u00eda disponible en... comprar 360 Professional &amp; Scanning Hood Kit - Valoi al mejor precio \u2705 360 Professional &amp; Scanning Hood Kit - Valoi recomendado para...","breadcrumb":{"@id":"https:\/\/www.tx-lab.com\/producto\/360-professional-scanning-hood-kit-valoi\/#breadcrumb"},"inLanguage":"en-GB","potentialAction":[{"@type":"ReadAction","target":["https:\/\/www.tx-lab.com\/producto\/360-professional-scanning-hood-kit-valoi\/"]}]},{"@type":"ImageObject","inLanguage":"en-GB","@id":"https:\/\/www.tx-lab.com\/producto\/360-professional-scanning-hood-kit-valoi\/#primaryimage","url":"https:\/\/www.tx-lab.com\/wp-content\/uploads\/2025\/11\/imgAZRYY7.jpg","contentUrl":"https:\/\/www.tx-lab.com\/wp-content\/uploads\/2025\/11\/imgAZRYY7.jpg","width":2048,"height":1365},{"@type":"BreadcrumbList","@id":"https:\/\/www.tx-lab.com\/producto\/360-professional-scanning-hood-kit-valoi\/#breadcrumb","itemListElement":[{"@type":"ListItem","position":1,"name":"Portada","item":"https:\/\/www.tx-lab.com\/"},{"@type":"ListItem","position":2,"name":"Tienda","item":"https:\/\/www.tx-lab.com\/tienda\/"},{"@type":"ListItem","position":3,"name":"360 Professional &amp; Scanning Hood Kit &#8211; Valoi"}]},{"@type":"WebSite","@id":"https:\/\/www.tx-lab.com\/#website","url":"https:\/\/www.tx-lab.com\/","name":"Tx-lab","description":"Products and services for image professionals","publisher":{"@id":"https:\/\/www.tx-lab.com\/#organization"},"potentialAction":[{"@type":"SearchAction","target":{"@type":"EntryPoint","urlTemplate":"https:\/\/www.tx-lab.com\/?s={search_term_string}"},"query-input":{"@type":"PropertyValueSpecification","valueRequired":true,"valueName":"search_term_string"}}],"inLanguage":"en-GB"},{"@type":"Organization","@id":"https:\/\/www.tx-lab.com\/#organization","name":"Tx-lab","url":"https:\/\/www.tx-lab.com\/","logo":{"@type":"ImageObject","inLanguage":"en-GB","@id":"https:\/\/www.tx-lab.com\/#\/schema\/logo\/image\/","url":"https:\/\/www.tx-lab.com\/wp-content\/uploads\/2022\/09\/logo_tx-lab-white-web.png","contentUrl":"https:\/\/www.tx-lab.com\/wp-content\/uploads\/2022\/09\/logo_tx-lab-white-web.png","width":520,"height":236,"caption":"Tx-lab"},"image":{"@id":"https:\/\/www.tx-lab.com\/#\/schema\/logo\/image\/"}}]}},"jetpack-related-posts":[],"jetpack_sharing_enabled":true,"_links":{"self":[{"href":"https:\/\/www.tx-lab.com\/en\/wp-json\/wp\/v2\/product\/25025","targetHints":{"allow":["GET"]}}],"collection":[{"href":"https:\/\/www.tx-lab.com\/en\/wp-json\/wp\/v2\/product"}],"about":[{"href":"https:\/\/www.tx-lab.com\/en\/wp-json\/wp\/v2\/types\/product"}],"replies":[{"embeddable":true,"href":"https:\/\/www.tx-lab.com\/en\/wp-json\/wp\/v2\/comments?post=25025"}],"wp:featuredmedia":[{"embeddable":true,"href":"https:\/\/www.tx-lab.com\/en\/wp-json\/wp\/v2\/media\/25021"}],"wp:attachment":[{"href":"https:\/\/www.tx-lab.com\/en\/wp-json\/wp\/v2\/media?parent=25025"}],"wp:term":[{"taxonomy":"product_brand","embeddable":true,"href":"https:\/\/www.tx-lab.com\/en\/wp-json\/wp\/v2\/product_brand?post=25025"},{"taxonomy":"product_cat","embeddable":true,"href":"https:\/\/www.tx-lab.com\/en\/wp-json\/wp\/v2\/product_cat?post=25025"},{"taxonomy":"product_tag","embeddable":true,"href":"https:\/\/www.tx-lab.com\/en\/wp-json\/wp\/v2\/product_tag?post=25025"}],"curies":[{"name":"wp","href":"https:\/\/api.w.org\/{rel}","templated":true}]}}