{"id":24969,"date":"2025-11-18T17:34:40","date_gmt":"2025-11-18T17:34:40","guid":{"rendered":"https:\/\/www.tx-lab.com\/producto\/easy-precision-framing-helicoid\/"},"modified":"2026-03-23T08:15:31","modified_gmt":"2026-03-23T08:15:31","slug":"easy-precision-framing-helicoid","status":"publish","type":"product","link":"https:\/\/www.tx-lab.com\/en\/product\/easy-precision-framing-helicoid\/","title":{"rendered":"Easy precision Framing Helicoid"},"content":{"rendered":"<p data-start=\"100\" data-end=\"128\" class=\"\"><strong data-start=\"100\" data-end=\"128\">Descripci\u00f3n del producto<\/strong><\/p>\n<p data-start=\"130\" data-end=\"438\" class=\"\">El helicoide de encuadre de precisi\u00f3n VALOI easy est\u00e1 dise\u00f1ado para los sistemas VALOI easy (easy35 y easy120), y permite ajustar el encuadre con una precisi\u00f3n de hasta 20&#8239;mm sin pasos predefinidos. Esto te ofrece un control total sobre el encuadre para optimizar la est\u00e9tica y la resoluci\u00f3n de tus escaneos.<\/p>\n<p data-start=\"440\" data-end=\"648\" class=\"\">Se enrosca directamente en los tubos de distancia incluidos con los sistemas easy35 y easy120. Solo tienes que colocarlo entre el objetivo y los tubos, ajustar la distancia, bloquear&#8230; \u00a1y empezar a escanear!<\/p>\n<p data-start=\"650\" data-end=\"681\" class=\"\"><strong data-start=\"650\" data-end=\"679\">Especificaciones t\u00e9cnicas<\/strong><\/p>\n<ul data-start=\"682\" data-end=\"954\">\n<li data-start=\"682\" data-end=\"734\" class=\"\">\n<p data-start=\"684\" data-end=\"734\" class=\"\">Rosca: 62&#215;0.75 (compatible con easy35 y easy120)<\/p>\n<\/li>\n<li data-start=\"735\" data-end=\"793\" class=\"\">\n<p data-start=\"737\" data-end=\"793\" class=\"\">Longitud: aprox. 20&#8239;mm (colapsado) \/ 40&#8239;mm (extendido)<\/p>\n<\/li>\n<li data-start=\"794\" data-end=\"820\" class=\"\">\n<p data-start=\"796\" data-end=\"820\" class=\"\">Rango de ajuste: 20&#8239;mm<\/p>\n<\/li>\n<li data-start=\"821\" data-end=\"851\" class=\"\">\n<p data-start=\"823\" data-end=\"851\" class=\"\">Material del n\u00facleo: Lat\u00f3n<\/p>\n<\/li>\n<li data-start=\"852\" data-end=\"912\" class=\"\">\n<p data-start=\"854\" data-end=\"912\" class=\"\">Material del cuerpo y rosca: Aluminio anodizado en negro<\/p>\n<\/li>\n<li data-start=\"913\" data-end=\"954\" class=\"\">\n<p data-start=\"915\" data-end=\"954\" class=\"\">Otros: Tornillos de bloqueo incluidos<\/p>\n<\/li>\n<\/ul>\n<hr data-start=\"956\" data-end=\"959\" class=\"\"><\/p>\n<h3 data-start=\"961\" data-end=\"1015\" class=\"\"><strong data-start=\"965\" data-end=\"1015\">Ajuste sin escalones para un encuadre perfecto<\/strong><\/h3>\n<p data-start=\"1017\" data-end=\"1440\" class=\"\">En algunas situaciones, puede resultar \u00fatil ajustar el encuadre con mayor precisi\u00f3n que la que ofrecen los tubos est\u00e1ndar incluidos en los sistemas easy. Aunque en muchos casos el tubo m\u00e1s corto es suficiente, este helicoide te permite ajustar con precisi\u00f3n milim\u00e9trica, sin pasos intermedios, para aprovechar al m\u00e1ximo la resoluci\u00f3n del esc\u00e1ner o conseguir un encuadre est\u00e9tico sin necesidad de recortar en postproducci\u00f3n.<\/p>\n<hr data-start=\"1442\" data-end=\"1445\" class=\"\">\n<h3 data-start=\"1447\" data-end=\"1485\" class=\"\"><strong data-start=\"1451\" data-end=\"1485\">Ajuste fluido y bloqueo s\u00f3lido<\/strong><\/h3>\n<p data-start=\"1487\" data-end=\"1697\" class=\"\">El helicoide se puede ajustar suavemente a la longitud deseada y bloquear firmemente con dos tornillos manuales. Esto garantiza que no haya movimientos durante el escaneo y que el encuadre se mantenga estable*.<\/p>\n<p data-start=\"1699\" data-end=\"1873\" class=\"\">*En uso vertical, c\u00e1maras y objetivos pesados pueden provocar movimiento en el helicoide. Se recomienda hacer pruebas con tu propio equipo antes de escanear en esta posici\u00f3n.<\/p>\n<hr data-start=\"1875\" data-end=\"1878\" class=\"\">\n<p data-start=\"1880\" data-end=\"1907\" class=\"\"><strong data-start=\"1880\" data-end=\"1905\">Contenido del paquete<\/strong><\/p>\n<ul data-start=\"1908\" data-end=\"1959\">\n<li data-start=\"1908\" data-end=\"1959\" class=\"\">\n<p data-start=\"1910\" data-end=\"1959\" class=\"\">1 x Helicoide de encuadre de precisi\u00f3n VALOI easy<\/p>\n<\/li>\n<\/ul>\n<p data-start=\"1961\" data-end=\"2075\" class=\"\"><strong data-start=\"1961\" data-end=\"1979\">Compatibilidad<\/strong><br data-start=\"1979\" data-end=\"1982\"><br \/>\nCompatible con los sistemas VALOI easy35 y easy120, y con la mayor\u00eda de c\u00e1maras y objetivos*.<\/p>\n<p data-start=\"2077\" data-end=\"2165\" class=\"\">*En uso vertical, se recomienda comprobar la estabilidad si se utilizan equipos pesados.<\/p>","protected":false},"excerpt":{"rendered":"<p>El helicoide VALOI easy permite ajustar con precisi\u00f3n el encuadre en los sistemas easy35 y easy120, con un recorrido continuo de 20&#8239;mm.<\/p>\n<p>Se instala entre el objetivo y los tubos de distancia, y se bloquea firmemente con tornillos.<\/p>\n<p>Su construcci\u00f3n en lat\u00f3n y aluminio garantiza durabilidad, precisi\u00f3n y ligereza. Ideal para escaneos m\u00e1s precisos y sin recortes en postproducci\u00f3n.<\/p>\n<p>Compatible con la mayor\u00eda de c\u00e1maras y objetivos, es la herramienta perfecta para optimizar tu flujo de trabajo en digitalizaci\u00f3n de negativos.<\/p>","protected":false},"featured_media":24965,"comment_status":"open","ping_status":"closed","template":"","meta":[],"product_brand":[],"product_cat":[535],"product_tag":[1785,1759],"class_list":{"0":"post-24969","1":"product","2":"type-product","3":"status-publish","4":"has-post-thumbnail","6":"product_cat-mesas-de-bodegon","7":"product_tag-easy35","8":"product_tag-valoi","10":"first","11":"instock","12":"taxable","13":"shipping-taxable","14":"purchasable","15":"product-type-simple"},"yoast_head":"<!-- This site is optimized with the Yoast SEO plugin v27.4 - https:\/\/yoast.com\/product\/yoast-seo-wordpress\/ -->\n<title>\u1409 Easy precision Framing Helicoid | Tx-lab<\/title>\n<meta name=\"description\" content=\"\ud83e\udd47 Entra y descubre \u261d Easy precision Framing Helicoid. La mejor tecnolog\u00eda disponible en... comprar Easy precision Framing Helicoid al mejor precio \u2705 Easy precision Framing Helicoid recomendado para...\" \/>\n<meta name=\"robots\" content=\"index, follow, max-snippet:-1, max-image-preview:large, max-video-preview:-1\" \/>\n<link rel=\"canonical\" href=\"https:\/\/www.tx-lab.com\/en\/product\/easy-precision-framing-helicoid\/\" \/>\n<meta property=\"og:locale\" content=\"en_GB\" \/>\n<meta property=\"og:type\" content=\"article\" \/>\n<meta property=\"og:title\" content=\"\u1409 Easy precision Framing Helicoid | Tx-lab\" \/>\n<meta property=\"og:description\" content=\"\ud83e\udd47 Entra y descubre \u261d Easy precision Framing Helicoid. La mejor tecnolog\u00eda disponible en... comprar Easy precision Framing Helicoid al mejor precio \u2705 Easy precision Framing Helicoid recomendado para...\" \/>\n<meta property=\"og:url\" content=\"https:\/\/www.tx-lab.com\/en\/product\/easy-precision-framing-helicoid\/\" \/>\n<meta property=\"og:site_name\" content=\"Tx-lab\" \/>\n<meta property=\"article:modified_time\" content=\"2026-03-23T08:15:31+00:00\" \/>\n<meta property=\"og:image\" content=\"https:\/\/www.tx-lab.com\/wp-content\/uploads\/2025\/11\/imgBCEvhT.jpeg\" \/>\n\t<meta property=\"og:image:width\" content=\"2048\" \/>\n\t<meta property=\"og:image:height\" content=\"1365\" \/>\n\t<meta property=\"og:image:type\" content=\"image\/jpeg\" \/>\n<meta name=\"twitter:card\" content=\"summary_large_image\" \/>\n<meta name=\"twitter:label1\" content=\"Estimated reading time\" \/>\n\t<meta name=\"twitter:data1\" content=\"2 minutes\" \/>\n<script type=\"application\/ld+json\" class=\"yoast-schema-graph\">{\"@context\":\"https:\\\/\\\/schema.org\",\"@graph\":[{\"@type\":\"WebPage\",\"@id\":\"https:\\\/\\\/www.tx-lab.com\\\/producto\\\/easy-precision-framing-helicoid\\\/\",\"url\":\"https:\\\/\\\/www.tx-lab.com\\\/producto\\\/easy-precision-framing-helicoid\\\/\",\"name\":\"\u1409 Easy precision Framing Helicoid | Tx-lab\",\"isPartOf\":{\"@id\":\"https:\\\/\\\/www.tx-lab.com\\\/#website\"},\"primaryImageOfPage\":{\"@id\":\"https:\\\/\\\/www.tx-lab.com\\\/producto\\\/easy-precision-framing-helicoid\\\/#primaryimage\"},\"image\":{\"@id\":\"https:\\\/\\\/www.tx-lab.com\\\/producto\\\/easy-precision-framing-helicoid\\\/#primaryimage\"},\"thumbnailUrl\":\"https:\\\/\\\/www.tx-lab.com\\\/wp-content\\\/uploads\\\/2025\\\/11\\\/imgBCEvhT.jpeg\",\"datePublished\":\"2025-11-18T17:34:40+00:00\",\"dateModified\":\"2026-03-23T08:15:31+00:00\",\"description\":\"\ud83e\udd47 Entra y descubre \u261d Easy precision Framing Helicoid. La mejor tecnolog\u00eda disponible en... comprar Easy precision Framing Helicoid al mejor precio \u2705 Easy precision Framing Helicoid recomendado para...\",\"breadcrumb\":{\"@id\":\"https:\\\/\\\/www.tx-lab.com\\\/producto\\\/easy-precision-framing-helicoid\\\/#breadcrumb\"},\"inLanguage\":\"en-GB\",\"potentialAction\":[{\"@type\":\"ReadAction\",\"target\":[\"https:\\\/\\\/www.tx-lab.com\\\/producto\\\/easy-precision-framing-helicoid\\\/\"]}]},{\"@type\":\"ImageObject\",\"inLanguage\":\"en-GB\",\"@id\":\"https:\\\/\\\/www.tx-lab.com\\\/producto\\\/easy-precision-framing-helicoid\\\/#primaryimage\",\"url\":\"https:\\\/\\\/www.tx-lab.com\\\/wp-content\\\/uploads\\\/2025\\\/11\\\/imgBCEvhT.jpeg\",\"contentUrl\":\"https:\\\/\\\/www.tx-lab.com\\\/wp-content\\\/uploads\\\/2025\\\/11\\\/imgBCEvhT.jpeg\",\"width\":2048,\"height\":1365},{\"@type\":\"BreadcrumbList\",\"@id\":\"https:\\\/\\\/www.tx-lab.com\\\/producto\\\/easy-precision-framing-helicoid\\\/#breadcrumb\",\"itemListElement\":[{\"@type\":\"ListItem\",\"position\":1,\"name\":\"Portada\",\"item\":\"https:\\\/\\\/www.tx-lab.com\\\/\"},{\"@type\":\"ListItem\",\"position\":2,\"name\":\"Tienda\",\"item\":\"https:\\\/\\\/www.tx-lab.com\\\/tienda\\\/\"},{\"@type\":\"ListItem\",\"position\":3,\"name\":\"Easy precision Framing Helicoid\"}]},{\"@type\":\"WebSite\",\"@id\":\"https:\\\/\\\/www.tx-lab.com\\\/#website\",\"url\":\"https:\\\/\\\/www.tx-lab.com\\\/\",\"name\":\"Tx-lab\",\"description\":\"Productos y servicios para profesionales de la imagen\",\"publisher\":{\"@id\":\"https:\\\/\\\/www.tx-lab.com\\\/#organization\"},\"potentialAction\":[{\"@type\":\"SearchAction\",\"target\":{\"@type\":\"EntryPoint\",\"urlTemplate\":\"https:\\\/\\\/www.tx-lab.com\\\/?s={search_term_string}\"},\"query-input\":{\"@type\":\"PropertyValueSpecification\",\"valueRequired\":true,\"valueName\":\"search_term_string\"}}],\"inLanguage\":\"en-GB\"},{\"@type\":\"Organization\",\"@id\":\"https:\\\/\\\/www.tx-lab.com\\\/#organization\",\"name\":\"Tx-lab\",\"url\":\"https:\\\/\\\/www.tx-lab.com\\\/\",\"logo\":{\"@type\":\"ImageObject\",\"inLanguage\":\"en-GB\",\"@id\":\"https:\\\/\\\/www.tx-lab.com\\\/#\\\/schema\\\/logo\\\/image\\\/\",\"url\":\"https:\\\/\\\/www.tx-lab.com\\\/wp-content\\\/uploads\\\/2022\\\/09\\\/logo_tx-lab-white-web.png\",\"contentUrl\":\"https:\\\/\\\/www.tx-lab.com\\\/wp-content\\\/uploads\\\/2022\\\/09\\\/logo_tx-lab-white-web.png\",\"width\":520,\"height\":236,\"caption\":\"Tx-lab\"},\"image\":{\"@id\":\"https:\\\/\\\/www.tx-lab.com\\\/#\\\/schema\\\/logo\\\/image\\\/\"}}]}<\/script>\n<!-- \/ Yoast SEO plugin. -->","yoast_head_json":{"title":"\u1409 Easy precision Framing Helicoid | Tx-lab","description":"\ud83e\udd47 Entra y descubre \u261d Easy precision Framing Helicoid. La mejor tecnolog\u00eda disponible en... comprar Easy precision Framing Helicoid al mejor precio \u2705 Easy precision Framing Helicoid recomendado para...","robots":{"index":"index","follow":"follow","max-snippet":"max-snippet:-1","max-image-preview":"max-image-preview:large","max-video-preview":"max-video-preview:-1"},"canonical":"https:\/\/www.tx-lab.com\/en\/product\/easy-precision-framing-helicoid\/","og_locale":"en_GB","og_type":"article","og_title":"\u1409 Easy precision Framing Helicoid | Tx-lab","og_description":"\ud83e\udd47 Entra y descubre \u261d Easy precision Framing Helicoid. La mejor tecnolog\u00eda disponible en... comprar Easy precision Framing Helicoid al mejor precio \u2705 Easy precision Framing Helicoid recomendado para...","og_url":"https:\/\/www.tx-lab.com\/en\/product\/easy-precision-framing-helicoid\/","og_site_name":"Tx-lab","article_modified_time":"2026-03-23T08:15:31+00:00","og_image":[{"width":2048,"height":1365,"url":"https:\/\/www.tx-lab.com\/wp-content\/uploads\/2025\/11\/imgBCEvhT.jpeg","type":"image\/jpeg"}],"twitter_card":"summary_large_image","twitter_misc":{"Estimated reading time":"2 minutes"},"schema":{"@context":"https:\/\/schema.org","@graph":[{"@type":"WebPage","@id":"https:\/\/www.tx-lab.com\/producto\/easy-precision-framing-helicoid\/","url":"https:\/\/www.tx-lab.com\/producto\/easy-precision-framing-helicoid\/","name":"\u1409 Easy precision Framing Helicoid | Tx-lab","isPartOf":{"@id":"https:\/\/www.tx-lab.com\/#website"},"primaryImageOfPage":{"@id":"https:\/\/www.tx-lab.com\/producto\/easy-precision-framing-helicoid\/#primaryimage"},"image":{"@id":"https:\/\/www.tx-lab.com\/producto\/easy-precision-framing-helicoid\/#primaryimage"},"thumbnailUrl":"https:\/\/www.tx-lab.com\/wp-content\/uploads\/2025\/11\/imgBCEvhT.jpeg","datePublished":"2025-11-18T17:34:40+00:00","dateModified":"2026-03-23T08:15:31+00:00","description":"\ud83e\udd47 Entra y descubre \u261d Easy precision Framing Helicoid. La mejor tecnolog\u00eda disponible en... comprar Easy precision Framing Helicoid al mejor precio \u2705 Easy precision Framing Helicoid recomendado para...","breadcrumb":{"@id":"https:\/\/www.tx-lab.com\/producto\/easy-precision-framing-helicoid\/#breadcrumb"},"inLanguage":"en-GB","potentialAction":[{"@type":"ReadAction","target":["https:\/\/www.tx-lab.com\/producto\/easy-precision-framing-helicoid\/"]}]},{"@type":"ImageObject","inLanguage":"en-GB","@id":"https:\/\/www.tx-lab.com\/producto\/easy-precision-framing-helicoid\/#primaryimage","url":"https:\/\/www.tx-lab.com\/wp-content\/uploads\/2025\/11\/imgBCEvhT.jpeg","contentUrl":"https:\/\/www.tx-lab.com\/wp-content\/uploads\/2025\/11\/imgBCEvhT.jpeg","width":2048,"height":1365},{"@type":"BreadcrumbList","@id":"https:\/\/www.tx-lab.com\/producto\/easy-precision-framing-helicoid\/#breadcrumb","itemListElement":[{"@type":"ListItem","position":1,"name":"Portada","item":"https:\/\/www.tx-lab.com\/"},{"@type":"ListItem","position":2,"name":"Tienda","item":"https:\/\/www.tx-lab.com\/tienda\/"},{"@type":"ListItem","position":3,"name":"Easy precision Framing Helicoid"}]},{"@type":"WebSite","@id":"https:\/\/www.tx-lab.com\/#website","url":"https:\/\/www.tx-lab.com\/","name":"Tx-lab","description":"Products and services for image professionals","publisher":{"@id":"https:\/\/www.tx-lab.com\/#organization"},"potentialAction":[{"@type":"SearchAction","target":{"@type":"EntryPoint","urlTemplate":"https:\/\/www.tx-lab.com\/?s={search_term_string}"},"query-input":{"@type":"PropertyValueSpecification","valueRequired":true,"valueName":"search_term_string"}}],"inLanguage":"en-GB"},{"@type":"Organization","@id":"https:\/\/www.tx-lab.com\/#organization","name":"Tx-lab","url":"https:\/\/www.tx-lab.com\/","logo":{"@type":"ImageObject","inLanguage":"en-GB","@id":"https:\/\/www.tx-lab.com\/#\/schema\/logo\/image\/","url":"https:\/\/www.tx-lab.com\/wp-content\/uploads\/2022\/09\/logo_tx-lab-white-web.png","contentUrl":"https:\/\/www.tx-lab.com\/wp-content\/uploads\/2022\/09\/logo_tx-lab-white-web.png","width":520,"height":236,"caption":"Tx-lab"},"image":{"@id":"https:\/\/www.tx-lab.com\/#\/schema\/logo\/image\/"}}]}},"jetpack-related-posts":[],"jetpack_sharing_enabled":true,"_links":{"self":[{"href":"https:\/\/www.tx-lab.com\/en\/wp-json\/wp\/v2\/product\/24969","targetHints":{"allow":["GET"]}}],"collection":[{"href":"https:\/\/www.tx-lab.com\/en\/wp-json\/wp\/v2\/product"}],"about":[{"href":"https:\/\/www.tx-lab.com\/en\/wp-json\/wp\/v2\/types\/product"}],"replies":[{"embeddable":true,"href":"https:\/\/www.tx-lab.com\/en\/wp-json\/wp\/v2\/comments?post=24969"}],"wp:featuredmedia":[{"embeddable":true,"href":"https:\/\/www.tx-lab.com\/en\/wp-json\/wp\/v2\/media\/24965"}],"wp:attachment":[{"href":"https:\/\/www.tx-lab.com\/en\/wp-json\/wp\/v2\/media?parent=24969"}],"wp:term":[{"taxonomy":"product_brand","embeddable":true,"href":"https:\/\/www.tx-lab.com\/en\/wp-json\/wp\/v2\/product_brand?post=24969"},{"taxonomy":"product_cat","embeddable":true,"href":"https:\/\/www.tx-lab.com\/en\/wp-json\/wp\/v2\/product_cat?post=24969"},{"taxonomy":"product_tag","embeddable":true,"href":"https:\/\/www.tx-lab.com\/en\/wp-json\/wp\/v2\/product_tag?post=24969"}],"curies":[{"name":"wp","href":"https:\/\/api.w.org\/{rel}","templated":true}]}}