{"id":23442,"date":"2025-01-23T06:38:03","date_gmt":"2025-01-23T06:38:03","guid":{"rendered":"https:\/\/www.tx-lab.com\/?post_type=product&#038;p=23442"},"modified":"2025-12-26T15:27:03","modified_gmt":"2025-12-26T15:27:03","slug":"easy-120-sistema-de-reproduccion-de-pelicula-de-120mm","status":"publish","type":"product","link":"https:\/\/www.tx-lab.com\/en\/product\/easy-120-sistema-de-reproduccion-de-pelicula-de-120mm\/","title":{"rendered":"easy 120 - 120mm film playback system"},"content":{"rendered":"<p>Product description:<\/p>\n<p>VALOI easy120: Easy, fast and compact<\/p>\n<p>Easy to use<\/p>\n<p>The VALOI easy120 offers a complete yet easy-to-use solution for most available roll film formats. Its design avoids alignment and light contamination problems that often plague camera scanning users.<\/p>\n<p>Minimum configuration<\/p>\n<p>The easy120 does not require a copy stand or a separate light source. Once the initial setup is done, you can go from storage to scanning in less than a minute.<\/p>\n<p>Stable<\/p>\n<p>With the tubes, lens, light and film connected together, none of the parts can move independently and alter your framing or focus. And by effectively fixing the sensor and film with sturdy aluminium tubes, vibrations are significantly reduced, resulting in sharper, more consistent results.<\/p>\n<p>Quick<\/p>\n<p>The easy120 allows you to capture a roll of film in 1-2 minutes. This is achieved through a continuous-pass clampless holder design, where each frame is captured instantly by the camera and the next frame is presented in seconds by sliding the film. You can add the optional easy120 Advancer for even greater speed and accuracy.<\/p>\n<p>Professional results<\/p>\n<p>With camera scanning and the easy120 you don't have to choose between speed, cost and quality. With a standard 24 MP resolution camera, you can achieve professional results similar to those of a home lab. S-curve holders ensure film flatness, delivering high quality images*.<\/p>","protected":false},"excerpt":{"rendered":"<p>easv 120 120mm multi-format film playback system<\/p>","protected":false},"featured_media":23438,"comment_status":"open","ping_status":"closed","template":"","meta":[],"product_brand":[],"product_cat":[535],"product_tag":[1799,1759],"class_list":{"0":"post-23442","1":"product","2":"type-product","3":"status-publish","4":"has-post-thumbnail","6":"product_cat-mesas-de-bodegon","7":"product_tag-easy120","8":"product_tag-valoi","10":"first","11":"instock","12":"taxable","13":"shipping-taxable","14":"purchasable","15":"product-type-simple"},"yoast_head":"<!-- This site is optimized with the Yoast SEO plugin v27.4 - https:\/\/yoast.com\/product\/yoast-seo-wordpress\/ -->\n<title>\u1409 easy 120 - sistema de reproducci\u00f3n de pelicula de 120mm | Tx-lab<\/title>\n<meta name=\"description\" content=\"\ud83e\udd47 Entra y descubre \u261d easy 120 - sistema de reproducci\u00f3n de pelicula de 120mm. La mejor tecnolog\u00eda disponible en... comprar easy 120 - sistema de reproducci\u00f3n de pelicula de 120mm al mejor precio \u2705 easy 120 - sistema de reproducci\u00f3n de pelicula de 120mm recomendado para...\" \/>\n<meta name=\"robots\" content=\"index, follow, max-snippet:-1, max-image-preview:large, max-video-preview:-1\" \/>\n<link rel=\"canonical\" href=\"https:\/\/www.tx-lab.com\/en\/product\/easy-120-sistema-de-reproduccion-de-pelicula-de-120mm\/\" \/>\n<meta property=\"og:locale\" content=\"en_GB\" \/>\n<meta property=\"og:type\" content=\"article\" \/>\n<meta property=\"og:title\" content=\"\u1409 easy 120 - sistema de reproducci\u00f3n de pelicula de 120mm | Tx-lab\" \/>\n<meta property=\"og:description\" content=\"\ud83e\udd47 Entra y descubre \u261d easy 120 - sistema de reproducci\u00f3n de pelicula de 120mm. La mejor tecnolog\u00eda disponible en... comprar easy 120 - sistema de reproducci\u00f3n de pelicula de 120mm al mejor precio \u2705 easy 120 - sistema de reproducci\u00f3n de pelicula de 120mm recomendado para...\" \/>\n<meta property=\"og:url\" content=\"https:\/\/www.tx-lab.com\/en\/product\/easy-120-sistema-de-reproduccion-de-pelicula-de-120mm\/\" \/>\n<meta property=\"og:site_name\" content=\"Tx-lab\" \/>\n<meta property=\"article:modified_time\" content=\"2025-12-26T15:27:03+00:00\" \/>\n<meta property=\"og:image\" content=\"https:\/\/www.tx-lab.com\/wp-content\/uploads\/2025\/01\/imgbyC2Tw.jpeg\" \/>\n\t<meta property=\"og:image:width\" content=\"1200\" \/>\n\t<meta property=\"og:image:height\" content=\"1200\" \/>\n\t<meta property=\"og:image:type\" content=\"image\/jpeg\" \/>\n<meta name=\"twitter:card\" content=\"summary_large_image\" \/>\n<meta name=\"twitter:label1\" content=\"Estimated reading time\" \/>\n\t<meta name=\"twitter:data1\" content=\"1 minute\" \/>\n<script type=\"application\/ld+json\" class=\"yoast-schema-graph\">{\"@context\":\"https:\\\/\\\/schema.org\",\"@graph\":[{\"@type\":\"WebPage\",\"@id\":\"https:\\\/\\\/www.tx-lab.com\\\/producto\\\/easy-120-sistema-de-reproduccion-de-pelicula-de-120mm\\\/\",\"url\":\"https:\\\/\\\/www.tx-lab.com\\\/producto\\\/easy-120-sistema-de-reproduccion-de-pelicula-de-120mm\\\/\",\"name\":\"\u1409 easy 120 - sistema de reproducci\u00f3n de pelicula de 120mm | Tx-lab\",\"isPartOf\":{\"@id\":\"https:\\\/\\\/www.tx-lab.com\\\/#website\"},\"primaryImageOfPage\":{\"@id\":\"https:\\\/\\\/www.tx-lab.com\\\/producto\\\/easy-120-sistema-de-reproduccion-de-pelicula-de-120mm\\\/#primaryimage\"},\"image\":{\"@id\":\"https:\\\/\\\/www.tx-lab.com\\\/producto\\\/easy-120-sistema-de-reproduccion-de-pelicula-de-120mm\\\/#primaryimage\"},\"thumbnailUrl\":\"https:\\\/\\\/www.tx-lab.com\\\/wp-content\\\/uploads\\\/2025\\\/01\\\/imgbyC2Tw.jpeg\",\"datePublished\":\"2025-01-23T06:38:03+00:00\",\"dateModified\":\"2025-12-26T15:27:03+00:00\",\"description\":\"\ud83e\udd47 Entra y descubre \u261d easy 120 - sistema de reproducci\u00f3n de pelicula de 120mm. La mejor tecnolog\u00eda disponible en... comprar easy 120 - sistema de reproducci\u00f3n de pelicula de 120mm al mejor precio \u2705 easy 120 - sistema de reproducci\u00f3n de pelicula de 120mm recomendado para...\",\"breadcrumb\":{\"@id\":\"https:\\\/\\\/www.tx-lab.com\\\/producto\\\/easy-120-sistema-de-reproduccion-de-pelicula-de-120mm\\\/#breadcrumb\"},\"inLanguage\":\"en-GB\",\"potentialAction\":[{\"@type\":\"ReadAction\",\"target\":[\"https:\\\/\\\/www.tx-lab.com\\\/producto\\\/easy-120-sistema-de-reproduccion-de-pelicula-de-120mm\\\/\"]}]},{\"@type\":\"ImageObject\",\"inLanguage\":\"en-GB\",\"@id\":\"https:\\\/\\\/www.tx-lab.com\\\/producto\\\/easy-120-sistema-de-reproduccion-de-pelicula-de-120mm\\\/#primaryimage\",\"url\":\"https:\\\/\\\/www.tx-lab.com\\\/wp-content\\\/uploads\\\/2025\\\/01\\\/imgbyC2Tw.jpeg\",\"contentUrl\":\"https:\\\/\\\/www.tx-lab.com\\\/wp-content\\\/uploads\\\/2025\\\/01\\\/imgbyC2Tw.jpeg\",\"width\":1200,\"height\":1200},{\"@type\":\"BreadcrumbList\",\"@id\":\"https:\\\/\\\/www.tx-lab.com\\\/producto\\\/easy-120-sistema-de-reproduccion-de-pelicula-de-120mm\\\/#breadcrumb\",\"itemListElement\":[{\"@type\":\"ListItem\",\"position\":1,\"name\":\"Portada\",\"item\":\"https:\\\/\\\/www.tx-lab.com\\\/\"},{\"@type\":\"ListItem\",\"position\":2,\"name\":\"Tienda\",\"item\":\"https:\\\/\\\/www.tx-lab.com\\\/tienda\\\/\"},{\"@type\":\"ListItem\",\"position\":3,\"name\":\"easy 120 &#8211; sistema de reproducci\u00f3n de pelicula de 120mm\"}]},{\"@type\":\"WebSite\",\"@id\":\"https:\\\/\\\/www.tx-lab.com\\\/#website\",\"url\":\"https:\\\/\\\/www.tx-lab.com\\\/\",\"name\":\"Tx-lab\",\"description\":\"Productos y servicios para profesionales de la imagen\",\"publisher\":{\"@id\":\"https:\\\/\\\/www.tx-lab.com\\\/#organization\"},\"potentialAction\":[{\"@type\":\"SearchAction\",\"target\":{\"@type\":\"EntryPoint\",\"urlTemplate\":\"https:\\\/\\\/www.tx-lab.com\\\/?s={search_term_string}\"},\"query-input\":{\"@type\":\"PropertyValueSpecification\",\"valueRequired\":true,\"valueName\":\"search_term_string\"}}],\"inLanguage\":\"en-GB\"},{\"@type\":\"Organization\",\"@id\":\"https:\\\/\\\/www.tx-lab.com\\\/#organization\",\"name\":\"Tx-lab\",\"url\":\"https:\\\/\\\/www.tx-lab.com\\\/\",\"logo\":{\"@type\":\"ImageObject\",\"inLanguage\":\"en-GB\",\"@id\":\"https:\\\/\\\/www.tx-lab.com\\\/#\\\/schema\\\/logo\\\/image\\\/\",\"url\":\"https:\\\/\\\/www.tx-lab.com\\\/wp-content\\\/uploads\\\/2022\\\/09\\\/logo_tx-lab-white-web.png\",\"contentUrl\":\"https:\\\/\\\/www.tx-lab.com\\\/wp-content\\\/uploads\\\/2022\\\/09\\\/logo_tx-lab-white-web.png\",\"width\":520,\"height\":236,\"caption\":\"Tx-lab\"},\"image\":{\"@id\":\"https:\\\/\\\/www.tx-lab.com\\\/#\\\/schema\\\/logo\\\/image\\\/\"}}]}<\/script>\n<!-- \/ Yoast SEO plugin. -->","yoast_head_json":{"title":"\u1409 easy 120 - sistema de reproducci\u00f3n de pelicula de 120mm | Tx-lab","description":"\ud83e\udd47 Entra y descubre \u261d easy 120 - sistema de reproducci\u00f3n de pelicula de 120mm. La mejor tecnolog\u00eda disponible en... comprar easy 120 - sistema de reproducci\u00f3n de pelicula de 120mm al mejor precio \u2705 easy 120 - sistema de reproducci\u00f3n de pelicula de 120mm recomendado para...","robots":{"index":"index","follow":"follow","max-snippet":"max-snippet:-1","max-image-preview":"max-image-preview:large","max-video-preview":"max-video-preview:-1"},"canonical":"https:\/\/www.tx-lab.com\/en\/product\/easy-120-sistema-de-reproduccion-de-pelicula-de-120mm\/","og_locale":"en_GB","og_type":"article","og_title":"\u1409 easy 120 - sistema de reproducci\u00f3n de pelicula de 120mm | Tx-lab","og_description":"\ud83e\udd47 Entra y descubre \u261d easy 120 - sistema de reproducci\u00f3n de pelicula de 120mm. La mejor tecnolog\u00eda disponible en... comprar easy 120 - sistema de reproducci\u00f3n de pelicula de 120mm al mejor precio \u2705 easy 120 - sistema de reproducci\u00f3n de pelicula de 120mm recomendado para...","og_url":"https:\/\/www.tx-lab.com\/en\/product\/easy-120-sistema-de-reproduccion-de-pelicula-de-120mm\/","og_site_name":"Tx-lab","article_modified_time":"2025-12-26T15:27:03+00:00","og_image":[{"width":1200,"height":1200,"url":"https:\/\/www.tx-lab.com\/wp-content\/uploads\/2025\/01\/imgbyC2Tw.jpeg","type":"image\/jpeg"}],"twitter_card":"summary_large_image","twitter_misc":{"Estimated reading time":"1 minute"},"schema":{"@context":"https:\/\/schema.org","@graph":[{"@type":"WebPage","@id":"https:\/\/www.tx-lab.com\/producto\/easy-120-sistema-de-reproduccion-de-pelicula-de-120mm\/","url":"https:\/\/www.tx-lab.com\/producto\/easy-120-sistema-de-reproduccion-de-pelicula-de-120mm\/","name":"\u1409 easy 120 - sistema de reproducci\u00f3n de pelicula de 120mm | Tx-lab","isPartOf":{"@id":"https:\/\/www.tx-lab.com\/#website"},"primaryImageOfPage":{"@id":"https:\/\/www.tx-lab.com\/producto\/easy-120-sistema-de-reproduccion-de-pelicula-de-120mm\/#primaryimage"},"image":{"@id":"https:\/\/www.tx-lab.com\/producto\/easy-120-sistema-de-reproduccion-de-pelicula-de-120mm\/#primaryimage"},"thumbnailUrl":"https:\/\/www.tx-lab.com\/wp-content\/uploads\/2025\/01\/imgbyC2Tw.jpeg","datePublished":"2025-01-23T06:38:03+00:00","dateModified":"2025-12-26T15:27:03+00:00","description":"\ud83e\udd47 Entra y descubre \u261d easy 120 - sistema de reproducci\u00f3n de pelicula de 120mm. La mejor tecnolog\u00eda disponible en... comprar easy 120 - sistema de reproducci\u00f3n de pelicula de 120mm al mejor precio \u2705 easy 120 - sistema de reproducci\u00f3n de pelicula de 120mm recomendado para...","breadcrumb":{"@id":"https:\/\/www.tx-lab.com\/producto\/easy-120-sistema-de-reproduccion-de-pelicula-de-120mm\/#breadcrumb"},"inLanguage":"en-GB","potentialAction":[{"@type":"ReadAction","target":["https:\/\/www.tx-lab.com\/producto\/easy-120-sistema-de-reproduccion-de-pelicula-de-120mm\/"]}]},{"@type":"ImageObject","inLanguage":"en-GB","@id":"https:\/\/www.tx-lab.com\/producto\/easy-120-sistema-de-reproduccion-de-pelicula-de-120mm\/#primaryimage","url":"https:\/\/www.tx-lab.com\/wp-content\/uploads\/2025\/01\/imgbyC2Tw.jpeg","contentUrl":"https:\/\/www.tx-lab.com\/wp-content\/uploads\/2025\/01\/imgbyC2Tw.jpeg","width":1200,"height":1200},{"@type":"BreadcrumbList","@id":"https:\/\/www.tx-lab.com\/producto\/easy-120-sistema-de-reproduccion-de-pelicula-de-120mm\/#breadcrumb","itemListElement":[{"@type":"ListItem","position":1,"name":"Portada","item":"https:\/\/www.tx-lab.com\/"},{"@type":"ListItem","position":2,"name":"Tienda","item":"https:\/\/www.tx-lab.com\/tienda\/"},{"@type":"ListItem","position":3,"name":"easy 120 &#8211; sistema de reproducci\u00f3n de pelicula de 120mm"}]},{"@type":"WebSite","@id":"https:\/\/www.tx-lab.com\/#website","url":"https:\/\/www.tx-lab.com\/","name":"Tx-lab","description":"Products and services for image professionals","publisher":{"@id":"https:\/\/www.tx-lab.com\/#organization"},"potentialAction":[{"@type":"SearchAction","target":{"@type":"EntryPoint","urlTemplate":"https:\/\/www.tx-lab.com\/?s={search_term_string}"},"query-input":{"@type":"PropertyValueSpecification","valueRequired":true,"valueName":"search_term_string"}}],"inLanguage":"en-GB"},{"@type":"Organization","@id":"https:\/\/www.tx-lab.com\/#organization","name":"Tx-lab","url":"https:\/\/www.tx-lab.com\/","logo":{"@type":"ImageObject","inLanguage":"en-GB","@id":"https:\/\/www.tx-lab.com\/#\/schema\/logo\/image\/","url":"https:\/\/www.tx-lab.com\/wp-content\/uploads\/2022\/09\/logo_tx-lab-white-web.png","contentUrl":"https:\/\/www.tx-lab.com\/wp-content\/uploads\/2022\/09\/logo_tx-lab-white-web.png","width":520,"height":236,"caption":"Tx-lab"},"image":{"@id":"https:\/\/www.tx-lab.com\/#\/schema\/logo\/image\/"}}]}},"jetpack-related-posts":[],"jetpack_sharing_enabled":true,"_links":{"self":[{"href":"https:\/\/www.tx-lab.com\/en\/wp-json\/wp\/v2\/product\/23442","targetHints":{"allow":["GET"]}}],"collection":[{"href":"https:\/\/www.tx-lab.com\/en\/wp-json\/wp\/v2\/product"}],"about":[{"href":"https:\/\/www.tx-lab.com\/en\/wp-json\/wp\/v2\/types\/product"}],"replies":[{"embeddable":true,"href":"https:\/\/www.tx-lab.com\/en\/wp-json\/wp\/v2\/comments?post=23442"}],"wp:featuredmedia":[{"embeddable":true,"href":"https:\/\/www.tx-lab.com\/en\/wp-json\/wp\/v2\/media\/23438"}],"wp:attachment":[{"href":"https:\/\/www.tx-lab.com\/en\/wp-json\/wp\/v2\/media?parent=23442"}],"wp:term":[{"taxonomy":"product_brand","embeddable":true,"href":"https:\/\/www.tx-lab.com\/en\/wp-json\/wp\/v2\/product_brand?post=23442"},{"taxonomy":"product_cat","embeddable":true,"href":"https:\/\/www.tx-lab.com\/en\/wp-json\/wp\/v2\/product_cat?post=23442"},{"taxonomy":"product_tag","embeddable":true,"href":"https:\/\/www.tx-lab.com\/en\/wp-json\/wp\/v2\/product_tag?post=23442"}],"curies":[{"name":"wp","href":"https:\/\/api.w.org\/{rel}","templated":true}]}}