{"id":23429,"date":"2025-01-23T06:37:17","date_gmt":"2025-01-23T06:37:17","guid":{"rendered":"https:\/\/www.tx-lab.com\/?post_type=product&#038;p=23429"},"modified":"2025-08-25T10:22:22","modified_gmt":"2025-08-25T10:22:22","slug":"easy120-soporte-panoramico-para-pelicla-de-35-mm","status":"publish","type":"product","link":"https:\/\/www.tx-lab.com\/en\/product\/easy120-soporte-panoramico-para-pelicla-de-35-mm\/","title":{"rendered":"easy120 - Advancer - Valoi"},"content":{"rendered":"<p><b>Descripci\u00f3n del Producto:<\/p>\n<p><\/b><\/p>\n<p><b><br \/><\/b>El easy120 no puede utilizarse para tiras de pel\u00edcula m\u00e1s cortas de 160 mm o 4 fotogramas est\u00e1ndar. Para escanear tiras m\u00e1s cortas, consulta los sistemas easy35 y 360.<\/p>\n<p>El soporte para 35 mm est\u00e1 disponible en dos variantes:<\/p>\n<p>    Soporte Est\u00e1ndar easy120 35mm:<br \/>\n    Permite escanear pel\u00edcula est\u00e1ndar de 35 mm (135) de hasta tama\u00f1o completo. Este soporte est\u00e1 dise\u00f1ado para ser ajustado y enmascarar los perforados para obtener la m\u00e1xima calidad. Dependiendo del tama\u00f1o del fotograma de tu c\u00e1mara, que puede variar entre 1-2 mm, podr\u00edas o no tener un borde negro alrededor del fotograma.<br \/>\n        Tama\u00f1o \u00fatil de la apertura: 38 mm de largo, 25,70 mm de ancho.<\/p>\n<p>    Soporte Panor\u00e1mico con Perforaciones easy120 35mm:<br \/>\n    Permite escanear fotogramas panor\u00e1micos de hasta 90 mm de largo en pel\u00edcula de 35 mm (135). Este soporte deja visibles las perforaciones, por lo que tambi\u00e9n puede usarse para escanear fotogramas normales de 35 mm con perforaciones visibles.<br \/>\n        Tama\u00f1o \u00fatil de la apertura: 88 mm de largo, 32,5 mm de ancho.<\/p>\n<p>Ambos soportes se integran en el sistema easy120 como cualquier otro soporte compatible. Se reemplazan f\u00e1cilmente mediante el nuevo mecanismo de bloqueo del soporte.<\/p>\n<p>Characteristics:<\/p>\n<p>Al igual que el soporte VALOI 35mm para nuestro sistema 360, los soportes easy120 para 35 mm est\u00e1n dise\u00f1ados para:<\/p>\n<p>    M\u00e1xima planitud: Con un dise\u00f1o de pista en doble curva en S que aplana mec\u00e1nicamente la pel\u00edcula.<br \/>\n    Prevenci\u00f3n de reflejos: Fabricado en pl\u00e1stico negro mate y con \u00e1ngulos estrat\u00e9gicos antirreflejo.<br \/>\n    Sistema de avance r\u00e1pido: Permite empujar o tirar de la pel\u00edcula sin complicaciones con dise\u00f1os tradicionales tipo concha.<br \/>\n    Reducci\u00f3n del vi\u00f1eteo en los bordes: Gracias a un dise\u00f1o biselado debajo de la pel\u00edcula.<br \/>\n    Optimizaci\u00f3n para rollos completos: Funciona con tiras cortadas, pero la planitud puede variar.<\/p>\n<p>Modo de uso:<br \/>\nLos soportes VALOI easy120 funcionan haciendo pasar la pel\u00edcula por una ranura delgada que atraviesa todo el soporte y sale por el otro lado. Esto permite empujar o tirar de la pel\u00edcula de manera r\u00e1pida y sencilla, ahorrando tiempo y esfuerzo en comparaci\u00f3n con los soportes tradicionales tipo concha.<\/p>\n<p>Todos los soportes VALOI utilizan un dise\u00f1o de doble curva en S. La ranura por la que pasa la pel\u00edcula se curva antes y despu\u00e9s de la apertura de escaneo. Al doblar ligeramente la pel\u00edcula en ambas direcciones, se logra una mayor planitud que con una ranura recta.<\/p>\n<p>Mecanismo de Bloqueo del Soporte:<br \/>\nLa carcasa met\u00e1lica de la unidad easy120 cuenta con un sistema de rodamiento con resorte para fijar el soporte de pel\u00edcula. Insertar el soporte es tan simple como empujarlo hasta que encaje. Este mecanismo de bloqueo mantiene el soporte seguro, permitiendo al mismo tiempo una extracci\u00f3n f\u00e1cil y sin esfuerzo. Garantiza una operaci\u00f3n r\u00e1pida y precisa sin necesidad de herramientas, proporcionando una experiencia de uso altamente satisfactoria.<\/p>\n<p>Compatibilidad:<br \/>\nEs compatible con todas las unidades easy120. Este soporte no es compatible con el sistema VALOI 360.<\/p>","protected":false},"excerpt":{"rendered":"<p>Soporte panor\u00e1mico para pelicula de 35 mm. El easy120 cuenta con soportes intercambiables, y est\u00e1n disponibles tanto los marcos est\u00e1ndar como los soportes panor\u00e1micos para 35 mm<\/p>","protected":false},"featured_media":23428,"comment_status":"open","ping_status":"closed","template":"","meta":[],"product_brand":[],"product_cat":[535],"product_tag":[1799,1759],"class_list":{"0":"post-23429","1":"product","2":"type-product","3":"status-publish","4":"has-post-thumbnail","6":"product_cat-mesas-de-bodegon","7":"product_tag-easy120","8":"product_tag-valoi","10":"first","11":"instock","12":"taxable","13":"shipping-taxable","14":"purchasable","15":"product-type-simple"},"yoast_head":"<!-- This site is optimized with the Yoast SEO plugin v27.4 - https:\/\/yoast.com\/product\/yoast-seo-wordpress\/ -->\n<title>\u1409 easy120 - Advancer - Valoi | Tx-lab<\/title>\n<meta name=\"description\" content=\"\ud83e\udd47 Entra y descubre \u261d easy120 - Advancer - Valoi. La mejor tecnolog\u00eda disponible en... comprar easy120 - Advancer - Valoi al mejor precio \u2705 easy120 - Advancer - Valoi recomendado para...\" \/>\n<meta name=\"robots\" content=\"index, follow, max-snippet:-1, max-image-preview:large, max-video-preview:-1\" \/>\n<link rel=\"canonical\" href=\"https:\/\/www.tx-lab.com\/en\/product\/easy120-soporte-panoramico-para-pelicla-de-35-mm\/\" \/>\n<meta property=\"og:locale\" content=\"en_GB\" \/>\n<meta property=\"og:type\" content=\"article\" \/>\n<meta property=\"og:title\" content=\"\u1409 easy120 - Advancer - Valoi | Tx-lab\" \/>\n<meta property=\"og:description\" content=\"\ud83e\udd47 Entra y descubre \u261d easy120 - Advancer - Valoi. La mejor tecnolog\u00eda disponible en... comprar easy120 - Advancer - Valoi al mejor precio \u2705 easy120 - Advancer - Valoi recomendado para...\" \/>\n<meta property=\"og:url\" content=\"https:\/\/www.tx-lab.com\/en\/product\/easy120-soporte-panoramico-para-pelicla-de-35-mm\/\" \/>\n<meta property=\"og:site_name\" content=\"Tx-lab\" \/>\n<meta property=\"article:modified_time\" content=\"2025-08-25T10:22:22+00:00\" \/>\n<meta property=\"og:image\" content=\"https:\/\/www.tx-lab.com\/wp-content\/uploads\/2025\/01\/img6HdErT.jpeg\" \/>\n\t<meta property=\"og:image:width\" content=\"1200\" \/>\n\t<meta property=\"og:image:height\" content=\"1200\" \/>\n\t<meta property=\"og:image:type\" content=\"image\/jpeg\" \/>\n<meta name=\"twitter:card\" content=\"summary_large_image\" \/>\n<meta name=\"twitter:label1\" content=\"Estimated reading time\" \/>\n\t<meta name=\"twitter:data1\" content=\"3 minutes\" \/>\n<script type=\"application\/ld+json\" class=\"yoast-schema-graph\">{\"@context\":\"https:\\\/\\\/schema.org\",\"@graph\":[{\"@type\":\"WebPage\",\"@id\":\"https:\\\/\\\/www.tx-lab.com\\\/producto\\\/easy120-soporte-panoramico-para-pelicla-de-35-mm\\\/\",\"url\":\"https:\\\/\\\/www.tx-lab.com\\\/producto\\\/easy120-soporte-panoramico-para-pelicla-de-35-mm\\\/\",\"name\":\"\u1409 easy120 - Advancer - Valoi | Tx-lab\",\"isPartOf\":{\"@id\":\"https:\\\/\\\/www.tx-lab.com\\\/#website\"},\"primaryImageOfPage\":{\"@id\":\"https:\\\/\\\/www.tx-lab.com\\\/producto\\\/easy120-soporte-panoramico-para-pelicla-de-35-mm\\\/#primaryimage\"},\"image\":{\"@id\":\"https:\\\/\\\/www.tx-lab.com\\\/producto\\\/easy120-soporte-panoramico-para-pelicla-de-35-mm\\\/#primaryimage\"},\"thumbnailUrl\":\"https:\\\/\\\/www.tx-lab.com\\\/wp-content\\\/uploads\\\/2025\\\/01\\\/img6HdErT.jpeg\",\"datePublished\":\"2025-01-23T06:37:17+00:00\",\"dateModified\":\"2025-08-25T10:22:22+00:00\",\"description\":\"\ud83e\udd47 Entra y descubre \u261d easy120 - Advancer - Valoi. La mejor tecnolog\u00eda disponible en... comprar easy120 - Advancer - Valoi al mejor precio \u2705 easy120 - Advancer - Valoi recomendado para...\",\"breadcrumb\":{\"@id\":\"https:\\\/\\\/www.tx-lab.com\\\/producto\\\/easy120-soporte-panoramico-para-pelicla-de-35-mm\\\/#breadcrumb\"},\"inLanguage\":\"en-GB\",\"potentialAction\":[{\"@type\":\"ReadAction\",\"target\":[\"https:\\\/\\\/www.tx-lab.com\\\/producto\\\/easy120-soporte-panoramico-para-pelicla-de-35-mm\\\/\"]}]},{\"@type\":\"ImageObject\",\"inLanguage\":\"en-GB\",\"@id\":\"https:\\\/\\\/www.tx-lab.com\\\/producto\\\/easy120-soporte-panoramico-para-pelicla-de-35-mm\\\/#primaryimage\",\"url\":\"https:\\\/\\\/www.tx-lab.com\\\/wp-content\\\/uploads\\\/2025\\\/01\\\/img6HdErT.jpeg\",\"contentUrl\":\"https:\\\/\\\/www.tx-lab.com\\\/wp-content\\\/uploads\\\/2025\\\/01\\\/img6HdErT.jpeg\",\"width\":1200,\"height\":1200},{\"@type\":\"BreadcrumbList\",\"@id\":\"https:\\\/\\\/www.tx-lab.com\\\/producto\\\/easy120-soporte-panoramico-para-pelicla-de-35-mm\\\/#breadcrumb\",\"itemListElement\":[{\"@type\":\"ListItem\",\"position\":1,\"name\":\"Portada\",\"item\":\"https:\\\/\\\/www.tx-lab.com\\\/\"},{\"@type\":\"ListItem\",\"position\":2,\"name\":\"Tienda\",\"item\":\"https:\\\/\\\/www.tx-lab.com\\\/tienda\\\/\"},{\"@type\":\"ListItem\",\"position\":3,\"name\":\"easy120 &#8211; Advancer &#8211; Valoi\"}]},{\"@type\":\"WebSite\",\"@id\":\"https:\\\/\\\/www.tx-lab.com\\\/#website\",\"url\":\"https:\\\/\\\/www.tx-lab.com\\\/\",\"name\":\"Tx-lab\",\"description\":\"Productos y servicios para profesionales de la imagen\",\"publisher\":{\"@id\":\"https:\\\/\\\/www.tx-lab.com\\\/#organization\"},\"potentialAction\":[{\"@type\":\"SearchAction\",\"target\":{\"@type\":\"EntryPoint\",\"urlTemplate\":\"https:\\\/\\\/www.tx-lab.com\\\/?s={search_term_string}\"},\"query-input\":{\"@type\":\"PropertyValueSpecification\",\"valueRequired\":true,\"valueName\":\"search_term_string\"}}],\"inLanguage\":\"en-GB\"},{\"@type\":\"Organization\",\"@id\":\"https:\\\/\\\/www.tx-lab.com\\\/#organization\",\"name\":\"Tx-lab\",\"url\":\"https:\\\/\\\/www.tx-lab.com\\\/\",\"logo\":{\"@type\":\"ImageObject\",\"inLanguage\":\"en-GB\",\"@id\":\"https:\\\/\\\/www.tx-lab.com\\\/#\\\/schema\\\/logo\\\/image\\\/\",\"url\":\"https:\\\/\\\/www.tx-lab.com\\\/wp-content\\\/uploads\\\/2022\\\/09\\\/logo_tx-lab-white-web.png\",\"contentUrl\":\"https:\\\/\\\/www.tx-lab.com\\\/wp-content\\\/uploads\\\/2022\\\/09\\\/logo_tx-lab-white-web.png\",\"width\":520,\"height\":236,\"caption\":\"Tx-lab\"},\"image\":{\"@id\":\"https:\\\/\\\/www.tx-lab.com\\\/#\\\/schema\\\/logo\\\/image\\\/\"}}]}<\/script>\n<!-- \/ Yoast SEO plugin. -->","yoast_head_json":{"title":"\u1409 easy120 - Advancer - Valoi | Tx-lab","description":"\ud83e\udd47 Entra y descubre \u261d easy120 - Advancer - Valoi. La mejor tecnolog\u00eda disponible en... comprar easy120 - Advancer - Valoi al mejor precio \u2705 easy120 - Advancer - Valoi recomendado para...","robots":{"index":"index","follow":"follow","max-snippet":"max-snippet:-1","max-image-preview":"max-image-preview:large","max-video-preview":"max-video-preview:-1"},"canonical":"https:\/\/www.tx-lab.com\/en\/product\/easy120-soporte-panoramico-para-pelicla-de-35-mm\/","og_locale":"en_GB","og_type":"article","og_title":"\u1409 easy120 - Advancer - Valoi | Tx-lab","og_description":"\ud83e\udd47 Entra y descubre \u261d easy120 - Advancer - Valoi. La mejor tecnolog\u00eda disponible en... comprar easy120 - Advancer - Valoi al mejor precio \u2705 easy120 - Advancer - Valoi recomendado para...","og_url":"https:\/\/www.tx-lab.com\/en\/product\/easy120-soporte-panoramico-para-pelicla-de-35-mm\/","og_site_name":"Tx-lab","article_modified_time":"2025-08-25T10:22:22+00:00","og_image":[{"width":1200,"height":1200,"url":"https:\/\/www.tx-lab.com\/wp-content\/uploads\/2025\/01\/img6HdErT.jpeg","type":"image\/jpeg"}],"twitter_card":"summary_large_image","twitter_misc":{"Estimated reading time":"3 minutes"},"schema":{"@context":"https:\/\/schema.org","@graph":[{"@type":"WebPage","@id":"https:\/\/www.tx-lab.com\/producto\/easy120-soporte-panoramico-para-pelicla-de-35-mm\/","url":"https:\/\/www.tx-lab.com\/producto\/easy120-soporte-panoramico-para-pelicla-de-35-mm\/","name":"\u1409 easy120 - Advancer - Valoi | Tx-lab","isPartOf":{"@id":"https:\/\/www.tx-lab.com\/#website"},"primaryImageOfPage":{"@id":"https:\/\/www.tx-lab.com\/producto\/easy120-soporte-panoramico-para-pelicla-de-35-mm\/#primaryimage"},"image":{"@id":"https:\/\/www.tx-lab.com\/producto\/easy120-soporte-panoramico-para-pelicla-de-35-mm\/#primaryimage"},"thumbnailUrl":"https:\/\/www.tx-lab.com\/wp-content\/uploads\/2025\/01\/img6HdErT.jpeg","datePublished":"2025-01-23T06:37:17+00:00","dateModified":"2025-08-25T10:22:22+00:00","description":"\ud83e\udd47 Entra y descubre \u261d easy120 - Advancer - Valoi. La mejor tecnolog\u00eda disponible en... comprar easy120 - Advancer - Valoi al mejor precio \u2705 easy120 - Advancer - Valoi recomendado para...","breadcrumb":{"@id":"https:\/\/www.tx-lab.com\/producto\/easy120-soporte-panoramico-para-pelicla-de-35-mm\/#breadcrumb"},"inLanguage":"en-GB","potentialAction":[{"@type":"ReadAction","target":["https:\/\/www.tx-lab.com\/producto\/easy120-soporte-panoramico-para-pelicla-de-35-mm\/"]}]},{"@type":"ImageObject","inLanguage":"en-GB","@id":"https:\/\/www.tx-lab.com\/producto\/easy120-soporte-panoramico-para-pelicla-de-35-mm\/#primaryimage","url":"https:\/\/www.tx-lab.com\/wp-content\/uploads\/2025\/01\/img6HdErT.jpeg","contentUrl":"https:\/\/www.tx-lab.com\/wp-content\/uploads\/2025\/01\/img6HdErT.jpeg","width":1200,"height":1200},{"@type":"BreadcrumbList","@id":"https:\/\/www.tx-lab.com\/producto\/easy120-soporte-panoramico-para-pelicla-de-35-mm\/#breadcrumb","itemListElement":[{"@type":"ListItem","position":1,"name":"Portada","item":"https:\/\/www.tx-lab.com\/"},{"@type":"ListItem","position":2,"name":"Tienda","item":"https:\/\/www.tx-lab.com\/tienda\/"},{"@type":"ListItem","position":3,"name":"easy120 &#8211; Advancer &#8211; Valoi"}]},{"@type":"WebSite","@id":"https:\/\/www.tx-lab.com\/#website","url":"https:\/\/www.tx-lab.com\/","name":"Tx-lab","description":"Products and services for image professionals","publisher":{"@id":"https:\/\/www.tx-lab.com\/#organization"},"potentialAction":[{"@type":"SearchAction","target":{"@type":"EntryPoint","urlTemplate":"https:\/\/www.tx-lab.com\/?s={search_term_string}"},"query-input":{"@type":"PropertyValueSpecification","valueRequired":true,"valueName":"search_term_string"}}],"inLanguage":"en-GB"},{"@type":"Organization","@id":"https:\/\/www.tx-lab.com\/#organization","name":"Tx-lab","url":"https:\/\/www.tx-lab.com\/","logo":{"@type":"ImageObject","inLanguage":"en-GB","@id":"https:\/\/www.tx-lab.com\/#\/schema\/logo\/image\/","url":"https:\/\/www.tx-lab.com\/wp-content\/uploads\/2022\/09\/logo_tx-lab-white-web.png","contentUrl":"https:\/\/www.tx-lab.com\/wp-content\/uploads\/2022\/09\/logo_tx-lab-white-web.png","width":520,"height":236,"caption":"Tx-lab"},"image":{"@id":"https:\/\/www.tx-lab.com\/#\/schema\/logo\/image\/"}}]}},"jetpack-related-posts":[],"jetpack_sharing_enabled":true,"_links":{"self":[{"href":"https:\/\/www.tx-lab.com\/en\/wp-json\/wp\/v2\/product\/23429","targetHints":{"allow":["GET"]}}],"collection":[{"href":"https:\/\/www.tx-lab.com\/en\/wp-json\/wp\/v2\/product"}],"about":[{"href":"https:\/\/www.tx-lab.com\/en\/wp-json\/wp\/v2\/types\/product"}],"replies":[{"embeddable":true,"href":"https:\/\/www.tx-lab.com\/en\/wp-json\/wp\/v2\/comments?post=23429"}],"wp:featuredmedia":[{"embeddable":true,"href":"https:\/\/www.tx-lab.com\/en\/wp-json\/wp\/v2\/media\/23428"}],"wp:attachment":[{"href":"https:\/\/www.tx-lab.com\/en\/wp-json\/wp\/v2\/media?parent=23429"}],"wp:term":[{"taxonomy":"product_brand","embeddable":true,"href":"https:\/\/www.tx-lab.com\/en\/wp-json\/wp\/v2\/product_brand?post=23429"},{"taxonomy":"product_cat","embeddable":true,"href":"https:\/\/www.tx-lab.com\/en\/wp-json\/wp\/v2\/product_cat?post=23429"},{"taxonomy":"product_tag","embeddable":true,"href":"https:\/\/www.tx-lab.com\/en\/wp-json\/wp\/v2\/product_tag?post=23429"}],"curies":[{"name":"wp","href":"https:\/\/api.w.org\/{rel}","templated":true}]}}