{"id":23367,"date":"2024-12-30T22:44:31","date_gmt":"2024-12-30T22:44:31","guid":{"rendered":"https:\/\/www.tx-lab.com\/?post_type=product&#038;p=23367"},"modified":"2026-02-12T10:40:55","modified_gmt":"2026-02-12T10:40:55","slug":"rju-air-18-litros-color-anthracite-negro-mochila-ultraligera-pack-fstop","status":"publish","type":"product","link":"https:\/\/www.tx-lab.com\/en\/product\/rju-air-18-litros-color-anthracite-negro-mochila-ultraligera-pack-fstop\/","title":{"rendered":"RJU AIR 18 litros &#8211; color Anthracite (negro) &#8211; Air series &#8211; pack fstop"},"content":{"rendered":"<p>La Rju de 18 litros de f-stop es la definici\u00f3n de KISS: \u00a1Keep it Super Simple!<\/p>\n<p>Perfecta para aventuras y viajes, esta mochila combina estilo, resistencia y funcionalidad.<\/p>\n<p>La Rju AIR se construye con materiales superiores: Nylon DuraDiamond HT, espuma Bloom TPE neutra en carbono, cremalleras impermeables TPU S-Type tejidas; y emplea sub-paneles cortados con l\u00e1ser y soldados por RF.<br \/>\nCremalleras y correas terminadas con tecnolog\u00eda ultras\u00f3nica, adem\u00e1s de conexiones clave cosidas con automatizaci\u00f3n computarizada.<\/p>\n<p>La combinaci\u00f3n de ciencia de materiales y construcci\u00f3n de clase mundial sienta las bases para el dise\u00f1o simple y funcional de la Rju AIR.<br \/>\nSin embargo, m\u00e1s de 2000 horas de investigaci\u00f3n etnogr\u00e1fica en productos (validada por un grupo diverso de m\u00e1s de 115 personas en m\u00e1s de 950 aventuras) hacen de la Rju AIR la mochila perfecta para mantener tu equipo seguro y protegido en cualquier situaci\u00f3n: desierto, selva tropical, metro o incluso en el supermercado.  <\/p>\n<p><b>Characteristics:<\/b><b><\/b><\/p>\n<ul>\n<li>Capacidad Total: 18L <\/li>\n<li>Dimensiones: Ancho: 30 cm \/ 11.8<\/li>\n<li>Altura: 43 cm \/ 16.9<\/li>\n<li>Profundidad: 13 cm \/ 5.1<\/li>\n<li>Peso M\u00ednimo del Producto (solo la mochila): 0.645 kg\n<\/li>\n<li>Protecci\u00f3n Elemental: Clasificaci\u00f3n IP55<\/li>\n<li>N\u00famero de Bolsillos Exteriores: 1\n<\/li>\n<li>Material Principal: DuraDiamond\u00ae (corte l\u00e1ser y soldadura RF)\n<\/li>\n<li>G\u00e9nero: Unisex\n<\/li>\n<li>Empaquetado: Bolsa biadegradable, de origen vegetal y de un solo uso<\/li>\n<\/ul>","protected":false},"excerpt":{"rendered":"<p>Promoci\u00f3n lanzamiento: ICU Small Shallow gratuito<\/p>\n<p><b>Key features:<\/b><\/p>\n<p>Mochila 18 litros, modular, resistente al intemperie, ideal para el uso diario. Dise\u00f1ado para una misi\u00f3n y con un prop\u00f3sito: m\u00e1s de 2000 horas de validaci\u00f3n etnogr\u00e1fica de campo<\/p>","protected":false},"featured_media":23363,"comment_status":"open","ping_status":"closed","template":"","meta":[],"product_brand":[1813],"product_cat":[1798],"product_tag":[1793,1332,1807,1334,1794],"class_list":{"0":"post-23367","1":"product","2":"type-product","3":"status-publish","4":"has-post-thumbnail","6":"product_brand-fstop-mochilas-montana-tx-lab-accesrorios-fotografia","7":"product_cat-air-series-f-stop","8":"product_tag-air","9":"product_tag-fstop","10":"product_tag-kit-serie-air","11":"product_tag-mochila","12":"product_tag-novedad","14":"first","15":"instock","16":"taxable","17":"shipping-taxable","18":"purchasable","19":"product-type-simple"},"yoast_head":"<!-- This site is optimized with the Yoast SEO plugin v27.4 - https:\/\/yoast.com\/product\/yoast-seo-wordpress\/ -->\n<title>\u1409 RJU AIR 18 litros - color Anthracite (negro) - Air series - pack fstop | Tx-lab<\/title>\n<meta name=\"description\" content=\"\ud83e\udd47 Entra y descubre \u261d RJU AIR 18 litros - color Anthracite (negro) - Air series - pack fstop. La mejor tecnolog\u00eda disponible en... comprar RJU AIR 18 litros - color Anthracite (negro) - Air series - pack fstop al mejor precio \u2705 RJU AIR 18 litros - color Anthracite (negro) - Air series - pack fstop recomendado para...\" \/>\n<meta name=\"robots\" content=\"index, follow, max-snippet:-1, max-image-preview:large, max-video-preview:-1\" \/>\n<link rel=\"canonical\" href=\"https:\/\/www.tx-lab.com\/en\/product\/rju-air-18-litros-color-anthracite-negro-mochila-ultraligera-pack-fstop\/\" \/>\n<meta property=\"og:locale\" content=\"en_GB\" \/>\n<meta property=\"og:type\" content=\"article\" \/>\n<meta property=\"og:title\" content=\"\u1409 RJU AIR 18 litros - color Anthracite (negro) - Air series - pack fstop | Tx-lab\" \/>\n<meta property=\"og:description\" content=\"\ud83e\udd47 Entra y descubre \u261d RJU AIR 18 litros - color Anthracite (negro) - Air series - pack fstop. La mejor tecnolog\u00eda disponible en... comprar RJU AIR 18 litros - color Anthracite (negro) - Air series - pack fstop al mejor precio \u2705 RJU AIR 18 litros - color Anthracite (negro) - Air series - pack fstop recomendado para...\" \/>\n<meta property=\"og:url\" content=\"https:\/\/www.tx-lab.com\/en\/product\/rju-air-18-litros-color-anthracite-negro-mochila-ultraligera-pack-fstop\/\" \/>\n<meta property=\"og:site_name\" content=\"Tx-lab\" \/>\n<meta property=\"article:modified_time\" content=\"2026-02-12T10:40:55+00:00\" \/>\n<meta property=\"og:image\" content=\"https:\/\/www.tx-lab.com\/wp-content\/uploads\/2024\/12\/imghuuYgz.jpg\" \/>\n\t<meta property=\"og:image:width\" content=\"927\" \/>\n\t<meta property=\"og:image:height\" content=\"733\" \/>\n\t<meta property=\"og:image:type\" content=\"image\/jpeg\" \/>\n<meta name=\"twitter:card\" content=\"summary_large_image\" \/>\n<meta name=\"twitter:label1\" content=\"Estimated reading time\" \/>\n\t<meta name=\"twitter:data1\" content=\"1 minute\" \/>\n<script type=\"application\/ld+json\" class=\"yoast-schema-graph\">{\"@context\":\"https:\\\/\\\/schema.org\",\"@graph\":[{\"@type\":\"WebPage\",\"@id\":\"https:\\\/\\\/www.tx-lab.com\\\/producto\\\/rju-air-18-litros-color-anthracite-negro-mochila-ultraligera-pack-fstop\\\/\",\"url\":\"https:\\\/\\\/www.tx-lab.com\\\/producto\\\/rju-air-18-litros-color-anthracite-negro-mochila-ultraligera-pack-fstop\\\/\",\"name\":\"\u1409 RJU AIR 18 litros - color Anthracite (negro) - Air series - pack fstop | Tx-lab\",\"isPartOf\":{\"@id\":\"https:\\\/\\\/www.tx-lab.com\\\/#website\"},\"primaryImageOfPage\":{\"@id\":\"https:\\\/\\\/www.tx-lab.com\\\/producto\\\/rju-air-18-litros-color-anthracite-negro-mochila-ultraligera-pack-fstop\\\/#primaryimage\"},\"image\":{\"@id\":\"https:\\\/\\\/www.tx-lab.com\\\/producto\\\/rju-air-18-litros-color-anthracite-negro-mochila-ultraligera-pack-fstop\\\/#primaryimage\"},\"thumbnailUrl\":\"https:\\\/\\\/www.tx-lab.com\\\/wp-content\\\/uploads\\\/2024\\\/12\\\/imghuuYgz.jpg\",\"datePublished\":\"2024-12-30T22:44:31+00:00\",\"dateModified\":\"2026-02-12T10:40:55+00:00\",\"description\":\"\ud83e\udd47 Entra y descubre \u261d RJU AIR 18 litros - color Anthracite (negro) - Air series - pack fstop. La mejor tecnolog\u00eda disponible en... comprar RJU AIR 18 litros - color Anthracite (negro) - Air series - pack fstop al mejor precio \u2705 RJU AIR 18 litros - color Anthracite (negro) - Air series - pack fstop recomendado para...\",\"breadcrumb\":{\"@id\":\"https:\\\/\\\/www.tx-lab.com\\\/producto\\\/rju-air-18-litros-color-anthracite-negro-mochila-ultraligera-pack-fstop\\\/#breadcrumb\"},\"inLanguage\":\"en-GB\",\"potentialAction\":[{\"@type\":\"ReadAction\",\"target\":[\"https:\\\/\\\/www.tx-lab.com\\\/producto\\\/rju-air-18-litros-color-anthracite-negro-mochila-ultraligera-pack-fstop\\\/\"]}]},{\"@type\":\"ImageObject\",\"inLanguage\":\"en-GB\",\"@id\":\"https:\\\/\\\/www.tx-lab.com\\\/producto\\\/rju-air-18-litros-color-anthracite-negro-mochila-ultraligera-pack-fstop\\\/#primaryimage\",\"url\":\"https:\\\/\\\/www.tx-lab.com\\\/wp-content\\\/uploads\\\/2024\\\/12\\\/imghuuYgz.jpg\",\"contentUrl\":\"https:\\\/\\\/www.tx-lab.com\\\/wp-content\\\/uploads\\\/2024\\\/12\\\/imghuuYgz.jpg\",\"width\":927,\"height\":733},{\"@type\":\"BreadcrumbList\",\"@id\":\"https:\\\/\\\/www.tx-lab.com\\\/producto\\\/rju-air-18-litros-color-anthracite-negro-mochila-ultraligera-pack-fstop\\\/#breadcrumb\",\"itemListElement\":[{\"@type\":\"ListItem\",\"position\":1,\"name\":\"Portada\",\"item\":\"https:\\\/\\\/www.tx-lab.com\\\/\"},{\"@type\":\"ListItem\",\"position\":2,\"name\":\"Tienda\",\"item\":\"https:\\\/\\\/www.tx-lab.com\\\/tienda\\\/\"},{\"@type\":\"ListItem\",\"position\":3,\"name\":\"RJU AIR 18 litros &#8211; color Anthracite (negro) &#8211; Air series &#8211; pack fstop\"}]},{\"@type\":\"WebSite\",\"@id\":\"https:\\\/\\\/www.tx-lab.com\\\/#website\",\"url\":\"https:\\\/\\\/www.tx-lab.com\\\/\",\"name\":\"Tx-lab\",\"description\":\"Productos y servicios para profesionales de la imagen\",\"publisher\":{\"@id\":\"https:\\\/\\\/www.tx-lab.com\\\/#organization\"},\"potentialAction\":[{\"@type\":\"SearchAction\",\"target\":{\"@type\":\"EntryPoint\",\"urlTemplate\":\"https:\\\/\\\/www.tx-lab.com\\\/?s={search_term_string}\"},\"query-input\":{\"@type\":\"PropertyValueSpecification\",\"valueRequired\":true,\"valueName\":\"search_term_string\"}}],\"inLanguage\":\"en-GB\"},{\"@type\":\"Organization\",\"@id\":\"https:\\\/\\\/www.tx-lab.com\\\/#organization\",\"name\":\"Tx-lab\",\"url\":\"https:\\\/\\\/www.tx-lab.com\\\/\",\"logo\":{\"@type\":\"ImageObject\",\"inLanguage\":\"en-GB\",\"@id\":\"https:\\\/\\\/www.tx-lab.com\\\/#\\\/schema\\\/logo\\\/image\\\/\",\"url\":\"https:\\\/\\\/www.tx-lab.com\\\/wp-content\\\/uploads\\\/2022\\\/09\\\/logo_tx-lab-white-web.png\",\"contentUrl\":\"https:\\\/\\\/www.tx-lab.com\\\/wp-content\\\/uploads\\\/2022\\\/09\\\/logo_tx-lab-white-web.png\",\"width\":520,\"height\":236,\"caption\":\"Tx-lab\"},\"image\":{\"@id\":\"https:\\\/\\\/www.tx-lab.com\\\/#\\\/schema\\\/logo\\\/image\\\/\"}}]}<\/script>\n<!-- \/ Yoast SEO plugin. -->","yoast_head_json":{"title":"\u1409 RJU AIR 18 litros - color Anthracite (negro) - Air series - pack fstop | Tx-lab","description":"\ud83e\udd47 Entra y descubre \u261d RJU AIR 18 litros - color Anthracite (negro) - Air series - pack fstop. La mejor tecnolog\u00eda disponible en... comprar RJU AIR 18 litros - color Anthracite (negro) - Air series - pack fstop al mejor precio \u2705 RJU AIR 18 litros - color Anthracite (negro) - Air series - pack fstop recomendado para...","robots":{"index":"index","follow":"follow","max-snippet":"max-snippet:-1","max-image-preview":"max-image-preview:large","max-video-preview":"max-video-preview:-1"},"canonical":"https:\/\/www.tx-lab.com\/en\/product\/rju-air-18-litros-color-anthracite-negro-mochila-ultraligera-pack-fstop\/","og_locale":"en_GB","og_type":"article","og_title":"\u1409 RJU AIR 18 litros - color Anthracite (negro) - Air series - pack fstop | Tx-lab","og_description":"\ud83e\udd47 Entra y descubre \u261d RJU AIR 18 litros - color Anthracite (negro) - Air series - pack fstop. La mejor tecnolog\u00eda disponible en... comprar RJU AIR 18 litros - color Anthracite (negro) - Air series - pack fstop al mejor precio \u2705 RJU AIR 18 litros - color Anthracite (negro) - Air series - pack fstop recomendado para...","og_url":"https:\/\/www.tx-lab.com\/en\/product\/rju-air-18-litros-color-anthracite-negro-mochila-ultraligera-pack-fstop\/","og_site_name":"Tx-lab","article_modified_time":"2026-02-12T10:40:55+00:00","og_image":[{"width":927,"height":733,"url":"https:\/\/www.tx-lab.com\/wp-content\/uploads\/2024\/12\/imghuuYgz.jpg","type":"image\/jpeg"}],"twitter_card":"summary_large_image","twitter_misc":{"Estimated reading time":"1 minute"},"schema":{"@context":"https:\/\/schema.org","@graph":[{"@type":"WebPage","@id":"https:\/\/www.tx-lab.com\/producto\/rju-air-18-litros-color-anthracite-negro-mochila-ultraligera-pack-fstop\/","url":"https:\/\/www.tx-lab.com\/producto\/rju-air-18-litros-color-anthracite-negro-mochila-ultraligera-pack-fstop\/","name":"\u1409 RJU AIR 18 litros - color Anthracite (negro) - Air series - pack fstop | Tx-lab","isPartOf":{"@id":"https:\/\/www.tx-lab.com\/#website"},"primaryImageOfPage":{"@id":"https:\/\/www.tx-lab.com\/producto\/rju-air-18-litros-color-anthracite-negro-mochila-ultraligera-pack-fstop\/#primaryimage"},"image":{"@id":"https:\/\/www.tx-lab.com\/producto\/rju-air-18-litros-color-anthracite-negro-mochila-ultraligera-pack-fstop\/#primaryimage"},"thumbnailUrl":"https:\/\/www.tx-lab.com\/wp-content\/uploads\/2024\/12\/imghuuYgz.jpg","datePublished":"2024-12-30T22:44:31+00:00","dateModified":"2026-02-12T10:40:55+00:00","description":"\ud83e\udd47 Entra y descubre \u261d RJU AIR 18 litros - color Anthracite (negro) - Air series - pack fstop. La mejor tecnolog\u00eda disponible en... comprar RJU AIR 18 litros - color Anthracite (negro) - Air series - pack fstop al mejor precio \u2705 RJU AIR 18 litros - color Anthracite (negro) - Air series - pack fstop recomendado para...","breadcrumb":{"@id":"https:\/\/www.tx-lab.com\/producto\/rju-air-18-litros-color-anthracite-negro-mochila-ultraligera-pack-fstop\/#breadcrumb"},"inLanguage":"en-GB","potentialAction":[{"@type":"ReadAction","target":["https:\/\/www.tx-lab.com\/producto\/rju-air-18-litros-color-anthracite-negro-mochila-ultraligera-pack-fstop\/"]}]},{"@type":"ImageObject","inLanguage":"en-GB","@id":"https:\/\/www.tx-lab.com\/producto\/rju-air-18-litros-color-anthracite-negro-mochila-ultraligera-pack-fstop\/#primaryimage","url":"https:\/\/www.tx-lab.com\/wp-content\/uploads\/2024\/12\/imghuuYgz.jpg","contentUrl":"https:\/\/www.tx-lab.com\/wp-content\/uploads\/2024\/12\/imghuuYgz.jpg","width":927,"height":733},{"@type":"BreadcrumbList","@id":"https:\/\/www.tx-lab.com\/producto\/rju-air-18-litros-color-anthracite-negro-mochila-ultraligera-pack-fstop\/#breadcrumb","itemListElement":[{"@type":"ListItem","position":1,"name":"Portada","item":"https:\/\/www.tx-lab.com\/"},{"@type":"ListItem","position":2,"name":"Tienda","item":"https:\/\/www.tx-lab.com\/tienda\/"},{"@type":"ListItem","position":3,"name":"RJU AIR 18 litros &#8211; color Anthracite (negro) &#8211; Air series &#8211; pack fstop"}]},{"@type":"WebSite","@id":"https:\/\/www.tx-lab.com\/#website","url":"https:\/\/www.tx-lab.com\/","name":"Tx-lab","description":"Products and services for image professionals","publisher":{"@id":"https:\/\/www.tx-lab.com\/#organization"},"potentialAction":[{"@type":"SearchAction","target":{"@type":"EntryPoint","urlTemplate":"https:\/\/www.tx-lab.com\/?s={search_term_string}"},"query-input":{"@type":"PropertyValueSpecification","valueRequired":true,"valueName":"search_term_string"}}],"inLanguage":"en-GB"},{"@type":"Organization","@id":"https:\/\/www.tx-lab.com\/#organization","name":"Tx-lab","url":"https:\/\/www.tx-lab.com\/","logo":{"@type":"ImageObject","inLanguage":"en-GB","@id":"https:\/\/www.tx-lab.com\/#\/schema\/logo\/image\/","url":"https:\/\/www.tx-lab.com\/wp-content\/uploads\/2022\/09\/logo_tx-lab-white-web.png","contentUrl":"https:\/\/www.tx-lab.com\/wp-content\/uploads\/2022\/09\/logo_tx-lab-white-web.png","width":520,"height":236,"caption":"Tx-lab"},"image":{"@id":"https:\/\/www.tx-lab.com\/#\/schema\/logo\/image\/"}}]}},"jetpack-related-posts":[],"jetpack_sharing_enabled":true,"_links":{"self":[{"href":"https:\/\/www.tx-lab.com\/en\/wp-json\/wp\/v2\/product\/23367","targetHints":{"allow":["GET"]}}],"collection":[{"href":"https:\/\/www.tx-lab.com\/en\/wp-json\/wp\/v2\/product"}],"about":[{"href":"https:\/\/www.tx-lab.com\/en\/wp-json\/wp\/v2\/types\/product"}],"replies":[{"embeddable":true,"href":"https:\/\/www.tx-lab.com\/en\/wp-json\/wp\/v2\/comments?post=23367"}],"wp:featuredmedia":[{"embeddable":true,"href":"https:\/\/www.tx-lab.com\/en\/wp-json\/wp\/v2\/media\/23363"}],"wp:attachment":[{"href":"https:\/\/www.tx-lab.com\/en\/wp-json\/wp\/v2\/media?parent=23367"}],"wp:term":[{"taxonomy":"product_brand","embeddable":true,"href":"https:\/\/www.tx-lab.com\/en\/wp-json\/wp\/v2\/product_brand?post=23367"},{"taxonomy":"product_cat","embeddable":true,"href":"https:\/\/www.tx-lab.com\/en\/wp-json\/wp\/v2\/product_cat?post=23367"},{"taxonomy":"product_tag","embeddable":true,"href":"https:\/\/www.tx-lab.com\/en\/wp-json\/wp\/v2\/product_tag?post=23367"}],"curies":[{"name":"wp","href":"https:\/\/api.w.org\/{rel}","templated":true}]}}