{"id":22351,"date":"2024-05-28T16:36:27","date_gmt":"2024-05-28T16:36:27","guid":{"rendered":"https:\/\/www.tx-lab.com\/?post_type=product&#038;p=22351"},"modified":"2025-10-03T08:27:33","modified_gmt":"2025-10-03T08:27:33","slug":"maquina-fashion-shoot-de-picture-instruments","status":"publish","type":"product","link":"https:\/\/www.tx-lab.com\/en\/product\/maquina-fashion-shoot-de-picture-instruments\/","title":{"rendered":"Fashion Shoot - Automated E-Commerce Machine - Picture Instruments"},"content":{"rendered":"<div class=\"elementor-column elementor-col-50 elementor-inner-column elementor-element elementor-element-e7a7e0c elementor-repeater-item-none elementor-repeater-item-none_hover\" data-id=\"e7a7e0c\" data-element_type=\"column\">\n<div class=\"elementor-widget-wrap elementor-element-populated\">\n<div class=\"elementor-element elementor-element-6682211 elementor-hidden-mobile elementor-repeater-item-none elementor-repeater-item-none_hover elementor-widget elementor-widget-heading\" data-id=\"6682211\" data-element_type=\"widget\" data-widget_type=\"heading.default\">\n<div class=\"elementor-widget-container\">\n<h4 class=\"elementor-heading-title elementor-size-default\"><span style=\"font-weight: normal\">Photography E-Commerce All-in-One Solutions<\/span><\/h4>\n<\/p><\/div>\n<\/p><\/div>\n<div class=\"elementor-element elementor-element-e3dcf3d elementor-hidden-mobile elementor-repeater-item-none elementor-repeater-item-none_hover elementor-widget elementor-widget-text-editor\" data-id=\"e3dcf3d\" data-element_type=\"widget\" data-widget_type=\"text-editor.default\">\n<div class=\"elementor-widget-container\">\n<p>Standardised processes are very important for everyone to be able to<br \/>\n the products are assured of repeatability and proper<br \/>\ncolour reproduction. The jumps and differences in illumination break up<br \/>\n homogeneity of the website and confuse the end customer. In addition to being able to<br \/>\ngenerate returns for colour errors.<\/p>\n<\/p><\/div>\n<\/p><\/div>\n<\/p><\/div>\n<\/p><\/div>\n<h4><span id=\"Rid_quartupQ2_nombreSPAN\" style=\"font-weight: normal\">It includes:<\/span><\/h4>\n<ul>\n<li><span id=\"Rid_quartupQ2_nombreSPAN\">Three main light sources with the possibility of movement to model the garments in the best way.<\/span><\/li>\n<li><span id=\"Rid_quartupQ2_nombreSPAN\">Light source for bottom cleaning.<\/span><\/li>\n<li><span id=\"Rid_quartupQ2_nombreSPAN\">Cables for operation<\/span><\/li>\n<li><span id=\"Rid_quartupQ2_nombreSPAN\">Software package for<br \/>\ndisposal of funds, includes 1 year of<br \/>\nfree updates.<br \/>\n<br \/>\n<\/span><\/li>\n<\/ul>\n<h4><span id=\"Rid_quartupQ2_nombreSPAN\" style=\"font-weight: normal\">The software package contains:<br \/>\n<\/span><br \/><span id=\"Rid_quartupQ2_nombreSPAN\"><\/span><\/h4>\n<ul>\n<li><span id=\"Rid_quartupQ2_nombreSPAN\"><b>Serial Shot,<\/b> image capture control<br \/>\n<\/span><\/li>\n<li><span id=\"Rid_quartupQ2_nombreSPAN\"><b>Mask Integrator Pro,<\/b> precise control of the clipping mask<\/span><\/li>\n<li><span id=\"Rid_quartupQ2_nombreSPAN\"><b>Crop'n Resize,<\/b> design of sizes, formats, colour, watermark and image destinations<br \/>\n<\/span><\/li>\n<\/ul>\n<p><span id=\"Rid_quartupQ2_nombreSPAN\"><br \/><\/span><\/p>\n<p><span id=\"Rid_quartupQ2_nombreSPAN\">https:\/\/youtu.be\/E69rJivbvBY?feature=shared<br \/><\/span><\/p>\n<p><\/p>","protected":false},"excerpt":{"rendered":"<p>Automated system for fashion photography offering options for the creation of invisible mannequins, lingerie, models.<\/p>\n<p><b><font color=\"#000000\"><a href=\"mailto:info@tx-lab.com\" target=\"_blank\" rel=\"noopener\">Contact us for a demo or more information &gt;&gt;<br \/><\/a><\/font><\/b><\/p>\n<p>Photography, cropping, post-processing and uploading are largely automated with the devices. Photos that cannot be post-processed automatically can be edited manually using our connected retouching service. Not only do you save time and money on fashion photography, but you also get your products online in a timely manner. <b><font color=\"#000000\"><br \/><\/font><\/b><\/p>","protected":false},"featured_media":22459,"comment_status":"open","ping_status":"closed","template":"","meta":[],"product_brand":[],"product_cat":[1569],"product_tag":[1771,1579,1770],"class_list":{"0":"post-22351","1":"product","2":"type-product","3":"status-publish","4":"has-post-thumbnail","6":"product_cat-material-picture-instruments-y-accesorios","7":"product_tag-e-commerce","8":"product_tag-ecommerce","9":"product_tag-fashion-shoot","11":"first","12":"onbackorder","13":"taxable","14":"shipping-taxable","15":"product-type-simple"},"yoast_head":"<!-- This site is optimized with the Yoast SEO plugin v27.4 - https:\/\/yoast.com\/product\/yoast-seo-wordpress\/ -->\n<title>\u1409 Fashion Shoot - M\u00e1quina automatizada E-Commerce - Picture Instruments | Tx-lab<\/title>\n<meta name=\"description\" content=\"\ud83e\udd47 Entra y descubre \u261d Fashion Shoot - M\u00e1quina automatizada E-Commerce - Picture Instruments. La mejor tecnolog\u00eda disponible en... comprar Fashion Shoot - M\u00e1quina automatizada E-Commerce - Picture Instruments al mejor precio \u2705 Fashion Shoot - M\u00e1quina automatizada E-Commerce - Picture Instruments recomendado para...\" \/>\n<meta name=\"robots\" content=\"index, follow, max-snippet:-1, max-image-preview:large, max-video-preview:-1\" \/>\n<link rel=\"canonical\" href=\"https:\/\/www.tx-lab.com\/en\/product\/maquina-fashion-shoot-de-picture-instruments\/\" \/>\n<meta property=\"og:locale\" content=\"en_GB\" \/>\n<meta property=\"og:type\" content=\"article\" \/>\n<meta property=\"og:title\" content=\"\u1409 Fashion Shoot - M\u00e1quina automatizada E-Commerce - Picture Instruments | Tx-lab\" \/>\n<meta property=\"og:description\" content=\"\ud83e\udd47 Entra y descubre \u261d Fashion Shoot - M\u00e1quina automatizada E-Commerce - Picture Instruments. La mejor tecnolog\u00eda disponible en... comprar Fashion Shoot - M\u00e1quina automatizada E-Commerce - Picture Instruments al mejor precio \u2705 Fashion Shoot - M\u00e1quina automatizada E-Commerce - Picture Instruments recomendado para...\" \/>\n<meta property=\"og:url\" content=\"https:\/\/www.tx-lab.com\/en\/product\/maquina-fashion-shoot-de-picture-instruments\/\" \/>\n<meta property=\"og:site_name\" content=\"Tx-lab\" \/>\n<meta property=\"article:modified_time\" content=\"2025-10-03T08:27:33+00:00\" \/>\n<meta property=\"og:image\" content=\"https:\/\/www.tx-lab.com\/wp-content\/uploads\/2024\/05\/imgriitrw-scaled.jpeg\" \/>\n\t<meta property=\"og:image:width\" content=\"1707\" \/>\n\t<meta property=\"og:image:height\" content=\"2560\" \/>\n\t<meta property=\"og:image:type\" content=\"image\/jpeg\" \/>\n<meta name=\"twitter:card\" content=\"summary_large_image\" \/>\n<meta name=\"twitter:label1\" content=\"Estimated reading time\" \/>\n\t<meta name=\"twitter:data1\" content=\"1 minute\" \/>\n<script type=\"application\/ld+json\" class=\"yoast-schema-graph\">{\"@context\":\"https:\\\/\\\/schema.org\",\"@graph\":[{\"@type\":\"WebPage\",\"@id\":\"https:\\\/\\\/www.tx-lab.com\\\/producto\\\/maquina-fashion-shoot-de-picture-instruments\\\/\",\"url\":\"https:\\\/\\\/www.tx-lab.com\\\/producto\\\/maquina-fashion-shoot-de-picture-instruments\\\/\",\"name\":\"\u1409 Fashion Shoot - M\u00e1quina automatizada E-Commerce - Picture Instruments | Tx-lab\",\"isPartOf\":{\"@id\":\"https:\\\/\\\/www.tx-lab.com\\\/#website\"},\"primaryImageOfPage\":{\"@id\":\"https:\\\/\\\/www.tx-lab.com\\\/producto\\\/maquina-fashion-shoot-de-picture-instruments\\\/#primaryimage\"},\"image\":{\"@id\":\"https:\\\/\\\/www.tx-lab.com\\\/producto\\\/maquina-fashion-shoot-de-picture-instruments\\\/#primaryimage\"},\"thumbnailUrl\":\"https:\\\/\\\/www.tx-lab.com\\\/wp-content\\\/uploads\\\/2024\\\/05\\\/img9yfDja-scaled.jpeg\",\"datePublished\":\"2024-05-28T16:36:27+00:00\",\"dateModified\":\"2025-10-03T08:27:33+00:00\",\"description\":\"\ud83e\udd47 Entra y descubre \u261d Fashion Shoot - M\u00e1quina automatizada E-Commerce - Picture Instruments. La mejor tecnolog\u00eda disponible en... comprar Fashion Shoot - M\u00e1quina automatizada E-Commerce - Picture Instruments al mejor precio \u2705 Fashion Shoot - M\u00e1quina automatizada E-Commerce - Picture Instruments recomendado para...\",\"breadcrumb\":{\"@id\":\"https:\\\/\\\/www.tx-lab.com\\\/producto\\\/maquina-fashion-shoot-de-picture-instruments\\\/#breadcrumb\"},\"inLanguage\":\"en-GB\",\"potentialAction\":[{\"@type\":\"ReadAction\",\"target\":[\"https:\\\/\\\/www.tx-lab.com\\\/producto\\\/maquina-fashion-shoot-de-picture-instruments\\\/\"]}]},{\"@type\":\"ImageObject\",\"inLanguage\":\"en-GB\",\"@id\":\"https:\\\/\\\/www.tx-lab.com\\\/producto\\\/maquina-fashion-shoot-de-picture-instruments\\\/#primaryimage\",\"url\":\"https:\\\/\\\/www.tx-lab.com\\\/wp-content\\\/uploads\\\/2024\\\/05\\\/img9yfDja-scaled.jpeg\",\"contentUrl\":\"https:\\\/\\\/www.tx-lab.com\\\/wp-content\\\/uploads\\\/2024\\\/05\\\/img9yfDja-scaled.jpeg\",\"width\":1707,\"height\":2560},{\"@type\":\"BreadcrumbList\",\"@id\":\"https:\\\/\\\/www.tx-lab.com\\\/producto\\\/maquina-fashion-shoot-de-picture-instruments\\\/#breadcrumb\",\"itemListElement\":[{\"@type\":\"ListItem\",\"position\":1,\"name\":\"Portada\",\"item\":\"https:\\\/\\\/www.tx-lab.com\\\/\"},{\"@type\":\"ListItem\",\"position\":2,\"name\":\"Tienda\",\"item\":\"https:\\\/\\\/www.tx-lab.com\\\/tienda\\\/\"},{\"@type\":\"ListItem\",\"position\":3,\"name\":\"Fashion Shoot &#8211; M\u00e1quina automatizada E-Commerce &#8211; Picture Instruments\"}]},{\"@type\":\"WebSite\",\"@id\":\"https:\\\/\\\/www.tx-lab.com\\\/#website\",\"url\":\"https:\\\/\\\/www.tx-lab.com\\\/\",\"name\":\"Tx-lab\",\"description\":\"Productos y servicios para profesionales de la imagen\",\"publisher\":{\"@id\":\"https:\\\/\\\/www.tx-lab.com\\\/#organization\"},\"potentialAction\":[{\"@type\":\"SearchAction\",\"target\":{\"@type\":\"EntryPoint\",\"urlTemplate\":\"https:\\\/\\\/www.tx-lab.com\\\/?s={search_term_string}\"},\"query-input\":{\"@type\":\"PropertyValueSpecification\",\"valueRequired\":true,\"valueName\":\"search_term_string\"}}],\"inLanguage\":\"en-GB\"},{\"@type\":\"Organization\",\"@id\":\"https:\\\/\\\/www.tx-lab.com\\\/#organization\",\"name\":\"Tx-lab\",\"url\":\"https:\\\/\\\/www.tx-lab.com\\\/\",\"logo\":{\"@type\":\"ImageObject\",\"inLanguage\":\"en-GB\",\"@id\":\"https:\\\/\\\/www.tx-lab.com\\\/#\\\/schema\\\/logo\\\/image\\\/\",\"url\":\"https:\\\/\\\/www.tx-lab.com\\\/wp-content\\\/uploads\\\/2022\\\/09\\\/logo_tx-lab-white-web.png\",\"contentUrl\":\"https:\\\/\\\/www.tx-lab.com\\\/wp-content\\\/uploads\\\/2022\\\/09\\\/logo_tx-lab-white-web.png\",\"width\":520,\"height\":236,\"caption\":\"Tx-lab\"},\"image\":{\"@id\":\"https:\\\/\\\/www.tx-lab.com\\\/#\\\/schema\\\/logo\\\/image\\\/\"}}]}<\/script>\n<!-- \/ Yoast SEO plugin. -->","yoast_head_json":{"title":"\u1409 Fashion Shoot - M\u00e1quina automatizada E-Commerce - Picture Instruments | Tx-lab","description":"\ud83e\udd47 Entra y descubre \u261d Fashion Shoot - M\u00e1quina automatizada E-Commerce - Picture Instruments. La mejor tecnolog\u00eda disponible en... comprar Fashion Shoot - M\u00e1quina automatizada E-Commerce - Picture Instruments al mejor precio \u2705 Fashion Shoot - M\u00e1quina automatizada E-Commerce - Picture Instruments recomendado para...","robots":{"index":"index","follow":"follow","max-snippet":"max-snippet:-1","max-image-preview":"max-image-preview:large","max-video-preview":"max-video-preview:-1"},"canonical":"https:\/\/www.tx-lab.com\/en\/product\/maquina-fashion-shoot-de-picture-instruments\/","og_locale":"en_GB","og_type":"article","og_title":"\u1409 Fashion Shoot - M\u00e1quina automatizada E-Commerce - Picture Instruments | Tx-lab","og_description":"\ud83e\udd47 Entra y descubre \u261d Fashion Shoot - M\u00e1quina automatizada E-Commerce - Picture Instruments. La mejor tecnolog\u00eda disponible en... comprar Fashion Shoot - M\u00e1quina automatizada E-Commerce - Picture Instruments al mejor precio \u2705 Fashion Shoot - M\u00e1quina automatizada E-Commerce - Picture Instruments recomendado para...","og_url":"https:\/\/www.tx-lab.com\/en\/product\/maquina-fashion-shoot-de-picture-instruments\/","og_site_name":"Tx-lab","article_modified_time":"2025-10-03T08:27:33+00:00","og_image":[{"width":1707,"height":2560,"url":"https:\/\/www.tx-lab.com\/wp-content\/uploads\/2024\/05\/imgriitrw-scaled.jpeg","type":"image\/jpeg"}],"twitter_card":"summary_large_image","twitter_misc":{"Estimated reading time":"1 minute"},"schema":{"@context":"https:\/\/schema.org","@graph":[{"@type":"WebPage","@id":"https:\/\/www.tx-lab.com\/producto\/maquina-fashion-shoot-de-picture-instruments\/","url":"https:\/\/www.tx-lab.com\/producto\/maquina-fashion-shoot-de-picture-instruments\/","name":"\u1409 Fashion Shoot - M\u00e1quina automatizada E-Commerce - Picture Instruments | Tx-lab","isPartOf":{"@id":"https:\/\/www.tx-lab.com\/#website"},"primaryImageOfPage":{"@id":"https:\/\/www.tx-lab.com\/producto\/maquina-fashion-shoot-de-picture-instruments\/#primaryimage"},"image":{"@id":"https:\/\/www.tx-lab.com\/producto\/maquina-fashion-shoot-de-picture-instruments\/#primaryimage"},"thumbnailUrl":"https:\/\/www.tx-lab.com\/wp-content\/uploads\/2024\/05\/img9yfDja-scaled.jpeg","datePublished":"2024-05-28T16:36:27+00:00","dateModified":"2025-10-03T08:27:33+00:00","description":"\ud83e\udd47 Entra y descubre \u261d Fashion Shoot - M\u00e1quina automatizada E-Commerce - Picture Instruments. La mejor tecnolog\u00eda disponible en... comprar Fashion Shoot - M\u00e1quina automatizada E-Commerce - Picture Instruments al mejor precio \u2705 Fashion Shoot - M\u00e1quina automatizada E-Commerce - Picture Instruments recomendado para...","breadcrumb":{"@id":"https:\/\/www.tx-lab.com\/producto\/maquina-fashion-shoot-de-picture-instruments\/#breadcrumb"},"inLanguage":"en-GB","potentialAction":[{"@type":"ReadAction","target":["https:\/\/www.tx-lab.com\/producto\/maquina-fashion-shoot-de-picture-instruments\/"]}]},{"@type":"ImageObject","inLanguage":"en-GB","@id":"https:\/\/www.tx-lab.com\/producto\/maquina-fashion-shoot-de-picture-instruments\/#primaryimage","url":"https:\/\/www.tx-lab.com\/wp-content\/uploads\/2024\/05\/img9yfDja-scaled.jpeg","contentUrl":"https:\/\/www.tx-lab.com\/wp-content\/uploads\/2024\/05\/img9yfDja-scaled.jpeg","width":1707,"height":2560},{"@type":"BreadcrumbList","@id":"https:\/\/www.tx-lab.com\/producto\/maquina-fashion-shoot-de-picture-instruments\/#breadcrumb","itemListElement":[{"@type":"ListItem","position":1,"name":"Portada","item":"https:\/\/www.tx-lab.com\/"},{"@type":"ListItem","position":2,"name":"Tienda","item":"https:\/\/www.tx-lab.com\/tienda\/"},{"@type":"ListItem","position":3,"name":"Fashion Shoot &#8211; M\u00e1quina automatizada E-Commerce &#8211; Picture Instruments"}]},{"@type":"WebSite","@id":"https:\/\/www.tx-lab.com\/#website","url":"https:\/\/www.tx-lab.com\/","name":"Tx-lab","description":"Products and services for image professionals","publisher":{"@id":"https:\/\/www.tx-lab.com\/#organization"},"potentialAction":[{"@type":"SearchAction","target":{"@type":"EntryPoint","urlTemplate":"https:\/\/www.tx-lab.com\/?s={search_term_string}"},"query-input":{"@type":"PropertyValueSpecification","valueRequired":true,"valueName":"search_term_string"}}],"inLanguage":"en-GB"},{"@type":"Organization","@id":"https:\/\/www.tx-lab.com\/#organization","name":"Tx-lab","url":"https:\/\/www.tx-lab.com\/","logo":{"@type":"ImageObject","inLanguage":"en-GB","@id":"https:\/\/www.tx-lab.com\/#\/schema\/logo\/image\/","url":"https:\/\/www.tx-lab.com\/wp-content\/uploads\/2022\/09\/logo_tx-lab-white-web.png","contentUrl":"https:\/\/www.tx-lab.com\/wp-content\/uploads\/2022\/09\/logo_tx-lab-white-web.png","width":520,"height":236,"caption":"Tx-lab"},"image":{"@id":"https:\/\/www.tx-lab.com\/#\/schema\/logo\/image\/"}}]}},"jetpack-related-posts":[],"jetpack_sharing_enabled":true,"_links":{"self":[{"href":"https:\/\/www.tx-lab.com\/en\/wp-json\/wp\/v2\/product\/22351","targetHints":{"allow":["GET"]}}],"collection":[{"href":"https:\/\/www.tx-lab.com\/en\/wp-json\/wp\/v2\/product"}],"about":[{"href":"https:\/\/www.tx-lab.com\/en\/wp-json\/wp\/v2\/types\/product"}],"replies":[{"embeddable":true,"href":"https:\/\/www.tx-lab.com\/en\/wp-json\/wp\/v2\/comments?post=22351"}],"wp:featuredmedia":[{"embeddable":true,"href":"https:\/\/www.tx-lab.com\/en\/wp-json\/wp\/v2\/media\/22459"}],"wp:attachment":[{"href":"https:\/\/www.tx-lab.com\/en\/wp-json\/wp\/v2\/media?parent=22351"}],"wp:term":[{"taxonomy":"product_brand","embeddable":true,"href":"https:\/\/www.tx-lab.com\/en\/wp-json\/wp\/v2\/product_brand?post=22351"},{"taxonomy":"product_cat","embeddable":true,"href":"https:\/\/www.tx-lab.com\/en\/wp-json\/wp\/v2\/product_cat?post=22351"},{"taxonomy":"product_tag","embeddable":true,"href":"https:\/\/www.tx-lab.com\/en\/wp-json\/wp\/v2\/product_tag?post=22351"}],"curies":[{"name":"wp","href":"https:\/\/api.w.org\/{rel}","templated":true}]}}