{"id":20861,"date":"2024-01-11T11:17:04","date_gmt":"2024-01-11T11:17:04","guid":{"rendered":"https:\/\/www.tx-lab.com\/?post_type=product&#038;p=20861"},"modified":"2024-01-12T08:05:34","modified_gmt":"2024-01-12T08:05:34","slug":"novoflex-extension-para-pata-triopod-pro75-fibra-de-carbono-50cm-o39mm","status":"publish","type":"product","link":"https:\/\/www.tx-lab.com\/en\/product\/novoflex-extension-para-pata-triopod-pro75-fibra-de-carbono-50cm-o39mm\/","title":{"rendered":"Novoflex - Triopod Pro75 Leg Extension - Carbon Fibre 50cm, \u00d839mm"},"content":{"rendered":"<p>Tubo de fibra de carbono con rosca de acero de doble cara para m&aacute;xima estabilidad. Montado entre la pata del tr&iacute;pode y el hombro del tr&iacute;pode TrioPod PRO75.<\/p>\n<p>Longitud 50 cm &#8211; para QLEG C3930 y 3940.<\/p>","protected":false},"excerpt":{"rendered":"<p>Extensi&oacute;n para Triopod Pro75. Fibra de carbono 50cm, &Oslash;39mm. <\/p>\n<p><strong>Weight:<\/strong> 430g<\/p>","protected":false},"featured_media":20860,"comment_status":"open","ping_status":"closed","template":"","meta":[],"product_brand":[],"product_cat":[1317],"product_tag":[1737,1426,1736,1429],"class_list":{"0":"post-20861","1":"product","2":"type-product","3":"status-publish","4":"has-post-thumbnail","6":"product_cat-tripodes","7":"product_tag-carbono","8":"product_tag-novoflex","9":"product_tag-patas","10":"product_tag-tripodes","11":"product_shipping_class-novofles-ups","13":"first","14":"onbackorder","15":"taxable","16":"shipping-taxable","17":"purchasable","18":"product-type-simple"},"yoast_head":"<!-- This site is optimized with the Yoast SEO plugin v27.4 - https:\/\/yoast.com\/product\/yoast-seo-wordpress\/ -->\n<title>\u1409 Novoflex - Extensi\u00f3n para pata Triopod Pro75 - Fibra de carbono 50cm, \u00d839mm | Tx-lab<\/title>\n<meta name=\"description\" content=\"\ud83e\udd47 Entra y descubre \u261d Novoflex - Extensi\u00f3n para pata Triopod Pro75 - Fibra de carbono 50cm, \u00d839mm. La mejor tecnolog\u00eda disponible en... comprar Novoflex - Extensi\u00f3n para pata Triopod Pro75 - Fibra de carbono 50cm, \u00d839mm al mejor precio \u2705 Novoflex - Extensi\u00f3n para pata Triopod Pro75 - Fibra de carbono 50cm, \u00d839mm recomendado para...\" \/>\n<meta name=\"robots\" content=\"index, follow, max-snippet:-1, max-image-preview:large, max-video-preview:-1\" \/>\n<link rel=\"canonical\" href=\"https:\/\/www.tx-lab.com\/en\/product\/novoflex-extension-para-pata-triopod-pro75-fibra-de-carbono-50cm-o39mm\/\" \/>\n<meta property=\"og:locale\" content=\"en_GB\" \/>\n<meta property=\"og:type\" content=\"article\" \/>\n<meta property=\"og:title\" content=\"\u1409 Novoflex - Extensi\u00f3n para pata Triopod Pro75 - Fibra de carbono 50cm, \u00d839mm | Tx-lab\" \/>\n<meta property=\"og:description\" content=\"\ud83e\udd47 Entra y descubre \u261d Novoflex - Extensi\u00f3n para pata Triopod Pro75 - Fibra de carbono 50cm, \u00d839mm. La mejor tecnolog\u00eda disponible en... comprar Novoflex - Extensi\u00f3n para pata Triopod Pro75 - Fibra de carbono 50cm, \u00d839mm al mejor precio \u2705 Novoflex - Extensi\u00f3n para pata Triopod Pro75 - Fibra de carbono 50cm, \u00d839mm recomendado para...\" \/>\n<meta property=\"og:url\" content=\"https:\/\/www.tx-lab.com\/en\/product\/novoflex-extension-para-pata-triopod-pro75-fibra-de-carbono-50cm-o39mm\/\" \/>\n<meta property=\"og:site_name\" content=\"Tx-lab\" \/>\n<meta property=\"article:modified_time\" content=\"2024-01-12T08:05:34+00:00\" \/>\n<meta property=\"og:image\" content=\"https:\/\/www.tx-lab.com\/wp-content\/uploads\/2024\/01\/imgHbyIkn.jpg\" \/>\n\t<meta property=\"og:image:width\" content=\"1024\" \/>\n\t<meta property=\"og:image:height\" content=\"768\" \/>\n\t<meta property=\"og:image:type\" content=\"image\/jpeg\" \/>\n<meta name=\"twitter:card\" content=\"summary_large_image\" \/>\n<script type=\"application\/ld+json\" class=\"yoast-schema-graph\">{\"@context\":\"https:\\\/\\\/schema.org\",\"@graph\":[{\"@type\":\"WebPage\",\"@id\":\"https:\\\/\\\/www.tx-lab.com\\\/producto\\\/novoflex-extension-para-pata-triopod-pro75-fibra-de-carbono-50cm-o39mm\\\/\",\"url\":\"https:\\\/\\\/www.tx-lab.com\\\/producto\\\/novoflex-extension-para-pata-triopod-pro75-fibra-de-carbono-50cm-o39mm\\\/\",\"name\":\"\u1409 Novoflex - Extensi\u00f3n para pata Triopod Pro75 - Fibra de carbono 50cm, \u00d839mm | Tx-lab\",\"isPartOf\":{\"@id\":\"https:\\\/\\\/www.tx-lab.com\\\/#website\"},\"primaryImageOfPage\":{\"@id\":\"https:\\\/\\\/www.tx-lab.com\\\/producto\\\/novoflex-extension-para-pata-triopod-pro75-fibra-de-carbono-50cm-o39mm\\\/#primaryimage\"},\"image\":{\"@id\":\"https:\\\/\\\/www.tx-lab.com\\\/producto\\\/novoflex-extension-para-pata-triopod-pro75-fibra-de-carbono-50cm-o39mm\\\/#primaryimage\"},\"thumbnailUrl\":\"https:\\\/\\\/www.tx-lab.com\\\/wp-content\\\/uploads\\\/2024\\\/01\\\/imgHbyIkn.jpg\",\"datePublished\":\"2024-01-11T11:17:04+00:00\",\"dateModified\":\"2024-01-12T08:05:34+00:00\",\"description\":\"\ud83e\udd47 Entra y descubre \u261d Novoflex - Extensi\u00f3n para pata Triopod Pro75 - Fibra de carbono 50cm, \u00d839mm. La mejor tecnolog\u00eda disponible en... comprar Novoflex - Extensi\u00f3n para pata Triopod Pro75 - Fibra de carbono 50cm, \u00d839mm al mejor precio \u2705 Novoflex - Extensi\u00f3n para pata Triopod Pro75 - Fibra de carbono 50cm, \u00d839mm recomendado para...\",\"breadcrumb\":{\"@id\":\"https:\\\/\\\/www.tx-lab.com\\\/producto\\\/novoflex-extension-para-pata-triopod-pro75-fibra-de-carbono-50cm-o39mm\\\/#breadcrumb\"},\"inLanguage\":\"en-GB\",\"potentialAction\":[{\"@type\":\"ReadAction\",\"target\":[\"https:\\\/\\\/www.tx-lab.com\\\/producto\\\/novoflex-extension-para-pata-triopod-pro75-fibra-de-carbono-50cm-o39mm\\\/\"]}]},{\"@type\":\"ImageObject\",\"inLanguage\":\"en-GB\",\"@id\":\"https:\\\/\\\/www.tx-lab.com\\\/producto\\\/novoflex-extension-para-pata-triopod-pro75-fibra-de-carbono-50cm-o39mm\\\/#primaryimage\",\"url\":\"https:\\\/\\\/www.tx-lab.com\\\/wp-content\\\/uploads\\\/2024\\\/01\\\/imgHbyIkn.jpg\",\"contentUrl\":\"https:\\\/\\\/www.tx-lab.com\\\/wp-content\\\/uploads\\\/2024\\\/01\\\/imgHbyIkn.jpg\",\"width\":1024,\"height\":768},{\"@type\":\"BreadcrumbList\",\"@id\":\"https:\\\/\\\/www.tx-lab.com\\\/producto\\\/novoflex-extension-para-pata-triopod-pro75-fibra-de-carbono-50cm-o39mm\\\/#breadcrumb\",\"itemListElement\":[{\"@type\":\"ListItem\",\"position\":1,\"name\":\"Portada\",\"item\":\"https:\\\/\\\/www.tx-lab.com\\\/\"},{\"@type\":\"ListItem\",\"position\":2,\"name\":\"Tienda\",\"item\":\"https:\\\/\\\/www.tx-lab.com\\\/tienda\\\/\"},{\"@type\":\"ListItem\",\"position\":3,\"name\":\"Novoflex &#8211; Extensi\u00f3n para pata Triopod Pro75 &#8211; Fibra de carbono 50cm, \u00d839mm\"}]},{\"@type\":\"WebSite\",\"@id\":\"https:\\\/\\\/www.tx-lab.com\\\/#website\",\"url\":\"https:\\\/\\\/www.tx-lab.com\\\/\",\"name\":\"Tx-lab\",\"description\":\"Productos y servicios para profesionales de la imagen\",\"publisher\":{\"@id\":\"https:\\\/\\\/www.tx-lab.com\\\/#organization\"},\"potentialAction\":[{\"@type\":\"SearchAction\",\"target\":{\"@type\":\"EntryPoint\",\"urlTemplate\":\"https:\\\/\\\/www.tx-lab.com\\\/?s={search_term_string}\"},\"query-input\":{\"@type\":\"PropertyValueSpecification\",\"valueRequired\":true,\"valueName\":\"search_term_string\"}}],\"inLanguage\":\"en-GB\"},{\"@type\":\"Organization\",\"@id\":\"https:\\\/\\\/www.tx-lab.com\\\/#organization\",\"name\":\"Tx-lab\",\"url\":\"https:\\\/\\\/www.tx-lab.com\\\/\",\"logo\":{\"@type\":\"ImageObject\",\"inLanguage\":\"en-GB\",\"@id\":\"https:\\\/\\\/www.tx-lab.com\\\/#\\\/schema\\\/logo\\\/image\\\/\",\"url\":\"https:\\\/\\\/www.tx-lab.com\\\/wp-content\\\/uploads\\\/2022\\\/09\\\/logo_tx-lab-white-web.png\",\"contentUrl\":\"https:\\\/\\\/www.tx-lab.com\\\/wp-content\\\/uploads\\\/2022\\\/09\\\/logo_tx-lab-white-web.png\",\"width\":520,\"height\":236,\"caption\":\"Tx-lab\"},\"image\":{\"@id\":\"https:\\\/\\\/www.tx-lab.com\\\/#\\\/schema\\\/logo\\\/image\\\/\"}}]}<\/script>\n<!-- \/ Yoast SEO plugin. -->","yoast_head_json":{"title":"\u1409 Novoflex - Extensi\u00f3n para pata Triopod Pro75 - Fibra de carbono 50cm, \u00d839mm | Tx-lab","description":"\ud83e\udd47 Entra y descubre \u261d Novoflex - Extensi\u00f3n para pata Triopod Pro75 - Fibra de carbono 50cm, \u00d839mm. La mejor tecnolog\u00eda disponible en... comprar Novoflex - Extensi\u00f3n para pata Triopod Pro75 - Fibra de carbono 50cm, \u00d839mm al mejor precio \u2705 Novoflex - Extensi\u00f3n para pata Triopod Pro75 - Fibra de carbono 50cm, \u00d839mm recomendado para...","robots":{"index":"index","follow":"follow","max-snippet":"max-snippet:-1","max-image-preview":"max-image-preview:large","max-video-preview":"max-video-preview:-1"},"canonical":"https:\/\/www.tx-lab.com\/en\/product\/novoflex-extension-para-pata-triopod-pro75-fibra-de-carbono-50cm-o39mm\/","og_locale":"en_GB","og_type":"article","og_title":"\u1409 Novoflex - Extensi\u00f3n para pata Triopod Pro75 - Fibra de carbono 50cm, \u00d839mm | Tx-lab","og_description":"\ud83e\udd47 Entra y descubre \u261d Novoflex - Extensi\u00f3n para pata Triopod Pro75 - Fibra de carbono 50cm, \u00d839mm. La mejor tecnolog\u00eda disponible en... comprar Novoflex - Extensi\u00f3n para pata Triopod Pro75 - Fibra de carbono 50cm, \u00d839mm al mejor precio \u2705 Novoflex - Extensi\u00f3n para pata Triopod Pro75 - Fibra de carbono 50cm, \u00d839mm recomendado para...","og_url":"https:\/\/www.tx-lab.com\/en\/product\/novoflex-extension-para-pata-triopod-pro75-fibra-de-carbono-50cm-o39mm\/","og_site_name":"Tx-lab","article_modified_time":"2024-01-12T08:05:34+00:00","og_image":[{"width":1024,"height":768,"url":"https:\/\/www.tx-lab.com\/wp-content\/uploads\/2024\/01\/imgHbyIkn.jpg","type":"image\/jpeg"}],"twitter_card":"summary_large_image","schema":{"@context":"https:\/\/schema.org","@graph":[{"@type":"WebPage","@id":"https:\/\/www.tx-lab.com\/producto\/novoflex-extension-para-pata-triopod-pro75-fibra-de-carbono-50cm-o39mm\/","url":"https:\/\/www.tx-lab.com\/producto\/novoflex-extension-para-pata-triopod-pro75-fibra-de-carbono-50cm-o39mm\/","name":"\u1409 Novoflex - Extensi\u00f3n para pata Triopod Pro75 - Fibra de carbono 50cm, \u00d839mm | Tx-lab","isPartOf":{"@id":"https:\/\/www.tx-lab.com\/#website"},"primaryImageOfPage":{"@id":"https:\/\/www.tx-lab.com\/producto\/novoflex-extension-para-pata-triopod-pro75-fibra-de-carbono-50cm-o39mm\/#primaryimage"},"image":{"@id":"https:\/\/www.tx-lab.com\/producto\/novoflex-extension-para-pata-triopod-pro75-fibra-de-carbono-50cm-o39mm\/#primaryimage"},"thumbnailUrl":"https:\/\/www.tx-lab.com\/wp-content\/uploads\/2024\/01\/imgHbyIkn.jpg","datePublished":"2024-01-11T11:17:04+00:00","dateModified":"2024-01-12T08:05:34+00:00","description":"\ud83e\udd47 Entra y descubre \u261d Novoflex - Extensi\u00f3n para pata Triopod Pro75 - Fibra de carbono 50cm, \u00d839mm. La mejor tecnolog\u00eda disponible en... comprar Novoflex - Extensi\u00f3n para pata Triopod Pro75 - Fibra de carbono 50cm, \u00d839mm al mejor precio \u2705 Novoflex - Extensi\u00f3n para pata Triopod Pro75 - Fibra de carbono 50cm, \u00d839mm recomendado para...","breadcrumb":{"@id":"https:\/\/www.tx-lab.com\/producto\/novoflex-extension-para-pata-triopod-pro75-fibra-de-carbono-50cm-o39mm\/#breadcrumb"},"inLanguage":"en-GB","potentialAction":[{"@type":"ReadAction","target":["https:\/\/www.tx-lab.com\/producto\/novoflex-extension-para-pata-triopod-pro75-fibra-de-carbono-50cm-o39mm\/"]}]},{"@type":"ImageObject","inLanguage":"en-GB","@id":"https:\/\/www.tx-lab.com\/producto\/novoflex-extension-para-pata-triopod-pro75-fibra-de-carbono-50cm-o39mm\/#primaryimage","url":"https:\/\/www.tx-lab.com\/wp-content\/uploads\/2024\/01\/imgHbyIkn.jpg","contentUrl":"https:\/\/www.tx-lab.com\/wp-content\/uploads\/2024\/01\/imgHbyIkn.jpg","width":1024,"height":768},{"@type":"BreadcrumbList","@id":"https:\/\/www.tx-lab.com\/producto\/novoflex-extension-para-pata-triopod-pro75-fibra-de-carbono-50cm-o39mm\/#breadcrumb","itemListElement":[{"@type":"ListItem","position":1,"name":"Portada","item":"https:\/\/www.tx-lab.com\/"},{"@type":"ListItem","position":2,"name":"Tienda","item":"https:\/\/www.tx-lab.com\/tienda\/"},{"@type":"ListItem","position":3,"name":"Novoflex &#8211; Extensi\u00f3n para pata Triopod Pro75 &#8211; Fibra de carbono 50cm, \u00d839mm"}]},{"@type":"WebSite","@id":"https:\/\/www.tx-lab.com\/#website","url":"https:\/\/www.tx-lab.com\/","name":"Tx-lab","description":"Products and services for image professionals","publisher":{"@id":"https:\/\/www.tx-lab.com\/#organization"},"potentialAction":[{"@type":"SearchAction","target":{"@type":"EntryPoint","urlTemplate":"https:\/\/www.tx-lab.com\/?s={search_term_string}"},"query-input":{"@type":"PropertyValueSpecification","valueRequired":true,"valueName":"search_term_string"}}],"inLanguage":"en-GB"},{"@type":"Organization","@id":"https:\/\/www.tx-lab.com\/#organization","name":"Tx-lab","url":"https:\/\/www.tx-lab.com\/","logo":{"@type":"ImageObject","inLanguage":"en-GB","@id":"https:\/\/www.tx-lab.com\/#\/schema\/logo\/image\/","url":"https:\/\/www.tx-lab.com\/wp-content\/uploads\/2022\/09\/logo_tx-lab-white-web.png","contentUrl":"https:\/\/www.tx-lab.com\/wp-content\/uploads\/2022\/09\/logo_tx-lab-white-web.png","width":520,"height":236,"caption":"Tx-lab"},"image":{"@id":"https:\/\/www.tx-lab.com\/#\/schema\/logo\/image\/"}}]}},"jetpack-related-posts":[],"jetpack_sharing_enabled":true,"_links":{"self":[{"href":"https:\/\/www.tx-lab.com\/en\/wp-json\/wp\/v2\/product\/20861","targetHints":{"allow":["GET"]}}],"collection":[{"href":"https:\/\/www.tx-lab.com\/en\/wp-json\/wp\/v2\/product"}],"about":[{"href":"https:\/\/www.tx-lab.com\/en\/wp-json\/wp\/v2\/types\/product"}],"replies":[{"embeddable":true,"href":"https:\/\/www.tx-lab.com\/en\/wp-json\/wp\/v2\/comments?post=20861"}],"wp:featuredmedia":[{"embeddable":true,"href":"https:\/\/www.tx-lab.com\/en\/wp-json\/wp\/v2\/media\/20860"}],"wp:attachment":[{"href":"https:\/\/www.tx-lab.com\/en\/wp-json\/wp\/v2\/media?parent=20861"}],"wp:term":[{"taxonomy":"product_brand","embeddable":true,"href":"https:\/\/www.tx-lab.com\/en\/wp-json\/wp\/v2\/product_brand?post=20861"},{"taxonomy":"product_cat","embeddable":true,"href":"https:\/\/www.tx-lab.com\/en\/wp-json\/wp\/v2\/product_cat?post=20861"},{"taxonomy":"product_tag","embeddable":true,"href":"https:\/\/www.tx-lab.com\/en\/wp-json\/wp\/v2\/product_tag?post=20861"}],"curies":[{"name":"wp","href":"https:\/\/api.w.org\/{rel}","templated":true}]}}