{"id":20322,"date":"2024-01-11T07:50:23","date_gmt":"2024-01-11T07:50:23","guid":{"rendered":"https:\/\/www.tx-lab.com\/?post_type=product&#038;p=20322"},"modified":"2024-07-22T21:54:21","modified_gmt":"2024-07-22T21:54:21","slug":"adjustable-table-base-for-magicstudio","status":"publish","type":"product","link":"https:\/\/www.tx-lab.com\/en\/product\/adjustable-table-base-for-magicstudio\/","title":{"rendered":"Adjustable Table Base for MagicStudio"},"content":{"rendered":"<p>The MagicStudio table makes comfortable work with the 3.3 \u00d7 1.64 foot plate possible. Using it with the \"Opak\" version of the plates, you can also use a light source from below, allowing you to illuminate your object from all directions. The attachment of the MagicStudio board can be brought in exactly the same flat position as the MagicStudio<\/p>\n<p>Size: 60 \u00d7 50 \u00d7 23 cm<\/p>\n<p>Weight: 1.5 kg<\/p>","protected":false},"excerpt":{"rendered":"<p>La mesa MagicStudio hace un trabajo c\u00f3modo con la placa de 3,3 \u00d7 1,64 pies posible. Us\u00e1ndolo con la versi\u00f3n \u00abOpak\u00bb de las&hellip;<\/p>","protected":false},"featured_media":20321,"comment_status":"open","ping_status":"closed","template":"","meta":[],"product_brand":[],"product_cat":[535],"product_tag":[1750],"class_list":{"0":"post-20322","1":"product","2":"type-product","3":"status-publish","4":"has-post-thumbnail","6":"product_cat-mesas-de-bodegon","7":"product_tag-magic-studio","9":"first","10":"instock","11":"taxable","12":"shipping-taxable","13":"purchasable","14":"product-type-simple"},"yoast_head":"<!-- This site is optimized with the Yoast SEO plugin v27.4 - https:\/\/yoast.com\/product\/yoast-seo-wordpress\/ -->\n<title>\u1409 Adjustable Table Base for MagicStudio | Tx-lab<\/title>\n<meta name=\"description\" content=\"\ud83e\udd47 Entra y descubre \u261d Adjustable Table Base for MagicStudio. La mejor tecnolog\u00eda disponible en... comprar Adjustable Table Base for MagicStudio al mejor precio \u2705 Adjustable Table Base for MagicStudio recomendado para...\" \/>\n<meta name=\"robots\" content=\"index, follow, max-snippet:-1, max-image-preview:large, max-video-preview:-1\" \/>\n<link rel=\"canonical\" href=\"https:\/\/www.tx-lab.com\/en\/product\/adjustable-table-base-for-magicstudio\/\" \/>\n<meta property=\"og:locale\" content=\"en_GB\" \/>\n<meta property=\"og:type\" content=\"article\" \/>\n<meta property=\"og:title\" content=\"\u1409 Adjustable Table Base for MagicStudio | Tx-lab\" \/>\n<meta property=\"og:description\" content=\"\ud83e\udd47 Entra y descubre \u261d Adjustable Table Base for MagicStudio. La mejor tecnolog\u00eda disponible en... comprar Adjustable Table Base for MagicStudio al mejor precio \u2705 Adjustable Table Base for MagicStudio recomendado para...\" \/>\n<meta property=\"og:url\" content=\"https:\/\/www.tx-lab.com\/en\/product\/adjustable-table-base-for-magicstudio\/\" \/>\n<meta property=\"og:site_name\" content=\"Tx-lab\" \/>\n<meta property=\"article:modified_time\" content=\"2024-07-22T21:54:21+00:00\" \/>\n<meta property=\"og:image\" content=\"https:\/\/www.tx-lab.com\/wp-content\/uploads\/2024\/01\/imglAp5iN.jpg\" \/>\n\t<meta property=\"og:image:width\" content=\"1024\" \/>\n\t<meta property=\"og:image:height\" content=\"768\" \/>\n\t<meta property=\"og:image:type\" content=\"image\/jpeg\" \/>\n<meta name=\"twitter:card\" content=\"summary_large_image\" \/>\n<script type=\"application\/ld+json\" class=\"yoast-schema-graph\">{\"@context\":\"https:\\\/\\\/schema.org\",\"@graph\":[{\"@type\":\"WebPage\",\"@id\":\"https:\\\/\\\/www.tx-lab.com\\\/producto\\\/adjustable-table-base-for-magicstudio\\\/\",\"url\":\"https:\\\/\\\/www.tx-lab.com\\\/producto\\\/adjustable-table-base-for-magicstudio\\\/\",\"name\":\"\u1409 Adjustable Table Base for MagicStudio | Tx-lab\",\"isPartOf\":{\"@id\":\"https:\\\/\\\/www.tx-lab.com\\\/#website\"},\"primaryImageOfPage\":{\"@id\":\"https:\\\/\\\/www.tx-lab.com\\\/producto\\\/adjustable-table-base-for-magicstudio\\\/#primaryimage\"},\"image\":{\"@id\":\"https:\\\/\\\/www.tx-lab.com\\\/producto\\\/adjustable-table-base-for-magicstudio\\\/#primaryimage\"},\"thumbnailUrl\":\"https:\\\/\\\/www.tx-lab.com\\\/wp-content\\\/uploads\\\/2024\\\/01\\\/imglAp5iN.jpg\",\"datePublished\":\"2024-01-11T07:50:23+00:00\",\"dateModified\":\"2024-07-22T21:54:21+00:00\",\"description\":\"\ud83e\udd47 Entra y descubre \u261d Adjustable Table Base for MagicStudio. La mejor tecnolog\u00eda disponible en... comprar Adjustable Table Base for MagicStudio al mejor precio \u2705 Adjustable Table Base for MagicStudio recomendado para...\",\"breadcrumb\":{\"@id\":\"https:\\\/\\\/www.tx-lab.com\\\/producto\\\/adjustable-table-base-for-magicstudio\\\/#breadcrumb\"},\"inLanguage\":\"en-GB\",\"potentialAction\":[{\"@type\":\"ReadAction\",\"target\":[\"https:\\\/\\\/www.tx-lab.com\\\/producto\\\/adjustable-table-base-for-magicstudio\\\/\"]}]},{\"@type\":\"ImageObject\",\"inLanguage\":\"en-GB\",\"@id\":\"https:\\\/\\\/www.tx-lab.com\\\/producto\\\/adjustable-table-base-for-magicstudio\\\/#primaryimage\",\"url\":\"https:\\\/\\\/www.tx-lab.com\\\/wp-content\\\/uploads\\\/2024\\\/01\\\/imglAp5iN.jpg\",\"contentUrl\":\"https:\\\/\\\/www.tx-lab.com\\\/wp-content\\\/uploads\\\/2024\\\/01\\\/imglAp5iN.jpg\",\"width\":1024,\"height\":768},{\"@type\":\"BreadcrumbList\",\"@id\":\"https:\\\/\\\/www.tx-lab.com\\\/producto\\\/adjustable-table-base-for-magicstudio\\\/#breadcrumb\",\"itemListElement\":[{\"@type\":\"ListItem\",\"position\":1,\"name\":\"Portada\",\"item\":\"https:\\\/\\\/www.tx-lab.com\\\/\"},{\"@type\":\"ListItem\",\"position\":2,\"name\":\"Tienda\",\"item\":\"https:\\\/\\\/www.tx-lab.com\\\/tienda\\\/\"},{\"@type\":\"ListItem\",\"position\":3,\"name\":\"Adjustable Table Base for MagicStudio\"}]},{\"@type\":\"WebSite\",\"@id\":\"https:\\\/\\\/www.tx-lab.com\\\/#website\",\"url\":\"https:\\\/\\\/www.tx-lab.com\\\/\",\"name\":\"Tx-lab\",\"description\":\"Productos y servicios para profesionales de la imagen\",\"publisher\":{\"@id\":\"https:\\\/\\\/www.tx-lab.com\\\/#organization\"},\"potentialAction\":[{\"@type\":\"SearchAction\",\"target\":{\"@type\":\"EntryPoint\",\"urlTemplate\":\"https:\\\/\\\/www.tx-lab.com\\\/?s={search_term_string}\"},\"query-input\":{\"@type\":\"PropertyValueSpecification\",\"valueRequired\":true,\"valueName\":\"search_term_string\"}}],\"inLanguage\":\"en-GB\"},{\"@type\":\"Organization\",\"@id\":\"https:\\\/\\\/www.tx-lab.com\\\/#organization\",\"name\":\"Tx-lab\",\"url\":\"https:\\\/\\\/www.tx-lab.com\\\/\",\"logo\":{\"@type\":\"ImageObject\",\"inLanguage\":\"en-GB\",\"@id\":\"https:\\\/\\\/www.tx-lab.com\\\/#\\\/schema\\\/logo\\\/image\\\/\",\"url\":\"https:\\\/\\\/www.tx-lab.com\\\/wp-content\\\/uploads\\\/2022\\\/09\\\/logo_tx-lab-white-web.png\",\"contentUrl\":\"https:\\\/\\\/www.tx-lab.com\\\/wp-content\\\/uploads\\\/2022\\\/09\\\/logo_tx-lab-white-web.png\",\"width\":520,\"height\":236,\"caption\":\"Tx-lab\"},\"image\":{\"@id\":\"https:\\\/\\\/www.tx-lab.com\\\/#\\\/schema\\\/logo\\\/image\\\/\"}}]}<\/script>\n<!-- \/ Yoast SEO plugin. -->","yoast_head_json":{"title":"\u1409 Adjustable Table Base for MagicStudio | Tx-lab","description":"\ud83e\udd47 Entra y descubre \u261d Adjustable Table Base for MagicStudio. La mejor tecnolog\u00eda disponible en... comprar Adjustable Table Base for MagicStudio al mejor precio \u2705 Adjustable Table Base for MagicStudio recomendado para...","robots":{"index":"index","follow":"follow","max-snippet":"max-snippet:-1","max-image-preview":"max-image-preview:large","max-video-preview":"max-video-preview:-1"},"canonical":"https:\/\/www.tx-lab.com\/en\/product\/adjustable-table-base-for-magicstudio\/","og_locale":"en_GB","og_type":"article","og_title":"\u1409 Adjustable Table Base for MagicStudio | Tx-lab","og_description":"\ud83e\udd47 Entra y descubre \u261d Adjustable Table Base for MagicStudio. La mejor tecnolog\u00eda disponible en... comprar Adjustable Table Base for MagicStudio al mejor precio \u2705 Adjustable Table Base for MagicStudio recomendado para...","og_url":"https:\/\/www.tx-lab.com\/en\/product\/adjustable-table-base-for-magicstudio\/","og_site_name":"Tx-lab","article_modified_time":"2024-07-22T21:54:21+00:00","og_image":[{"width":1024,"height":768,"url":"https:\/\/www.tx-lab.com\/wp-content\/uploads\/2024\/01\/imglAp5iN.jpg","type":"image\/jpeg"}],"twitter_card":"summary_large_image","schema":{"@context":"https:\/\/schema.org","@graph":[{"@type":"WebPage","@id":"https:\/\/www.tx-lab.com\/producto\/adjustable-table-base-for-magicstudio\/","url":"https:\/\/www.tx-lab.com\/producto\/adjustable-table-base-for-magicstudio\/","name":"\u1409 Adjustable Table Base for MagicStudio | Tx-lab","isPartOf":{"@id":"https:\/\/www.tx-lab.com\/#website"},"primaryImageOfPage":{"@id":"https:\/\/www.tx-lab.com\/producto\/adjustable-table-base-for-magicstudio\/#primaryimage"},"image":{"@id":"https:\/\/www.tx-lab.com\/producto\/adjustable-table-base-for-magicstudio\/#primaryimage"},"thumbnailUrl":"https:\/\/www.tx-lab.com\/wp-content\/uploads\/2024\/01\/imglAp5iN.jpg","datePublished":"2024-01-11T07:50:23+00:00","dateModified":"2024-07-22T21:54:21+00:00","description":"\ud83e\udd47 Entra y descubre \u261d Adjustable Table Base for MagicStudio. La mejor tecnolog\u00eda disponible en... comprar Adjustable Table Base for MagicStudio al mejor precio \u2705 Adjustable Table Base for MagicStudio recomendado para...","breadcrumb":{"@id":"https:\/\/www.tx-lab.com\/producto\/adjustable-table-base-for-magicstudio\/#breadcrumb"},"inLanguage":"en-GB","potentialAction":[{"@type":"ReadAction","target":["https:\/\/www.tx-lab.com\/producto\/adjustable-table-base-for-magicstudio\/"]}]},{"@type":"ImageObject","inLanguage":"en-GB","@id":"https:\/\/www.tx-lab.com\/producto\/adjustable-table-base-for-magicstudio\/#primaryimage","url":"https:\/\/www.tx-lab.com\/wp-content\/uploads\/2024\/01\/imglAp5iN.jpg","contentUrl":"https:\/\/www.tx-lab.com\/wp-content\/uploads\/2024\/01\/imglAp5iN.jpg","width":1024,"height":768},{"@type":"BreadcrumbList","@id":"https:\/\/www.tx-lab.com\/producto\/adjustable-table-base-for-magicstudio\/#breadcrumb","itemListElement":[{"@type":"ListItem","position":1,"name":"Portada","item":"https:\/\/www.tx-lab.com\/"},{"@type":"ListItem","position":2,"name":"Tienda","item":"https:\/\/www.tx-lab.com\/tienda\/"},{"@type":"ListItem","position":3,"name":"Adjustable Table Base for MagicStudio"}]},{"@type":"WebSite","@id":"https:\/\/www.tx-lab.com\/#website","url":"https:\/\/www.tx-lab.com\/","name":"Tx-lab","description":"Products and services for image professionals","publisher":{"@id":"https:\/\/www.tx-lab.com\/#organization"},"potentialAction":[{"@type":"SearchAction","target":{"@type":"EntryPoint","urlTemplate":"https:\/\/www.tx-lab.com\/?s={search_term_string}"},"query-input":{"@type":"PropertyValueSpecification","valueRequired":true,"valueName":"search_term_string"}}],"inLanguage":"en-GB"},{"@type":"Organization","@id":"https:\/\/www.tx-lab.com\/#organization","name":"Tx-lab","url":"https:\/\/www.tx-lab.com\/","logo":{"@type":"ImageObject","inLanguage":"en-GB","@id":"https:\/\/www.tx-lab.com\/#\/schema\/logo\/image\/","url":"https:\/\/www.tx-lab.com\/wp-content\/uploads\/2022\/09\/logo_tx-lab-white-web.png","contentUrl":"https:\/\/www.tx-lab.com\/wp-content\/uploads\/2022\/09\/logo_tx-lab-white-web.png","width":520,"height":236,"caption":"Tx-lab"},"image":{"@id":"https:\/\/www.tx-lab.com\/#\/schema\/logo\/image\/"}}]}},"jetpack-related-posts":[],"jetpack_sharing_enabled":true,"_links":{"self":[{"href":"https:\/\/www.tx-lab.com\/en\/wp-json\/wp\/v2\/product\/20322","targetHints":{"allow":["GET"]}}],"collection":[{"href":"https:\/\/www.tx-lab.com\/en\/wp-json\/wp\/v2\/product"}],"about":[{"href":"https:\/\/www.tx-lab.com\/en\/wp-json\/wp\/v2\/types\/product"}],"replies":[{"embeddable":true,"href":"https:\/\/www.tx-lab.com\/en\/wp-json\/wp\/v2\/comments?post=20322"}],"wp:featuredmedia":[{"embeddable":true,"href":"https:\/\/www.tx-lab.com\/en\/wp-json\/wp\/v2\/media\/20321"}],"wp:attachment":[{"href":"https:\/\/www.tx-lab.com\/en\/wp-json\/wp\/v2\/media?parent=20322"}],"wp:term":[{"taxonomy":"product_brand","embeddable":true,"href":"https:\/\/www.tx-lab.com\/en\/wp-json\/wp\/v2\/product_brand?post=20322"},{"taxonomy":"product_cat","embeddable":true,"href":"https:\/\/www.tx-lab.com\/en\/wp-json\/wp\/v2\/product_cat?post=20322"},{"taxonomy":"product_tag","embeddable":true,"href":"https:\/\/www.tx-lab.com\/en\/wp-json\/wp\/v2\/product_tag?post=20322"}],"curies":[{"name":"wp","href":"https:\/\/api.w.org\/{rel}","templated":true}]}}