{"id":20296,"date":"2024-01-10T17:28:53","date_gmt":"2024-01-10T17:28:53","guid":{"rendered":"https:\/\/www.tx-lab.com\/?post_type=product&#038;p=20296"},"modified":"2024-05-31T11:43:22","modified_gmt":"2024-05-31T11:43:22","slug":"magicstudio-opaque-plate-60x30cm","status":"publish","type":"product","link":"https:\/\/www.tx-lab.com\/en\/product\/magicstudio-opaque-plate-60x30cm\/","title":{"rendered":"MagicStudio Opaque Plate 60x30cm"},"content":{"rendered":"<p>Opaque light plate, made of high quality, flexible, specially coated material<\/p>\n<p>- Delivered with cables for individual adjustment of the plate deflection<\/p>\n<p>- low-reflection surface for drawing soft background shadows<\/p>\n<p>Peso: 250 g<\/p>\n<p>Tama\u00f1o total: 30&#215;60 cm (24 x 12 \u00ab)<\/p>\n<p>\u00c1rea utilizable m\u00e1xima 22 \u00d7 22 cm (8.6 x 8.6 \u00ab)<\/p>\n<p>Accesorios ideales: MS-Arm<\/p>","protected":false},"excerpt":{"rendered":"<p>Placa de luz opaca, hecha de material con recubrimiento especial flexible y de alta calidad &#8211; Entrega con cables para el ajuste individual&hellip;<\/p>","protected":false},"featured_media":20295,"comment_status":"open","ping_status":"closed","template":"","meta":[],"product_brand":[],"product_cat":[535],"product_tag":[1750],"class_list":{"0":"post-20296","1":"product","2":"type-product","3":"status-publish","4":"has-post-thumbnail","6":"product_cat-mesas-de-bodegon","7":"product_tag-magic-studio","9":"first","10":"onbackorder","11":"taxable","12":"shipping-taxable","13":"purchasable","14":"product-type-simple"},"yoast_head":"<!-- This site is optimized with the Yoast SEO plugin v27.4 - https:\/\/yoast.com\/product\/yoast-seo-wordpress\/ -->\n<title>\u1409 MagicStudio Opaque Plate 60x30cm | Tx-lab<\/title>\n<meta name=\"description\" content=\"\ud83e\udd47 Entra y descubre \u261d MagicStudio Opaque Plate 60x30cm. La mejor tecnolog\u00eda disponible en... comprar MagicStudio Opaque Plate 60x30cm al mejor precio \u2705 MagicStudio Opaque Plate 60x30cm recomendado para...\" \/>\n<meta name=\"robots\" content=\"index, follow, max-snippet:-1, max-image-preview:large, max-video-preview:-1\" \/>\n<link rel=\"canonical\" href=\"https:\/\/www.tx-lab.com\/en\/product\/magicstudio-opaque-plate-60x30cm\/\" \/>\n<meta property=\"og:locale\" content=\"en_GB\" \/>\n<meta property=\"og:type\" content=\"article\" \/>\n<meta property=\"og:title\" content=\"\u1409 MagicStudio Opaque Plate 60x30cm | Tx-lab\" \/>\n<meta property=\"og:description\" content=\"\ud83e\udd47 Entra y descubre \u261d MagicStudio Opaque Plate 60x30cm. La mejor tecnolog\u00eda disponible en... comprar MagicStudio Opaque Plate 60x30cm al mejor precio \u2705 MagicStudio Opaque Plate 60x30cm recomendado para...\" \/>\n<meta property=\"og:url\" content=\"https:\/\/www.tx-lab.com\/en\/product\/magicstudio-opaque-plate-60x30cm\/\" \/>\n<meta property=\"og:site_name\" content=\"Tx-lab\" \/>\n<meta property=\"article:modified_time\" content=\"2024-05-31T11:43:22+00:00\" \/>\n<meta property=\"og:image\" content=\"https:\/\/www.tx-lab.com\/wp-content\/uploads\/2024\/01\/img3Az0Ll.jpeg\" \/>\n\t<meta property=\"og:image:width\" content=\"1024\" \/>\n\t<meta property=\"og:image:height\" content=\"768\" \/>\n\t<meta property=\"og:image:type\" content=\"image\/jpeg\" \/>\n<meta name=\"twitter:card\" content=\"summary_large_image\" \/>\n<script type=\"application\/ld+json\" class=\"yoast-schema-graph\">{\"@context\":\"https:\\\/\\\/schema.org\",\"@graph\":[{\"@type\":\"WebPage\",\"@id\":\"https:\\\/\\\/www.tx-lab.com\\\/producto\\\/magicstudio-opaque-plate-60x30cm\\\/\",\"url\":\"https:\\\/\\\/www.tx-lab.com\\\/producto\\\/magicstudio-opaque-plate-60x30cm\\\/\",\"name\":\"\u1409 MagicStudio Opaque Plate 60x30cm | Tx-lab\",\"isPartOf\":{\"@id\":\"https:\\\/\\\/www.tx-lab.com\\\/#website\"},\"primaryImageOfPage\":{\"@id\":\"https:\\\/\\\/www.tx-lab.com\\\/producto\\\/magicstudio-opaque-plate-60x30cm\\\/#primaryimage\"},\"image\":{\"@id\":\"https:\\\/\\\/www.tx-lab.com\\\/producto\\\/magicstudio-opaque-plate-60x30cm\\\/#primaryimage\"},\"thumbnailUrl\":\"https:\\\/\\\/www.tx-lab.com\\\/wp-content\\\/uploads\\\/2024\\\/01\\\/img3Az0Ll.jpeg\",\"datePublished\":\"2024-01-10T17:28:53+00:00\",\"dateModified\":\"2024-05-31T11:43:22+00:00\",\"description\":\"\ud83e\udd47 Entra y descubre \u261d MagicStudio Opaque Plate 60x30cm. La mejor tecnolog\u00eda disponible en... comprar MagicStudio Opaque Plate 60x30cm al mejor precio \u2705 MagicStudio Opaque Plate 60x30cm recomendado para...\",\"breadcrumb\":{\"@id\":\"https:\\\/\\\/www.tx-lab.com\\\/producto\\\/magicstudio-opaque-plate-60x30cm\\\/#breadcrumb\"},\"inLanguage\":\"en-GB\",\"potentialAction\":[{\"@type\":\"ReadAction\",\"target\":[\"https:\\\/\\\/www.tx-lab.com\\\/producto\\\/magicstudio-opaque-plate-60x30cm\\\/\"]}]},{\"@type\":\"ImageObject\",\"inLanguage\":\"en-GB\",\"@id\":\"https:\\\/\\\/www.tx-lab.com\\\/producto\\\/magicstudio-opaque-plate-60x30cm\\\/#primaryimage\",\"url\":\"https:\\\/\\\/www.tx-lab.com\\\/wp-content\\\/uploads\\\/2024\\\/01\\\/img3Az0Ll.jpeg\",\"contentUrl\":\"https:\\\/\\\/www.tx-lab.com\\\/wp-content\\\/uploads\\\/2024\\\/01\\\/img3Az0Ll.jpeg\",\"width\":1024,\"height\":768},{\"@type\":\"BreadcrumbList\",\"@id\":\"https:\\\/\\\/www.tx-lab.com\\\/producto\\\/magicstudio-opaque-plate-60x30cm\\\/#breadcrumb\",\"itemListElement\":[{\"@type\":\"ListItem\",\"position\":1,\"name\":\"Portada\",\"item\":\"https:\\\/\\\/www.tx-lab.com\\\/\"},{\"@type\":\"ListItem\",\"position\":2,\"name\":\"Tienda\",\"item\":\"https:\\\/\\\/www.tx-lab.com\\\/tienda\\\/\"},{\"@type\":\"ListItem\",\"position\":3,\"name\":\"MagicStudio Opaque Plate 60x30cm\"}]},{\"@type\":\"WebSite\",\"@id\":\"https:\\\/\\\/www.tx-lab.com\\\/#website\",\"url\":\"https:\\\/\\\/www.tx-lab.com\\\/\",\"name\":\"Tx-lab\",\"description\":\"Productos y servicios para profesionales de la imagen\",\"publisher\":{\"@id\":\"https:\\\/\\\/www.tx-lab.com\\\/#organization\"},\"potentialAction\":[{\"@type\":\"SearchAction\",\"target\":{\"@type\":\"EntryPoint\",\"urlTemplate\":\"https:\\\/\\\/www.tx-lab.com\\\/?s={search_term_string}\"},\"query-input\":{\"@type\":\"PropertyValueSpecification\",\"valueRequired\":true,\"valueName\":\"search_term_string\"}}],\"inLanguage\":\"en-GB\"},{\"@type\":\"Organization\",\"@id\":\"https:\\\/\\\/www.tx-lab.com\\\/#organization\",\"name\":\"Tx-lab\",\"url\":\"https:\\\/\\\/www.tx-lab.com\\\/\",\"logo\":{\"@type\":\"ImageObject\",\"inLanguage\":\"en-GB\",\"@id\":\"https:\\\/\\\/www.tx-lab.com\\\/#\\\/schema\\\/logo\\\/image\\\/\",\"url\":\"https:\\\/\\\/www.tx-lab.com\\\/wp-content\\\/uploads\\\/2022\\\/09\\\/logo_tx-lab-white-web.png\",\"contentUrl\":\"https:\\\/\\\/www.tx-lab.com\\\/wp-content\\\/uploads\\\/2022\\\/09\\\/logo_tx-lab-white-web.png\",\"width\":520,\"height\":236,\"caption\":\"Tx-lab\"},\"image\":{\"@id\":\"https:\\\/\\\/www.tx-lab.com\\\/#\\\/schema\\\/logo\\\/image\\\/\"}}]}<\/script>\n<!-- \/ Yoast SEO plugin. -->","yoast_head_json":{"title":"\u1409 MagicStudio Opaque Plate 60x30cm | Tx-lab","description":"\ud83e\udd47 Entra y descubre \u261d MagicStudio Opaque Plate 60x30cm. La mejor tecnolog\u00eda disponible en... comprar MagicStudio Opaque Plate 60x30cm al mejor precio \u2705 MagicStudio Opaque Plate 60x30cm recomendado para...","robots":{"index":"index","follow":"follow","max-snippet":"max-snippet:-1","max-image-preview":"max-image-preview:large","max-video-preview":"max-video-preview:-1"},"canonical":"https:\/\/www.tx-lab.com\/en\/product\/magicstudio-opaque-plate-60x30cm\/","og_locale":"en_GB","og_type":"article","og_title":"\u1409 MagicStudio Opaque Plate 60x30cm | Tx-lab","og_description":"\ud83e\udd47 Entra y descubre \u261d MagicStudio Opaque Plate 60x30cm. La mejor tecnolog\u00eda disponible en... comprar MagicStudio Opaque Plate 60x30cm al mejor precio \u2705 MagicStudio Opaque Plate 60x30cm recomendado para...","og_url":"https:\/\/www.tx-lab.com\/en\/product\/magicstudio-opaque-plate-60x30cm\/","og_site_name":"Tx-lab","article_modified_time":"2024-05-31T11:43:22+00:00","og_image":[{"width":1024,"height":768,"url":"https:\/\/www.tx-lab.com\/wp-content\/uploads\/2024\/01\/img3Az0Ll.jpeg","type":"image\/jpeg"}],"twitter_card":"summary_large_image","schema":{"@context":"https:\/\/schema.org","@graph":[{"@type":"WebPage","@id":"https:\/\/www.tx-lab.com\/producto\/magicstudio-opaque-plate-60x30cm\/","url":"https:\/\/www.tx-lab.com\/producto\/magicstudio-opaque-plate-60x30cm\/","name":"\u1409 MagicStudio Opaque Plate 60x30cm | Tx-lab","isPartOf":{"@id":"https:\/\/www.tx-lab.com\/#website"},"primaryImageOfPage":{"@id":"https:\/\/www.tx-lab.com\/producto\/magicstudio-opaque-plate-60x30cm\/#primaryimage"},"image":{"@id":"https:\/\/www.tx-lab.com\/producto\/magicstudio-opaque-plate-60x30cm\/#primaryimage"},"thumbnailUrl":"https:\/\/www.tx-lab.com\/wp-content\/uploads\/2024\/01\/img3Az0Ll.jpeg","datePublished":"2024-01-10T17:28:53+00:00","dateModified":"2024-05-31T11:43:22+00:00","description":"\ud83e\udd47 Entra y descubre \u261d MagicStudio Opaque Plate 60x30cm. La mejor tecnolog\u00eda disponible en... comprar MagicStudio Opaque Plate 60x30cm al mejor precio \u2705 MagicStudio Opaque Plate 60x30cm recomendado para...","breadcrumb":{"@id":"https:\/\/www.tx-lab.com\/producto\/magicstudio-opaque-plate-60x30cm\/#breadcrumb"},"inLanguage":"en-GB","potentialAction":[{"@type":"ReadAction","target":["https:\/\/www.tx-lab.com\/producto\/magicstudio-opaque-plate-60x30cm\/"]}]},{"@type":"ImageObject","inLanguage":"en-GB","@id":"https:\/\/www.tx-lab.com\/producto\/magicstudio-opaque-plate-60x30cm\/#primaryimage","url":"https:\/\/www.tx-lab.com\/wp-content\/uploads\/2024\/01\/img3Az0Ll.jpeg","contentUrl":"https:\/\/www.tx-lab.com\/wp-content\/uploads\/2024\/01\/img3Az0Ll.jpeg","width":1024,"height":768},{"@type":"BreadcrumbList","@id":"https:\/\/www.tx-lab.com\/producto\/magicstudio-opaque-plate-60x30cm\/#breadcrumb","itemListElement":[{"@type":"ListItem","position":1,"name":"Portada","item":"https:\/\/www.tx-lab.com\/"},{"@type":"ListItem","position":2,"name":"Tienda","item":"https:\/\/www.tx-lab.com\/tienda\/"},{"@type":"ListItem","position":3,"name":"MagicStudio Opaque Plate 60x30cm"}]},{"@type":"WebSite","@id":"https:\/\/www.tx-lab.com\/#website","url":"https:\/\/www.tx-lab.com\/","name":"Tx-lab","description":"Products and services for image professionals","publisher":{"@id":"https:\/\/www.tx-lab.com\/#organization"},"potentialAction":[{"@type":"SearchAction","target":{"@type":"EntryPoint","urlTemplate":"https:\/\/www.tx-lab.com\/?s={search_term_string}"},"query-input":{"@type":"PropertyValueSpecification","valueRequired":true,"valueName":"search_term_string"}}],"inLanguage":"en-GB"},{"@type":"Organization","@id":"https:\/\/www.tx-lab.com\/#organization","name":"Tx-lab","url":"https:\/\/www.tx-lab.com\/","logo":{"@type":"ImageObject","inLanguage":"en-GB","@id":"https:\/\/www.tx-lab.com\/#\/schema\/logo\/image\/","url":"https:\/\/www.tx-lab.com\/wp-content\/uploads\/2022\/09\/logo_tx-lab-white-web.png","contentUrl":"https:\/\/www.tx-lab.com\/wp-content\/uploads\/2022\/09\/logo_tx-lab-white-web.png","width":520,"height":236,"caption":"Tx-lab"},"image":{"@id":"https:\/\/www.tx-lab.com\/#\/schema\/logo\/image\/"}}]}},"jetpack-related-posts":[],"jetpack_sharing_enabled":true,"_links":{"self":[{"href":"https:\/\/www.tx-lab.com\/en\/wp-json\/wp\/v2\/product\/20296","targetHints":{"allow":["GET"]}}],"collection":[{"href":"https:\/\/www.tx-lab.com\/en\/wp-json\/wp\/v2\/product"}],"about":[{"href":"https:\/\/www.tx-lab.com\/en\/wp-json\/wp\/v2\/types\/product"}],"replies":[{"embeddable":true,"href":"https:\/\/www.tx-lab.com\/en\/wp-json\/wp\/v2\/comments?post=20296"}],"wp:featuredmedia":[{"embeddable":true,"href":"https:\/\/www.tx-lab.com\/en\/wp-json\/wp\/v2\/media\/20295"}],"wp:attachment":[{"href":"https:\/\/www.tx-lab.com\/en\/wp-json\/wp\/v2\/media?parent=20296"}],"wp:term":[{"taxonomy":"product_brand","embeddable":true,"href":"https:\/\/www.tx-lab.com\/en\/wp-json\/wp\/v2\/product_brand?post=20296"},{"taxonomy":"product_cat","embeddable":true,"href":"https:\/\/www.tx-lab.com\/en\/wp-json\/wp\/v2\/product_cat?post=20296"},{"taxonomy":"product_tag","embeddable":true,"href":"https:\/\/www.tx-lab.com\/en\/wp-json\/wp\/v2\/product_tag?post=20296"}],"curies":[{"name":"wp","href":"https:\/\/api.w.org\/{rel}","templated":true}]}}