{"id":20166,"date":"2024-01-10T16:46:05","date_gmt":"2024-01-10T16:46:05","guid":{"rendered":"https:\/\/www.tx-lab.com\/?post_type=product&#038;p=20166"},"modified":"2024-01-12T08:07:16","modified_gmt":"2024-01-12T08:07:16","slug":"quadropod-basis-variable","status":"publish","type":"product","link":"https:\/\/www.tx-lab.com\/en\/product\/quadropod-basis-variable\/","title":{"rendered":"QuadroPod Basis Variable"},"content":{"rendered":"<p>La Versi\u00f3n de la variable Quadropod (QP V) ofrece la posibilidad de usar el Quadropod como un tr\u00edpode cl\u00e1sico de 3 piernas, as\u00ed como con la t\u00e9cnica moderna de 4 leges.<\/p>\n<p>Technical specifications:<\/p>\n<p>Conexi\u00f3n roscada giratoria superior: 3\/8 \u00bb<\/p>\n<p>Conexi\u00f3n de accesorios laterales: 3x 1\/4 \u00bb<\/p>\n<p>Peso: 1080g (2.38 lbs)<\/p>\n<p>Conexiones de piernas en trinquete<\/p>\n<p>Entrega sin patas de tr\u00edpode!<\/p>\n<p>Las patas del tr\u00edpode se pueden encontrar aqu\u00ed<\/p>\n<p>Please note that some of the accessories shown in our application examples are for illustration purposes only. Cameras, lenses, etc. are not included in the scope of delivery.<\/p>","protected":false},"excerpt":{"rendered":"<p>La Versi\u00f3n de la variable Quadropod (QP V) ofrece la posibilidad de usar el Quadropod como un tr\u00edpode cl\u00e1sico de 3 piernas, as\u00ed&hellip;<\/p>","protected":false},"featured_media":20165,"comment_status":"open","ping_status":"closed","template":"","meta":[],"product_brand":[],"product_cat":[1317],"product_tag":[1740,1426,1429],"class_list":{"0":"post-20166","1":"product","2":"type-product","3":"status-publish","4":"has-post-thumbnail","6":"product_cat-tripodes","7":"product_tag-bases","8":"product_tag-novoflex","9":"product_tag-tripodes","10":"product_shipping_class-novofles-ups","12":"first","13":"onbackorder","14":"taxable","15":"shipping-taxable","16":"purchasable","17":"product-type-simple"},"yoast_head":"<!-- This site is optimized with the Yoast SEO plugin v27.4 - https:\/\/yoast.com\/product\/yoast-seo-wordpress\/ -->\n<title>\u1409 QuadroPod Basis Variable | Tx-lab<\/title>\n<meta name=\"description\" content=\"\ud83e\udd47 Entra y descubre \u261d QuadroPod Basis Variable. La mejor tecnolog\u00eda disponible en... comprar QuadroPod Basis Variable al mejor precio \u2705 QuadroPod Basis Variable recomendado para...\" \/>\n<meta name=\"robots\" content=\"index, follow, max-snippet:-1, max-image-preview:large, max-video-preview:-1\" \/>\n<link rel=\"canonical\" href=\"https:\/\/www.tx-lab.com\/en\/product\/quadropod-basis-variable\/\" \/>\n<meta property=\"og:locale\" content=\"en_GB\" \/>\n<meta property=\"og:type\" content=\"article\" \/>\n<meta property=\"og:title\" content=\"\u1409 QuadroPod Basis Variable | Tx-lab\" \/>\n<meta property=\"og:description\" content=\"\ud83e\udd47 Entra y descubre \u261d QuadroPod Basis Variable. La mejor tecnolog\u00eda disponible en... comprar QuadroPod Basis Variable al mejor precio \u2705 QuadroPod Basis Variable recomendado para...\" \/>\n<meta property=\"og:url\" content=\"https:\/\/www.tx-lab.com\/en\/product\/quadropod-basis-variable\/\" \/>\n<meta property=\"og:site_name\" content=\"Tx-lab\" \/>\n<meta property=\"article:modified_time\" content=\"2024-01-12T08:07:16+00:00\" \/>\n<meta property=\"og:image\" content=\"https:\/\/www.tx-lab.com\/wp-content\/uploads\/2024\/01\/imgRezYv5.jpg\" \/>\n\t<meta property=\"og:image:width\" content=\"1200\" \/>\n\t<meta property=\"og:image:height\" content=\"1200\" \/>\n\t<meta property=\"og:image:type\" content=\"image\/jpeg\" \/>\n<meta name=\"twitter:card\" content=\"summary_large_image\" \/>\n<meta name=\"twitter:label1\" content=\"Estimated reading time\" \/>\n\t<meta name=\"twitter:data1\" content=\"1 minute\" \/>\n<script type=\"application\/ld+json\" class=\"yoast-schema-graph\">{\"@context\":\"https:\\\/\\\/schema.org\",\"@graph\":[{\"@type\":\"WebPage\",\"@id\":\"https:\\\/\\\/www.tx-lab.com\\\/producto\\\/quadropod-basis-variable\\\/\",\"url\":\"https:\\\/\\\/www.tx-lab.com\\\/producto\\\/quadropod-basis-variable\\\/\",\"name\":\"\u1409 QuadroPod Basis Variable | Tx-lab\",\"isPartOf\":{\"@id\":\"https:\\\/\\\/www.tx-lab.com\\\/#website\"},\"primaryImageOfPage\":{\"@id\":\"https:\\\/\\\/www.tx-lab.com\\\/producto\\\/quadropod-basis-variable\\\/#primaryimage\"},\"image\":{\"@id\":\"https:\\\/\\\/www.tx-lab.com\\\/producto\\\/quadropod-basis-variable\\\/#primaryimage\"},\"thumbnailUrl\":\"https:\\\/\\\/www.tx-lab.com\\\/wp-content\\\/uploads\\\/2024\\\/01\\\/imgRezYv5.jpg\",\"datePublished\":\"2024-01-10T16:46:05+00:00\",\"dateModified\":\"2024-01-12T08:07:16+00:00\",\"description\":\"\ud83e\udd47 Entra y descubre \u261d QuadroPod Basis Variable. La mejor tecnolog\u00eda disponible en... comprar QuadroPod Basis Variable al mejor precio \u2705 QuadroPod Basis Variable recomendado para...\",\"breadcrumb\":{\"@id\":\"https:\\\/\\\/www.tx-lab.com\\\/producto\\\/quadropod-basis-variable\\\/#breadcrumb\"},\"inLanguage\":\"en-GB\",\"potentialAction\":[{\"@type\":\"ReadAction\",\"target\":[\"https:\\\/\\\/www.tx-lab.com\\\/producto\\\/quadropod-basis-variable\\\/\"]}]},{\"@type\":\"ImageObject\",\"inLanguage\":\"en-GB\",\"@id\":\"https:\\\/\\\/www.tx-lab.com\\\/producto\\\/quadropod-basis-variable\\\/#primaryimage\",\"url\":\"https:\\\/\\\/www.tx-lab.com\\\/wp-content\\\/uploads\\\/2024\\\/01\\\/imgRezYv5.jpg\",\"contentUrl\":\"https:\\\/\\\/www.tx-lab.com\\\/wp-content\\\/uploads\\\/2024\\\/01\\\/imgRezYv5.jpg\",\"width\":1200,\"height\":1200},{\"@type\":\"BreadcrumbList\",\"@id\":\"https:\\\/\\\/www.tx-lab.com\\\/producto\\\/quadropod-basis-variable\\\/#breadcrumb\",\"itemListElement\":[{\"@type\":\"ListItem\",\"position\":1,\"name\":\"Portada\",\"item\":\"https:\\\/\\\/www.tx-lab.com\\\/\"},{\"@type\":\"ListItem\",\"position\":2,\"name\":\"Tienda\",\"item\":\"https:\\\/\\\/www.tx-lab.com\\\/tienda\\\/\"},{\"@type\":\"ListItem\",\"position\":3,\"name\":\"QuadroPod Basis Variable\"}]},{\"@type\":\"WebSite\",\"@id\":\"https:\\\/\\\/www.tx-lab.com\\\/#website\",\"url\":\"https:\\\/\\\/www.tx-lab.com\\\/\",\"name\":\"Tx-lab\",\"description\":\"Productos y servicios para profesionales de la imagen\",\"publisher\":{\"@id\":\"https:\\\/\\\/www.tx-lab.com\\\/#organization\"},\"potentialAction\":[{\"@type\":\"SearchAction\",\"target\":{\"@type\":\"EntryPoint\",\"urlTemplate\":\"https:\\\/\\\/www.tx-lab.com\\\/?s={search_term_string}\"},\"query-input\":{\"@type\":\"PropertyValueSpecification\",\"valueRequired\":true,\"valueName\":\"search_term_string\"}}],\"inLanguage\":\"en-GB\"},{\"@type\":\"Organization\",\"@id\":\"https:\\\/\\\/www.tx-lab.com\\\/#organization\",\"name\":\"Tx-lab\",\"url\":\"https:\\\/\\\/www.tx-lab.com\\\/\",\"logo\":{\"@type\":\"ImageObject\",\"inLanguage\":\"en-GB\",\"@id\":\"https:\\\/\\\/www.tx-lab.com\\\/#\\\/schema\\\/logo\\\/image\\\/\",\"url\":\"https:\\\/\\\/www.tx-lab.com\\\/wp-content\\\/uploads\\\/2022\\\/09\\\/logo_tx-lab-white-web.png\",\"contentUrl\":\"https:\\\/\\\/www.tx-lab.com\\\/wp-content\\\/uploads\\\/2022\\\/09\\\/logo_tx-lab-white-web.png\",\"width\":520,\"height\":236,\"caption\":\"Tx-lab\"},\"image\":{\"@id\":\"https:\\\/\\\/www.tx-lab.com\\\/#\\\/schema\\\/logo\\\/image\\\/\"}}]}<\/script>\n<!-- \/ Yoast SEO plugin. -->","yoast_head_json":{"title":"\u1409 QuadroPod Basis Variable | Tx-lab","description":"\ud83e\udd47 Entra y descubre \u261d QuadroPod Basis Variable. La mejor tecnolog\u00eda disponible en... comprar QuadroPod Basis Variable al mejor precio \u2705 QuadroPod Basis Variable recomendado para...","robots":{"index":"index","follow":"follow","max-snippet":"max-snippet:-1","max-image-preview":"max-image-preview:large","max-video-preview":"max-video-preview:-1"},"canonical":"https:\/\/www.tx-lab.com\/en\/product\/quadropod-basis-variable\/","og_locale":"en_GB","og_type":"article","og_title":"\u1409 QuadroPod Basis Variable | Tx-lab","og_description":"\ud83e\udd47 Entra y descubre \u261d QuadroPod Basis Variable. La mejor tecnolog\u00eda disponible en... comprar QuadroPod Basis Variable al mejor precio \u2705 QuadroPod Basis Variable recomendado para...","og_url":"https:\/\/www.tx-lab.com\/en\/product\/quadropod-basis-variable\/","og_site_name":"Tx-lab","article_modified_time":"2024-01-12T08:07:16+00:00","og_image":[{"width":1200,"height":1200,"url":"https:\/\/www.tx-lab.com\/wp-content\/uploads\/2024\/01\/imgRezYv5.jpg","type":"image\/jpeg"}],"twitter_card":"summary_large_image","twitter_misc":{"Estimated reading time":"1 minute"},"schema":{"@context":"https:\/\/schema.org","@graph":[{"@type":"WebPage","@id":"https:\/\/www.tx-lab.com\/producto\/quadropod-basis-variable\/","url":"https:\/\/www.tx-lab.com\/producto\/quadropod-basis-variable\/","name":"\u1409 QuadroPod Basis Variable | Tx-lab","isPartOf":{"@id":"https:\/\/www.tx-lab.com\/#website"},"primaryImageOfPage":{"@id":"https:\/\/www.tx-lab.com\/producto\/quadropod-basis-variable\/#primaryimage"},"image":{"@id":"https:\/\/www.tx-lab.com\/producto\/quadropod-basis-variable\/#primaryimage"},"thumbnailUrl":"https:\/\/www.tx-lab.com\/wp-content\/uploads\/2024\/01\/imgRezYv5.jpg","datePublished":"2024-01-10T16:46:05+00:00","dateModified":"2024-01-12T08:07:16+00:00","description":"\ud83e\udd47 Entra y descubre \u261d QuadroPod Basis Variable. La mejor tecnolog\u00eda disponible en... comprar QuadroPod Basis Variable al mejor precio \u2705 QuadroPod Basis Variable recomendado para...","breadcrumb":{"@id":"https:\/\/www.tx-lab.com\/producto\/quadropod-basis-variable\/#breadcrumb"},"inLanguage":"en-GB","potentialAction":[{"@type":"ReadAction","target":["https:\/\/www.tx-lab.com\/producto\/quadropod-basis-variable\/"]}]},{"@type":"ImageObject","inLanguage":"en-GB","@id":"https:\/\/www.tx-lab.com\/producto\/quadropod-basis-variable\/#primaryimage","url":"https:\/\/www.tx-lab.com\/wp-content\/uploads\/2024\/01\/imgRezYv5.jpg","contentUrl":"https:\/\/www.tx-lab.com\/wp-content\/uploads\/2024\/01\/imgRezYv5.jpg","width":1200,"height":1200},{"@type":"BreadcrumbList","@id":"https:\/\/www.tx-lab.com\/producto\/quadropod-basis-variable\/#breadcrumb","itemListElement":[{"@type":"ListItem","position":1,"name":"Portada","item":"https:\/\/www.tx-lab.com\/"},{"@type":"ListItem","position":2,"name":"Tienda","item":"https:\/\/www.tx-lab.com\/tienda\/"},{"@type":"ListItem","position":3,"name":"QuadroPod Basis Variable"}]},{"@type":"WebSite","@id":"https:\/\/www.tx-lab.com\/#website","url":"https:\/\/www.tx-lab.com\/","name":"Tx-lab","description":"Products and services for image professionals","publisher":{"@id":"https:\/\/www.tx-lab.com\/#organization"},"potentialAction":[{"@type":"SearchAction","target":{"@type":"EntryPoint","urlTemplate":"https:\/\/www.tx-lab.com\/?s={search_term_string}"},"query-input":{"@type":"PropertyValueSpecification","valueRequired":true,"valueName":"search_term_string"}}],"inLanguage":"en-GB"},{"@type":"Organization","@id":"https:\/\/www.tx-lab.com\/#organization","name":"Tx-lab","url":"https:\/\/www.tx-lab.com\/","logo":{"@type":"ImageObject","inLanguage":"en-GB","@id":"https:\/\/www.tx-lab.com\/#\/schema\/logo\/image\/","url":"https:\/\/www.tx-lab.com\/wp-content\/uploads\/2022\/09\/logo_tx-lab-white-web.png","contentUrl":"https:\/\/www.tx-lab.com\/wp-content\/uploads\/2022\/09\/logo_tx-lab-white-web.png","width":520,"height":236,"caption":"Tx-lab"},"image":{"@id":"https:\/\/www.tx-lab.com\/#\/schema\/logo\/image\/"}}]}},"jetpack-related-posts":[],"jetpack_sharing_enabled":true,"_links":{"self":[{"href":"https:\/\/www.tx-lab.com\/en\/wp-json\/wp\/v2\/product\/20166","targetHints":{"allow":["GET"]}}],"collection":[{"href":"https:\/\/www.tx-lab.com\/en\/wp-json\/wp\/v2\/product"}],"about":[{"href":"https:\/\/www.tx-lab.com\/en\/wp-json\/wp\/v2\/types\/product"}],"replies":[{"embeddable":true,"href":"https:\/\/www.tx-lab.com\/en\/wp-json\/wp\/v2\/comments?post=20166"}],"wp:featuredmedia":[{"embeddable":true,"href":"https:\/\/www.tx-lab.com\/en\/wp-json\/wp\/v2\/media\/20165"}],"wp:attachment":[{"href":"https:\/\/www.tx-lab.com\/en\/wp-json\/wp\/v2\/media?parent=20166"}],"wp:term":[{"taxonomy":"product_brand","embeddable":true,"href":"https:\/\/www.tx-lab.com\/en\/wp-json\/wp\/v2\/product_brand?post=20166"},{"taxonomy":"product_cat","embeddable":true,"href":"https:\/\/www.tx-lab.com\/en\/wp-json\/wp\/v2\/product_cat?post=20166"},{"taxonomy":"product_tag","embeddable":true,"href":"https:\/\/www.tx-lab.com\/en\/wp-json\/wp\/v2\/product_tag?post=20166"}],"curies":[{"name":"wp","href":"https:\/\/api.w.org\/{rel}","templated":true}]}}