{"id":19972,"date":"2024-01-10T11:49:04","date_gmt":"2024-01-10T11:49:04","guid":{"rendered":"https:\/\/www.tx-lab.com\/?post_type=product&#038;p=19972"},"modified":"2024-01-12T08:07:35","modified_gmt":"2024-01-12T08:07:35","slug":"kit-senderismo-triopod-m-4-secciones-con-bastones-plegables","status":"publish","type":"product","link":"https:\/\/www.tx-lab.com\/en\/product\/kit-senderismo-triopod-m-4-secciones-con-bastones-plegables\/","title":{"rendered":"Hiking Kit \u00abTrioPod-M\u00bb, 4 sections, with folding poles"},"content":{"rendered":"<p>Patas de bast\u00f3n plegable<br \/>Longitud de extensi\u00f3n de las piernas: aprox.115 cm<br \/>altura m\u00e1x. de trabajo: 140cm<br \/>Altura m\u00ednima de trabajo: 6,5 cm (cuando se utilizan las mini patas intercambiables y sin columna central)<br \/>Tama\u00f1o del paquete (base con patas): 63,5 cm<br \/>carga m\u00e1x .: 6 kg<br \/>conexi\u00f3n de rosca superior: 3\/8 \u00ab<br \/>Columna central: 1\/4 \u00aby 3\/8\u00bb, intercambiable<br \/>Conexi\u00f3n lateral de accesorios: 1\/4 \u00aby 3\/8\u00bb, opci\u00f3n adicional de atornillar para varillas y mini patas<br \/>\u00c1ngulo de bloqueo de las conexiones de las patas: 20 \u00b0, 40 \u00b0, 60 \u00b0 y 87 \u00b0<br \/>Di\u00e1metro del segmento de la pierna (mm): 27,9; 24,9; 21,9; 18,9<br \/>Peso completo: 1345g<br \/>punta de acero desenroscable debajo de la tapa de goma<br \/>Mini patas intercambiables, adaptador monopie QP-MONO y bolsa para tr\u00edpode incluida<\/p>\n<p>Debido a la intercambiabilidad de las patas, el conjunto permite configurar de forma flexible las siguientes variantes de soporte:<\/p>\n<ul>\n<li>Soporte de 3 patas con una altura de trabajo de 142 cm.<\/li>\n<li>Soporte de 3 patas, mini soporte de mesa o tr\u00edpode para trabajar cerca del suelo<\/li>\n<li>Monopod<\/li>\n<li>Bast\u00f3n<\/li>\n<li>Tr\u00edpode inclinado: uso de 2 mini patas y una pata larga<\/li>\n<\/ul>\n<p>Con la ayuda de las extensiones de patas de tr\u00edpode disponibles por separado, el tr\u00edpode se puede extender 50 cm en cualquier momento.<\/p><\/p>","protected":false},"excerpt":{"rendered":"<p><strong>Kit contains:<\/strong> TRIOPOD-M, 2x QLEG Walk III, 1x QLEG C2844, 3x QLEG A1010, Adaptador monopi\u00e9 y bolsa para tr\u00edpode<\/p>\n<p>El tr\u00edpode <strong>TrioPod-M<\/strong> es un sistema modular y por eso extremadamente flexible y f\u00e1cil de usar.<br \/>Est\u00e1 disponible en 5 versiones, opcionalmente con patas de aluminio, carbono o con bastones, que se pueden cambiar por mini patas en cualquier momento.<\/p>\n<ul>\n<li>Tr\u00edpode cl\u00e1sico<\/li>\n<li>Tr\u00edpode mini o de mesa<\/li>\n<li>Monopod<\/li>\n<li>Soporte inclinado<\/li>\n<li>Tr\u00edpode de abrazadera<\/li>\n<li>Soporte de succi\u00f3n<\/li>\n<\/ul>\n<p>\u00a1El sistema TrioPod es el sistema de tr\u00edpode m\u00e1s vers\u00e1til y flexible para todos los fot\u00f3grafos ambiciosos!<\/p>","protected":false},"featured_media":19971,"comment_status":"open","ping_status":"closed","template":"","meta":[],"product_brand":[],"product_cat":[1317],"product_tag":[1735,1426,1609,1429],"class_list":{"0":"post-19972","1":"product","2":"type-product","3":"status-publish","4":"has-post-thumbnail","6":"product_cat-tripodes","7":"product_tag-kits","8":"product_tag-novoflex","9":"product_tag-senderismo","10":"product_tag-tripodes","11":"product_shipping_class-novofles-ups","13":"first","14":"onbackorder","15":"taxable","16":"shipping-taxable","17":"purchasable","18":"product-type-simple"},"yoast_head":"<!-- This site is optimized with the Yoast SEO plugin v27.4 - https:\/\/yoast.com\/product\/yoast-seo-wordpress\/ -->\n<title>\u1409 Kit senderismo &quot;TrioPod-M&quot;, 4 secciones, con bastones plegables | Tx-lab<\/title>\n<meta name=\"description\" content=\"\ud83e\udd47 Entra y descubre \u261d Kit senderismo &quot;TrioPod-M&quot;, 4 secciones, con bastones plegables. La mejor tecnolog\u00eda disponible en... comprar Kit senderismo &quot;TrioPod-M&quot;, 4 secciones, con bastones plegables al mejor precio \u2705 Kit senderismo &quot;TrioPod-M&quot;, 4 secciones, con bastones plegables recomendado para...\" \/>\n<meta name=\"robots\" content=\"index, follow, max-snippet:-1, max-image-preview:large, max-video-preview:-1\" \/>\n<link rel=\"canonical\" href=\"https:\/\/www.tx-lab.com\/en\/product\/kit-senderismo-triopod-m-4-secciones-con-bastones-plegables\/\" \/>\n<meta property=\"og:locale\" content=\"en_GB\" \/>\n<meta property=\"og:type\" content=\"article\" \/>\n<meta property=\"og:title\" content=\"\u1409 Kit senderismo &quot;TrioPod-M&quot;, 4 secciones, con bastones plegables | Tx-lab\" \/>\n<meta property=\"og:description\" content=\"\ud83e\udd47 Entra y descubre \u261d Kit senderismo &quot;TrioPod-M&quot;, 4 secciones, con bastones plegables. La mejor tecnolog\u00eda disponible en... comprar Kit senderismo &quot;TrioPod-M&quot;, 4 secciones, con bastones plegables al mejor precio \u2705 Kit senderismo &quot;TrioPod-M&quot;, 4 secciones, con bastones plegables recomendado para...\" \/>\n<meta property=\"og:url\" content=\"https:\/\/www.tx-lab.com\/en\/product\/kit-senderismo-triopod-m-4-secciones-con-bastones-plegables\/\" \/>\n<meta property=\"og:site_name\" content=\"Tx-lab\" \/>\n<meta property=\"article:modified_time\" content=\"2024-01-12T08:07:35+00:00\" \/>\n<meta property=\"og:image\" content=\"https:\/\/www.tx-lab.com\/wp-content\/uploads\/2024\/01\/imgAUbMwy.jpg\" \/>\n\t<meta property=\"og:image:width\" content=\"1024\" \/>\n\t<meta property=\"og:image:height\" content=\"768\" \/>\n\t<meta property=\"og:image:type\" content=\"image\/jpeg\" \/>\n<meta name=\"twitter:card\" content=\"summary_large_image\" \/>\n<meta name=\"twitter:label1\" content=\"Estimated reading time\" \/>\n\t<meta name=\"twitter:data1\" content=\"1 minute\" \/>\n<script type=\"application\/ld+json\" class=\"yoast-schema-graph\">{\"@context\":\"https:\\\/\\\/schema.org\",\"@graph\":[{\"@type\":\"WebPage\",\"@id\":\"https:\\\/\\\/www.tx-lab.com\\\/producto\\\/kit-senderismo-triopod-m-4-secciones-con-bastones-plegables\\\/\",\"url\":\"https:\\\/\\\/www.tx-lab.com\\\/producto\\\/kit-senderismo-triopod-m-4-secciones-con-bastones-plegables\\\/\",\"name\":\"\u1409 Kit senderismo \\\"TrioPod-M\\\", 4 secciones, con bastones plegables | Tx-lab\",\"isPartOf\":{\"@id\":\"https:\\\/\\\/www.tx-lab.com\\\/#website\"},\"primaryImageOfPage\":{\"@id\":\"https:\\\/\\\/www.tx-lab.com\\\/producto\\\/kit-senderismo-triopod-m-4-secciones-con-bastones-plegables\\\/#primaryimage\"},\"image\":{\"@id\":\"https:\\\/\\\/www.tx-lab.com\\\/producto\\\/kit-senderismo-triopod-m-4-secciones-con-bastones-plegables\\\/#primaryimage\"},\"thumbnailUrl\":\"https:\\\/\\\/www.tx-lab.com\\\/wp-content\\\/uploads\\\/2024\\\/01\\\/imgAUbMwy.jpg\",\"datePublished\":\"2024-01-10T11:49:04+00:00\",\"dateModified\":\"2024-01-12T08:07:35+00:00\",\"description\":\"\ud83e\udd47 Entra y descubre \u261d Kit senderismo \\\"TrioPod-M\\\", 4 secciones, con bastones plegables. La mejor tecnolog\u00eda disponible en... comprar Kit senderismo \\\"TrioPod-M\\\", 4 secciones, con bastones plegables al mejor precio \u2705 Kit senderismo \\\"TrioPod-M\\\", 4 secciones, con bastones plegables recomendado para...\",\"breadcrumb\":{\"@id\":\"https:\\\/\\\/www.tx-lab.com\\\/producto\\\/kit-senderismo-triopod-m-4-secciones-con-bastones-plegables\\\/#breadcrumb\"},\"inLanguage\":\"en-GB\",\"potentialAction\":[{\"@type\":\"ReadAction\",\"target\":[\"https:\\\/\\\/www.tx-lab.com\\\/producto\\\/kit-senderismo-triopod-m-4-secciones-con-bastones-plegables\\\/\"]}]},{\"@type\":\"ImageObject\",\"inLanguage\":\"en-GB\",\"@id\":\"https:\\\/\\\/www.tx-lab.com\\\/producto\\\/kit-senderismo-triopod-m-4-secciones-con-bastones-plegables\\\/#primaryimage\",\"url\":\"https:\\\/\\\/www.tx-lab.com\\\/wp-content\\\/uploads\\\/2024\\\/01\\\/imgAUbMwy.jpg\",\"contentUrl\":\"https:\\\/\\\/www.tx-lab.com\\\/wp-content\\\/uploads\\\/2024\\\/01\\\/imgAUbMwy.jpg\",\"width\":1024,\"height\":768},{\"@type\":\"BreadcrumbList\",\"@id\":\"https:\\\/\\\/www.tx-lab.com\\\/producto\\\/kit-senderismo-triopod-m-4-secciones-con-bastones-plegables\\\/#breadcrumb\",\"itemListElement\":[{\"@type\":\"ListItem\",\"position\":1,\"name\":\"Portada\",\"item\":\"https:\\\/\\\/www.tx-lab.com\\\/\"},{\"@type\":\"ListItem\",\"position\":2,\"name\":\"Tienda\",\"item\":\"https:\\\/\\\/www.tx-lab.com\\\/tienda\\\/\"},{\"@type\":\"ListItem\",\"position\":3,\"name\":\"Kit senderismo &#8220;TrioPod-M&#8221;, 4 secciones, con bastones plegables\"}]},{\"@type\":\"WebSite\",\"@id\":\"https:\\\/\\\/www.tx-lab.com\\\/#website\",\"url\":\"https:\\\/\\\/www.tx-lab.com\\\/\",\"name\":\"Tx-lab\",\"description\":\"Productos y servicios para profesionales de la imagen\",\"publisher\":{\"@id\":\"https:\\\/\\\/www.tx-lab.com\\\/#organization\"},\"potentialAction\":[{\"@type\":\"SearchAction\",\"target\":{\"@type\":\"EntryPoint\",\"urlTemplate\":\"https:\\\/\\\/www.tx-lab.com\\\/?s={search_term_string}\"},\"query-input\":{\"@type\":\"PropertyValueSpecification\",\"valueRequired\":true,\"valueName\":\"search_term_string\"}}],\"inLanguage\":\"en-GB\"},{\"@type\":\"Organization\",\"@id\":\"https:\\\/\\\/www.tx-lab.com\\\/#organization\",\"name\":\"Tx-lab\",\"url\":\"https:\\\/\\\/www.tx-lab.com\\\/\",\"logo\":{\"@type\":\"ImageObject\",\"inLanguage\":\"en-GB\",\"@id\":\"https:\\\/\\\/www.tx-lab.com\\\/#\\\/schema\\\/logo\\\/image\\\/\",\"url\":\"https:\\\/\\\/www.tx-lab.com\\\/wp-content\\\/uploads\\\/2022\\\/09\\\/logo_tx-lab-white-web.png\",\"contentUrl\":\"https:\\\/\\\/www.tx-lab.com\\\/wp-content\\\/uploads\\\/2022\\\/09\\\/logo_tx-lab-white-web.png\",\"width\":520,\"height\":236,\"caption\":\"Tx-lab\"},\"image\":{\"@id\":\"https:\\\/\\\/www.tx-lab.com\\\/#\\\/schema\\\/logo\\\/image\\\/\"}}]}<\/script>\n<!-- \/ Yoast SEO plugin. -->","yoast_head_json":{"title":"\u1409 Kit senderismo \"TrioPod-M\", 4 secciones, con bastones plegables | Tx-lab","description":"\ud83e\udd47 Entra y descubre \u261d Kit senderismo \"TrioPod-M\", 4 secciones, con bastones plegables. La mejor tecnolog\u00eda disponible en... comprar Kit senderismo \"TrioPod-M\", 4 secciones, con bastones plegables al mejor precio \u2705 Kit senderismo \"TrioPod-M\", 4 secciones, con bastones plegables recomendado para...","robots":{"index":"index","follow":"follow","max-snippet":"max-snippet:-1","max-image-preview":"max-image-preview:large","max-video-preview":"max-video-preview:-1"},"canonical":"https:\/\/www.tx-lab.com\/en\/product\/kit-senderismo-triopod-m-4-secciones-con-bastones-plegables\/","og_locale":"en_GB","og_type":"article","og_title":"\u1409 Kit senderismo \"TrioPod-M\", 4 secciones, con bastones plegables | Tx-lab","og_description":"\ud83e\udd47 Entra y descubre \u261d Kit senderismo \"TrioPod-M\", 4 secciones, con bastones plegables. La mejor tecnolog\u00eda disponible en... comprar Kit senderismo \"TrioPod-M\", 4 secciones, con bastones plegables al mejor precio \u2705 Kit senderismo \"TrioPod-M\", 4 secciones, con bastones plegables recomendado para...","og_url":"https:\/\/www.tx-lab.com\/en\/product\/kit-senderismo-triopod-m-4-secciones-con-bastones-plegables\/","og_site_name":"Tx-lab","article_modified_time":"2024-01-12T08:07:35+00:00","og_image":[{"width":1024,"height":768,"url":"https:\/\/www.tx-lab.com\/wp-content\/uploads\/2024\/01\/imgAUbMwy.jpg","type":"image\/jpeg"}],"twitter_card":"summary_large_image","twitter_misc":{"Estimated reading time":"1 minute"},"schema":{"@context":"https:\/\/schema.org","@graph":[{"@type":"WebPage","@id":"https:\/\/www.tx-lab.com\/producto\/kit-senderismo-triopod-m-4-secciones-con-bastones-plegables\/","url":"https:\/\/www.tx-lab.com\/producto\/kit-senderismo-triopod-m-4-secciones-con-bastones-plegables\/","name":"\u1409 Kit senderismo \"TrioPod-M\", 4 secciones, con bastones plegables | Tx-lab","isPartOf":{"@id":"https:\/\/www.tx-lab.com\/#website"},"primaryImageOfPage":{"@id":"https:\/\/www.tx-lab.com\/producto\/kit-senderismo-triopod-m-4-secciones-con-bastones-plegables\/#primaryimage"},"image":{"@id":"https:\/\/www.tx-lab.com\/producto\/kit-senderismo-triopod-m-4-secciones-con-bastones-plegables\/#primaryimage"},"thumbnailUrl":"https:\/\/www.tx-lab.com\/wp-content\/uploads\/2024\/01\/imgAUbMwy.jpg","datePublished":"2024-01-10T11:49:04+00:00","dateModified":"2024-01-12T08:07:35+00:00","description":"\ud83e\udd47 Entra y descubre \u261d Kit senderismo \"TrioPod-M\", 4 secciones, con bastones plegables. La mejor tecnolog\u00eda disponible en... comprar Kit senderismo \"TrioPod-M\", 4 secciones, con bastones plegables al mejor precio \u2705 Kit senderismo \"TrioPod-M\", 4 secciones, con bastones plegables recomendado para...","breadcrumb":{"@id":"https:\/\/www.tx-lab.com\/producto\/kit-senderismo-triopod-m-4-secciones-con-bastones-plegables\/#breadcrumb"},"inLanguage":"en-GB","potentialAction":[{"@type":"ReadAction","target":["https:\/\/www.tx-lab.com\/producto\/kit-senderismo-triopod-m-4-secciones-con-bastones-plegables\/"]}]},{"@type":"ImageObject","inLanguage":"en-GB","@id":"https:\/\/www.tx-lab.com\/producto\/kit-senderismo-triopod-m-4-secciones-con-bastones-plegables\/#primaryimage","url":"https:\/\/www.tx-lab.com\/wp-content\/uploads\/2024\/01\/imgAUbMwy.jpg","contentUrl":"https:\/\/www.tx-lab.com\/wp-content\/uploads\/2024\/01\/imgAUbMwy.jpg","width":1024,"height":768},{"@type":"BreadcrumbList","@id":"https:\/\/www.tx-lab.com\/producto\/kit-senderismo-triopod-m-4-secciones-con-bastones-plegables\/#breadcrumb","itemListElement":[{"@type":"ListItem","position":1,"name":"Portada","item":"https:\/\/www.tx-lab.com\/"},{"@type":"ListItem","position":2,"name":"Tienda","item":"https:\/\/www.tx-lab.com\/tienda\/"},{"@type":"ListItem","position":3,"name":"Kit senderismo &#8220;TrioPod-M&#8221;, 4 secciones, con bastones plegables"}]},{"@type":"WebSite","@id":"https:\/\/www.tx-lab.com\/#website","url":"https:\/\/www.tx-lab.com\/","name":"Tx-lab","description":"Products and services for image professionals","publisher":{"@id":"https:\/\/www.tx-lab.com\/#organization"},"potentialAction":[{"@type":"SearchAction","target":{"@type":"EntryPoint","urlTemplate":"https:\/\/www.tx-lab.com\/?s={search_term_string}"},"query-input":{"@type":"PropertyValueSpecification","valueRequired":true,"valueName":"search_term_string"}}],"inLanguage":"en-GB"},{"@type":"Organization","@id":"https:\/\/www.tx-lab.com\/#organization","name":"Tx-lab","url":"https:\/\/www.tx-lab.com\/","logo":{"@type":"ImageObject","inLanguage":"en-GB","@id":"https:\/\/www.tx-lab.com\/#\/schema\/logo\/image\/","url":"https:\/\/www.tx-lab.com\/wp-content\/uploads\/2022\/09\/logo_tx-lab-white-web.png","contentUrl":"https:\/\/www.tx-lab.com\/wp-content\/uploads\/2022\/09\/logo_tx-lab-white-web.png","width":520,"height":236,"caption":"Tx-lab"},"image":{"@id":"https:\/\/www.tx-lab.com\/#\/schema\/logo\/image\/"}}]}},"jetpack-related-posts":[],"jetpack_sharing_enabled":true,"_links":{"self":[{"href":"https:\/\/www.tx-lab.com\/en\/wp-json\/wp\/v2\/product\/19972","targetHints":{"allow":["GET"]}}],"collection":[{"href":"https:\/\/www.tx-lab.com\/en\/wp-json\/wp\/v2\/product"}],"about":[{"href":"https:\/\/www.tx-lab.com\/en\/wp-json\/wp\/v2\/types\/product"}],"replies":[{"embeddable":true,"href":"https:\/\/www.tx-lab.com\/en\/wp-json\/wp\/v2\/comments?post=19972"}],"wp:featuredmedia":[{"embeddable":true,"href":"https:\/\/www.tx-lab.com\/en\/wp-json\/wp\/v2\/media\/19971"}],"wp:attachment":[{"href":"https:\/\/www.tx-lab.com\/en\/wp-json\/wp\/v2\/media?parent=19972"}],"wp:term":[{"taxonomy":"product_brand","embeddable":true,"href":"https:\/\/www.tx-lab.com\/en\/wp-json\/wp\/v2\/product_brand?post=19972"},{"taxonomy":"product_cat","embeddable":true,"href":"https:\/\/www.tx-lab.com\/en\/wp-json\/wp\/v2\/product_cat?post=19972"},{"taxonomy":"product_tag","embeddable":true,"href":"https:\/\/www.tx-lab.com\/en\/wp-json\/wp\/v2\/product_tag?post=19972"}],"curies":[{"name":"wp","href":"https:\/\/api.w.org\/{rel}","templated":true}]}}