{"id":19836,"date":"2024-01-10T11:37:24","date_gmt":"2024-01-10T11:37:24","guid":{"rendered":"https:\/\/www.tx-lab.com\/?post_type=product&#038;p=19836"},"modified":"2024-07-22T20:50:51","modified_gmt":"2024-07-22T20:50:51","slug":"quadropod-base-with-center-colum","status":"publish","type":"product","link":"https:\/\/www.tx-lab.com\/en\/product\/quadropod-base-with-center-colum\/","title":{"rendered":"QuadroPod Base with centre colum"},"content":{"rendered":"<p>Base de cuadr\u00f3podos con columna central y adaptador de tierra (QP BC).<\/p>\n<p>Para el trabajo a nivel del suelo, la columna central puede ser reemplazada por un adaptador plano.<\/p>\n<p>Technical specifications:<\/p>\n<p>3\/8 \u00ab-16 perno para una f\u00e1cil conexi\u00f3n a cabezales de tr\u00edpode compatible<\/p>\n<p>Columna central: 27 cm\/10.6 \u00bb<\/p>\n<p>Conexi\u00f3n de accesorio lateral: 3x 1\/4 \u00ab-20<\/p>\n<p>Peso: 1082g (2.39 lbs)<\/p>\n<p>Conexiones de piernas en trinquete<\/p>\n<p>Entrega sin patas de tr\u00edpode!<\/p>\n<p>Tenga en cuenta que algunos de los accesorios que se muestran en nuestros ejemplos de aplicaci\u00f3n son solo para fines de ilustraci\u00f3n. Las c\u00e1maras, las lentes, etc. no est\u00e1n incluidas en el alcance de la entrega y el adaptador de tierra<\/p>","protected":false},"excerpt":{"rendered":"<p>Base de cuadr\u00f3podos con columna central y adaptador de tierra (QP BC). Para el trabajo a nivel del suelo, la columna central puede&hellip;<\/p>","protected":false},"featured_media":19835,"comment_status":"open","ping_status":"closed","template":"","meta":[],"product_brand":[],"product_cat":[1317],"product_tag":[1740,1426,1429],"class_list":{"0":"post-19836","1":"product","2":"type-product","3":"status-publish","4":"has-post-thumbnail","6":"product_cat-tripodes","7":"product_tag-bases","8":"product_tag-novoflex","9":"product_tag-tripodes","10":"product_shipping_class-novofles-ups","12":"first","13":"onbackorder","14":"taxable","15":"shipping-taxable","16":"purchasable","17":"product-type-simple"},"yoast_head":"<!-- This site is optimized with the Yoast SEO plugin v27.4 - https:\/\/yoast.com\/product\/yoast-seo-wordpress\/ -->\n<title>\u1409 QuadroPod Base with center colum | Tx-lab<\/title>\n<meta name=\"description\" content=\"\ud83e\udd47 Entra y descubre \u261d QuadroPod Base with center colum. La mejor tecnolog\u00eda disponible en... comprar QuadroPod Base with center colum al mejor precio \u2705 QuadroPod Base with center colum recomendado para...\" \/>\n<meta name=\"robots\" content=\"index, follow, max-snippet:-1, max-image-preview:large, max-video-preview:-1\" \/>\n<link rel=\"canonical\" href=\"https:\/\/www.tx-lab.com\/en\/product\/quadropod-base-with-center-colum\/\" \/>\n<meta property=\"og:locale\" content=\"en_GB\" \/>\n<meta property=\"og:type\" content=\"article\" \/>\n<meta property=\"og:title\" content=\"\u1409 QuadroPod Base with center colum | Tx-lab\" \/>\n<meta property=\"og:description\" content=\"\ud83e\udd47 Entra y descubre \u261d QuadroPod Base with center colum. La mejor tecnolog\u00eda disponible en... comprar QuadroPod Base with center colum al mejor precio \u2705 QuadroPod Base with center colum recomendado para...\" \/>\n<meta property=\"og:url\" content=\"https:\/\/www.tx-lab.com\/en\/product\/quadropod-base-with-center-colum\/\" \/>\n<meta property=\"og:site_name\" content=\"Tx-lab\" \/>\n<meta property=\"article:modified_time\" content=\"2024-07-22T20:50:51+00:00\" \/>\n<meta property=\"og:image\" content=\"https:\/\/www.tx-lab.com\/wp-content\/uploads\/2024\/01\/img9XDqRR.jpg\" \/>\n\t<meta property=\"og:image:width\" content=\"1024\" \/>\n\t<meta property=\"og:image:height\" content=\"768\" \/>\n\t<meta property=\"og:image:type\" content=\"image\/jpeg\" \/>\n<meta name=\"twitter:card\" content=\"summary_large_image\" \/>\n<meta name=\"twitter:label1\" content=\"Estimated reading time\" \/>\n\t<meta name=\"twitter:data1\" content=\"1 minute\" \/>\n<script type=\"application\/ld+json\" class=\"yoast-schema-graph\">{\"@context\":\"https:\\\/\\\/schema.org\",\"@graph\":[{\"@type\":\"WebPage\",\"@id\":\"https:\\\/\\\/www.tx-lab.com\\\/producto\\\/quadropod-base-with-center-colum\\\/\",\"url\":\"https:\\\/\\\/www.tx-lab.com\\\/producto\\\/quadropod-base-with-center-colum\\\/\",\"name\":\"\u1409 QuadroPod Base with center colum | Tx-lab\",\"isPartOf\":{\"@id\":\"https:\\\/\\\/www.tx-lab.com\\\/#website\"},\"primaryImageOfPage\":{\"@id\":\"https:\\\/\\\/www.tx-lab.com\\\/producto\\\/quadropod-base-with-center-colum\\\/#primaryimage\"},\"image\":{\"@id\":\"https:\\\/\\\/www.tx-lab.com\\\/producto\\\/quadropod-base-with-center-colum\\\/#primaryimage\"},\"thumbnailUrl\":\"https:\\\/\\\/www.tx-lab.com\\\/wp-content\\\/uploads\\\/2024\\\/01\\\/img9XDqRR.jpg\",\"datePublished\":\"2024-01-10T11:37:24+00:00\",\"dateModified\":\"2024-07-22T20:50:51+00:00\",\"description\":\"\ud83e\udd47 Entra y descubre \u261d QuadroPod Base with center colum. La mejor tecnolog\u00eda disponible en... comprar QuadroPod Base with center colum al mejor precio \u2705 QuadroPod Base with center colum recomendado para...\",\"breadcrumb\":{\"@id\":\"https:\\\/\\\/www.tx-lab.com\\\/producto\\\/quadropod-base-with-center-colum\\\/#breadcrumb\"},\"inLanguage\":\"en-GB\",\"potentialAction\":[{\"@type\":\"ReadAction\",\"target\":[\"https:\\\/\\\/www.tx-lab.com\\\/producto\\\/quadropod-base-with-center-colum\\\/\"]}]},{\"@type\":\"ImageObject\",\"inLanguage\":\"en-GB\",\"@id\":\"https:\\\/\\\/www.tx-lab.com\\\/producto\\\/quadropod-base-with-center-colum\\\/#primaryimage\",\"url\":\"https:\\\/\\\/www.tx-lab.com\\\/wp-content\\\/uploads\\\/2024\\\/01\\\/img9XDqRR.jpg\",\"contentUrl\":\"https:\\\/\\\/www.tx-lab.com\\\/wp-content\\\/uploads\\\/2024\\\/01\\\/img9XDqRR.jpg\",\"width\":1024,\"height\":768},{\"@type\":\"BreadcrumbList\",\"@id\":\"https:\\\/\\\/www.tx-lab.com\\\/producto\\\/quadropod-base-with-center-colum\\\/#breadcrumb\",\"itemListElement\":[{\"@type\":\"ListItem\",\"position\":1,\"name\":\"Portada\",\"item\":\"https:\\\/\\\/www.tx-lab.com\\\/\"},{\"@type\":\"ListItem\",\"position\":2,\"name\":\"Tienda\",\"item\":\"https:\\\/\\\/www.tx-lab.com\\\/tienda\\\/\"},{\"@type\":\"ListItem\",\"position\":3,\"name\":\"QuadroPod Base with center colum\"}]},{\"@type\":\"WebSite\",\"@id\":\"https:\\\/\\\/www.tx-lab.com\\\/#website\",\"url\":\"https:\\\/\\\/www.tx-lab.com\\\/\",\"name\":\"Tx-lab\",\"description\":\"Productos y servicios para profesionales de la imagen\",\"publisher\":{\"@id\":\"https:\\\/\\\/www.tx-lab.com\\\/#organization\"},\"potentialAction\":[{\"@type\":\"SearchAction\",\"target\":{\"@type\":\"EntryPoint\",\"urlTemplate\":\"https:\\\/\\\/www.tx-lab.com\\\/?s={search_term_string}\"},\"query-input\":{\"@type\":\"PropertyValueSpecification\",\"valueRequired\":true,\"valueName\":\"search_term_string\"}}],\"inLanguage\":\"en-GB\"},{\"@type\":\"Organization\",\"@id\":\"https:\\\/\\\/www.tx-lab.com\\\/#organization\",\"name\":\"Tx-lab\",\"url\":\"https:\\\/\\\/www.tx-lab.com\\\/\",\"logo\":{\"@type\":\"ImageObject\",\"inLanguage\":\"en-GB\",\"@id\":\"https:\\\/\\\/www.tx-lab.com\\\/#\\\/schema\\\/logo\\\/image\\\/\",\"url\":\"https:\\\/\\\/www.tx-lab.com\\\/wp-content\\\/uploads\\\/2022\\\/09\\\/logo_tx-lab-white-web.png\",\"contentUrl\":\"https:\\\/\\\/www.tx-lab.com\\\/wp-content\\\/uploads\\\/2022\\\/09\\\/logo_tx-lab-white-web.png\",\"width\":520,\"height\":236,\"caption\":\"Tx-lab\"},\"image\":{\"@id\":\"https:\\\/\\\/www.tx-lab.com\\\/#\\\/schema\\\/logo\\\/image\\\/\"}}]}<\/script>\n<!-- \/ Yoast SEO plugin. -->","yoast_head_json":{"title":"\u1409 QuadroPod Base with center colum | Tx-lab","description":"\ud83e\udd47 Entra y descubre \u261d QuadroPod Base with center colum. La mejor tecnolog\u00eda disponible en... comprar QuadroPod Base with center colum al mejor precio \u2705 QuadroPod Base with center colum recomendado para...","robots":{"index":"index","follow":"follow","max-snippet":"max-snippet:-1","max-image-preview":"max-image-preview:large","max-video-preview":"max-video-preview:-1"},"canonical":"https:\/\/www.tx-lab.com\/en\/product\/quadropod-base-with-center-colum\/","og_locale":"en_GB","og_type":"article","og_title":"\u1409 QuadroPod Base with center colum | Tx-lab","og_description":"\ud83e\udd47 Entra y descubre \u261d QuadroPod Base with center colum. La mejor tecnolog\u00eda disponible en... comprar QuadroPod Base with center colum al mejor precio \u2705 QuadroPod Base with center colum recomendado para...","og_url":"https:\/\/www.tx-lab.com\/en\/product\/quadropod-base-with-center-colum\/","og_site_name":"Tx-lab","article_modified_time":"2024-07-22T20:50:51+00:00","og_image":[{"width":1024,"height":768,"url":"https:\/\/www.tx-lab.com\/wp-content\/uploads\/2024\/01\/img9XDqRR.jpg","type":"image\/jpeg"}],"twitter_card":"summary_large_image","twitter_misc":{"Estimated reading time":"1 minute"},"schema":{"@context":"https:\/\/schema.org","@graph":[{"@type":"WebPage","@id":"https:\/\/www.tx-lab.com\/producto\/quadropod-base-with-center-colum\/","url":"https:\/\/www.tx-lab.com\/producto\/quadropod-base-with-center-colum\/","name":"\u1409 QuadroPod Base with center colum | Tx-lab","isPartOf":{"@id":"https:\/\/www.tx-lab.com\/#website"},"primaryImageOfPage":{"@id":"https:\/\/www.tx-lab.com\/producto\/quadropod-base-with-center-colum\/#primaryimage"},"image":{"@id":"https:\/\/www.tx-lab.com\/producto\/quadropod-base-with-center-colum\/#primaryimage"},"thumbnailUrl":"https:\/\/www.tx-lab.com\/wp-content\/uploads\/2024\/01\/img9XDqRR.jpg","datePublished":"2024-01-10T11:37:24+00:00","dateModified":"2024-07-22T20:50:51+00:00","description":"\ud83e\udd47 Entra y descubre \u261d QuadroPod Base with center colum. La mejor tecnolog\u00eda disponible en... comprar QuadroPod Base with center colum al mejor precio \u2705 QuadroPod Base with center colum recomendado para...","breadcrumb":{"@id":"https:\/\/www.tx-lab.com\/producto\/quadropod-base-with-center-colum\/#breadcrumb"},"inLanguage":"en-GB","potentialAction":[{"@type":"ReadAction","target":["https:\/\/www.tx-lab.com\/producto\/quadropod-base-with-center-colum\/"]}]},{"@type":"ImageObject","inLanguage":"en-GB","@id":"https:\/\/www.tx-lab.com\/producto\/quadropod-base-with-center-colum\/#primaryimage","url":"https:\/\/www.tx-lab.com\/wp-content\/uploads\/2024\/01\/img9XDqRR.jpg","contentUrl":"https:\/\/www.tx-lab.com\/wp-content\/uploads\/2024\/01\/img9XDqRR.jpg","width":1024,"height":768},{"@type":"BreadcrumbList","@id":"https:\/\/www.tx-lab.com\/producto\/quadropod-base-with-center-colum\/#breadcrumb","itemListElement":[{"@type":"ListItem","position":1,"name":"Portada","item":"https:\/\/www.tx-lab.com\/"},{"@type":"ListItem","position":2,"name":"Tienda","item":"https:\/\/www.tx-lab.com\/tienda\/"},{"@type":"ListItem","position":3,"name":"QuadroPod Base with center colum"}]},{"@type":"WebSite","@id":"https:\/\/www.tx-lab.com\/#website","url":"https:\/\/www.tx-lab.com\/","name":"Tx-lab","description":"Products and services for image professionals","publisher":{"@id":"https:\/\/www.tx-lab.com\/#organization"},"potentialAction":[{"@type":"SearchAction","target":{"@type":"EntryPoint","urlTemplate":"https:\/\/www.tx-lab.com\/?s={search_term_string}"},"query-input":{"@type":"PropertyValueSpecification","valueRequired":true,"valueName":"search_term_string"}}],"inLanguage":"en-GB"},{"@type":"Organization","@id":"https:\/\/www.tx-lab.com\/#organization","name":"Tx-lab","url":"https:\/\/www.tx-lab.com\/","logo":{"@type":"ImageObject","inLanguage":"en-GB","@id":"https:\/\/www.tx-lab.com\/#\/schema\/logo\/image\/","url":"https:\/\/www.tx-lab.com\/wp-content\/uploads\/2022\/09\/logo_tx-lab-white-web.png","contentUrl":"https:\/\/www.tx-lab.com\/wp-content\/uploads\/2022\/09\/logo_tx-lab-white-web.png","width":520,"height":236,"caption":"Tx-lab"},"image":{"@id":"https:\/\/www.tx-lab.com\/#\/schema\/logo\/image\/"}}]}},"jetpack-related-posts":[],"jetpack_sharing_enabled":true,"_links":{"self":[{"href":"https:\/\/www.tx-lab.com\/en\/wp-json\/wp\/v2\/product\/19836","targetHints":{"allow":["GET"]}}],"collection":[{"href":"https:\/\/www.tx-lab.com\/en\/wp-json\/wp\/v2\/product"}],"about":[{"href":"https:\/\/www.tx-lab.com\/en\/wp-json\/wp\/v2\/types\/product"}],"replies":[{"embeddable":true,"href":"https:\/\/www.tx-lab.com\/en\/wp-json\/wp\/v2\/comments?post=19836"}],"wp:featuredmedia":[{"embeddable":true,"href":"https:\/\/www.tx-lab.com\/en\/wp-json\/wp\/v2\/media\/19835"}],"wp:attachment":[{"href":"https:\/\/www.tx-lab.com\/en\/wp-json\/wp\/v2\/media?parent=19836"}],"wp:term":[{"taxonomy":"product_brand","embeddable":true,"href":"https:\/\/www.tx-lab.com\/en\/wp-json\/wp\/v2\/product_brand?post=19836"},{"taxonomy":"product_cat","embeddable":true,"href":"https:\/\/www.tx-lab.com\/en\/wp-json\/wp\/v2\/product_cat?post=19836"},{"taxonomy":"product_tag","embeddable":true,"href":"https:\/\/www.tx-lab.com\/en\/wp-json\/wp\/v2\/product_tag?post=19836"}],"curies":[{"name":"wp","href":"https:\/\/api.w.org\/{rel}","templated":true}]}}