{"id":17778,"date":"2023-03-23T12:43:15","date_gmt":"2023-03-23T12:43:15","guid":{"rendered":"https:\/\/www.tx-lab.com\/?post_type=product&#038;p=17778"},"modified":"2025-12-02T11:42:28","modified_gmt":"2025-12-02T11:42:28","slug":"coloredge-cs2731-monitor-eizo","status":"publish","type":"product","link":"https:\/\/www.tx-lab.com\/en\/product\/coloredge-cs2731-monitor-eizo\/","title":{"rendered":"ColorEdge CS2731 - Eizo Monitor"},"content":{"rendered":"<p><b>Conexi\u00f3n de un solo cable con USB tipo C<\/b><\/p>\n<p>El CS2731 es el primero en la gama ColorEdge que presenta conectividad USB tipo C con una entrega de potencia de 60 W. Con un solo cable USB tipo C, puedes visualizar v\u00eddeo, transmitir se\u00f1ales USB y suministrar energ\u00eda a un dispositivo conectado como un smartphone o un port\u00e1til. Simplemente con\u00e9ctalo y dale rienda suelta a tu creatividad sin preocuparte por el desorden de cables.<\/p>\n<p>\n<b>Suministro de energ\u00eda de 60 W<\/b><\/p>\n<p>El terminal USB Tipo-C suministra hasta 60 W de potencia, por lo que incluso los port\u00e1tiles de gama alta se mantienen cargados mientras trabajan. Esto libera tu espacio de trabajo de un adaptador de corriente externo adicional.<\/p>\n<p>\n<b>Software ColorNavigator 7<\/b><\/p>\n<p>ColorNavigator 7 es el \u00faltimo software de calibraci\u00f3n y control de calidad para los monitores de gesti\u00f3n de color ColorEdge. Combina todas las caracter\u00edsticas del anterior software de administraci\u00f3n de color de EIZO, ColorNavigator 6 y ColorNavigator NX, para crear una soluci\u00f3n nueva y mejorada para creativos en una variedad de campos. El software patentado realiza la calibraci\u00f3n del hardware utilizando directamente la LUT (tabla de consulta) del monitor para una mayor precisi\u00f3n y mejores caracter\u00edsticas de gradaci\u00f3n en comparaci\u00f3n con la calibraci\u00f3n por software.<\/p>\n<p>\n<b>Software Quick Color Match<\/b><\/p>\n<p>Incluso con todo el equipo adecuado la igualaci\u00f3n de colores puede ser un proceso tedioso, desde el ajuste del monitor hasta la determinaci\u00f3n del mejor software de retoque y la configuraci\u00f3n de la impresora, lograr una impresi\u00f3n precisa lleva mucho tiempo. Quick Color Match simplifica en gran medida el proceso al ajustarse autom\u00e1ticamente al monitor ideal, el software de retoque y la configuraci\u00f3n de la impresora para que puedas concentrarte en editar tus fotos e imprimir tu trabajo de forma r\u00e1pida y sin complicaciones. Simplemente arrastra y suelta tu foto en la ventana Quick Color Match para iniciar autom\u00e1ticamente el proceso.<\/p>","protected":false},"excerpt":{"rendered":"<p>Monitor LCD de calibraci\u00f3n de hardware de 27&#8243; (68,5 cm). Agiliza tu espacio de trabajo creativo y nutre tu imaginaci\u00f3n sin l\u00edmites. Deja atr\u00e1s el desorden de cables y los problemas de conectividad con este monitor de gesti\u00f3n de color equipado con USB Tipo-C. Con conexi\u00f3n de un \u00fanico cable y suministro de energ\u00eda de 60 W, brinda comodidad y un espacio de trabajo optimizado para que puedas enfocar tu energ\u00eda creativa donde m\u00e1s te interesa.<\/p>","protected":false},"featured_media":19682,"comment_status":"open","ping_status":"closed","template":"","meta":[],"product_brand":[],"product_cat":[514],"product_tag":[1559,1560,1561,1562,1440],"class_list":{"0":"post-17778","1":"product","2":"type-product","3":"status-publish","4":"has-post-thumbnail","6":"product_cat-monitores-foto","7":"product_tag-eizo","8":"product_tag-gestion-de-color","9":"product_tag-impresion","10":"product_tag-laboratorio","11":"product_tag-monitor","12":"product_shipping_class-fondos","14":"first","15":"onbackorder","16":"taxable","17":"shipping-taxable","18":"purchasable","19":"product-type-simple"},"yoast_head":"<!-- This site is optimized with the Yoast SEO plugin v27.4 - https:\/\/yoast.com\/product\/yoast-seo-wordpress\/ -->\n<title>\u1409 ColorEdge CS2731 - Monitor Eizo | Tx-lab<\/title>\n<meta name=\"description\" content=\"\ud83e\udd47 Entra y descubre \u261d ColorEdge CS2731 - Monitor Eizo. La mejor tecnolog\u00eda disponible en... comprar ColorEdge CS2731 - Monitor Eizo al mejor precio \u2705 ColorEdge CS2731 - Monitor Eizo recomendado para...\" \/>\n<meta name=\"robots\" content=\"index, follow, max-snippet:-1, max-image-preview:large, max-video-preview:-1\" \/>\n<link rel=\"canonical\" href=\"https:\/\/www.tx-lab.com\/en\/product\/coloredge-cs2731-monitor-eizo\/\" \/>\n<meta property=\"og:locale\" content=\"en_GB\" \/>\n<meta property=\"og:type\" content=\"article\" \/>\n<meta property=\"og:title\" content=\"\u1409 ColorEdge CS2731 - Monitor Eizo | Tx-lab\" \/>\n<meta property=\"og:description\" content=\"\ud83e\udd47 Entra y descubre \u261d ColorEdge CS2731 - Monitor Eizo. La mejor tecnolog\u00eda disponible en... comprar ColorEdge CS2731 - Monitor Eizo al mejor precio \u2705 ColorEdge CS2731 - Monitor Eizo recomendado para...\" \/>\n<meta property=\"og:url\" content=\"https:\/\/www.tx-lab.com\/en\/product\/coloredge-cs2731-monitor-eizo\/\" \/>\n<meta property=\"og:site_name\" content=\"Tx-lab\" \/>\n<meta property=\"article:modified_time\" content=\"2025-12-02T11:42:28+00:00\" \/>\n<meta property=\"og:image\" content=\"https:\/\/www.tx-lab.com\/wp-content\/uploads\/2023\/03\/imgXmAw3i.jpg\" \/>\n\t<meta property=\"og:image:width\" content=\"1200\" \/>\n\t<meta property=\"og:image:height\" content=\"960\" \/>\n\t<meta property=\"og:image:type\" content=\"image\/jpeg\" \/>\n<meta name=\"twitter:card\" content=\"summary_large_image\" \/>\n<meta name=\"twitter:label1\" content=\"Estimated reading time\" \/>\n\t<meta name=\"twitter:data1\" content=\"2 minutes\" \/>\n<script type=\"application\/ld+json\" class=\"yoast-schema-graph\">{\"@context\":\"https:\\\/\\\/schema.org\",\"@graph\":[{\"@type\":\"WebPage\",\"@id\":\"https:\\\/\\\/www.tx-lab.com\\\/producto\\\/coloredge-cs2731-monitor-eizo\\\/\",\"url\":\"https:\\\/\\\/www.tx-lab.com\\\/producto\\\/coloredge-cs2731-monitor-eizo\\\/\",\"name\":\"\u1409 ColorEdge CS2731 - Monitor Eizo | Tx-lab\",\"isPartOf\":{\"@id\":\"https:\\\/\\\/www.tx-lab.com\\\/#website\"},\"primaryImageOfPage\":{\"@id\":\"https:\\\/\\\/www.tx-lab.com\\\/producto\\\/coloredge-cs2731-monitor-eizo\\\/#primaryimage\"},\"image\":{\"@id\":\"https:\\\/\\\/www.tx-lab.com\\\/producto\\\/coloredge-cs2731-monitor-eizo\\\/#primaryimage\"},\"thumbnailUrl\":\"https:\\\/\\\/www.tx-lab.com\\\/wp-content\\\/uploads\\\/2023\\\/11\\\/imgFGzcbA.jpg\",\"datePublished\":\"2023-03-23T12:43:15+00:00\",\"dateModified\":\"2025-12-02T11:42:28+00:00\",\"description\":\"\ud83e\udd47 Entra y descubre \u261d ColorEdge CS2731 - Monitor Eizo. La mejor tecnolog\u00eda disponible en... comprar ColorEdge CS2731 - Monitor Eizo al mejor precio \u2705 ColorEdge CS2731 - Monitor Eizo recomendado para...\",\"breadcrumb\":{\"@id\":\"https:\\\/\\\/www.tx-lab.com\\\/producto\\\/coloredge-cs2731-monitor-eizo\\\/#breadcrumb\"},\"inLanguage\":\"en-GB\",\"potentialAction\":[{\"@type\":\"ReadAction\",\"target\":[\"https:\\\/\\\/www.tx-lab.com\\\/producto\\\/coloredge-cs2731-monitor-eizo\\\/\"]}]},{\"@type\":\"ImageObject\",\"inLanguage\":\"en-GB\",\"@id\":\"https:\\\/\\\/www.tx-lab.com\\\/producto\\\/coloredge-cs2731-monitor-eizo\\\/#primaryimage\",\"url\":\"https:\\\/\\\/www.tx-lab.com\\\/wp-content\\\/uploads\\\/2023\\\/11\\\/imgFGzcbA.jpg\",\"contentUrl\":\"https:\\\/\\\/www.tx-lab.com\\\/wp-content\\\/uploads\\\/2023\\\/11\\\/imgFGzcbA.jpg\",\"width\":2131,\"height\":2131},{\"@type\":\"BreadcrumbList\",\"@id\":\"https:\\\/\\\/www.tx-lab.com\\\/producto\\\/coloredge-cs2731-monitor-eizo\\\/#breadcrumb\",\"itemListElement\":[{\"@type\":\"ListItem\",\"position\":1,\"name\":\"Portada\",\"item\":\"https:\\\/\\\/www.tx-lab.com\\\/\"},{\"@type\":\"ListItem\",\"position\":2,\"name\":\"Tienda\",\"item\":\"https:\\\/\\\/www.tx-lab.com\\\/tienda\\\/\"},{\"@type\":\"ListItem\",\"position\":3,\"name\":\"ColorEdge CS2731 &#8211; Monitor Eizo\"}]},{\"@type\":\"WebSite\",\"@id\":\"https:\\\/\\\/www.tx-lab.com\\\/#website\",\"url\":\"https:\\\/\\\/www.tx-lab.com\\\/\",\"name\":\"Tx-lab\",\"description\":\"Productos y servicios para profesionales de la imagen\",\"publisher\":{\"@id\":\"https:\\\/\\\/www.tx-lab.com\\\/#organization\"},\"potentialAction\":[{\"@type\":\"SearchAction\",\"target\":{\"@type\":\"EntryPoint\",\"urlTemplate\":\"https:\\\/\\\/www.tx-lab.com\\\/?s={search_term_string}\"},\"query-input\":{\"@type\":\"PropertyValueSpecification\",\"valueRequired\":true,\"valueName\":\"search_term_string\"}}],\"inLanguage\":\"en-GB\"},{\"@type\":\"Organization\",\"@id\":\"https:\\\/\\\/www.tx-lab.com\\\/#organization\",\"name\":\"Tx-lab\",\"url\":\"https:\\\/\\\/www.tx-lab.com\\\/\",\"logo\":{\"@type\":\"ImageObject\",\"inLanguage\":\"en-GB\",\"@id\":\"https:\\\/\\\/www.tx-lab.com\\\/#\\\/schema\\\/logo\\\/image\\\/\",\"url\":\"https:\\\/\\\/www.tx-lab.com\\\/wp-content\\\/uploads\\\/2022\\\/09\\\/logo_tx-lab-white-web.png\",\"contentUrl\":\"https:\\\/\\\/www.tx-lab.com\\\/wp-content\\\/uploads\\\/2022\\\/09\\\/logo_tx-lab-white-web.png\",\"width\":520,\"height\":236,\"caption\":\"Tx-lab\"},\"image\":{\"@id\":\"https:\\\/\\\/www.tx-lab.com\\\/#\\\/schema\\\/logo\\\/image\\\/\"}}]}<\/script>\n<!-- \/ Yoast SEO plugin. -->","yoast_head_json":{"title":"\u1409 ColorEdge CS2731 - Monitor Eizo | Tx-lab","description":"\ud83e\udd47 Entra y descubre \u261d ColorEdge CS2731 - Monitor Eizo. La mejor tecnolog\u00eda disponible en... comprar ColorEdge CS2731 - Monitor Eizo al mejor precio \u2705 ColorEdge CS2731 - Monitor Eizo recomendado para...","robots":{"index":"index","follow":"follow","max-snippet":"max-snippet:-1","max-image-preview":"max-image-preview:large","max-video-preview":"max-video-preview:-1"},"canonical":"https:\/\/www.tx-lab.com\/en\/product\/coloredge-cs2731-monitor-eizo\/","og_locale":"en_GB","og_type":"article","og_title":"\u1409 ColorEdge CS2731 - Monitor Eizo | Tx-lab","og_description":"\ud83e\udd47 Entra y descubre \u261d ColorEdge CS2731 - Monitor Eizo. La mejor tecnolog\u00eda disponible en... comprar ColorEdge CS2731 - Monitor Eizo al mejor precio \u2705 ColorEdge CS2731 - Monitor Eizo recomendado para...","og_url":"https:\/\/www.tx-lab.com\/en\/product\/coloredge-cs2731-monitor-eizo\/","og_site_name":"Tx-lab","article_modified_time":"2025-12-02T11:42:28+00:00","og_image":[{"width":1200,"height":960,"url":"https:\/\/www.tx-lab.com\/wp-content\/uploads\/2023\/03\/imgXmAw3i.jpg","type":"image\/jpeg"}],"twitter_card":"summary_large_image","twitter_misc":{"Estimated reading time":"2 minutes"},"schema":{"@context":"https:\/\/schema.org","@graph":[{"@type":"WebPage","@id":"https:\/\/www.tx-lab.com\/producto\/coloredge-cs2731-monitor-eizo\/","url":"https:\/\/www.tx-lab.com\/producto\/coloredge-cs2731-monitor-eizo\/","name":"\u1409 ColorEdge CS2731 - Monitor Eizo | Tx-lab","isPartOf":{"@id":"https:\/\/www.tx-lab.com\/#website"},"primaryImageOfPage":{"@id":"https:\/\/www.tx-lab.com\/producto\/coloredge-cs2731-monitor-eizo\/#primaryimage"},"image":{"@id":"https:\/\/www.tx-lab.com\/producto\/coloredge-cs2731-monitor-eizo\/#primaryimage"},"thumbnailUrl":"https:\/\/www.tx-lab.com\/wp-content\/uploads\/2023\/11\/imgFGzcbA.jpg","datePublished":"2023-03-23T12:43:15+00:00","dateModified":"2025-12-02T11:42:28+00:00","description":"\ud83e\udd47 Entra y descubre \u261d ColorEdge CS2731 - Monitor Eizo. La mejor tecnolog\u00eda disponible en... comprar ColorEdge CS2731 - Monitor Eizo al mejor precio \u2705 ColorEdge CS2731 - Monitor Eizo recomendado para...","breadcrumb":{"@id":"https:\/\/www.tx-lab.com\/producto\/coloredge-cs2731-monitor-eizo\/#breadcrumb"},"inLanguage":"en-GB","potentialAction":[{"@type":"ReadAction","target":["https:\/\/www.tx-lab.com\/producto\/coloredge-cs2731-monitor-eizo\/"]}]},{"@type":"ImageObject","inLanguage":"en-GB","@id":"https:\/\/www.tx-lab.com\/producto\/coloredge-cs2731-monitor-eizo\/#primaryimage","url":"https:\/\/www.tx-lab.com\/wp-content\/uploads\/2023\/11\/imgFGzcbA.jpg","contentUrl":"https:\/\/www.tx-lab.com\/wp-content\/uploads\/2023\/11\/imgFGzcbA.jpg","width":2131,"height":2131},{"@type":"BreadcrumbList","@id":"https:\/\/www.tx-lab.com\/producto\/coloredge-cs2731-monitor-eizo\/#breadcrumb","itemListElement":[{"@type":"ListItem","position":1,"name":"Portada","item":"https:\/\/www.tx-lab.com\/"},{"@type":"ListItem","position":2,"name":"Tienda","item":"https:\/\/www.tx-lab.com\/tienda\/"},{"@type":"ListItem","position":3,"name":"ColorEdge CS2731 &#8211; Monitor Eizo"}]},{"@type":"WebSite","@id":"https:\/\/www.tx-lab.com\/#website","url":"https:\/\/www.tx-lab.com\/","name":"Tx-lab","description":"Products and services for image professionals","publisher":{"@id":"https:\/\/www.tx-lab.com\/#organization"},"potentialAction":[{"@type":"SearchAction","target":{"@type":"EntryPoint","urlTemplate":"https:\/\/www.tx-lab.com\/?s={search_term_string}"},"query-input":{"@type":"PropertyValueSpecification","valueRequired":true,"valueName":"search_term_string"}}],"inLanguage":"en-GB"},{"@type":"Organization","@id":"https:\/\/www.tx-lab.com\/#organization","name":"Tx-lab","url":"https:\/\/www.tx-lab.com\/","logo":{"@type":"ImageObject","inLanguage":"en-GB","@id":"https:\/\/www.tx-lab.com\/#\/schema\/logo\/image\/","url":"https:\/\/www.tx-lab.com\/wp-content\/uploads\/2022\/09\/logo_tx-lab-white-web.png","contentUrl":"https:\/\/www.tx-lab.com\/wp-content\/uploads\/2022\/09\/logo_tx-lab-white-web.png","width":520,"height":236,"caption":"Tx-lab"},"image":{"@id":"https:\/\/www.tx-lab.com\/#\/schema\/logo\/image\/"}}]}},"jetpack-related-posts":[],"jetpack_sharing_enabled":true,"_links":{"self":[{"href":"https:\/\/www.tx-lab.com\/en\/wp-json\/wp\/v2\/product\/17778","targetHints":{"allow":["GET"]}}],"collection":[{"href":"https:\/\/www.tx-lab.com\/en\/wp-json\/wp\/v2\/product"}],"about":[{"href":"https:\/\/www.tx-lab.com\/en\/wp-json\/wp\/v2\/types\/product"}],"replies":[{"embeddable":true,"href":"https:\/\/www.tx-lab.com\/en\/wp-json\/wp\/v2\/comments?post=17778"}],"wp:featuredmedia":[{"embeddable":true,"href":"https:\/\/www.tx-lab.com\/en\/wp-json\/wp\/v2\/media\/19682"}],"wp:attachment":[{"href":"https:\/\/www.tx-lab.com\/en\/wp-json\/wp\/v2\/media?parent=17778"}],"wp:term":[{"taxonomy":"product_brand","embeddable":true,"href":"https:\/\/www.tx-lab.com\/en\/wp-json\/wp\/v2\/product_brand?post=17778"},{"taxonomy":"product_cat","embeddable":true,"href":"https:\/\/www.tx-lab.com\/en\/wp-json\/wp\/v2\/product_cat?post=17778"},{"taxonomy":"product_tag","embeddable":true,"href":"https:\/\/www.tx-lab.com\/en\/wp-json\/wp\/v2\/product_tag?post=17778"}],"curies":[{"name":"wp","href":"https:\/\/api.w.org\/{rel}","templated":true}]}}