{"id":16934,"date":"2023-01-04T09:48:58","date_gmt":"2023-01-04T09:48:58","guid":{"rendered":"https:\/\/www.tx-lab.com\/?post_type=product&#038;p=16934"},"modified":"2024-07-22T21:41:06","modified_gmt":"2024-07-22T21:41:06","slug":"kaiser-mesa-repro-rs-10-60x50-cm","status":"publish","type":"product","link":"https:\/\/www.tx-lab.com\/en\/product\/kaiser-mesa-repro-rs-10-60x50-cm\/","title":{"rendered":"Kaiser &#8211; MESA REPRO RS 10 60&#215;50 cm"},"content":{"rendered":"<div><strong>SOPORTE (Consiste en el tablero base con la columna y el brazo de la c\u00e1mara)<\/strong><\/div>\n<div><strong><br \/><\/strong><\/div>\n<div> <\/div>\n<div><strong>Tablero base<\/strong> (Gris mate, con rejilla fina, escala impresa en cent\u00edmetros y pulgadas)<\/div>\n<ul>\n<li><strong>Dimensiones externas<\/strong> 60x50cm<\/li>\n<li><strong>Grosor<\/strong> 32mm<\/li>\n<li>Base con nivel de burbuja de aire<\/li>\n<li>Patas ajustables en altura<\/li>\n<\/ul>\n<div> <\/div>\n<div><strong>Columna <\/strong>(Tubo<br \/>\n de secci\u00f3n de aluminio negro mate anodizado, ancho: 70mm, escala de<br \/>\ncent\u00edmetros y pulgadas, manivela para la regulaci\u00f3n de la altura)<\/div>\n<ul>\n<li><strong>Altura <\/strong>100cm<\/li>\n<li>Regulaci\u00f3n de altura por pi\u00f1\u00f3n y cremallera<\/li>\n<li>Contrapeso<\/li>\n<\/ul>\n<div>\n<div> <\/div>\n<ul>\n<li>Para usuarios profesionales y los fot\u00f3grafos especializados.<\/li>\n<li>Alta estabilidad, precisi\u00f3n angular y calidad artesanal.<\/li>\n<li>Ideal para el uso con sistemas de la c\u00e1maras de hasta 4 kg de peso total.<\/li>\n<li>Amplio rango de componentes y accesorios.<\/li>\n<li>Unidades adaptables a requisitos individuales.<\/li>\n<li>Las tableros base de varios tama\u00f1os, columnas de diferentes alturas, brazos de c\u00e1mara con variedad de opciones de ajuste.<\/li>\n<li>Unidades<br \/>\n de iluminaci\u00f3n con varias l\u00e1mparas y reflectores, trabajando diferentes<br \/>\n niveles de potencia, con varias opciones de ajuste de montaje.<\/li>\n<li>Este<br \/>\n sistema \u0096 optimizado para adaptabilidad \u0096 es completamente modular y,<br \/>\npor consiguiente, permite tambi\u00e9n configuraciones personalizadas.<\/li>\n<\/ul>\n<\/div>\n<div><strong>Brazo de c\u00e1mara <\/strong>(Intercambiable)<\/div>\n<ul>\n<li><strong>Tipo <\/strong>RTP<\/li>\n<li><strong>Adaptabilidad <\/strong>horizontal<\/li>\n<li><strong>Montura de c\u00e1mara<\/strong> B3\/8 \/\/ B1\/4, cambiable<\/li>\n<li>Dispositivo de posicionamiento de c\u00e1mara<\/li>\n<li>Bot\u00f3n de bloqueo<\/li>\n<li><strong>Posiciones de c\u00e1mara<\/strong> frontal<\/li>\n<\/ul>\n<div> <\/div>\n<div><strong>Dimensions<\/strong><\/div>\n<ul>\n<li><strong>Altura <\/strong>105,5cm<\/li>\n<li><strong>Longitud del brazo<\/strong> 15,5 &#8211; 23,8cm<\/li>\n<li><strong>Base <\/strong>60x43cm<\/li>\n<li><strong>Carga m\u00e1xima<\/strong> 4kg<\/li>\n<\/ul>","protected":false},"excerpt":{"rendered":"<p>Altura 1m. Base 60x50cm. Para usuarios profesionales y los fot\u00f3grafos especializados. Alta estabilidad, precisi\u00f3n angular y calidad artesanal. Ideal para el uso con sistemas de la c\u00e1maras de hasta 4 kg de peso total. Este sistema \u0096 optimizado para adaptabilidad \u0096 es completamente modular y, por consiguiente, permite tambi\u00e9n configuraciones personalizadas.<\/p>","protected":false},"featured_media":16933,"comment_status":"open","ping_status":"closed","template":"","meta":[],"product_brand":[],"product_cat":[535],"product_tag":[1624,1625,1622,1623],"class_list":{"0":"post-16934","1":"product","2":"type-product","3":"status-publish","4":"has-post-thumbnail","6":"product_cat-mesas-de-bodegon","7":"product_tag-kaiser","8":"product_tag-mesa-de-reproduccion","9":"product_tag-repro","10":"product_tag-reproduccion","12":"first","13":"onbackorder","14":"taxable","15":"shipping-taxable","16":"purchasable","17":"product-type-simple"},"yoast_head":"<!-- This site is optimized with the Yoast SEO plugin v27.4 - https:\/\/yoast.com\/product\/yoast-seo-wordpress\/ -->\n<title>\u1409 Kaiser - MESA REPRO RS 10 60x50 cm | Tx-lab<\/title>\n<meta name=\"description\" content=\"\ud83e\udd47 Entra y descubre \u261d Kaiser - MESA REPRO RS 10 60x50 cm. La mejor tecnolog\u00eda disponible en... comprar Kaiser - MESA REPRO RS 10 60x50 cm al mejor precio \u2705 Kaiser - MESA REPRO RS 10 60x50 cm recomendado para...\" \/>\n<meta name=\"robots\" content=\"index, follow, max-snippet:-1, max-image-preview:large, max-video-preview:-1\" \/>\n<link rel=\"canonical\" href=\"https:\/\/www.tx-lab.com\/en\/product\/kaiser-mesa-repro-rs-10-60x50-cm\/\" \/>\n<meta property=\"og:locale\" content=\"en_GB\" \/>\n<meta property=\"og:type\" content=\"article\" \/>\n<meta property=\"og:title\" content=\"\u1409 Kaiser - MESA REPRO RS 10 60x50 cm | Tx-lab\" \/>\n<meta property=\"og:description\" content=\"\ud83e\udd47 Entra y descubre \u261d Kaiser - MESA REPRO RS 10 60x50 cm. La mejor tecnolog\u00eda disponible en... comprar Kaiser - MESA REPRO RS 10 60x50 cm al mejor precio \u2705 Kaiser - MESA REPRO RS 10 60x50 cm recomendado para...\" \/>\n<meta property=\"og:url\" content=\"https:\/\/www.tx-lab.com\/en\/product\/kaiser-mesa-repro-rs-10-60x50-cm\/\" \/>\n<meta property=\"og:site_name\" content=\"Tx-lab\" \/>\n<meta property=\"article:modified_time\" content=\"2024-07-22T21:41:06+00:00\" \/>\n<meta property=\"og:image\" content=\"https:\/\/www.tx-lab.com\/wp-content\/uploads\/2023\/01\/imgITQTo4.jpg\" \/>\n\t<meta property=\"og:image:width\" content=\"1000\" \/>\n\t<meta property=\"og:image:height\" content=\"1000\" \/>\n\t<meta property=\"og:image:type\" content=\"image\/jpeg\" \/>\n<meta name=\"twitter:card\" content=\"summary_large_image\" \/>\n<meta name=\"twitter:label1\" content=\"Estimated reading time\" \/>\n\t<meta name=\"twitter:data1\" content=\"1 minute\" \/>\n<script type=\"application\/ld+json\" class=\"yoast-schema-graph\">{\"@context\":\"https:\\\/\\\/schema.org\",\"@graph\":[{\"@type\":\"WebPage\",\"@id\":\"https:\\\/\\\/www.tx-lab.com\\\/producto\\\/kaiser-mesa-repro-rs-10-60x50-cm\\\/\",\"url\":\"https:\\\/\\\/www.tx-lab.com\\\/producto\\\/kaiser-mesa-repro-rs-10-60x50-cm\\\/\",\"name\":\"\u1409 Kaiser - MESA REPRO RS 10 60x50 cm | Tx-lab\",\"isPartOf\":{\"@id\":\"https:\\\/\\\/www.tx-lab.com\\\/#website\"},\"primaryImageOfPage\":{\"@id\":\"https:\\\/\\\/www.tx-lab.com\\\/producto\\\/kaiser-mesa-repro-rs-10-60x50-cm\\\/#primaryimage\"},\"image\":{\"@id\":\"https:\\\/\\\/www.tx-lab.com\\\/producto\\\/kaiser-mesa-repro-rs-10-60x50-cm\\\/#primaryimage\"},\"thumbnailUrl\":\"https:\\\/\\\/www.tx-lab.com\\\/wp-content\\\/uploads\\\/2023\\\/01\\\/imgITQTo4.jpg\",\"datePublished\":\"2023-01-04T09:48:58+00:00\",\"dateModified\":\"2024-07-22T21:41:06+00:00\",\"description\":\"\ud83e\udd47 Entra y descubre \u261d Kaiser - MESA REPRO RS 10 60x50 cm. La mejor tecnolog\u00eda disponible en... comprar Kaiser - MESA REPRO RS 10 60x50 cm al mejor precio \u2705 Kaiser - MESA REPRO RS 10 60x50 cm recomendado para...\",\"breadcrumb\":{\"@id\":\"https:\\\/\\\/www.tx-lab.com\\\/producto\\\/kaiser-mesa-repro-rs-10-60x50-cm\\\/#breadcrumb\"},\"inLanguage\":\"en-GB\",\"potentialAction\":[{\"@type\":\"ReadAction\",\"target\":[\"https:\\\/\\\/www.tx-lab.com\\\/producto\\\/kaiser-mesa-repro-rs-10-60x50-cm\\\/\"]}]},{\"@type\":\"ImageObject\",\"inLanguage\":\"en-GB\",\"@id\":\"https:\\\/\\\/www.tx-lab.com\\\/producto\\\/kaiser-mesa-repro-rs-10-60x50-cm\\\/#primaryimage\",\"url\":\"https:\\\/\\\/www.tx-lab.com\\\/wp-content\\\/uploads\\\/2023\\\/01\\\/imgITQTo4.jpg\",\"contentUrl\":\"https:\\\/\\\/www.tx-lab.com\\\/wp-content\\\/uploads\\\/2023\\\/01\\\/imgITQTo4.jpg\",\"width\":1000,\"height\":1000},{\"@type\":\"BreadcrumbList\",\"@id\":\"https:\\\/\\\/www.tx-lab.com\\\/producto\\\/kaiser-mesa-repro-rs-10-60x50-cm\\\/#breadcrumb\",\"itemListElement\":[{\"@type\":\"ListItem\",\"position\":1,\"name\":\"Portada\",\"item\":\"https:\\\/\\\/www.tx-lab.com\\\/\"},{\"@type\":\"ListItem\",\"position\":2,\"name\":\"Tienda\",\"item\":\"https:\\\/\\\/www.tx-lab.com\\\/tienda\\\/\"},{\"@type\":\"ListItem\",\"position\":3,\"name\":\"Kaiser &#8211; MESA REPRO RS 10 60&#215;50 cm\"}]},{\"@type\":\"WebSite\",\"@id\":\"https:\\\/\\\/www.tx-lab.com\\\/#website\",\"url\":\"https:\\\/\\\/www.tx-lab.com\\\/\",\"name\":\"Tx-lab\",\"description\":\"Productos y servicios para profesionales de la imagen\",\"publisher\":{\"@id\":\"https:\\\/\\\/www.tx-lab.com\\\/#organization\"},\"potentialAction\":[{\"@type\":\"SearchAction\",\"target\":{\"@type\":\"EntryPoint\",\"urlTemplate\":\"https:\\\/\\\/www.tx-lab.com\\\/?s={search_term_string}\"},\"query-input\":{\"@type\":\"PropertyValueSpecification\",\"valueRequired\":true,\"valueName\":\"search_term_string\"}}],\"inLanguage\":\"en-GB\"},{\"@type\":\"Organization\",\"@id\":\"https:\\\/\\\/www.tx-lab.com\\\/#organization\",\"name\":\"Tx-lab\",\"url\":\"https:\\\/\\\/www.tx-lab.com\\\/\",\"logo\":{\"@type\":\"ImageObject\",\"inLanguage\":\"en-GB\",\"@id\":\"https:\\\/\\\/www.tx-lab.com\\\/#\\\/schema\\\/logo\\\/image\\\/\",\"url\":\"https:\\\/\\\/www.tx-lab.com\\\/wp-content\\\/uploads\\\/2022\\\/09\\\/logo_tx-lab-white-web.png\",\"contentUrl\":\"https:\\\/\\\/www.tx-lab.com\\\/wp-content\\\/uploads\\\/2022\\\/09\\\/logo_tx-lab-white-web.png\",\"width\":520,\"height\":236,\"caption\":\"Tx-lab\"},\"image\":{\"@id\":\"https:\\\/\\\/www.tx-lab.com\\\/#\\\/schema\\\/logo\\\/image\\\/\"}}]}<\/script>\n<!-- \/ Yoast SEO plugin. -->","yoast_head_json":{"title":"\u1409 Kaiser - MESA REPRO RS 10 60x50 cm | Tx-lab","description":"\ud83e\udd47 Entra y descubre \u261d Kaiser - MESA REPRO RS 10 60x50 cm. La mejor tecnolog\u00eda disponible en... comprar Kaiser - MESA REPRO RS 10 60x50 cm al mejor precio \u2705 Kaiser - MESA REPRO RS 10 60x50 cm recomendado para...","robots":{"index":"index","follow":"follow","max-snippet":"max-snippet:-1","max-image-preview":"max-image-preview:large","max-video-preview":"max-video-preview:-1"},"canonical":"https:\/\/www.tx-lab.com\/en\/product\/kaiser-mesa-repro-rs-10-60x50-cm\/","og_locale":"en_GB","og_type":"article","og_title":"\u1409 Kaiser - MESA REPRO RS 10 60x50 cm | Tx-lab","og_description":"\ud83e\udd47 Entra y descubre \u261d Kaiser - MESA REPRO RS 10 60x50 cm. La mejor tecnolog\u00eda disponible en... comprar Kaiser - MESA REPRO RS 10 60x50 cm al mejor precio \u2705 Kaiser - MESA REPRO RS 10 60x50 cm recomendado para...","og_url":"https:\/\/www.tx-lab.com\/en\/product\/kaiser-mesa-repro-rs-10-60x50-cm\/","og_site_name":"Tx-lab","article_modified_time":"2024-07-22T21:41:06+00:00","og_image":[{"width":1000,"height":1000,"url":"https:\/\/www.tx-lab.com\/wp-content\/uploads\/2023\/01\/imgITQTo4.jpg","type":"image\/jpeg"}],"twitter_card":"summary_large_image","twitter_misc":{"Estimated reading time":"1 minute"},"schema":{"@context":"https:\/\/schema.org","@graph":[{"@type":"WebPage","@id":"https:\/\/www.tx-lab.com\/producto\/kaiser-mesa-repro-rs-10-60x50-cm\/","url":"https:\/\/www.tx-lab.com\/producto\/kaiser-mesa-repro-rs-10-60x50-cm\/","name":"\u1409 Kaiser - MESA REPRO RS 10 60x50 cm | Tx-lab","isPartOf":{"@id":"https:\/\/www.tx-lab.com\/#website"},"primaryImageOfPage":{"@id":"https:\/\/www.tx-lab.com\/producto\/kaiser-mesa-repro-rs-10-60x50-cm\/#primaryimage"},"image":{"@id":"https:\/\/www.tx-lab.com\/producto\/kaiser-mesa-repro-rs-10-60x50-cm\/#primaryimage"},"thumbnailUrl":"https:\/\/www.tx-lab.com\/wp-content\/uploads\/2023\/01\/imgITQTo4.jpg","datePublished":"2023-01-04T09:48:58+00:00","dateModified":"2024-07-22T21:41:06+00:00","description":"\ud83e\udd47 Entra y descubre \u261d Kaiser - MESA REPRO RS 10 60x50 cm. La mejor tecnolog\u00eda disponible en... comprar Kaiser - MESA REPRO RS 10 60x50 cm al mejor precio \u2705 Kaiser - MESA REPRO RS 10 60x50 cm recomendado para...","breadcrumb":{"@id":"https:\/\/www.tx-lab.com\/producto\/kaiser-mesa-repro-rs-10-60x50-cm\/#breadcrumb"},"inLanguage":"en-GB","potentialAction":[{"@type":"ReadAction","target":["https:\/\/www.tx-lab.com\/producto\/kaiser-mesa-repro-rs-10-60x50-cm\/"]}]},{"@type":"ImageObject","inLanguage":"en-GB","@id":"https:\/\/www.tx-lab.com\/producto\/kaiser-mesa-repro-rs-10-60x50-cm\/#primaryimage","url":"https:\/\/www.tx-lab.com\/wp-content\/uploads\/2023\/01\/imgITQTo4.jpg","contentUrl":"https:\/\/www.tx-lab.com\/wp-content\/uploads\/2023\/01\/imgITQTo4.jpg","width":1000,"height":1000},{"@type":"BreadcrumbList","@id":"https:\/\/www.tx-lab.com\/producto\/kaiser-mesa-repro-rs-10-60x50-cm\/#breadcrumb","itemListElement":[{"@type":"ListItem","position":1,"name":"Portada","item":"https:\/\/www.tx-lab.com\/"},{"@type":"ListItem","position":2,"name":"Tienda","item":"https:\/\/www.tx-lab.com\/tienda\/"},{"@type":"ListItem","position":3,"name":"Kaiser &#8211; MESA REPRO RS 10 60&#215;50 cm"}]},{"@type":"WebSite","@id":"https:\/\/www.tx-lab.com\/#website","url":"https:\/\/www.tx-lab.com\/","name":"Tx-lab","description":"Products and services for image professionals","publisher":{"@id":"https:\/\/www.tx-lab.com\/#organization"},"potentialAction":[{"@type":"SearchAction","target":{"@type":"EntryPoint","urlTemplate":"https:\/\/www.tx-lab.com\/?s={search_term_string}"},"query-input":{"@type":"PropertyValueSpecification","valueRequired":true,"valueName":"search_term_string"}}],"inLanguage":"en-GB"},{"@type":"Organization","@id":"https:\/\/www.tx-lab.com\/#organization","name":"Tx-lab","url":"https:\/\/www.tx-lab.com\/","logo":{"@type":"ImageObject","inLanguage":"en-GB","@id":"https:\/\/www.tx-lab.com\/#\/schema\/logo\/image\/","url":"https:\/\/www.tx-lab.com\/wp-content\/uploads\/2022\/09\/logo_tx-lab-white-web.png","contentUrl":"https:\/\/www.tx-lab.com\/wp-content\/uploads\/2022\/09\/logo_tx-lab-white-web.png","width":520,"height":236,"caption":"Tx-lab"},"image":{"@id":"https:\/\/www.tx-lab.com\/#\/schema\/logo\/image\/"}}]}},"jetpack-related-posts":[],"jetpack_sharing_enabled":true,"_links":{"self":[{"href":"https:\/\/www.tx-lab.com\/en\/wp-json\/wp\/v2\/product\/16934","targetHints":{"allow":["GET"]}}],"collection":[{"href":"https:\/\/www.tx-lab.com\/en\/wp-json\/wp\/v2\/product"}],"about":[{"href":"https:\/\/www.tx-lab.com\/en\/wp-json\/wp\/v2\/types\/product"}],"replies":[{"embeddable":true,"href":"https:\/\/www.tx-lab.com\/en\/wp-json\/wp\/v2\/comments?post=16934"}],"wp:featuredmedia":[{"embeddable":true,"href":"https:\/\/www.tx-lab.com\/en\/wp-json\/wp\/v2\/media\/16933"}],"wp:attachment":[{"href":"https:\/\/www.tx-lab.com\/en\/wp-json\/wp\/v2\/media?parent=16934"}],"wp:term":[{"taxonomy":"product_brand","embeddable":true,"href":"https:\/\/www.tx-lab.com\/en\/wp-json\/wp\/v2\/product_brand?post=16934"},{"taxonomy":"product_cat","embeddable":true,"href":"https:\/\/www.tx-lab.com\/en\/wp-json\/wp\/v2\/product_cat?post=16934"},{"taxonomy":"product_tag","embeddable":true,"href":"https:\/\/www.tx-lab.com\/en\/wp-json\/wp\/v2\/product_tag?post=16934"}],"curies":[{"name":"wp","href":"https:\/\/api.w.org\/{rel}","templated":true}]}}