{"id":15911,"date":"2022-06-30T09:02:06","date_gmt":"2022-06-30T09:02:06","guid":{"rendered":"https:\/\/www.tx-lab.com\/?post_type=product&#038;p=15911"},"modified":"2025-11-14T09:23:43","modified_gmt":"2025-11-14T09:23:43","slug":"monitor-eizo-coloredge-cs2740-bk-683-cm-26-9-3840-x-2160-pixeles-4k-ultra-hd-led-10-ms-negrooferta-especial-caja-abierta","status":"publish","type":"product","link":"https:\/\/www.tx-lab.com\/en\/product\/monitor-eizo-coloredge-cs2740-bk-683-cm-26-9-3840-x-2160-pixeles-4k-ultra-hd-led-10-ms-negrooferta-especial-caja-abierta\/","title":{"rendered":"ColorEdge CS2740 - Eizo Monitor"},"content":{"rendered":"<p><b>Elegante monitor 4K para la creaci\u00f3n art\u00edstica<\/b><br \/>\nCon una resoluci\u00f3n 4K UHD (3840 x 2160), su espaciosa pantalla de 27 pulgadas y conectividad USB tipo C, este monitor facilita un flujo de trabajo orientado a los detalles, c\u00f3modo y optimizado, ideal para cualquier campo creativo. Ya sea fotograf\u00eda, edici\u00f3n de v\u00eddeo o dise\u00f1o, este monitor le brinda todo lo que necesita para mantener la imaginaci\u00f3n fluyendo.<\/p>\n<p><\/p>\n<p><b>Resoluci\u00f3n 4K UHD<\/b><br \/>\nEl ColorEdge CS2740 es el primer monitor de la serie CS en implementar una resoluci\u00f3n 4K UHD (3840 x 2160), que es cuatro veces el tama\u00f1o Full HD. Este notable detalle asegura que las fotos de alta resoluci\u00f3n y otros contenidos se muestren n\u00edtidamente. La pantalla de 27 pulgadas proporciona un amplio espacio para mostrar f\u00e1cilmente contenido Full HD completo con suficiente espacio para mostrar barras de herramientas, paletas y otras ventanas o aplicaciones simult\u00e1neamente. Esto hace que el monitor sea vers\u00e1til para fotos, edici\u00f3n de v\u00eddeo, dise\u00f1o y otros tipos de trabajos creativos en 4K.<\/p>\n<p><\/p>\n<p><b>Alta densidad de p\u00edxeles para una visualizaci\u00f3n precisa<\/b><br \/>\nUn monitor convencional muestra en Full HD solo 96 ppp. El ColorEdge CS2740 cuenta con una densidad de p\u00edxeles de casi el doble que a una incre\u00edble imagen de 164 ppp para una imagen 4K que nunca se ha visto m\u00e1s tan precisa. Los caracteres alfanum\u00e9ricos y los contornos se distinguen por su excelente nitidez para que pueda verificar incluso los detalles m\u00e1s finos sin necesidad de acercarse.<\/p>\n<p><\/p>\n<p><b>Conexi\u00f3n con un \u00fanico cable USB tipo C<\/b><br \/>\nEl ColorEdge CS2740 presenta conectividad USB tipo C con entrega de energ\u00eda de 60 W. Con un solo cable USB tipo C, puede visualizar video, transmitir se\u00f1ales USB y suministrar energ\u00eda a un dispositivo conectado, como un smartphone o un port\u00e1til. Simplemente con\u00e9ctese y sea creativo\/a sin preocuparse por el desorden de cables adicionales.<\/p>\n<p><\/p>\n<p><b>Software ColorNavigator 7<\/b><br \/>\nColorNavigator 7 es la \u00faltima versi\u00f3n del software de calibraci\u00f3n y control de calidad para monitores de gesti\u00f3n de color ColorEdge. Combina todas las caracter\u00edsticas del software de administraci\u00f3n de color anterior de EIZO, ColorNavigator 6 y ColorNavigator NX, para crear una soluci\u00f3n nueva y mejorada para creativos en una variedad de campos. El software patentado realiza la calibraci\u00f3n del hardware utilizando directamente la LUT (tabla de consulta) del monitor para obtener una mayor precisi\u00f3n y mejores caracter\u00edsticas de gradaci\u00f3n en comparaci\u00f3n con la calibraci\u00f3n del software.<\/p>\n<p><\/p>\n<p><b>Software Quick Color Match<\/b><br \/>\nIncluso con todo el equipo adecuado, la coincidencia de colores puede ser un proceso tedioso, desde el ajuste del monitor hasta la determinaci\u00f3n del mejor software de retoque y la configuraci\u00f3n de la impresora, lograr una impresi\u00f3n precisa lleva mucho tiempo. Quick Color Match simplifica enormemente el proceso al ajustarse autom\u00e1ticamente al monitor ideal, el software de retoque y la configuraci\u00f3n de la impresora para que pueda concentrarse en editar sus fotos e imprimir su trabajo r\u00e1pidamente y sin complicaciones. Simplemente arrastre y suelte su foto en la ventana Quick Color Match para iniciar autom\u00e1ticamente el proceso.<\/p>\n<p><\/p>\n<p><b>Colores vivos reproducidos seg\u00fan los est\u00e1ndares de la industria<\/b><br \/>\nLa amplia gama de colores reproduce casi todo el Adobe \u00ae espacio de color RGB por lo que las im\u00e1genes tomadas en Adobe RGB se mostrar\u00e1n correctamente. Las fotos de vibrantes cielos azules y exuberantes bosques verdes se reproducen fielmente de una manera que los monitores limitados a un espacio de color sRGB no pueden mostrar. La amplia gama de colores tambi\u00e9n garantiza la reproducci\u00f3n de casi todos los espacios de color CMYK de la nomrativa ISO y para la normativa web de EE. UU. Utilizados en la impresi\u00f3n.<\/p>\n<p><\/p>\n<p><b>Ajustado de f\u00e1brica para gradaciones de color precisas<\/b><br \/>\nEl nivel de gamma para cada monitor ColorEdge se ajusta en f\u00e1brica midiendo los valores de gamma R, G y B de 0 a 255, luego utilizando la tabla de consulta de 16 bits (LUT) del monitor para seleccionar los tonos m\u00e1s apropiados y alcanza el valor deseado. Esto garantiza las gradaciones de color m\u00e1s precisas en sus im\u00e1genes.<\/p>\n<p><b>Asa de transporte incorporada<\/b><\/p>\n<p>\nUn asa de transporte en la parte posterior del monitor le permite moverlo f\u00e1cilmente de un lugar a otro.<\/p>\n<p><b>Reflexiones minimizadas con panel antideslumbrante<\/b><br \/>\nEl monitor est\u00e1 equipado con un panel IPS antideslumbrante para una alta visibilidad. Tambi\u00e9n utiliza tecnolog\u00eda de atenuaci\u00f3n para minimizar el parpadeo y ayudar a prevenir la fatiga ocular para un ambiente de trabajo m\u00e1s c\u00f3modo.<\/p>\n<p><b>Conversi\u00f3n I \/ P para pantalla sin parpadeo<\/b><br \/>\nLa entrada HDMI admite la conversi\u00f3n I \/ P (entrelazado \/ progresivo) para convertir las se\u00f1ales entrelazadas de TV y video en se\u00f1ales progresivas para una visualizaci\u00f3n sin parpadeo.<\/p>\n<p><b>Amplios \u00e1ngulos de visi\u00f3n con panel IPS<\/b><br \/>\nLos \u00e1ngulos de visi\u00f3n de 178 \u00b0 de ancho que ofrece la tecnolog\u00eda de panel IPS permiten que dos o m\u00e1s personas vean la pantalla a la vez con pocos cambios de color o contraste.<\/p>\n<p><b>Entradas m\u00faltiples<\/b><br \/>\nEl ColorEdge CS2740 est\u00e1 equipado con entradas HDMI y DisplayPort. Adem\u00e1s de USB Tipo-C, tambi\u00e9n tiene un USB Tipo-B y cuatro puertos USB Tipo-A.<\/p>\n<p>EIZO ColorEdge CS2740-BK. Diagonal de la pantalla: 68,3 cm (26.9&#8243;), Resoluci\u00f3n de la pantalla: 3840 x 2160 Pixeles, Tipo HD: 4K Ultra HD, Tecnolog\u00eda de visualizaci\u00f3n: LED, Tiempo de respuesta: 10 ms, Relaci\u00f3n de aspecto nativa: 16:9, \u00c1ngulo de visi\u00f3n, horizontal: 178\u00b0, \u00c1ngulo de visi\u00f3n, vertical: 178\u00b0. Conector USB incorporado, Versi\u00f3n de conector USB: 2.0 \/ 3.2 Gen 1 (3.1 Gen 1). montaje VESA, Ajustes de altura. Color del producto: Negro<\/p>","protected":false},"excerpt":{"rendered":"<p>Monitor EIZO ColorEdge CS2740-BK, 68,3 cm (26.9&#8243;), 3840 x 2160 Pixeles, 4K Ultra HD, LED, 10 ms, Negro<\/p>","protected":false},"featured_media":18999,"comment_status":"open","ping_status":"closed","template":"","meta":[],"product_brand":[],"product_cat":[514],"product_tag":[1559,1560,1561,1562,1440],"class_list":{"0":"post-15911","1":"product","2":"type-product","3":"status-publish","4":"has-post-thumbnail","6":"product_cat-monitores-foto","7":"product_tag-eizo","8":"product_tag-gestion-de-color","9":"product_tag-impresion","10":"product_tag-laboratorio","11":"product_tag-monitor","12":"product_shipping_class-fondos","14":"first","15":"onbackorder","16":"taxable","17":"shipping-taxable","18":"purchasable","19":"product-type-simple"},"yoast_head":"<!-- This site is optimized with the Yoast SEO plugin v27.4 - https:\/\/yoast.com\/product\/yoast-seo-wordpress\/ -->\n<title>\u1409 ColorEdge CS2740 - Monitor Eizo | Tx-lab<\/title>\n<meta name=\"description\" content=\"\ud83e\udd47 Entra y descubre \u261d ColorEdge CS2740 - Monitor Eizo. La mejor tecnolog\u00eda disponible en... comprar ColorEdge CS2740 - Monitor Eizo al mejor precio \u2705 ColorEdge CS2740 - Monitor Eizo recomendado para...\" \/>\n<meta name=\"robots\" content=\"index, follow, max-snippet:-1, max-image-preview:large, max-video-preview:-1\" \/>\n<link rel=\"canonical\" href=\"https:\/\/www.tx-lab.com\/en\/product\/monitor-eizo-coloredge-cs2740-bk-683-cm-26-9-3840-x-2160-pixeles-4k-ultra-hd-led-10-ms-negrooferta-especial-caja-abierta\/\" \/>\n<meta property=\"og:locale\" content=\"en_GB\" \/>\n<meta property=\"og:type\" content=\"article\" \/>\n<meta property=\"og:title\" content=\"\u1409 ColorEdge CS2740 - Monitor Eizo | Tx-lab\" \/>\n<meta property=\"og:description\" content=\"\ud83e\udd47 Entra y descubre \u261d ColorEdge CS2740 - Monitor Eizo. La mejor tecnolog\u00eda disponible en... comprar ColorEdge CS2740 - Monitor Eizo al mejor precio \u2705 ColorEdge CS2740 - Monitor Eizo recomendado para...\" \/>\n<meta property=\"og:url\" content=\"https:\/\/www.tx-lab.com\/en\/product\/monitor-eizo-coloredge-cs2740-bk-683-cm-26-9-3840-x-2160-pixeles-4k-ultra-hd-led-10-ms-negrooferta-especial-caja-abierta\/\" \/>\n<meta property=\"og:site_name\" content=\"Tx-lab\" \/>\n<meta property=\"article:modified_time\" content=\"2025-11-14T09:23:43+00:00\" \/>\n<meta property=\"og:image\" content=\"https:\/\/www.tx-lab.com\/wp-content\/uploads\/2022\/06\/imgErj61O.jpg\" \/>\n\t<meta property=\"og:image:width\" content=\"800\" \/>\n\t<meta property=\"og:image:height\" content=\"800\" \/>\n\t<meta property=\"og:image:type\" content=\"image\/jpeg\" \/>\n<meta name=\"twitter:card\" content=\"summary_large_image\" \/>\n<meta name=\"twitter:label1\" content=\"Estimated reading time\" \/>\n\t<meta name=\"twitter:data1\" content=\"5 minutes\" \/>\n<script type=\"application\/ld+json\" class=\"yoast-schema-graph\">{\"@context\":\"https:\\\/\\\/schema.org\",\"@graph\":[{\"@type\":\"WebPage\",\"@id\":\"https:\\\/\\\/www.tx-lab.com\\\/producto\\\/monitor-eizo-coloredge-cs2740-bk-683-cm-26-9-3840-x-2160-pixeles-4k-ultra-hd-led-10-ms-negrooferta-especial-caja-abierta\\\/\",\"url\":\"https:\\\/\\\/www.tx-lab.com\\\/producto\\\/monitor-eizo-coloredge-cs2740-bk-683-cm-26-9-3840-x-2160-pixeles-4k-ultra-hd-led-10-ms-negrooferta-especial-caja-abierta\\\/\",\"name\":\"\u1409 ColorEdge CS2740 - Monitor Eizo | Tx-lab\",\"isPartOf\":{\"@id\":\"https:\\\/\\\/www.tx-lab.com\\\/#website\"},\"primaryImageOfPage\":{\"@id\":\"https:\\\/\\\/www.tx-lab.com\\\/producto\\\/monitor-eizo-coloredge-cs2740-bk-683-cm-26-9-3840-x-2160-pixeles-4k-ultra-hd-led-10-ms-negrooferta-especial-caja-abierta\\\/#primaryimage\"},\"image\":{\"@id\":\"https:\\\/\\\/www.tx-lab.com\\\/producto\\\/monitor-eizo-coloredge-cs2740-bk-683-cm-26-9-3840-x-2160-pixeles-4k-ultra-hd-led-10-ms-negrooferta-especial-caja-abierta\\\/#primaryimage\"},\"thumbnailUrl\":\"https:\\\/\\\/www.tx-lab.com\\\/wp-content\\\/uploads\\\/2023\\\/06\\\/imgQ7uuxT.jpg\",\"datePublished\":\"2022-06-30T09:02:06+00:00\",\"dateModified\":\"2025-11-14T09:23:43+00:00\",\"description\":\"\ud83e\udd47 Entra y descubre \u261d ColorEdge CS2740 - Monitor Eizo. La mejor tecnolog\u00eda disponible en... comprar ColorEdge CS2740 - Monitor Eizo al mejor precio \u2705 ColorEdge CS2740 - Monitor Eizo recomendado para...\",\"breadcrumb\":{\"@id\":\"https:\\\/\\\/www.tx-lab.com\\\/producto\\\/monitor-eizo-coloredge-cs2740-bk-683-cm-26-9-3840-x-2160-pixeles-4k-ultra-hd-led-10-ms-negrooferta-especial-caja-abierta\\\/#breadcrumb\"},\"inLanguage\":\"en-GB\",\"potentialAction\":[{\"@type\":\"ReadAction\",\"target\":[\"https:\\\/\\\/www.tx-lab.com\\\/producto\\\/monitor-eizo-coloredge-cs2740-bk-683-cm-26-9-3840-x-2160-pixeles-4k-ultra-hd-led-10-ms-negrooferta-especial-caja-abierta\\\/\"]}]},{\"@type\":\"ImageObject\",\"inLanguage\":\"en-GB\",\"@id\":\"https:\\\/\\\/www.tx-lab.com\\\/producto\\\/monitor-eizo-coloredge-cs2740-bk-683-cm-26-9-3840-x-2160-pixeles-4k-ultra-hd-led-10-ms-negrooferta-especial-caja-abierta\\\/#primaryimage\",\"url\":\"https:\\\/\\\/www.tx-lab.com\\\/wp-content\\\/uploads\\\/2023\\\/06\\\/imgQ7uuxT.jpg\",\"contentUrl\":\"https:\\\/\\\/www.tx-lab.com\\\/wp-content\\\/uploads\\\/2023\\\/06\\\/imgQ7uuxT.jpg\",\"width\":2131,\"height\":2131},{\"@type\":\"BreadcrumbList\",\"@id\":\"https:\\\/\\\/www.tx-lab.com\\\/producto\\\/monitor-eizo-coloredge-cs2740-bk-683-cm-26-9-3840-x-2160-pixeles-4k-ultra-hd-led-10-ms-negrooferta-especial-caja-abierta\\\/#breadcrumb\",\"itemListElement\":[{\"@type\":\"ListItem\",\"position\":1,\"name\":\"Portada\",\"item\":\"https:\\\/\\\/www.tx-lab.com\\\/\"},{\"@type\":\"ListItem\",\"position\":2,\"name\":\"Tienda\",\"item\":\"https:\\\/\\\/www.tx-lab.com\\\/tienda\\\/\"},{\"@type\":\"ListItem\",\"position\":3,\"name\":\"ColorEdge CS2740 &#8211; Monitor Eizo\"}]},{\"@type\":\"WebSite\",\"@id\":\"https:\\\/\\\/www.tx-lab.com\\\/#website\",\"url\":\"https:\\\/\\\/www.tx-lab.com\\\/\",\"name\":\"Tx-lab\",\"description\":\"Productos y servicios para profesionales de la imagen\",\"publisher\":{\"@id\":\"https:\\\/\\\/www.tx-lab.com\\\/#organization\"},\"potentialAction\":[{\"@type\":\"SearchAction\",\"target\":{\"@type\":\"EntryPoint\",\"urlTemplate\":\"https:\\\/\\\/www.tx-lab.com\\\/?s={search_term_string}\"},\"query-input\":{\"@type\":\"PropertyValueSpecification\",\"valueRequired\":true,\"valueName\":\"search_term_string\"}}],\"inLanguage\":\"en-GB\"},{\"@type\":\"Organization\",\"@id\":\"https:\\\/\\\/www.tx-lab.com\\\/#organization\",\"name\":\"Tx-lab\",\"url\":\"https:\\\/\\\/www.tx-lab.com\\\/\",\"logo\":{\"@type\":\"ImageObject\",\"inLanguage\":\"en-GB\",\"@id\":\"https:\\\/\\\/www.tx-lab.com\\\/#\\\/schema\\\/logo\\\/image\\\/\",\"url\":\"https:\\\/\\\/www.tx-lab.com\\\/wp-content\\\/uploads\\\/2022\\\/09\\\/logo_tx-lab-white-web.png\",\"contentUrl\":\"https:\\\/\\\/www.tx-lab.com\\\/wp-content\\\/uploads\\\/2022\\\/09\\\/logo_tx-lab-white-web.png\",\"width\":520,\"height\":236,\"caption\":\"Tx-lab\"},\"image\":{\"@id\":\"https:\\\/\\\/www.tx-lab.com\\\/#\\\/schema\\\/logo\\\/image\\\/\"}}]}<\/script>\n<!-- \/ Yoast SEO plugin. -->","yoast_head_json":{"title":"\u1409 ColorEdge CS2740 - Monitor Eizo | Tx-lab","description":"\ud83e\udd47 Entra y descubre \u261d ColorEdge CS2740 - Monitor Eizo. La mejor tecnolog\u00eda disponible en... comprar ColorEdge CS2740 - Monitor Eizo al mejor precio \u2705 ColorEdge CS2740 - Monitor Eizo recomendado para...","robots":{"index":"index","follow":"follow","max-snippet":"max-snippet:-1","max-image-preview":"max-image-preview:large","max-video-preview":"max-video-preview:-1"},"canonical":"https:\/\/www.tx-lab.com\/en\/product\/monitor-eizo-coloredge-cs2740-bk-683-cm-26-9-3840-x-2160-pixeles-4k-ultra-hd-led-10-ms-negrooferta-especial-caja-abierta\/","og_locale":"en_GB","og_type":"article","og_title":"\u1409 ColorEdge CS2740 - Monitor Eizo | Tx-lab","og_description":"\ud83e\udd47 Entra y descubre \u261d ColorEdge CS2740 - Monitor Eizo. La mejor tecnolog\u00eda disponible en... comprar ColorEdge CS2740 - Monitor Eizo al mejor precio \u2705 ColorEdge CS2740 - Monitor Eizo recomendado para...","og_url":"https:\/\/www.tx-lab.com\/en\/product\/monitor-eizo-coloredge-cs2740-bk-683-cm-26-9-3840-x-2160-pixeles-4k-ultra-hd-led-10-ms-negrooferta-especial-caja-abierta\/","og_site_name":"Tx-lab","article_modified_time":"2025-11-14T09:23:43+00:00","og_image":[{"width":800,"height":800,"url":"https:\/\/www.tx-lab.com\/wp-content\/uploads\/2022\/06\/imgErj61O.jpg","type":"image\/jpeg"}],"twitter_card":"summary_large_image","twitter_misc":{"Estimated reading time":"5 minutes"},"schema":{"@context":"https:\/\/schema.org","@graph":[{"@type":"WebPage","@id":"https:\/\/www.tx-lab.com\/producto\/monitor-eizo-coloredge-cs2740-bk-683-cm-26-9-3840-x-2160-pixeles-4k-ultra-hd-led-10-ms-negrooferta-especial-caja-abierta\/","url":"https:\/\/www.tx-lab.com\/producto\/monitor-eizo-coloredge-cs2740-bk-683-cm-26-9-3840-x-2160-pixeles-4k-ultra-hd-led-10-ms-negrooferta-especial-caja-abierta\/","name":"\u1409 ColorEdge CS2740 - Monitor Eizo | Tx-lab","isPartOf":{"@id":"https:\/\/www.tx-lab.com\/#website"},"primaryImageOfPage":{"@id":"https:\/\/www.tx-lab.com\/producto\/monitor-eizo-coloredge-cs2740-bk-683-cm-26-9-3840-x-2160-pixeles-4k-ultra-hd-led-10-ms-negrooferta-especial-caja-abierta\/#primaryimage"},"image":{"@id":"https:\/\/www.tx-lab.com\/producto\/monitor-eizo-coloredge-cs2740-bk-683-cm-26-9-3840-x-2160-pixeles-4k-ultra-hd-led-10-ms-negrooferta-especial-caja-abierta\/#primaryimage"},"thumbnailUrl":"https:\/\/www.tx-lab.com\/wp-content\/uploads\/2023\/06\/imgQ7uuxT.jpg","datePublished":"2022-06-30T09:02:06+00:00","dateModified":"2025-11-14T09:23:43+00:00","description":"\ud83e\udd47 Entra y descubre \u261d ColorEdge CS2740 - Monitor Eizo. La mejor tecnolog\u00eda disponible en... comprar ColorEdge CS2740 - Monitor Eizo al mejor precio \u2705 ColorEdge CS2740 - Monitor Eizo recomendado para...","breadcrumb":{"@id":"https:\/\/www.tx-lab.com\/producto\/monitor-eizo-coloredge-cs2740-bk-683-cm-26-9-3840-x-2160-pixeles-4k-ultra-hd-led-10-ms-negrooferta-especial-caja-abierta\/#breadcrumb"},"inLanguage":"en-GB","potentialAction":[{"@type":"ReadAction","target":["https:\/\/www.tx-lab.com\/producto\/monitor-eizo-coloredge-cs2740-bk-683-cm-26-9-3840-x-2160-pixeles-4k-ultra-hd-led-10-ms-negrooferta-especial-caja-abierta\/"]}]},{"@type":"ImageObject","inLanguage":"en-GB","@id":"https:\/\/www.tx-lab.com\/producto\/monitor-eizo-coloredge-cs2740-bk-683-cm-26-9-3840-x-2160-pixeles-4k-ultra-hd-led-10-ms-negrooferta-especial-caja-abierta\/#primaryimage","url":"https:\/\/www.tx-lab.com\/wp-content\/uploads\/2023\/06\/imgQ7uuxT.jpg","contentUrl":"https:\/\/www.tx-lab.com\/wp-content\/uploads\/2023\/06\/imgQ7uuxT.jpg","width":2131,"height":2131},{"@type":"BreadcrumbList","@id":"https:\/\/www.tx-lab.com\/producto\/monitor-eizo-coloredge-cs2740-bk-683-cm-26-9-3840-x-2160-pixeles-4k-ultra-hd-led-10-ms-negrooferta-especial-caja-abierta\/#breadcrumb","itemListElement":[{"@type":"ListItem","position":1,"name":"Portada","item":"https:\/\/www.tx-lab.com\/"},{"@type":"ListItem","position":2,"name":"Tienda","item":"https:\/\/www.tx-lab.com\/tienda\/"},{"@type":"ListItem","position":3,"name":"ColorEdge CS2740 &#8211; Monitor Eizo"}]},{"@type":"WebSite","@id":"https:\/\/www.tx-lab.com\/#website","url":"https:\/\/www.tx-lab.com\/","name":"Tx-lab","description":"Products and services for image professionals","publisher":{"@id":"https:\/\/www.tx-lab.com\/#organization"},"potentialAction":[{"@type":"SearchAction","target":{"@type":"EntryPoint","urlTemplate":"https:\/\/www.tx-lab.com\/?s={search_term_string}"},"query-input":{"@type":"PropertyValueSpecification","valueRequired":true,"valueName":"search_term_string"}}],"inLanguage":"en-GB"},{"@type":"Organization","@id":"https:\/\/www.tx-lab.com\/#organization","name":"Tx-lab","url":"https:\/\/www.tx-lab.com\/","logo":{"@type":"ImageObject","inLanguage":"en-GB","@id":"https:\/\/www.tx-lab.com\/#\/schema\/logo\/image\/","url":"https:\/\/www.tx-lab.com\/wp-content\/uploads\/2022\/09\/logo_tx-lab-white-web.png","contentUrl":"https:\/\/www.tx-lab.com\/wp-content\/uploads\/2022\/09\/logo_tx-lab-white-web.png","width":520,"height":236,"caption":"Tx-lab"},"image":{"@id":"https:\/\/www.tx-lab.com\/#\/schema\/logo\/image\/"}}]}},"jetpack-related-posts":[],"jetpack_sharing_enabled":true,"_links":{"self":[{"href":"https:\/\/www.tx-lab.com\/en\/wp-json\/wp\/v2\/product\/15911","targetHints":{"allow":["GET"]}}],"collection":[{"href":"https:\/\/www.tx-lab.com\/en\/wp-json\/wp\/v2\/product"}],"about":[{"href":"https:\/\/www.tx-lab.com\/en\/wp-json\/wp\/v2\/types\/product"}],"replies":[{"embeddable":true,"href":"https:\/\/www.tx-lab.com\/en\/wp-json\/wp\/v2\/comments?post=15911"}],"wp:featuredmedia":[{"embeddable":true,"href":"https:\/\/www.tx-lab.com\/en\/wp-json\/wp\/v2\/media\/18999"}],"wp:attachment":[{"href":"https:\/\/www.tx-lab.com\/en\/wp-json\/wp\/v2\/media?parent=15911"}],"wp:term":[{"taxonomy":"product_brand","embeddable":true,"href":"https:\/\/www.tx-lab.com\/en\/wp-json\/wp\/v2\/product_brand?post=15911"},{"taxonomy":"product_cat","embeddable":true,"href":"https:\/\/www.tx-lab.com\/en\/wp-json\/wp\/v2\/product_cat?post=15911"},{"taxonomy":"product_tag","embeddable":true,"href":"https:\/\/www.tx-lab.com\/en\/wp-json\/wp\/v2\/product_tag?post=15911"}],"curies":[{"name":"wp","href":"https:\/\/api.w.org\/{rel}","templated":true}]}}