{"id":15791,"date":"2022-06-06T14:59:09","date_gmt":"2022-06-06T14:59:09","guid":{"rendered":"https:\/\/www.tx-lab.com\/?post_type=product&#038;p=15791"},"modified":"2025-04-23T16:03:27","modified_gmt":"2025-04-23T16:03:27","slug":"automatic-reverse-adapter-for-nikon-z-mount-incl-heliopan-protection-filter","status":"publish","type":"product","link":"https:\/\/www.tx-lab.com\/en\/product\/automatic-reverse-adapter-for-nikon-z-mount-incl-heliopan-protection-filter\/","title":{"rendered":"Reversing Adapter Nikon Z-Mount"},"content":{"rendered":"<p>Er\u00f6ffnet dem besitzer von nikon z-weitwinkelobjektiven onder zooms die welt der extremen nahfotografie mit hervorragender Qualit\u00e4t. The lens will be mounted in the immediate vicinity of the camera in the camera position in the house. The ring overlaps all tax functions.<\/p>\n<p>BEISPIEL: MIT EINEM CANON RF-ZOOM-OBJEKTIV 28-105 mm in an enlarged version is an abbildungsma\u00dfstab with a 105 mm aperture of 1:7 to 2.8:1 at 28 mm. This provides a larger range of coverage than can be achieved with a macro lens.<\/p>\n<p>Werkseitig Wird der Umkehrring Nikz-Retro Mit Einem FilterGewinde von 58 mm Geliefert. For obmektive with other filtering filtering thicknesses, we offer a passende reduzierringe an.<\/p>\n<p>En Verbindung MIT Unseren Universalbalgenger\u00e4ten der Serien Balpro und Bal-F, K\u00f6nnen Diese Zum Automatischen Nikon Z-Balgenger\u00e4t Aufger\u00fcstet Werden. Bei Balpro t\/s Sogar Mit tilt\/Shiftfunktion f\u00fcr den nah- und makrobereich. Preferred anschlu\u00dfringe Sind Notwendig.<\/p>\n<p>Technical data:<\/p>\n<p>Size: 75 mm<\/p>\n<p>Weight: 150 g<\/p>\n<p>FilterGeWinde: 58 mm<\/p>\n<p>Max. Auszugsl\u00e4nge: 550 mm<\/p>\n<p>Bitte Beachten Sie, Dass Auf Unseren Anwendungsbildern Zur Besseren Darstellung Teilweise Zubeh\u00f6r Abgebildet ist Wie Z.B. Kameras, objektive, etc. which are not intended for use in the delivery process.<\/p>","protected":false},"excerpt":{"rendered":"<p>Er\u00f6ffnet dem besitzer von nikon z-weitwinkelobjektiven onder zooms die welt der extremen nahfotografie mit hervorragender Qualit\u00e4t. Das objektiv wird mit hilfe des Umkehrrings&hellip;<\/p>","protected":false},"featured_media":15789,"comment_status":"open","ping_status":"closed","template":"","meta":[],"product_brand":[],"product_cat":[542],"product_tag":[1428,1553,1426],"class_list":{"0":"post-15791","1":"product","2":"type-product","3":"status-publish","4":"has-post-thumbnail","6":"product_cat-adaptadores","7":"product_tag-adaptadores","8":"product_tag-macro","9":"product_tag-novoflex","11":"first","12":"outofstock","13":"taxable","14":"shipping-taxable","15":"purchasable","16":"product-type-simple"},"yoast_head":"<!-- This site is optimized with the Yoast SEO plugin v27.4 - https:\/\/yoast.com\/product\/yoast-seo-wordpress\/ -->\n<title>\u1409 Reversing Adapter Nikon Z-Mount | Tx-lab<\/title>\n<meta name=\"description\" content=\"\ud83e\udd47 Entra y descubre \u261d Reversing Adapter Nikon Z-Mount. La mejor tecnolog\u00eda disponible en... comprar Reversing Adapter Nikon Z-Mount al mejor precio \u2705 Reversing Adapter Nikon Z-Mount recomendado para...\" \/>\n<meta name=\"robots\" content=\"index, follow, max-snippet:-1, max-image-preview:large, max-video-preview:-1\" \/>\n<link rel=\"canonical\" href=\"https:\/\/www.tx-lab.com\/en\/product\/automatic-reverse-adapter-for-nikon-z-mount-incl-heliopan-protection-filter\/\" \/>\n<meta property=\"og:locale\" content=\"en_GB\" \/>\n<meta property=\"og:type\" content=\"article\" \/>\n<meta property=\"og:title\" content=\"\u1409 Reversing Adapter Nikon Z-Mount | Tx-lab\" \/>\n<meta property=\"og:description\" content=\"\ud83e\udd47 Entra y descubre \u261d Reversing Adapter Nikon Z-Mount. La mejor tecnolog\u00eda disponible en... comprar Reversing Adapter Nikon Z-Mount al mejor precio \u2705 Reversing Adapter Nikon Z-Mount recomendado para...\" \/>\n<meta property=\"og:url\" content=\"https:\/\/www.tx-lab.com\/en\/product\/automatic-reverse-adapter-for-nikon-z-mount-incl-heliopan-protection-filter\/\" \/>\n<meta property=\"og:site_name\" content=\"Tx-lab\" \/>\n<meta property=\"article:modified_time\" content=\"2025-04-23T16:03:27+00:00\" \/>\n<meta property=\"og:image\" content=\"https:\/\/www.tx-lab.com\/wp-content\/uploads\/2022\/06\/imgRtlDg3.jpg\" \/>\n\t<meta property=\"og:image:width\" content=\"1024\" \/>\n\t<meta property=\"og:image:height\" content=\"768\" \/>\n\t<meta property=\"og:image:type\" content=\"image\/jpeg\" \/>\n<meta name=\"twitter:card\" content=\"summary_large_image\" \/>\n<meta name=\"twitter:label1\" content=\"Estimated reading time\" \/>\n\t<meta name=\"twitter:data1\" content=\"1 minute\" \/>\n<script type=\"application\/ld+json\" class=\"yoast-schema-graph\">{\"@context\":\"https:\\\/\\\/schema.org\",\"@graph\":[{\"@type\":\"WebPage\",\"@id\":\"https:\\\/\\\/www.tx-lab.com\\\/producto\\\/automatic-reverse-adapter-for-nikon-z-mount-incl-heliopan-protection-filter\\\/\",\"url\":\"https:\\\/\\\/www.tx-lab.com\\\/producto\\\/automatic-reverse-adapter-for-nikon-z-mount-incl-heliopan-protection-filter\\\/\",\"name\":\"\u1409 Reversing Adapter Nikon Z-Mount | Tx-lab\",\"isPartOf\":{\"@id\":\"https:\\\/\\\/www.tx-lab.com\\\/#website\"},\"primaryImageOfPage\":{\"@id\":\"https:\\\/\\\/www.tx-lab.com\\\/producto\\\/automatic-reverse-adapter-for-nikon-z-mount-incl-heliopan-protection-filter\\\/#primaryimage\"},\"image\":{\"@id\":\"https:\\\/\\\/www.tx-lab.com\\\/producto\\\/automatic-reverse-adapter-for-nikon-z-mount-incl-heliopan-protection-filter\\\/#primaryimage\"},\"thumbnailUrl\":\"https:\\\/\\\/www.tx-lab.com\\\/wp-content\\\/uploads\\\/2022\\\/06\\\/imgRtlDg3.jpg\",\"datePublished\":\"2022-06-06T14:59:09+00:00\",\"dateModified\":\"2025-04-23T16:03:27+00:00\",\"description\":\"\ud83e\udd47 Entra y descubre \u261d Reversing Adapter Nikon Z-Mount. La mejor tecnolog\u00eda disponible en... comprar Reversing Adapter Nikon Z-Mount al mejor precio \u2705 Reversing Adapter Nikon Z-Mount recomendado para...\",\"breadcrumb\":{\"@id\":\"https:\\\/\\\/www.tx-lab.com\\\/producto\\\/automatic-reverse-adapter-for-nikon-z-mount-incl-heliopan-protection-filter\\\/#breadcrumb\"},\"inLanguage\":\"en-GB\",\"potentialAction\":[{\"@type\":\"ReadAction\",\"target\":[\"https:\\\/\\\/www.tx-lab.com\\\/producto\\\/automatic-reverse-adapter-for-nikon-z-mount-incl-heliopan-protection-filter\\\/\"]}]},{\"@type\":\"ImageObject\",\"inLanguage\":\"en-GB\",\"@id\":\"https:\\\/\\\/www.tx-lab.com\\\/producto\\\/automatic-reverse-adapter-for-nikon-z-mount-incl-heliopan-protection-filter\\\/#primaryimage\",\"url\":\"https:\\\/\\\/www.tx-lab.com\\\/wp-content\\\/uploads\\\/2022\\\/06\\\/imgRtlDg3.jpg\",\"contentUrl\":\"https:\\\/\\\/www.tx-lab.com\\\/wp-content\\\/uploads\\\/2022\\\/06\\\/imgRtlDg3.jpg\",\"width\":1024,\"height\":768},{\"@type\":\"BreadcrumbList\",\"@id\":\"https:\\\/\\\/www.tx-lab.com\\\/producto\\\/automatic-reverse-adapter-for-nikon-z-mount-incl-heliopan-protection-filter\\\/#breadcrumb\",\"itemListElement\":[{\"@type\":\"ListItem\",\"position\":1,\"name\":\"Portada\",\"item\":\"https:\\\/\\\/www.tx-lab.com\\\/\"},{\"@type\":\"ListItem\",\"position\":2,\"name\":\"Tienda\",\"item\":\"https:\\\/\\\/www.tx-lab.com\\\/tienda\\\/\"},{\"@type\":\"ListItem\",\"position\":3,\"name\":\"Reversing Adapter Nikon Z-Mount\"}]},{\"@type\":\"WebSite\",\"@id\":\"https:\\\/\\\/www.tx-lab.com\\\/#website\",\"url\":\"https:\\\/\\\/www.tx-lab.com\\\/\",\"name\":\"Tx-lab\",\"description\":\"Productos y servicios para profesionales de la imagen\",\"publisher\":{\"@id\":\"https:\\\/\\\/www.tx-lab.com\\\/#organization\"},\"potentialAction\":[{\"@type\":\"SearchAction\",\"target\":{\"@type\":\"EntryPoint\",\"urlTemplate\":\"https:\\\/\\\/www.tx-lab.com\\\/?s={search_term_string}\"},\"query-input\":{\"@type\":\"PropertyValueSpecification\",\"valueRequired\":true,\"valueName\":\"search_term_string\"}}],\"inLanguage\":\"en-GB\"},{\"@type\":\"Organization\",\"@id\":\"https:\\\/\\\/www.tx-lab.com\\\/#organization\",\"name\":\"Tx-lab\",\"url\":\"https:\\\/\\\/www.tx-lab.com\\\/\",\"logo\":{\"@type\":\"ImageObject\",\"inLanguage\":\"en-GB\",\"@id\":\"https:\\\/\\\/www.tx-lab.com\\\/#\\\/schema\\\/logo\\\/image\\\/\",\"url\":\"https:\\\/\\\/www.tx-lab.com\\\/wp-content\\\/uploads\\\/2022\\\/09\\\/logo_tx-lab-white-web.png\",\"contentUrl\":\"https:\\\/\\\/www.tx-lab.com\\\/wp-content\\\/uploads\\\/2022\\\/09\\\/logo_tx-lab-white-web.png\",\"width\":520,\"height\":236,\"caption\":\"Tx-lab\"},\"image\":{\"@id\":\"https:\\\/\\\/www.tx-lab.com\\\/#\\\/schema\\\/logo\\\/image\\\/\"}}]}<\/script>\n<!-- \/ Yoast SEO plugin. -->","yoast_head_json":{"title":"\u1409 Reversing Adapter Nikon Z-Mount | Tx-lab","description":"\ud83e\udd47 Entra y descubre \u261d Reversing Adapter Nikon Z-Mount. La mejor tecnolog\u00eda disponible en... comprar Reversing Adapter Nikon Z-Mount al mejor precio \u2705 Reversing Adapter Nikon Z-Mount recomendado para...","robots":{"index":"index","follow":"follow","max-snippet":"max-snippet:-1","max-image-preview":"max-image-preview:large","max-video-preview":"max-video-preview:-1"},"canonical":"https:\/\/www.tx-lab.com\/en\/product\/automatic-reverse-adapter-for-nikon-z-mount-incl-heliopan-protection-filter\/","og_locale":"en_GB","og_type":"article","og_title":"\u1409 Reversing Adapter Nikon Z-Mount | Tx-lab","og_description":"\ud83e\udd47 Entra y descubre \u261d Reversing Adapter Nikon Z-Mount. La mejor tecnolog\u00eda disponible en... comprar Reversing Adapter Nikon Z-Mount al mejor precio \u2705 Reversing Adapter Nikon Z-Mount recomendado para...","og_url":"https:\/\/www.tx-lab.com\/en\/product\/automatic-reverse-adapter-for-nikon-z-mount-incl-heliopan-protection-filter\/","og_site_name":"Tx-lab","article_modified_time":"2025-04-23T16:03:27+00:00","og_image":[{"width":1024,"height":768,"url":"https:\/\/www.tx-lab.com\/wp-content\/uploads\/2022\/06\/imgRtlDg3.jpg","type":"image\/jpeg"}],"twitter_card":"summary_large_image","twitter_misc":{"Estimated reading time":"1 minute"},"schema":{"@context":"https:\/\/schema.org","@graph":[{"@type":"WebPage","@id":"https:\/\/www.tx-lab.com\/producto\/automatic-reverse-adapter-for-nikon-z-mount-incl-heliopan-protection-filter\/","url":"https:\/\/www.tx-lab.com\/producto\/automatic-reverse-adapter-for-nikon-z-mount-incl-heliopan-protection-filter\/","name":"\u1409 Reversing Adapter Nikon Z-Mount | Tx-lab","isPartOf":{"@id":"https:\/\/www.tx-lab.com\/#website"},"primaryImageOfPage":{"@id":"https:\/\/www.tx-lab.com\/producto\/automatic-reverse-adapter-for-nikon-z-mount-incl-heliopan-protection-filter\/#primaryimage"},"image":{"@id":"https:\/\/www.tx-lab.com\/producto\/automatic-reverse-adapter-for-nikon-z-mount-incl-heliopan-protection-filter\/#primaryimage"},"thumbnailUrl":"https:\/\/www.tx-lab.com\/wp-content\/uploads\/2022\/06\/imgRtlDg3.jpg","datePublished":"2022-06-06T14:59:09+00:00","dateModified":"2025-04-23T16:03:27+00:00","description":"\ud83e\udd47 Entra y descubre \u261d Reversing Adapter Nikon Z-Mount. La mejor tecnolog\u00eda disponible en... comprar Reversing Adapter Nikon Z-Mount al mejor precio \u2705 Reversing Adapter Nikon Z-Mount recomendado para...","breadcrumb":{"@id":"https:\/\/www.tx-lab.com\/producto\/automatic-reverse-adapter-for-nikon-z-mount-incl-heliopan-protection-filter\/#breadcrumb"},"inLanguage":"en-GB","potentialAction":[{"@type":"ReadAction","target":["https:\/\/www.tx-lab.com\/producto\/automatic-reverse-adapter-for-nikon-z-mount-incl-heliopan-protection-filter\/"]}]},{"@type":"ImageObject","inLanguage":"en-GB","@id":"https:\/\/www.tx-lab.com\/producto\/automatic-reverse-adapter-for-nikon-z-mount-incl-heliopan-protection-filter\/#primaryimage","url":"https:\/\/www.tx-lab.com\/wp-content\/uploads\/2022\/06\/imgRtlDg3.jpg","contentUrl":"https:\/\/www.tx-lab.com\/wp-content\/uploads\/2022\/06\/imgRtlDg3.jpg","width":1024,"height":768},{"@type":"BreadcrumbList","@id":"https:\/\/www.tx-lab.com\/producto\/automatic-reverse-adapter-for-nikon-z-mount-incl-heliopan-protection-filter\/#breadcrumb","itemListElement":[{"@type":"ListItem","position":1,"name":"Portada","item":"https:\/\/www.tx-lab.com\/"},{"@type":"ListItem","position":2,"name":"Tienda","item":"https:\/\/www.tx-lab.com\/tienda\/"},{"@type":"ListItem","position":3,"name":"Reversing Adapter Nikon Z-Mount"}]},{"@type":"WebSite","@id":"https:\/\/www.tx-lab.com\/#website","url":"https:\/\/www.tx-lab.com\/","name":"Tx-lab","description":"Products and services for image professionals","publisher":{"@id":"https:\/\/www.tx-lab.com\/#organization"},"potentialAction":[{"@type":"SearchAction","target":{"@type":"EntryPoint","urlTemplate":"https:\/\/www.tx-lab.com\/?s={search_term_string}"},"query-input":{"@type":"PropertyValueSpecification","valueRequired":true,"valueName":"search_term_string"}}],"inLanguage":"en-GB"},{"@type":"Organization","@id":"https:\/\/www.tx-lab.com\/#organization","name":"Tx-lab","url":"https:\/\/www.tx-lab.com\/","logo":{"@type":"ImageObject","inLanguage":"en-GB","@id":"https:\/\/www.tx-lab.com\/#\/schema\/logo\/image\/","url":"https:\/\/www.tx-lab.com\/wp-content\/uploads\/2022\/09\/logo_tx-lab-white-web.png","contentUrl":"https:\/\/www.tx-lab.com\/wp-content\/uploads\/2022\/09\/logo_tx-lab-white-web.png","width":520,"height":236,"caption":"Tx-lab"},"image":{"@id":"https:\/\/www.tx-lab.com\/#\/schema\/logo\/image\/"}}]}},"jetpack-related-posts":[],"jetpack_sharing_enabled":true,"_links":{"self":[{"href":"https:\/\/www.tx-lab.com\/en\/wp-json\/wp\/v2\/product\/15791","targetHints":{"allow":["GET"]}}],"collection":[{"href":"https:\/\/www.tx-lab.com\/en\/wp-json\/wp\/v2\/product"}],"about":[{"href":"https:\/\/www.tx-lab.com\/en\/wp-json\/wp\/v2\/types\/product"}],"replies":[{"embeddable":true,"href":"https:\/\/www.tx-lab.com\/en\/wp-json\/wp\/v2\/comments?post=15791"}],"wp:featuredmedia":[{"embeddable":true,"href":"https:\/\/www.tx-lab.com\/en\/wp-json\/wp\/v2\/media\/15789"}],"wp:attachment":[{"href":"https:\/\/www.tx-lab.com\/en\/wp-json\/wp\/v2\/media?parent=15791"}],"wp:term":[{"taxonomy":"product_brand","embeddable":true,"href":"https:\/\/www.tx-lab.com\/en\/wp-json\/wp\/v2\/product_brand?post=15791"},{"taxonomy":"product_cat","embeddable":true,"href":"https:\/\/www.tx-lab.com\/en\/wp-json\/wp\/v2\/product_cat?post=15791"},{"taxonomy":"product_tag","embeddable":true,"href":"https:\/\/www.tx-lab.com\/en\/wp-json\/wp\/v2\/product_tag?post=15791"}],"curies":[{"name":"wp","href":"https:\/\/api.w.org\/{rel}","templated":true}]}}