{"id":15778,"date":"2022-06-06T14:58:11","date_gmt":"2022-06-06T14:58:11","guid":{"rendered":"https:\/\/www.tx-lab.com\/?post_type=product&#038;p=15778"},"modified":"2025-04-23T16:03:08","modified_gmt":"2025-04-23T16:03:08","slug":"adapter-m42x1-lenses-to-canon-eos","status":"publish","type":"product","link":"https:\/\/www.tx-lab.com\/en\/product\/adapter-m42x1-lenses-to-canon-eos\/","title":{"rendered":"Adapter M42 lens to Canon EOS"},"content":{"rendered":"<p>Adapter M42X1-Lenses for CANON EOS Cameras<\/p>\n<p>-Lens adaptor appreciation<\/p>\n<p>Accurate co-ordination of the focal length difference of the flange of the two mounts<\/p>\n<p>-Connected lenses can be centred manually to infinity<\/p>\n<p>-No transmission of information between the lens and the camera<\/p>\n<p>-Exposure metering in aperture-priority mode or manually<\/p>","protected":false},"excerpt":{"rendered":"<p>Adaptador M42X1-Lenses para c\u00e1maras CANON EOS -Apreci\u00f3n del adaptador de lente -Copensaci\u00f3n exacta de la diferencia de longitud focal de la brida de&hellip;<\/p>","protected":false},"featured_media":15777,"comment_status":"open","ping_status":"closed","template":"","meta":[],"product_brand":[],"product_cat":[542],"product_tag":[1428,1426],"class_list":{"0":"post-15778","1":"product","2":"type-product","3":"status-publish","4":"has-post-thumbnail","6":"product_cat-adaptadores","7":"product_tag-adaptadores","8":"product_tag-novoflex","10":"first","11":"outofstock","12":"taxable","13":"shipping-taxable","14":"purchasable","15":"product-type-simple"},"yoast_head":"<!-- This site is optimized with the Yoast SEO plugin v27.4 - https:\/\/yoast.com\/product\/yoast-seo-wordpress\/ -->\n<title>\u1409 Adapter M42 lens to Canon EOS | Tx-lab<\/title>\n<meta name=\"description\" content=\"\ud83e\udd47 Entra y descubre \u261d Adapter M42 lens to Canon EOS. La mejor tecnolog\u00eda disponible en... comprar Adapter M42 lens to Canon EOS al mejor precio \u2705 Adapter M42 lens to Canon EOS recomendado para...\" \/>\n<meta name=\"robots\" content=\"index, follow, max-snippet:-1, max-image-preview:large, max-video-preview:-1\" \/>\n<link rel=\"canonical\" href=\"https:\/\/www.tx-lab.com\/en\/product\/adapter-m42x1-lenses-to-canon-eos\/\" \/>\n<meta property=\"og:locale\" content=\"en_GB\" \/>\n<meta property=\"og:type\" content=\"article\" \/>\n<meta property=\"og:title\" content=\"\u1409 Adapter M42 lens to Canon EOS | Tx-lab\" \/>\n<meta property=\"og:description\" content=\"\ud83e\udd47 Entra y descubre \u261d Adapter M42 lens to Canon EOS. La mejor tecnolog\u00eda disponible en... comprar Adapter M42 lens to Canon EOS al mejor precio \u2705 Adapter M42 lens to Canon EOS recomendado para...\" \/>\n<meta property=\"og:url\" content=\"https:\/\/www.tx-lab.com\/en\/product\/adapter-m42x1-lenses-to-canon-eos\/\" \/>\n<meta property=\"og:site_name\" content=\"Tx-lab\" \/>\n<meta property=\"article:modified_time\" content=\"2025-04-23T16:03:08+00:00\" \/>\n<meta property=\"og:image\" content=\"https:\/\/www.tx-lab.com\/wp-content\/uploads\/2022\/06\/imgBQAkt4.jpg\" \/>\n\t<meta property=\"og:image:width\" content=\"412\" \/>\n\t<meta property=\"og:image:height\" content=\"482\" \/>\n\t<meta property=\"og:image:type\" content=\"image\/jpeg\" \/>\n<meta name=\"twitter:card\" content=\"summary_large_image\" \/>\n<script type=\"application\/ld+json\" class=\"yoast-schema-graph\">{\"@context\":\"https:\\\/\\\/schema.org\",\"@graph\":[{\"@type\":\"WebPage\",\"@id\":\"https:\\\/\\\/www.tx-lab.com\\\/producto\\\/adapter-m42x1-lenses-to-canon-eos\\\/\",\"url\":\"https:\\\/\\\/www.tx-lab.com\\\/producto\\\/adapter-m42x1-lenses-to-canon-eos\\\/\",\"name\":\"\u1409 Adapter M42 lens to Canon EOS | Tx-lab\",\"isPartOf\":{\"@id\":\"https:\\\/\\\/www.tx-lab.com\\\/#website\"},\"primaryImageOfPage\":{\"@id\":\"https:\\\/\\\/www.tx-lab.com\\\/producto\\\/adapter-m42x1-lenses-to-canon-eos\\\/#primaryimage\"},\"image\":{\"@id\":\"https:\\\/\\\/www.tx-lab.com\\\/producto\\\/adapter-m42x1-lenses-to-canon-eos\\\/#primaryimage\"},\"thumbnailUrl\":\"https:\\\/\\\/www.tx-lab.com\\\/wp-content\\\/uploads\\\/2022\\\/06\\\/imgBQAkt4.jpg\",\"datePublished\":\"2022-06-06T14:58:11+00:00\",\"dateModified\":\"2025-04-23T16:03:08+00:00\",\"description\":\"\ud83e\udd47 Entra y descubre \u261d Adapter M42 lens to Canon EOS. La mejor tecnolog\u00eda disponible en... comprar Adapter M42 lens to Canon EOS al mejor precio \u2705 Adapter M42 lens to Canon EOS recomendado para...\",\"breadcrumb\":{\"@id\":\"https:\\\/\\\/www.tx-lab.com\\\/producto\\\/adapter-m42x1-lenses-to-canon-eos\\\/#breadcrumb\"},\"inLanguage\":\"en-GB\",\"potentialAction\":[{\"@type\":\"ReadAction\",\"target\":[\"https:\\\/\\\/www.tx-lab.com\\\/producto\\\/adapter-m42x1-lenses-to-canon-eos\\\/\"]}]},{\"@type\":\"ImageObject\",\"inLanguage\":\"en-GB\",\"@id\":\"https:\\\/\\\/www.tx-lab.com\\\/producto\\\/adapter-m42x1-lenses-to-canon-eos\\\/#primaryimage\",\"url\":\"https:\\\/\\\/www.tx-lab.com\\\/wp-content\\\/uploads\\\/2022\\\/06\\\/imgBQAkt4.jpg\",\"contentUrl\":\"https:\\\/\\\/www.tx-lab.com\\\/wp-content\\\/uploads\\\/2022\\\/06\\\/imgBQAkt4.jpg\",\"width\":412,\"height\":482},{\"@type\":\"BreadcrumbList\",\"@id\":\"https:\\\/\\\/www.tx-lab.com\\\/producto\\\/adapter-m42x1-lenses-to-canon-eos\\\/#breadcrumb\",\"itemListElement\":[{\"@type\":\"ListItem\",\"position\":1,\"name\":\"Portada\",\"item\":\"https:\\\/\\\/www.tx-lab.com\\\/\"},{\"@type\":\"ListItem\",\"position\":2,\"name\":\"Tienda\",\"item\":\"https:\\\/\\\/www.tx-lab.com\\\/tienda\\\/\"},{\"@type\":\"ListItem\",\"position\":3,\"name\":\"Adapter M42 lens to Canon EOS\"}]},{\"@type\":\"WebSite\",\"@id\":\"https:\\\/\\\/www.tx-lab.com\\\/#website\",\"url\":\"https:\\\/\\\/www.tx-lab.com\\\/\",\"name\":\"Tx-lab\",\"description\":\"Productos y servicios para profesionales de la imagen\",\"publisher\":{\"@id\":\"https:\\\/\\\/www.tx-lab.com\\\/#organization\"},\"potentialAction\":[{\"@type\":\"SearchAction\",\"target\":{\"@type\":\"EntryPoint\",\"urlTemplate\":\"https:\\\/\\\/www.tx-lab.com\\\/?s={search_term_string}\"},\"query-input\":{\"@type\":\"PropertyValueSpecification\",\"valueRequired\":true,\"valueName\":\"search_term_string\"}}],\"inLanguage\":\"en-GB\"},{\"@type\":\"Organization\",\"@id\":\"https:\\\/\\\/www.tx-lab.com\\\/#organization\",\"name\":\"Tx-lab\",\"url\":\"https:\\\/\\\/www.tx-lab.com\\\/\",\"logo\":{\"@type\":\"ImageObject\",\"inLanguage\":\"en-GB\",\"@id\":\"https:\\\/\\\/www.tx-lab.com\\\/#\\\/schema\\\/logo\\\/image\\\/\",\"url\":\"https:\\\/\\\/www.tx-lab.com\\\/wp-content\\\/uploads\\\/2022\\\/09\\\/logo_tx-lab-white-web.png\",\"contentUrl\":\"https:\\\/\\\/www.tx-lab.com\\\/wp-content\\\/uploads\\\/2022\\\/09\\\/logo_tx-lab-white-web.png\",\"width\":520,\"height\":236,\"caption\":\"Tx-lab\"},\"image\":{\"@id\":\"https:\\\/\\\/www.tx-lab.com\\\/#\\\/schema\\\/logo\\\/image\\\/\"}}]}<\/script>\n<!-- \/ Yoast SEO plugin. -->","yoast_head_json":{"title":"\u1409 Adapter M42 lens to Canon EOS | Tx-lab","description":"\ud83e\udd47 Entra y descubre \u261d Adapter M42 lens to Canon EOS. La mejor tecnolog\u00eda disponible en... comprar Adapter M42 lens to Canon EOS al mejor precio \u2705 Adapter M42 lens to Canon EOS recomendado para...","robots":{"index":"index","follow":"follow","max-snippet":"max-snippet:-1","max-image-preview":"max-image-preview:large","max-video-preview":"max-video-preview:-1"},"canonical":"https:\/\/www.tx-lab.com\/en\/product\/adapter-m42x1-lenses-to-canon-eos\/","og_locale":"en_GB","og_type":"article","og_title":"\u1409 Adapter M42 lens to Canon EOS | Tx-lab","og_description":"\ud83e\udd47 Entra y descubre \u261d Adapter M42 lens to Canon EOS. La mejor tecnolog\u00eda disponible en... comprar Adapter M42 lens to Canon EOS al mejor precio \u2705 Adapter M42 lens to Canon EOS recomendado para...","og_url":"https:\/\/www.tx-lab.com\/en\/product\/adapter-m42x1-lenses-to-canon-eos\/","og_site_name":"Tx-lab","article_modified_time":"2025-04-23T16:03:08+00:00","og_image":[{"width":412,"height":482,"url":"https:\/\/www.tx-lab.com\/wp-content\/uploads\/2022\/06\/imgBQAkt4.jpg","type":"image\/jpeg"}],"twitter_card":"summary_large_image","schema":{"@context":"https:\/\/schema.org","@graph":[{"@type":"WebPage","@id":"https:\/\/www.tx-lab.com\/producto\/adapter-m42x1-lenses-to-canon-eos\/","url":"https:\/\/www.tx-lab.com\/producto\/adapter-m42x1-lenses-to-canon-eos\/","name":"\u1409 Adapter M42 lens to Canon EOS | Tx-lab","isPartOf":{"@id":"https:\/\/www.tx-lab.com\/#website"},"primaryImageOfPage":{"@id":"https:\/\/www.tx-lab.com\/producto\/adapter-m42x1-lenses-to-canon-eos\/#primaryimage"},"image":{"@id":"https:\/\/www.tx-lab.com\/producto\/adapter-m42x1-lenses-to-canon-eos\/#primaryimage"},"thumbnailUrl":"https:\/\/www.tx-lab.com\/wp-content\/uploads\/2022\/06\/imgBQAkt4.jpg","datePublished":"2022-06-06T14:58:11+00:00","dateModified":"2025-04-23T16:03:08+00:00","description":"\ud83e\udd47 Entra y descubre \u261d Adapter M42 lens to Canon EOS. La mejor tecnolog\u00eda disponible en... comprar Adapter M42 lens to Canon EOS al mejor precio \u2705 Adapter M42 lens to Canon EOS recomendado para...","breadcrumb":{"@id":"https:\/\/www.tx-lab.com\/producto\/adapter-m42x1-lenses-to-canon-eos\/#breadcrumb"},"inLanguage":"en-GB","potentialAction":[{"@type":"ReadAction","target":["https:\/\/www.tx-lab.com\/producto\/adapter-m42x1-lenses-to-canon-eos\/"]}]},{"@type":"ImageObject","inLanguage":"en-GB","@id":"https:\/\/www.tx-lab.com\/producto\/adapter-m42x1-lenses-to-canon-eos\/#primaryimage","url":"https:\/\/www.tx-lab.com\/wp-content\/uploads\/2022\/06\/imgBQAkt4.jpg","contentUrl":"https:\/\/www.tx-lab.com\/wp-content\/uploads\/2022\/06\/imgBQAkt4.jpg","width":412,"height":482},{"@type":"BreadcrumbList","@id":"https:\/\/www.tx-lab.com\/producto\/adapter-m42x1-lenses-to-canon-eos\/#breadcrumb","itemListElement":[{"@type":"ListItem","position":1,"name":"Portada","item":"https:\/\/www.tx-lab.com\/"},{"@type":"ListItem","position":2,"name":"Tienda","item":"https:\/\/www.tx-lab.com\/tienda\/"},{"@type":"ListItem","position":3,"name":"Adapter M42 lens to Canon EOS"}]},{"@type":"WebSite","@id":"https:\/\/www.tx-lab.com\/#website","url":"https:\/\/www.tx-lab.com\/","name":"Tx-lab","description":"Products and services for image professionals","publisher":{"@id":"https:\/\/www.tx-lab.com\/#organization"},"potentialAction":[{"@type":"SearchAction","target":{"@type":"EntryPoint","urlTemplate":"https:\/\/www.tx-lab.com\/?s={search_term_string}"},"query-input":{"@type":"PropertyValueSpecification","valueRequired":true,"valueName":"search_term_string"}}],"inLanguage":"en-GB"},{"@type":"Organization","@id":"https:\/\/www.tx-lab.com\/#organization","name":"Tx-lab","url":"https:\/\/www.tx-lab.com\/","logo":{"@type":"ImageObject","inLanguage":"en-GB","@id":"https:\/\/www.tx-lab.com\/#\/schema\/logo\/image\/","url":"https:\/\/www.tx-lab.com\/wp-content\/uploads\/2022\/09\/logo_tx-lab-white-web.png","contentUrl":"https:\/\/www.tx-lab.com\/wp-content\/uploads\/2022\/09\/logo_tx-lab-white-web.png","width":520,"height":236,"caption":"Tx-lab"},"image":{"@id":"https:\/\/www.tx-lab.com\/#\/schema\/logo\/image\/"}}]}},"jetpack-related-posts":[],"jetpack_sharing_enabled":true,"_links":{"self":[{"href":"https:\/\/www.tx-lab.com\/en\/wp-json\/wp\/v2\/product\/15778","targetHints":{"allow":["GET"]}}],"collection":[{"href":"https:\/\/www.tx-lab.com\/en\/wp-json\/wp\/v2\/product"}],"about":[{"href":"https:\/\/www.tx-lab.com\/en\/wp-json\/wp\/v2\/types\/product"}],"replies":[{"embeddable":true,"href":"https:\/\/www.tx-lab.com\/en\/wp-json\/wp\/v2\/comments?post=15778"}],"wp:featuredmedia":[{"embeddable":true,"href":"https:\/\/www.tx-lab.com\/en\/wp-json\/wp\/v2\/media\/15777"}],"wp:attachment":[{"href":"https:\/\/www.tx-lab.com\/en\/wp-json\/wp\/v2\/media?parent=15778"}],"wp:term":[{"taxonomy":"product_brand","embeddable":true,"href":"https:\/\/www.tx-lab.com\/en\/wp-json\/wp\/v2\/product_brand?post=15778"},{"taxonomy":"product_cat","embeddable":true,"href":"https:\/\/www.tx-lab.com\/en\/wp-json\/wp\/v2\/product_cat?post=15778"},{"taxonomy":"product_tag","embeddable":true,"href":"https:\/\/www.tx-lab.com\/en\/wp-json\/wp\/v2\/product_tag?post=15778"}],"curies":[{"name":"wp","href":"https:\/\/api.w.org\/{rel}","templated":true}]}}