{"id":15216,"date":"2022-04-04T16:45:29","date_gmt":"2022-04-04T16:45:29","guid":{"rendered":"https:\/\/www.tx-lab.com\/?post_type=product&#038;p=15216"},"modified":"2024-07-22T21:34:40","modified_gmt":"2024-07-22T21:34:40","slug":"equipo-de-luz-led-godox-m600d-led-light","status":"publish","type":"product","link":"https:\/\/www.tx-lab.com\/en\/product\/equipo-de-luz-led-godox-m600d-led-light\/","title":{"rendered":"Equipo de luz LED Godox M600D LED Light"},"content":{"rendered":"<p>Luz LED Godox M600D<br \/>Godox se complace en presentar la serie Knowled, cuya calidad y rendimiento de primer nivel llevar\u00e1n la producci\u00f3n a nuevas alturas.<br \/>Como el primer accesorio de la serie Knowled, el M600D es una luz LED evolutiva de alto rendimiento en versi\u00f3n de luz diurna, una combinaci\u00f3n innovadora de brillo y eficiencia y un caballo de batalla que ilumina cualquier entorno que imagine.<\/p>\n<p>M\u00e1s brillante que nunca<br \/>Con una deslumbrante iluminaci\u00f3n de 15.700 lux a 3 metros equipada con el reflector profesional incluido, la M600D iluminar\u00e1 tanto los escenarios magn\u00edficos como las expresiones sutiles de cualquier historia que est\u00e9s contando. Es la verdadera luz del sol a tu disposici\u00f3n.<\/p>\n<p>Una carrera y pistola<br \/>El ultra rendimiento est\u00e1 incorporado en el dise\u00f1o l\u00edder en su clase del M600D. Control intuitivo, alimentaci\u00f3n diversificada y construcci\u00f3n robusta, cada detalle del M600D se adapta a las necesidades de los gaffers. La abrazadera incluida proporciona una sujeci\u00f3n segura de la caja de control de una manera sencilla, lo que le permite crear con tranquilidad. Con un dise\u00f1o ergon\u00f3mico, manifiesta la profesionalidad y promete un acompa\u00f1amiento duradero para su carrera de producci\u00f3n.<\/p>\n<p>Un equipo colaborativo<br \/>Cuando la salida extrema del M600D colabora como un equipo, la potencia es ilimitada para presentar un efecto de luz perfecto para cualquier entorno. Gracias a la aplicaci\u00f3n Godox light, toda la coordinaci\u00f3n compleja se puede lograr con la mano.<\/p>\n<p>Intensifique y diversifique con Fresnel<br \/>Equipado con Fresnel FLS10 de montura Bowens Godox de 10\u0094, el M600D ofrece un haz a\u00fan m\u00e1s brillante que penetra a lo lejos y genera una luz constante con una intensidad uniforme. Toneladas de tecnolog\u00eda detr\u00e1s de FLS10 sirven para un prop\u00f3sito: maximizar la salida mientras se mantiene la calidad de la luz.<br \/>El FLS10 amplifica la ya inmensa iluminaci\u00f3n de la luz LED Godox al m\u00e1ximo 19 veces, brindando un brillo comparable a la luz de tungsteno tradicional y consumiendo mucha menos energ\u00eda. El n\u00edtido haz de luz con sombras n\u00edtidas y claras aporta una textura y un car\u00e1cter extraordinarios a su imagen<\/p>\n<p>\u00c1ngulo de haz variable<br \/>Con el \u00e1ngulo del haz ajustable de forma continua desde 10\u00ba hasta 35\u00ba, puede obtener una luz enfocada con un poder penetrante o una luz distribuida uniformemente que envuelve al sujeto de forma natural para satisfacer diversas necesidades de expresi\u00f3n.<\/p>\n<p>Construcci\u00f3n robusta<br \/>La calidad de construcci\u00f3n ergon\u00f3mica y robusta del FLS10 mantiene el mismo est\u00e1ndar que el M600D, lo que garantiza fugas de luz minimizadas y una durabilidad resistente. Este caballo de batalla est\u00e1 especialmente dise\u00f1ado para soportar todos los entornos extremos de la cinematograf\u00eda.<\/p>\n<p>Conformaci\u00f3n precisa<br \/>Compatible con las viseras de 8 hojas LB-02 para cortar y dar forma a la luz con precisi\u00f3n para expresiones m\u00e1s creativas.<\/p>\n<p>Reproducci\u00f3n de color impecable<br \/>La M600D mantiene el est\u00e1ndar m\u00e1s alto de fidelidad de color. Al reproducir colores vivos y tonos de piel naturales en cualquier entorno, optimiza en gran medida el costo de tiempo y dinero para la posproducci\u00f3n.<\/p>\n<p>Un nuevo referente en eficiencia<br \/>Dise\u00f1ado con una eficiencia operativa extrema, el M600D ahorra mucho tiempo en los lugares de filmaci\u00f3n donde cada segundo cuenta. Ajustable finamente en 0.1% o r\u00e1pidamente en incrementos de 10%, el M600D presenta el brillo exacto que deseas de manera f\u00e1cil y eficiente. Al proporcionar 4 curvas de comedor opcionales, cada una de las cuales logra un comportamiento de salida \u00fanico que se adapta a entornos y aplicaciones diversificados, brinda el mejor efecto de iluminaci\u00f3n en el menor tiempo posible. La soluci\u00f3n de alimentaci\u00f3n vers\u00e1til ayuda a producir resultados brillantes en cualquier lugar, compatible con fuente de alimentaci\u00f3n de CA y CC, alimentaci\u00f3n de bater\u00eda simple y doble.<br \/>El potente sistema de refrigeraci\u00f3n garantiza una notable disipaci\u00f3n r\u00e1pida del calor en un proceso apenas detectable por el o\u00eddo humano.<\/p>\n<p>Distancia de control inal\u00e1mbrico 2.4G: ~ 60m<br \/>    Distancia de transmisi\u00f3n de Bluetooth: ~ 30 m<br \/>    Pantalla de visualizaci\u00f3n: 2,4 pulgadas<br \/>    Dimensiones del cuerpo ligero: 447,3 x 242,8 x 152,9 mm<br \/>    Dimensiones del controlador: 332,4 x 121,6 x 179,2 mm<br \/>    peso corporal ligero: 4,5 kg<br \/>    peso del controlador: 3,9 kg<br \/>    Frecuencia de transmisi\u00f3n de Bluetooth: 2402.00-2480MHz<br \/>    Potencia m\u00e1xima de transmisi\u00f3n: 5dbm<br \/>    2 a\u00f1os de garant\u00eda<\/p>\n<p>En la caja<\/p>\n<p>    1x cuerpo de luz<br \/>    1x cable de alimentaci\u00f3n de 5m<br \/>    1x cable de conexi\u00f3n<br \/>    1x abrazadera de controlador<br \/>    1x cuerda fija<br \/>    1x cubierta de la l\u00e1mpara<br \/>    1 controlador M600D-CL<br \/>    reflector 1x<br \/>    1x estuche port\u00e1til<\/p>","protected":false},"excerpt":{"rendered":"<p>Potencia: 740W (m\u00e1x.)<br \/>    Entrada de fuente de alimentaci\u00f3n del controlador: AC100-240V\/10A<br \/>    Entrada de fuente de alimentaci\u00f3n del controlador: DC48V\/15A<br \/>    Par\u00e1metro de entrada de bater\u00eda de montaje en V (opcional): 14,8 V 150 Wh\/26 V 260 Wh<br \/>    Canal: 32 (1 ~ 32)<br \/>    Grupo: 16 (0~9,A~F)<br \/>    ID: 1~99, APAGADO<br \/>    Temperatura de color: 5600K<br \/>    IRC: &gt;96<br \/>    TLCI: &gt;97<br \/>    Temperatura ambiente de trabajo: -10~40\u00baC<br \/>    Efecto de luz FX: 12 tipos dentro de 4 tipos<br \/>    M\u00e9todo de control: soporte DMX512, control inal\u00e1mbrico 2,4G, aplicaci\u00f3n Bluetooth<br \/>    Curva de atenuaci\u00f3n: 4 tipos: lineal\/curva en S\/exponencial\/logar\u00edtmica<br \/>    Modo de silencio: S\u00ed<\/p>","protected":false},"featured_media":15212,"comment_status":"open","ping_status":"closed","template":"","meta":[],"product_brand":[],"product_cat":[546],"product_tag":[],"class_list":{"0":"post-15216","1":"product","2":"type-product","3":"status-publish","4":"has-post-thumbnail","6":"product_cat-equipos-de-hmi","8":"first","9":"instock","10":"taxable","11":"shipping-taxable","12":"purchasable","13":"product-type-simple"},"yoast_head":"<!-- This site is optimized with the Yoast SEO plugin v27.4 - https:\/\/yoast.com\/product\/yoast-seo-wordpress\/ -->\n<title>\u1409 Equipo de luz LED Godox M600D LED Light | Tx-lab<\/title>\n<meta name=\"description\" content=\"\ud83e\udd47 Entra y descubre \u261d Equipo de luz LED Godox M600D LED Light. La mejor tecnolog\u00eda disponible en... comprar Equipo de luz LED Godox M600D LED Light al mejor precio \u2705 Equipo de luz LED Godox M600D LED Light recomendado para...\" \/>\n<meta name=\"robots\" content=\"index, follow, max-snippet:-1, max-image-preview:large, max-video-preview:-1\" \/>\n<link rel=\"canonical\" href=\"https:\/\/www.tx-lab.com\/en\/product\/equipo-de-luz-led-godox-m600d-led-light\/\" \/>\n<meta property=\"og:locale\" content=\"en_GB\" \/>\n<meta property=\"og:type\" content=\"article\" \/>\n<meta property=\"og:title\" content=\"\u1409 Equipo de luz LED Godox M600D LED Light | Tx-lab\" \/>\n<meta property=\"og:description\" content=\"\ud83e\udd47 Entra y descubre \u261d Equipo de luz LED Godox M600D LED Light. La mejor tecnolog\u00eda disponible en... comprar Equipo de luz LED Godox M600D LED Light al mejor precio \u2705 Equipo de luz LED Godox M600D LED Light recomendado para...\" \/>\n<meta property=\"og:url\" content=\"https:\/\/www.tx-lab.com\/en\/product\/equipo-de-luz-led-godox-m600d-led-light\/\" \/>\n<meta property=\"og:site_name\" content=\"Tx-lab\" \/>\n<meta property=\"article:modified_time\" content=\"2024-07-22T21:34:40+00:00\" \/>\n<meta property=\"og:image\" content=\"https:\/\/www.tx-lab.com\/wp-content\/uploads\/2022\/04\/imgKgiyhJ.jpg\" \/>\n\t<meta property=\"og:image:width\" content=\"1000\" \/>\n\t<meta property=\"og:image:height\" content=\"1000\" \/>\n\t<meta property=\"og:image:type\" content=\"image\/jpeg\" \/>\n<meta name=\"twitter:card\" content=\"summary_large_image\" \/>\n<meta name=\"twitter:label1\" content=\"Estimated reading time\" \/>\n\t<meta name=\"twitter:data1\" content=\"4 minutes\" \/>\n<script type=\"application\/ld+json\" class=\"yoast-schema-graph\">{\"@context\":\"https:\\\/\\\/schema.org\",\"@graph\":[{\"@type\":\"WebPage\",\"@id\":\"https:\\\/\\\/www.tx-lab.com\\\/producto\\\/equipo-de-luz-led-godox-m600d-led-light\\\/\",\"url\":\"https:\\\/\\\/www.tx-lab.com\\\/producto\\\/equipo-de-luz-led-godox-m600d-led-light\\\/\",\"name\":\"\u1409 Equipo de luz LED Godox M600D LED Light | Tx-lab\",\"isPartOf\":{\"@id\":\"https:\\\/\\\/www.tx-lab.com\\\/#website\"},\"primaryImageOfPage\":{\"@id\":\"https:\\\/\\\/www.tx-lab.com\\\/producto\\\/equipo-de-luz-led-godox-m600d-led-light\\\/#primaryimage\"},\"image\":{\"@id\":\"https:\\\/\\\/www.tx-lab.com\\\/producto\\\/equipo-de-luz-led-godox-m600d-led-light\\\/#primaryimage\"},\"thumbnailUrl\":\"https:\\\/\\\/www.tx-lab.com\\\/wp-content\\\/uploads\\\/2022\\\/04\\\/imgKgiyhJ.jpg\",\"datePublished\":\"2022-04-04T16:45:29+00:00\",\"dateModified\":\"2024-07-22T21:34:40+00:00\",\"description\":\"\ud83e\udd47 Entra y descubre \u261d Equipo de luz LED Godox M600D LED Light. La mejor tecnolog\u00eda disponible en... comprar Equipo de luz LED Godox M600D LED Light al mejor precio \u2705 Equipo de luz LED Godox M600D LED Light recomendado para...\",\"breadcrumb\":{\"@id\":\"https:\\\/\\\/www.tx-lab.com\\\/producto\\\/equipo-de-luz-led-godox-m600d-led-light\\\/#breadcrumb\"},\"inLanguage\":\"en-GB\",\"potentialAction\":[{\"@type\":\"ReadAction\",\"target\":[\"https:\\\/\\\/www.tx-lab.com\\\/producto\\\/equipo-de-luz-led-godox-m600d-led-light\\\/\"]}]},{\"@type\":\"ImageObject\",\"inLanguage\":\"en-GB\",\"@id\":\"https:\\\/\\\/www.tx-lab.com\\\/producto\\\/equipo-de-luz-led-godox-m600d-led-light\\\/#primaryimage\",\"url\":\"https:\\\/\\\/www.tx-lab.com\\\/wp-content\\\/uploads\\\/2022\\\/04\\\/imgKgiyhJ.jpg\",\"contentUrl\":\"https:\\\/\\\/www.tx-lab.com\\\/wp-content\\\/uploads\\\/2022\\\/04\\\/imgKgiyhJ.jpg\",\"width\":1000,\"height\":1000},{\"@type\":\"BreadcrumbList\",\"@id\":\"https:\\\/\\\/www.tx-lab.com\\\/producto\\\/equipo-de-luz-led-godox-m600d-led-light\\\/#breadcrumb\",\"itemListElement\":[{\"@type\":\"ListItem\",\"position\":1,\"name\":\"Portada\",\"item\":\"https:\\\/\\\/www.tx-lab.com\\\/\"},{\"@type\":\"ListItem\",\"position\":2,\"name\":\"Tienda\",\"item\":\"https:\\\/\\\/www.tx-lab.com\\\/tienda\\\/\"},{\"@type\":\"ListItem\",\"position\":3,\"name\":\"Equipo de luz LED Godox M600D LED Light\"}]},{\"@type\":\"WebSite\",\"@id\":\"https:\\\/\\\/www.tx-lab.com\\\/#website\",\"url\":\"https:\\\/\\\/www.tx-lab.com\\\/\",\"name\":\"Tx-lab\",\"description\":\"Productos y servicios para profesionales de la imagen\",\"publisher\":{\"@id\":\"https:\\\/\\\/www.tx-lab.com\\\/#organization\"},\"potentialAction\":[{\"@type\":\"SearchAction\",\"target\":{\"@type\":\"EntryPoint\",\"urlTemplate\":\"https:\\\/\\\/www.tx-lab.com\\\/?s={search_term_string}\"},\"query-input\":{\"@type\":\"PropertyValueSpecification\",\"valueRequired\":true,\"valueName\":\"search_term_string\"}}],\"inLanguage\":\"en-GB\"},{\"@type\":\"Organization\",\"@id\":\"https:\\\/\\\/www.tx-lab.com\\\/#organization\",\"name\":\"Tx-lab\",\"url\":\"https:\\\/\\\/www.tx-lab.com\\\/\",\"logo\":{\"@type\":\"ImageObject\",\"inLanguage\":\"en-GB\",\"@id\":\"https:\\\/\\\/www.tx-lab.com\\\/#\\\/schema\\\/logo\\\/image\\\/\",\"url\":\"https:\\\/\\\/www.tx-lab.com\\\/wp-content\\\/uploads\\\/2022\\\/09\\\/logo_tx-lab-white-web.png\",\"contentUrl\":\"https:\\\/\\\/www.tx-lab.com\\\/wp-content\\\/uploads\\\/2022\\\/09\\\/logo_tx-lab-white-web.png\",\"width\":520,\"height\":236,\"caption\":\"Tx-lab\"},\"image\":{\"@id\":\"https:\\\/\\\/www.tx-lab.com\\\/#\\\/schema\\\/logo\\\/image\\\/\"}}]}<\/script>\n<!-- \/ Yoast SEO plugin. -->","yoast_head_json":{"title":"\u1409 Equipo de luz LED Godox M600D LED Light | Tx-lab","description":"\ud83e\udd47 Entra y descubre \u261d Equipo de luz LED Godox M600D LED Light. La mejor tecnolog\u00eda disponible en... comprar Equipo de luz LED Godox M600D LED Light al mejor precio \u2705 Equipo de luz LED Godox M600D LED Light recomendado para...","robots":{"index":"index","follow":"follow","max-snippet":"max-snippet:-1","max-image-preview":"max-image-preview:large","max-video-preview":"max-video-preview:-1"},"canonical":"https:\/\/www.tx-lab.com\/en\/product\/equipo-de-luz-led-godox-m600d-led-light\/","og_locale":"en_GB","og_type":"article","og_title":"\u1409 Equipo de luz LED Godox M600D LED Light | Tx-lab","og_description":"\ud83e\udd47 Entra y descubre \u261d Equipo de luz LED Godox M600D LED Light. La mejor tecnolog\u00eda disponible en... comprar Equipo de luz LED Godox M600D LED Light al mejor precio \u2705 Equipo de luz LED Godox M600D LED Light recomendado para...","og_url":"https:\/\/www.tx-lab.com\/en\/product\/equipo-de-luz-led-godox-m600d-led-light\/","og_site_name":"Tx-lab","article_modified_time":"2024-07-22T21:34:40+00:00","og_image":[{"width":1000,"height":1000,"url":"https:\/\/www.tx-lab.com\/wp-content\/uploads\/2022\/04\/imgKgiyhJ.jpg","type":"image\/jpeg"}],"twitter_card":"summary_large_image","twitter_misc":{"Estimated reading time":"4 minutes"},"schema":{"@context":"https:\/\/schema.org","@graph":[{"@type":"WebPage","@id":"https:\/\/www.tx-lab.com\/producto\/equipo-de-luz-led-godox-m600d-led-light\/","url":"https:\/\/www.tx-lab.com\/producto\/equipo-de-luz-led-godox-m600d-led-light\/","name":"\u1409 Equipo de luz LED Godox M600D LED Light | Tx-lab","isPartOf":{"@id":"https:\/\/www.tx-lab.com\/#website"},"primaryImageOfPage":{"@id":"https:\/\/www.tx-lab.com\/producto\/equipo-de-luz-led-godox-m600d-led-light\/#primaryimage"},"image":{"@id":"https:\/\/www.tx-lab.com\/producto\/equipo-de-luz-led-godox-m600d-led-light\/#primaryimage"},"thumbnailUrl":"https:\/\/www.tx-lab.com\/wp-content\/uploads\/2022\/04\/imgKgiyhJ.jpg","datePublished":"2022-04-04T16:45:29+00:00","dateModified":"2024-07-22T21:34:40+00:00","description":"\ud83e\udd47 Entra y descubre \u261d Equipo de luz LED Godox M600D LED Light. La mejor tecnolog\u00eda disponible en... comprar Equipo de luz LED Godox M600D LED Light al mejor precio \u2705 Equipo de luz LED Godox M600D LED Light recomendado para...","breadcrumb":{"@id":"https:\/\/www.tx-lab.com\/producto\/equipo-de-luz-led-godox-m600d-led-light\/#breadcrumb"},"inLanguage":"en-GB","potentialAction":[{"@type":"ReadAction","target":["https:\/\/www.tx-lab.com\/producto\/equipo-de-luz-led-godox-m600d-led-light\/"]}]},{"@type":"ImageObject","inLanguage":"en-GB","@id":"https:\/\/www.tx-lab.com\/producto\/equipo-de-luz-led-godox-m600d-led-light\/#primaryimage","url":"https:\/\/www.tx-lab.com\/wp-content\/uploads\/2022\/04\/imgKgiyhJ.jpg","contentUrl":"https:\/\/www.tx-lab.com\/wp-content\/uploads\/2022\/04\/imgKgiyhJ.jpg","width":1000,"height":1000},{"@type":"BreadcrumbList","@id":"https:\/\/www.tx-lab.com\/producto\/equipo-de-luz-led-godox-m600d-led-light\/#breadcrumb","itemListElement":[{"@type":"ListItem","position":1,"name":"Portada","item":"https:\/\/www.tx-lab.com\/"},{"@type":"ListItem","position":2,"name":"Tienda","item":"https:\/\/www.tx-lab.com\/tienda\/"},{"@type":"ListItem","position":3,"name":"Equipo de luz LED Godox M600D LED Light"}]},{"@type":"WebSite","@id":"https:\/\/www.tx-lab.com\/#website","url":"https:\/\/www.tx-lab.com\/","name":"Tx-lab","description":"Products and services for image professionals","publisher":{"@id":"https:\/\/www.tx-lab.com\/#organization"},"potentialAction":[{"@type":"SearchAction","target":{"@type":"EntryPoint","urlTemplate":"https:\/\/www.tx-lab.com\/?s={search_term_string}"},"query-input":{"@type":"PropertyValueSpecification","valueRequired":true,"valueName":"search_term_string"}}],"inLanguage":"en-GB"},{"@type":"Organization","@id":"https:\/\/www.tx-lab.com\/#organization","name":"Tx-lab","url":"https:\/\/www.tx-lab.com\/","logo":{"@type":"ImageObject","inLanguage":"en-GB","@id":"https:\/\/www.tx-lab.com\/#\/schema\/logo\/image\/","url":"https:\/\/www.tx-lab.com\/wp-content\/uploads\/2022\/09\/logo_tx-lab-white-web.png","contentUrl":"https:\/\/www.tx-lab.com\/wp-content\/uploads\/2022\/09\/logo_tx-lab-white-web.png","width":520,"height":236,"caption":"Tx-lab"},"image":{"@id":"https:\/\/www.tx-lab.com\/#\/schema\/logo\/image\/"}}]}},"jetpack-related-posts":[],"jetpack_sharing_enabled":true,"_links":{"self":[{"href":"https:\/\/www.tx-lab.com\/en\/wp-json\/wp\/v2\/product\/15216","targetHints":{"allow":["GET"]}}],"collection":[{"href":"https:\/\/www.tx-lab.com\/en\/wp-json\/wp\/v2\/product"}],"about":[{"href":"https:\/\/www.tx-lab.com\/en\/wp-json\/wp\/v2\/types\/product"}],"replies":[{"embeddable":true,"href":"https:\/\/www.tx-lab.com\/en\/wp-json\/wp\/v2\/comments?post=15216"}],"wp:featuredmedia":[{"embeddable":true,"href":"https:\/\/www.tx-lab.com\/en\/wp-json\/wp\/v2\/media\/15212"}],"wp:attachment":[{"href":"https:\/\/www.tx-lab.com\/en\/wp-json\/wp\/v2\/media?parent=15216"}],"wp:term":[{"taxonomy":"product_brand","embeddable":true,"href":"https:\/\/www.tx-lab.com\/en\/wp-json\/wp\/v2\/product_brand?post=15216"},{"taxonomy":"product_cat","embeddable":true,"href":"https:\/\/www.tx-lab.com\/en\/wp-json\/wp\/v2\/product_cat?post=15216"},{"taxonomy":"product_tag","embeddable":true,"href":"https:\/\/www.tx-lab.com\/en\/wp-json\/wp\/v2\/product_tag?post=15216"}],"curies":[{"name":"wp","href":"https:\/\/api.w.org\/{rel}","templated":true}]}}