{"id":14612,"date":"2021-11-16T10:42:24","date_gmt":"2021-11-16T10:42:24","guid":{"rendered":"https:\/\/www.tx-lab.com\/?post_type=product&#038;p=14612"},"modified":"2025-04-23T16:00:08","modified_gmt":"2025-04-23T16:00:08","slug":"impresora-fotografica-canon-imageprograf-pro-300-a3","status":"publish","type":"product","link":"https:\/\/www.tx-lab.com\/en\/product\/impresora-fotografica-canon-imageprograf-pro-300-a3\/","title":{"rendered":"Impresora fotogr\u00e1fica &#8211; Canon imagePROGRAF PRO-300 A3+"},"content":{"rendered":"<div id=\"product-specification-media-handling_1\" class=\"product-specification__item pl-spacer pl-spacer--out--small pl-spacer--cut-h\">\n<h3 class=\"pl-h2 pl-h2--alt\">Especificaciones del producto y gesti\u00f3n de soportes<\/h3>\n<div class=\"product-specification__item__details pl-spacer pl-spacer--out--smaller pl-spacer--cut-h\">\n<div class=\"product-specification__item__details__element pl-spacer pl-spacer--in--smallest pl-spacer--cut-h clearfix row no-gutter\">\n<h4 class=\"col-xs-12 col-lg-4 pl-h5 pl-spacer--out pl-spacer--cut-v\">Cabezal de impresi\u00f3n\/tinta<\/h4>\n<div class=\"col-xs-12 col-lg-8\">\n<p>Tipo: Permanente<br \/>\nN\u00famero de inyectores: 7680 inyectores en total<br \/>\n(Y\/M\/C\/R\/PC\/PM\/Gy\/PBk\/MBk\/CO\/Cada 768 x 10)<br \/>\nDep\u00f3sito de tinta: 10 colores = 9 colores (Y\/M\/C\/R\/PC\/PM\/Gy\/PBk\/MBk)+CO<\/p>\n<\/div>\n<\/div>\n<div class=\"product-specification__item__details__element pl-spacer pl-spacer--in--smallest pl-spacer--cut-h clearfix row no-gutter\">\n<h4 class=\"col-xs-12 col-lg-4 pl-h5 pl-spacer--out pl-spacer--cut-v\">M\u00e1xima resoluci\u00f3n de impresi\u00f3n<\/h4>\n<div class=\"col-xs-12 col-lg-8\">\n<p>4800 (horizontal)<sup><a class=\"product-specification-detail__link\" href=\"https:\/\/www.canon.es\/printers\/professional-photo-printers\/a3-printers\/imageprograf-pro-300\/specifications\/#footnote-1\">1<\/a><\/sup> x 2400 (vertical) ppp<\/p>\n<\/div>\n<\/div>\n<div class=\"product-specification__item__details__element pl-spacer pl-spacer--in--smallest pl-spacer--cut-h clearfix row no-gutter\">\n<h4 class=\"col-xs-12 col-lg-4 pl-h5 pl-spacer--out pl-spacer--cut-v\">Velocidad de impresi\u00f3n<\/h4>\n<div class=\"col-xs-12 col-lg-8\">\n<p>Foto (imagen de 11 x 14&#8243; en A3+ con bordes)<sup><a class=\"product-specification-detail__link\" href=\"https:\/\/www.canon.es\/printers\/professional-photo-printers\/a3-printers\/imageprograf-pro-300\/specifications\/#footnote-2\">2<\/a><\/sup><br \/>\nColor\/PT-101: aprox. 4 m 15 s<br \/>\nNegro\/PT-101: aprox. 4 m 15 s<\/p>\n<\/div>\n<\/div>\n<div class=\"product-specification__item__details__element pl-spacer pl-spacer--in--smallest pl-spacer--cut-h clearfix row no-gutter\">\n<h4 class=\"col-xs-12 col-lg-4 pl-h5 pl-spacer--out pl-spacer--cut-v\">Tama\u00f1o m\u00e1ximo del papel imprimible<\/h4>\n<div class=\"col-xs-12 col-lg-8\">\n<p>Bandeja superior (ancho): 322,2 mm, Impresi\u00f3n sin bordes: 329 mm (A3+)<br \/>\nAlimentaci\u00f3n manual (ancho): 323,2 mm, Impresi\u00f3n sin bordes: 329 mm \uff08A3+)<br \/>\nPersonalizado (longitud): 990,60 mm<\/p>\n<\/div>\n<\/div>\n<div class=\"product-specification__item__details__element pl-spacer pl-spacer--in--smallest pl-spacer--cut-h clearfix row no-gutter\">\n<h4 class=\"col-xs-12 col-lg-4 pl-h5 pl-spacer--out pl-spacer--cut-v\">\u00c1rea de impresi\u00f3n<\/h4>\n<div class=\"col-xs-12 col-lg-8\">\n<p>Impresi\u00f3n sin bordes: Margen superior, inferior, derecho e izquierdo: 0 mm cada uno<br \/>\nImpresi\u00f3n con bordes: Margen superior: 3 mm, Margen inferior: 5 mm, Margen derecho e izquierdo: 3,4 mm cada uno (LTR\/LGL: Izquierdo: 6,4 mm, Derecho: 6,3 mm) Margen superior, inferior, derecho e izquierdo para papel de acabado art\u00edstico: 25 mm cada uno<\/p>\n<\/div>\n<\/div>\n<div class=\"product-specification__item__details__element pl-spacer pl-spacer--in--smallest pl-spacer--cut-h clearfix row no-gutter\">\n<h4 class=\"col-xs-12 col-lg-4 pl-h5 pl-spacer--out pl-spacer--cut-v\">Tama\u00f1o del papel<\/h4>\n<div class=\"col-xs-12 col-lg-8\">\n<p>Bandeja superior: A3+\/A3\/A4\/A5\/B4\/B5\/LTR\/LGL\/7 \u00ab\u00d7 10&#8243;\/12 \u00d7 12<br \/>\nL (3,5&#8243; \u00d7 5&#8243;)\/KG (4&#8243; \u00d7 6&#8243;)\/2L (5&#8243; \u00d7 7&#8243;)\/8&#8243; \u00d7 10&#8243;\/10&#8243; \u00d7 12&#8243;\/Cuadrado (127 mm)\/210 \u00d7 594 mm<br \/>\nTama\u00f1o personalizado (anchura de 89 mm a 355,6 mm; longitud de 127 mm a 990,6 mm)<br \/>\nAlimentaci\u00f3n manual: A3+\/A3\/A4\/A5\/B4\/LTR\/LGL\/Ledger\/12 \u00d7 12<br \/>\n8&#8243; \u00d7 10&#8243;\/10\u00bb \u00d7 12&#8243;\/210 \u00d7 594 mm<br \/>\nTama\u00f1o personalizado (anchura de 89 mm a 355,6 mm; longitud de 127 mm a 990,6 mm)<br \/>\nBandeja multifunci\u00f3n: 120 x 120 mm<\/p>\n<\/div>\n<\/div>\n<div class=\"product-specification__item__details__element pl-spacer pl-spacer--in--smallest pl-spacer--cut-h clearfix row no-gutter\">\n<h4 class=\"col-xs-12 col-lg-4 pl-h5 pl-spacer--out pl-spacer--cut-v\">Tama\u00f1o del papel (Sin bordes)<\/h4>\n<div class=\"col-xs-12 col-lg-8\">\n<p>A3+\/A3\/A4\/LTR\/7 \u00d7 10\/12 \u00d7 12\/5 \u00d7 7\/L (3,5&#8243; \u00d7 5&#8243;)\/KG (4&#8243; \u00d7 6&#8243;)\/2L (5&#8243; \u00d7 7&#8243;)\/8&#8243; \u00d7 10&#8243;\/10&#8243; \u00d7 12&#8243;\/Cuadrado (127 mm)\/210 mm \u00d7 594 mm<\/p>\n<p>*Estos son los tipos de papel NO admitidos para la impresi\u00f3n sin bordes: Sobre, Papel de alta resoluci\u00f3n, Transfer para camisetas, Pegatinas fotogr\u00e1ficas.<\/p>\n<\/div>\n<\/div>\n<div class=\"product-specification__item__details__element pl-spacer pl-spacer--in--smallest pl-spacer--cut-h clearfix row no-gutter\">\n<h4 class=\"col-xs-12 col-lg-4 pl-h5 pl-spacer--out pl-spacer--cut-v\">Gramaje del papel<\/h4>\n<div class=\"col-xs-12 col-lg-8\">\n<p>Bandeja superior: Papel normal: de 64 a 105 g\/m\u00b2<br \/>\nPapel original de Canon (m\u00e1ximo): aprox. 380 g\/m<br \/>\nAlimentaci\u00f3n manual: Papel original de Canon (m\u00e1ximo): aprox. 380 g\/m<br \/>\no de un grosor de entre 0,1 y 0,6 mm<\/p>\n<\/div>\n<\/div>\n<\/div>\n<\/div>","protected":false},"excerpt":{"rendered":"<p>Lleva tu impresi\u00f3n a otro nivel con una impresora A3+ profesional que inspira confianza y siempre te ofrece impresiones ricas, vivas y excelentes con calidad de estudio.<\/p>\n<ul style=\"list-style-type: circle;\">\n<li>Dise\u00f1o compacto A3+, gran potencial<\/li>\n<li>Impresi\u00f3n con calidad de estudio sin cambio de tinta<\/li>\n<li>Imprime sin bordes en una amplia variedad de soportes<\/li>\n<li>Gama de colores mejorada para una mayor profundidad<\/li>\n<li>3-inch colour LCD menu display<\/li>\n<li>Calidad de impresi\u00f3n en blanco y negro excepcional<\/li>\n<li>Resultados precisos, impresi\u00f3n tras impresi\u00f3n<\/li>\n<li>Impresi\u00f3n a gran velocidad y de gran calidad<\/li>\n<\/ul>","protected":false},"featured_media":14608,"comment_status":"open","ping_status":"closed","template":"","meta":[],"product_brand":[],"product_cat":[499,1256],"product_tag":[1506,1505,1507],"class_list":{"0":"post-14612","1":"product","2":"type-product","3":"status-publish","4":"has-post-thumbnail","6":"product_cat-impresion-hasta-a3","7":"product_cat-impresoras-impresion-2","8":"product_tag-canon","9":"product_tag-impresoras","10":"product_tag-plotter","12":"first","13":"onbackorder","14":"taxable","15":"shipping-taxable","16":"purchasable","17":"product-type-simple"},"yoast_head":"<!-- This site is optimized with the Yoast SEO plugin v27.4 - https:\/\/yoast.com\/product\/yoast-seo-wordpress\/ -->\n<title>\u1409 Impresora fotogr\u00e1fica - Canon imagePROGRAF PRO-300 A3+ | Tx-lab<\/title>\n<meta name=\"description\" content=\"\ud83e\udd47 Entra y descubre \u261d Impresora fotogr\u00e1fica - Canon imagePROGRAF PRO-300 A3+. La mejor tecnolog\u00eda disponible en... comprar Impresora fotogr\u00e1fica - Canon imagePROGRAF PRO-300 A3+ al mejor precio \u2705 Impresora fotogr\u00e1fica - Canon imagePROGRAF PRO-300 A3+ recomendado para...\" \/>\n<meta name=\"robots\" content=\"index, follow, max-snippet:-1, max-image-preview:large, max-video-preview:-1\" \/>\n<link rel=\"canonical\" href=\"https:\/\/www.tx-lab.com\/en\/product\/impresora-fotografica-canon-imageprograf-pro-300-a3\/\" \/>\n<meta property=\"og:locale\" content=\"en_GB\" \/>\n<meta property=\"og:type\" content=\"article\" \/>\n<meta property=\"og:title\" content=\"\u1409 Impresora fotogr\u00e1fica - Canon imagePROGRAF PRO-300 A3+ | Tx-lab\" \/>\n<meta property=\"og:description\" content=\"\ud83e\udd47 Entra y descubre \u261d Impresora fotogr\u00e1fica - Canon imagePROGRAF PRO-300 A3+. La mejor tecnolog\u00eda disponible en... comprar Impresora fotogr\u00e1fica - Canon imagePROGRAF PRO-300 A3+ al mejor precio \u2705 Impresora fotogr\u00e1fica - Canon imagePROGRAF PRO-300 A3+ recomendado para...\" \/>\n<meta property=\"og:url\" content=\"https:\/\/www.tx-lab.com\/en\/product\/impresora-fotografica-canon-imageprograf-pro-300-a3\/\" \/>\n<meta property=\"og:site_name\" content=\"Tx-lab\" \/>\n<meta property=\"article:modified_time\" content=\"2025-04-23T16:00:08+00:00\" \/>\n<meta property=\"og:image\" content=\"https:\/\/www.tx-lab.com\/wp-content\/uploads\/2021\/11\/imghhlhSm.jpg\" \/>\n\t<meta property=\"og:image:width\" content=\"562\" \/>\n\t<meta property=\"og:image:height\" content=\"216\" \/>\n\t<meta property=\"og:image:type\" content=\"image\/jpeg\" \/>\n<meta name=\"twitter:card\" content=\"summary_large_image\" \/>\n<meta name=\"twitter:label1\" content=\"Estimated reading time\" \/>\n\t<meta name=\"twitter:data1\" content=\"2 minutes\" \/>\n<script type=\"application\/ld+json\" class=\"yoast-schema-graph\">{\"@context\":\"https:\\\/\\\/schema.org\",\"@graph\":[{\"@type\":\"WebPage\",\"@id\":\"https:\\\/\\\/www.tx-lab.com\\\/producto\\\/impresora-fotografica-canon-imageprograf-pro-300-a3\\\/\",\"url\":\"https:\\\/\\\/www.tx-lab.com\\\/producto\\\/impresora-fotografica-canon-imageprograf-pro-300-a3\\\/\",\"name\":\"\u1409 Impresora fotogr\u00e1fica - Canon imagePROGRAF PRO-300 A3+ | Tx-lab\",\"isPartOf\":{\"@id\":\"https:\\\/\\\/www.tx-lab.com\\\/#website\"},\"primaryImageOfPage\":{\"@id\":\"https:\\\/\\\/www.tx-lab.com\\\/producto\\\/impresora-fotografica-canon-imageprograf-pro-300-a3\\\/#primaryimage\"},\"image\":{\"@id\":\"https:\\\/\\\/www.tx-lab.com\\\/producto\\\/impresora-fotografica-canon-imageprograf-pro-300-a3\\\/#primaryimage\"},\"thumbnailUrl\":\"https:\\\/\\\/www.tx-lab.com\\\/wp-content\\\/uploads\\\/2021\\\/11\\\/imghhlhSm.jpg\",\"datePublished\":\"2021-11-16T10:42:24+00:00\",\"dateModified\":\"2025-04-23T16:00:08+00:00\",\"description\":\"\ud83e\udd47 Entra y descubre \u261d Impresora fotogr\u00e1fica - Canon imagePROGRAF PRO-300 A3+. La mejor tecnolog\u00eda disponible en... comprar Impresora fotogr\u00e1fica - Canon imagePROGRAF PRO-300 A3+ al mejor precio \u2705 Impresora fotogr\u00e1fica - Canon imagePROGRAF PRO-300 A3+ recomendado para...\",\"breadcrumb\":{\"@id\":\"https:\\\/\\\/www.tx-lab.com\\\/producto\\\/impresora-fotografica-canon-imageprograf-pro-300-a3\\\/#breadcrumb\"},\"inLanguage\":\"en-GB\",\"potentialAction\":[{\"@type\":\"ReadAction\",\"target\":[\"https:\\\/\\\/www.tx-lab.com\\\/producto\\\/impresora-fotografica-canon-imageprograf-pro-300-a3\\\/\"]}]},{\"@type\":\"ImageObject\",\"inLanguage\":\"en-GB\",\"@id\":\"https:\\\/\\\/www.tx-lab.com\\\/producto\\\/impresora-fotografica-canon-imageprograf-pro-300-a3\\\/#primaryimage\",\"url\":\"https:\\\/\\\/www.tx-lab.com\\\/wp-content\\\/uploads\\\/2021\\\/11\\\/imghhlhSm.jpg\",\"contentUrl\":\"https:\\\/\\\/www.tx-lab.com\\\/wp-content\\\/uploads\\\/2021\\\/11\\\/imghhlhSm.jpg\",\"width\":562,\"height\":216},{\"@type\":\"BreadcrumbList\",\"@id\":\"https:\\\/\\\/www.tx-lab.com\\\/producto\\\/impresora-fotografica-canon-imageprograf-pro-300-a3\\\/#breadcrumb\",\"itemListElement\":[{\"@type\":\"ListItem\",\"position\":1,\"name\":\"Portada\",\"item\":\"https:\\\/\\\/www.tx-lab.com\\\/\"},{\"@type\":\"ListItem\",\"position\":2,\"name\":\"Tienda\",\"item\":\"https:\\\/\\\/www.tx-lab.com\\\/tienda\\\/\"},{\"@type\":\"ListItem\",\"position\":3,\"name\":\"Impresora fotogr\u00e1fica &#8211; Canon imagePROGRAF PRO-300 A3+\"}]},{\"@type\":\"WebSite\",\"@id\":\"https:\\\/\\\/www.tx-lab.com\\\/#website\",\"url\":\"https:\\\/\\\/www.tx-lab.com\\\/\",\"name\":\"Tx-lab\",\"description\":\"Productos y servicios para profesionales de la imagen\",\"publisher\":{\"@id\":\"https:\\\/\\\/www.tx-lab.com\\\/#organization\"},\"potentialAction\":[{\"@type\":\"SearchAction\",\"target\":{\"@type\":\"EntryPoint\",\"urlTemplate\":\"https:\\\/\\\/www.tx-lab.com\\\/?s={search_term_string}\"},\"query-input\":{\"@type\":\"PropertyValueSpecification\",\"valueRequired\":true,\"valueName\":\"search_term_string\"}}],\"inLanguage\":\"en-GB\"},{\"@type\":\"Organization\",\"@id\":\"https:\\\/\\\/www.tx-lab.com\\\/#organization\",\"name\":\"Tx-lab\",\"url\":\"https:\\\/\\\/www.tx-lab.com\\\/\",\"logo\":{\"@type\":\"ImageObject\",\"inLanguage\":\"en-GB\",\"@id\":\"https:\\\/\\\/www.tx-lab.com\\\/#\\\/schema\\\/logo\\\/image\\\/\",\"url\":\"https:\\\/\\\/www.tx-lab.com\\\/wp-content\\\/uploads\\\/2022\\\/09\\\/logo_tx-lab-white-web.png\",\"contentUrl\":\"https:\\\/\\\/www.tx-lab.com\\\/wp-content\\\/uploads\\\/2022\\\/09\\\/logo_tx-lab-white-web.png\",\"width\":520,\"height\":236,\"caption\":\"Tx-lab\"},\"image\":{\"@id\":\"https:\\\/\\\/www.tx-lab.com\\\/#\\\/schema\\\/logo\\\/image\\\/\"}}]}<\/script>\n<!-- \/ Yoast SEO plugin. -->","yoast_head_json":{"title":"\u1409 Impresora fotogr\u00e1fica - Canon imagePROGRAF PRO-300 A3+ | Tx-lab","description":"\ud83e\udd47 Entra y descubre \u261d Impresora fotogr\u00e1fica - Canon imagePROGRAF PRO-300 A3+. La mejor tecnolog\u00eda disponible en... comprar Impresora fotogr\u00e1fica - Canon imagePROGRAF PRO-300 A3+ al mejor precio \u2705 Impresora fotogr\u00e1fica - Canon imagePROGRAF PRO-300 A3+ recomendado para...","robots":{"index":"index","follow":"follow","max-snippet":"max-snippet:-1","max-image-preview":"max-image-preview:large","max-video-preview":"max-video-preview:-1"},"canonical":"https:\/\/www.tx-lab.com\/en\/product\/impresora-fotografica-canon-imageprograf-pro-300-a3\/","og_locale":"en_GB","og_type":"article","og_title":"\u1409 Impresora fotogr\u00e1fica - Canon imagePROGRAF PRO-300 A3+ | Tx-lab","og_description":"\ud83e\udd47 Entra y descubre \u261d Impresora fotogr\u00e1fica - Canon imagePROGRAF PRO-300 A3+. La mejor tecnolog\u00eda disponible en... comprar Impresora fotogr\u00e1fica - Canon imagePROGRAF PRO-300 A3+ al mejor precio \u2705 Impresora fotogr\u00e1fica - Canon imagePROGRAF PRO-300 A3+ recomendado para...","og_url":"https:\/\/www.tx-lab.com\/en\/product\/impresora-fotografica-canon-imageprograf-pro-300-a3\/","og_site_name":"Tx-lab","article_modified_time":"2025-04-23T16:00:08+00:00","og_image":[{"width":562,"height":216,"url":"https:\/\/www.tx-lab.com\/wp-content\/uploads\/2021\/11\/imghhlhSm.jpg","type":"image\/jpeg"}],"twitter_card":"summary_large_image","twitter_misc":{"Estimated reading time":"2 minutes"},"schema":{"@context":"https:\/\/schema.org","@graph":[{"@type":"WebPage","@id":"https:\/\/www.tx-lab.com\/producto\/impresora-fotografica-canon-imageprograf-pro-300-a3\/","url":"https:\/\/www.tx-lab.com\/producto\/impresora-fotografica-canon-imageprograf-pro-300-a3\/","name":"\u1409 Impresora fotogr\u00e1fica - Canon imagePROGRAF PRO-300 A3+ | Tx-lab","isPartOf":{"@id":"https:\/\/www.tx-lab.com\/#website"},"primaryImageOfPage":{"@id":"https:\/\/www.tx-lab.com\/producto\/impresora-fotografica-canon-imageprograf-pro-300-a3\/#primaryimage"},"image":{"@id":"https:\/\/www.tx-lab.com\/producto\/impresora-fotografica-canon-imageprograf-pro-300-a3\/#primaryimage"},"thumbnailUrl":"https:\/\/www.tx-lab.com\/wp-content\/uploads\/2021\/11\/imghhlhSm.jpg","datePublished":"2021-11-16T10:42:24+00:00","dateModified":"2025-04-23T16:00:08+00:00","description":"\ud83e\udd47 Entra y descubre \u261d Impresora fotogr\u00e1fica - Canon imagePROGRAF PRO-300 A3+. La mejor tecnolog\u00eda disponible en... comprar Impresora fotogr\u00e1fica - Canon imagePROGRAF PRO-300 A3+ al mejor precio \u2705 Impresora fotogr\u00e1fica - Canon imagePROGRAF PRO-300 A3+ recomendado para...","breadcrumb":{"@id":"https:\/\/www.tx-lab.com\/producto\/impresora-fotografica-canon-imageprograf-pro-300-a3\/#breadcrumb"},"inLanguage":"en-GB","potentialAction":[{"@type":"ReadAction","target":["https:\/\/www.tx-lab.com\/producto\/impresora-fotografica-canon-imageprograf-pro-300-a3\/"]}]},{"@type":"ImageObject","inLanguage":"en-GB","@id":"https:\/\/www.tx-lab.com\/producto\/impresora-fotografica-canon-imageprograf-pro-300-a3\/#primaryimage","url":"https:\/\/www.tx-lab.com\/wp-content\/uploads\/2021\/11\/imghhlhSm.jpg","contentUrl":"https:\/\/www.tx-lab.com\/wp-content\/uploads\/2021\/11\/imghhlhSm.jpg","width":562,"height":216},{"@type":"BreadcrumbList","@id":"https:\/\/www.tx-lab.com\/producto\/impresora-fotografica-canon-imageprograf-pro-300-a3\/#breadcrumb","itemListElement":[{"@type":"ListItem","position":1,"name":"Portada","item":"https:\/\/www.tx-lab.com\/"},{"@type":"ListItem","position":2,"name":"Tienda","item":"https:\/\/www.tx-lab.com\/tienda\/"},{"@type":"ListItem","position":3,"name":"Impresora fotogr\u00e1fica &#8211; Canon imagePROGRAF PRO-300 A3+"}]},{"@type":"WebSite","@id":"https:\/\/www.tx-lab.com\/#website","url":"https:\/\/www.tx-lab.com\/","name":"Tx-lab","description":"Products and services for image professionals","publisher":{"@id":"https:\/\/www.tx-lab.com\/#organization"},"potentialAction":[{"@type":"SearchAction","target":{"@type":"EntryPoint","urlTemplate":"https:\/\/www.tx-lab.com\/?s={search_term_string}"},"query-input":{"@type":"PropertyValueSpecification","valueRequired":true,"valueName":"search_term_string"}}],"inLanguage":"en-GB"},{"@type":"Organization","@id":"https:\/\/www.tx-lab.com\/#organization","name":"Tx-lab","url":"https:\/\/www.tx-lab.com\/","logo":{"@type":"ImageObject","inLanguage":"en-GB","@id":"https:\/\/www.tx-lab.com\/#\/schema\/logo\/image\/","url":"https:\/\/www.tx-lab.com\/wp-content\/uploads\/2022\/09\/logo_tx-lab-white-web.png","contentUrl":"https:\/\/www.tx-lab.com\/wp-content\/uploads\/2022\/09\/logo_tx-lab-white-web.png","width":520,"height":236,"caption":"Tx-lab"},"image":{"@id":"https:\/\/www.tx-lab.com\/#\/schema\/logo\/image\/"}}]}},"jetpack-related-posts":[],"jetpack_sharing_enabled":true,"_links":{"self":[{"href":"https:\/\/www.tx-lab.com\/en\/wp-json\/wp\/v2\/product\/14612","targetHints":{"allow":["GET"]}}],"collection":[{"href":"https:\/\/www.tx-lab.com\/en\/wp-json\/wp\/v2\/product"}],"about":[{"href":"https:\/\/www.tx-lab.com\/en\/wp-json\/wp\/v2\/types\/product"}],"replies":[{"embeddable":true,"href":"https:\/\/www.tx-lab.com\/en\/wp-json\/wp\/v2\/comments?post=14612"}],"wp:featuredmedia":[{"embeddable":true,"href":"https:\/\/www.tx-lab.com\/en\/wp-json\/wp\/v2\/media\/14608"}],"wp:attachment":[{"href":"https:\/\/www.tx-lab.com\/en\/wp-json\/wp\/v2\/media?parent=14612"}],"wp:term":[{"taxonomy":"product_brand","embeddable":true,"href":"https:\/\/www.tx-lab.com\/en\/wp-json\/wp\/v2\/product_brand?post=14612"},{"taxonomy":"product_cat","embeddable":true,"href":"https:\/\/www.tx-lab.com\/en\/wp-json\/wp\/v2\/product_cat?post=14612"},{"taxonomy":"product_tag","embeddable":true,"href":"https:\/\/www.tx-lab.com\/en\/wp-json\/wp\/v2\/product_tag?post=14612"}],"curies":[{"name":"wp","href":"https:\/\/api.w.org\/{rel}","templated":true}]}}