{"id":13810,"date":"2021-10-14T15:44:20","date_gmt":"2021-10-14T15:44:20","guid":{"rendered":"https:\/\/www.tx-lab.com\/?post_type=product&#038;p=13810"},"modified":"2022-06-06T11:51:14","modified_gmt":"2022-06-06T11:51:14","slug":"voyager-42-evo-el-viajero-mas-grande-de-inovativ-de-42","status":"publish","type":"product","link":"https:\/\/www.tx-lab.com\/en\/product\/voyager-42-evo-el-viajero-mas-grande-de-inovativ-de-42\/","title":{"rendered":"Voyager 42 EVO Inovativ's biggest 42'' traveller"},"content":{"rendered":"<p>Standard equipment<\/p>\n<p>    3 \u2033 high top shelf (Voyager 30, 36, 42)<br \/>    4 \u2033 High Bottom Shelf<br \/>    1 set of quick grips<br \/>    2 accessory crossbars<br \/>    Foot brake system<br \/>    Aluminium dovetail wheel system with removable 8 \u2033 sealed bearing (Voyager 30)<br \/>    Aluminium dovetail wheel system with removable 8 \u2033 or 10 \u2033 sealed bearing (Voyager 36)<br \/>    Aluminium dovetail wheel system with removable 10 \u2033 sealed bearing (Voyager 42)<\/p>\n<p>Specifications<\/p>\n<p>    Ensamblado: 45.9 &#8243; W x 24.7 &#8243; L x 40.9 &#8243; H<br \/>    Colapsado: 45.9 &#8243; W x 24.7 &#8243; L x 8.25 &#8243; H<br \/>    Tama\u00f1o de la bandeja interior: 41 &#8243; W x 23.25 &#8243; L<br \/>    Peso: 35,38Kg<\/p>","protected":false},"excerpt":{"rendered":"<p>El Voyager m\u00e1s grande de la marca, carro de 42\u00b4\u00b4que podr\u00e1s poner todo el matrial que neceistes encima, nunca te faltar\u00e1 espacio.<\/p>\n<p>Con ruedas de 10\u00b4\u00b4y cheese plate incluido el sistema de rodamientos EVO est\u00e1 sellado para resistir a las condiciones m\u00e1s duras.<\/p>","protected":false},"featured_media":13850,"comment_status":"open","ping_status":"closed","template":"","meta":[],"product_brand":[],"product_cat":[1328,211],"product_tag":[1338,1336,1335],"class_list":{"0":"post-13810","1":"product","2":"type-product","3":"status-publish","4":"has-post-thumbnail","6":"product_cat-carros","7":"product_cat-produccion","8":"product_tag-carros","9":"product_tag-inovativ","10":"product_tag-inovativ-estaciones-de-trabajo","12":"first","13":"onbackorder","14":"taxable","15":"shipping-taxable","16":"purchasable","17":"product-type-simple"},"yoast_head":"<!-- This site is optimized with the Yoast SEO plugin v27.4 - https:\/\/yoast.com\/product\/yoast-seo-wordpress\/ -->\n<title>\u1409 Voyager 42 EVO el viajero m\u00e1s grande de Inovativ de 42\u00b4\u00b4 | Tx-lab<\/title>\n<meta name=\"description\" content=\"\ud83e\udd47 Entra y descubre \u261d Voyager 42 EVO el viajero m\u00e1s grande de Inovativ de 42\u00b4\u00b4. La mejor tecnolog\u00eda disponible en... comprar Voyager 42 EVO el viajero m\u00e1s grande de Inovativ de 42\u00b4\u00b4 al mejor precio \u2705 Voyager 42 EVO el viajero m\u00e1s grande de Inovativ de 42\u00b4\u00b4 recomendado para...\" \/>\n<meta name=\"robots\" content=\"index, follow, max-snippet:-1, max-image-preview:large, max-video-preview:-1\" \/>\n<link rel=\"canonical\" href=\"https:\/\/www.tx-lab.com\/en\/product\/voyager-42-evo-el-viajero-mas-grande-de-inovativ-de-42\/\" \/>\n<meta property=\"og:locale\" content=\"en_GB\" \/>\n<meta property=\"og:type\" content=\"article\" \/>\n<meta property=\"og:title\" content=\"\u1409 Voyager 42 EVO el viajero m\u00e1s grande de Inovativ de 42\u00b4\u00b4 | Tx-lab\" \/>\n<meta property=\"og:description\" content=\"\ud83e\udd47 Entra y descubre \u261d Voyager 42 EVO el viajero m\u00e1s grande de Inovativ de 42\u00b4\u00b4. La mejor tecnolog\u00eda disponible en... comprar Voyager 42 EVO el viajero m\u00e1s grande de Inovativ de 42\u00b4\u00b4 al mejor precio \u2705 Voyager 42 EVO el viajero m\u00e1s grande de Inovativ de 42\u00b4\u00b4 recomendado para...\" \/>\n<meta property=\"og:url\" content=\"https:\/\/www.tx-lab.com\/en\/product\/voyager-42-evo-el-viajero-mas-grande-de-inovativ-de-42\/\" \/>\n<meta property=\"og:site_name\" content=\"Tx-lab\" \/>\n<meta property=\"article:modified_time\" content=\"2022-06-06T11:51:14+00:00\" \/>\n<meta property=\"og:image\" content=\"https:\/\/www.tx-lab.com\/wp-content\/uploads\/2021\/10\/imgFmbBbc.jpg\" \/>\n\t<meta property=\"og:image:width\" content=\"800\" \/>\n\t<meta property=\"og:image:height\" content=\"800\" \/>\n\t<meta property=\"og:image:type\" content=\"image\/jpeg\" \/>\n<meta name=\"twitter:card\" content=\"summary_large_image\" \/>\n<script type=\"application\/ld+json\" class=\"yoast-schema-graph\">{\"@context\":\"https:\\\/\\\/schema.org\",\"@graph\":[{\"@type\":\"WebPage\",\"@id\":\"https:\\\/\\\/www.tx-lab.com\\\/producto\\\/voyager-42-evo-el-viajero-mas-grande-de-inovativ-de-42\\\/\",\"url\":\"https:\\\/\\\/www.tx-lab.com\\\/producto\\\/voyager-42-evo-el-viajero-mas-grande-de-inovativ-de-42\\\/\",\"name\":\"\u1409 Voyager 42 EVO el viajero m\u00e1s grande de Inovativ de 42\u00b4\u00b4 | Tx-lab\",\"isPartOf\":{\"@id\":\"https:\\\/\\\/www.tx-lab.com\\\/#website\"},\"primaryImageOfPage\":{\"@id\":\"https:\\\/\\\/www.tx-lab.com\\\/producto\\\/voyager-42-evo-el-viajero-mas-grande-de-inovativ-de-42\\\/#primaryimage\"},\"image\":{\"@id\":\"https:\\\/\\\/www.tx-lab.com\\\/producto\\\/voyager-42-evo-el-viajero-mas-grande-de-inovativ-de-42\\\/#primaryimage\"},\"thumbnailUrl\":\"https:\\\/\\\/www.tx-lab.com\\\/wp-content\\\/uploads\\\/2021\\\/10\\\/imgFmbBbc.jpg\",\"datePublished\":\"2021-10-14T15:44:20+00:00\",\"dateModified\":\"2022-06-06T11:51:14+00:00\",\"description\":\"\ud83e\udd47 Entra y descubre \u261d Voyager 42 EVO el viajero m\u00e1s grande de Inovativ de 42\u00b4\u00b4. La mejor tecnolog\u00eda disponible en... comprar Voyager 42 EVO el viajero m\u00e1s grande de Inovativ de 42\u00b4\u00b4 al mejor precio \u2705 Voyager 42 EVO el viajero m\u00e1s grande de Inovativ de 42\u00b4\u00b4 recomendado para...\",\"breadcrumb\":{\"@id\":\"https:\\\/\\\/www.tx-lab.com\\\/producto\\\/voyager-42-evo-el-viajero-mas-grande-de-inovativ-de-42\\\/#breadcrumb\"},\"inLanguage\":\"en-GB\",\"potentialAction\":[{\"@type\":\"ReadAction\",\"target\":[\"https:\\\/\\\/www.tx-lab.com\\\/producto\\\/voyager-42-evo-el-viajero-mas-grande-de-inovativ-de-42\\\/\"]}]},{\"@type\":\"ImageObject\",\"inLanguage\":\"en-GB\",\"@id\":\"https:\\\/\\\/www.tx-lab.com\\\/producto\\\/voyager-42-evo-el-viajero-mas-grande-de-inovativ-de-42\\\/#primaryimage\",\"url\":\"https:\\\/\\\/www.tx-lab.com\\\/wp-content\\\/uploads\\\/2021\\\/10\\\/imgFmbBbc.jpg\",\"contentUrl\":\"https:\\\/\\\/www.tx-lab.com\\\/wp-content\\\/uploads\\\/2021\\\/10\\\/imgFmbBbc.jpg\",\"width\":800,\"height\":800,\"caption\":\"Carro Voyager 42 EVO de Inovativ con ruedas grandes, dise\u00f1ado para ofrecer mayor capacidad y comodidad en viajes para t\u00e9cnicos digitales y fot\u00f3grafos profesionales.\"},{\"@type\":\"BreadcrumbList\",\"@id\":\"https:\\\/\\\/www.tx-lab.com\\\/producto\\\/voyager-42-evo-el-viajero-mas-grande-de-inovativ-de-42\\\/#breadcrumb\",\"itemListElement\":[{\"@type\":\"ListItem\",\"position\":1,\"name\":\"Portada\",\"item\":\"https:\\\/\\\/www.tx-lab.com\\\/\"},{\"@type\":\"ListItem\",\"position\":2,\"name\":\"Tienda\",\"item\":\"https:\\\/\\\/www.tx-lab.com\\\/tienda\\\/\"},{\"@type\":\"ListItem\",\"position\":3,\"name\":\"Voyager 42 EVO el viajero m\u00e1s grande de Inovativ de 42\u00b4\u00b4\"}]},{\"@type\":\"WebSite\",\"@id\":\"https:\\\/\\\/www.tx-lab.com\\\/#website\",\"url\":\"https:\\\/\\\/www.tx-lab.com\\\/\",\"name\":\"Tx-lab\",\"description\":\"Productos y servicios para profesionales de la imagen\",\"publisher\":{\"@id\":\"https:\\\/\\\/www.tx-lab.com\\\/#organization\"},\"potentialAction\":[{\"@type\":\"SearchAction\",\"target\":{\"@type\":\"EntryPoint\",\"urlTemplate\":\"https:\\\/\\\/www.tx-lab.com\\\/?s={search_term_string}\"},\"query-input\":{\"@type\":\"PropertyValueSpecification\",\"valueRequired\":true,\"valueName\":\"search_term_string\"}}],\"inLanguage\":\"en-GB\"},{\"@type\":\"Organization\",\"@id\":\"https:\\\/\\\/www.tx-lab.com\\\/#organization\",\"name\":\"Tx-lab\",\"url\":\"https:\\\/\\\/www.tx-lab.com\\\/\",\"logo\":{\"@type\":\"ImageObject\",\"inLanguage\":\"en-GB\",\"@id\":\"https:\\\/\\\/www.tx-lab.com\\\/#\\\/schema\\\/logo\\\/image\\\/\",\"url\":\"https:\\\/\\\/www.tx-lab.com\\\/wp-content\\\/uploads\\\/2022\\\/09\\\/logo_tx-lab-white-web.png\",\"contentUrl\":\"https:\\\/\\\/www.tx-lab.com\\\/wp-content\\\/uploads\\\/2022\\\/09\\\/logo_tx-lab-white-web.png\",\"width\":520,\"height\":236,\"caption\":\"Tx-lab\"},\"image\":{\"@id\":\"https:\\\/\\\/www.tx-lab.com\\\/#\\\/schema\\\/logo\\\/image\\\/\"}}]}<\/script>\n<!-- \/ Yoast SEO plugin. -->","yoast_head_json":{"title":"\u1409 Voyager 42 EVO el viajero m\u00e1s grande de Inovativ de 42\u00b4\u00b4 | Tx-lab","description":"\ud83e\udd47 Entra y descubre \u261d Voyager 42 EVO el viajero m\u00e1s grande de Inovativ de 42\u00b4\u00b4. La mejor tecnolog\u00eda disponible en... comprar Voyager 42 EVO el viajero m\u00e1s grande de Inovativ de 42\u00b4\u00b4 al mejor precio \u2705 Voyager 42 EVO el viajero m\u00e1s grande de Inovativ de 42\u00b4\u00b4 recomendado para...","robots":{"index":"index","follow":"follow","max-snippet":"max-snippet:-1","max-image-preview":"max-image-preview:large","max-video-preview":"max-video-preview:-1"},"canonical":"https:\/\/www.tx-lab.com\/en\/product\/voyager-42-evo-el-viajero-mas-grande-de-inovativ-de-42\/","og_locale":"en_GB","og_type":"article","og_title":"\u1409 Voyager 42 EVO el viajero m\u00e1s grande de Inovativ de 42\u00b4\u00b4 | Tx-lab","og_description":"\ud83e\udd47 Entra y descubre \u261d Voyager 42 EVO el viajero m\u00e1s grande de Inovativ de 42\u00b4\u00b4. La mejor tecnolog\u00eda disponible en... comprar Voyager 42 EVO el viajero m\u00e1s grande de Inovativ de 42\u00b4\u00b4 al mejor precio \u2705 Voyager 42 EVO el viajero m\u00e1s grande de Inovativ de 42\u00b4\u00b4 recomendado para...","og_url":"https:\/\/www.tx-lab.com\/en\/product\/voyager-42-evo-el-viajero-mas-grande-de-inovativ-de-42\/","og_site_name":"Tx-lab","article_modified_time":"2022-06-06T11:51:14+00:00","og_image":[{"width":800,"height":800,"url":"https:\/\/www.tx-lab.com\/wp-content\/uploads\/2021\/10\/imgFmbBbc.jpg","type":"image\/jpeg"}],"twitter_card":"summary_large_image","schema":{"@context":"https:\/\/schema.org","@graph":[{"@type":"WebPage","@id":"https:\/\/www.tx-lab.com\/producto\/voyager-42-evo-el-viajero-mas-grande-de-inovativ-de-42\/","url":"https:\/\/www.tx-lab.com\/producto\/voyager-42-evo-el-viajero-mas-grande-de-inovativ-de-42\/","name":"\u1409 Voyager 42 EVO el viajero m\u00e1s grande de Inovativ de 42\u00b4\u00b4 | Tx-lab","isPartOf":{"@id":"https:\/\/www.tx-lab.com\/#website"},"primaryImageOfPage":{"@id":"https:\/\/www.tx-lab.com\/producto\/voyager-42-evo-el-viajero-mas-grande-de-inovativ-de-42\/#primaryimage"},"image":{"@id":"https:\/\/www.tx-lab.com\/producto\/voyager-42-evo-el-viajero-mas-grande-de-inovativ-de-42\/#primaryimage"},"thumbnailUrl":"https:\/\/www.tx-lab.com\/wp-content\/uploads\/2021\/10\/imgFmbBbc.jpg","datePublished":"2021-10-14T15:44:20+00:00","dateModified":"2022-06-06T11:51:14+00:00","description":"\ud83e\udd47 Entra y descubre \u261d Voyager 42 EVO el viajero m\u00e1s grande de Inovativ de 42\u00b4\u00b4. La mejor tecnolog\u00eda disponible en... comprar Voyager 42 EVO el viajero m\u00e1s grande de Inovativ de 42\u00b4\u00b4 al mejor precio \u2705 Voyager 42 EVO el viajero m\u00e1s grande de Inovativ de 42\u00b4\u00b4 recomendado para...","breadcrumb":{"@id":"https:\/\/www.tx-lab.com\/producto\/voyager-42-evo-el-viajero-mas-grande-de-inovativ-de-42\/#breadcrumb"},"inLanguage":"en-GB","potentialAction":[{"@type":"ReadAction","target":["https:\/\/www.tx-lab.com\/producto\/voyager-42-evo-el-viajero-mas-grande-de-inovativ-de-42\/"]}]},{"@type":"ImageObject","inLanguage":"en-GB","@id":"https:\/\/www.tx-lab.com\/producto\/voyager-42-evo-el-viajero-mas-grande-de-inovativ-de-42\/#primaryimage","url":"https:\/\/www.tx-lab.com\/wp-content\/uploads\/2021\/10\/imgFmbBbc.jpg","contentUrl":"https:\/\/www.tx-lab.com\/wp-content\/uploads\/2021\/10\/imgFmbBbc.jpg","width":800,"height":800,"caption":"Carro Voyager 42 EVO de Inovativ con ruedas grandes, dise\u00f1ado para ofrecer mayor capacidad y comodidad en viajes para t\u00e9cnicos digitales y fot\u00f3grafos profesionales."},{"@type":"BreadcrumbList","@id":"https:\/\/www.tx-lab.com\/producto\/voyager-42-evo-el-viajero-mas-grande-de-inovativ-de-42\/#breadcrumb","itemListElement":[{"@type":"ListItem","position":1,"name":"Portada","item":"https:\/\/www.tx-lab.com\/"},{"@type":"ListItem","position":2,"name":"Tienda","item":"https:\/\/www.tx-lab.com\/tienda\/"},{"@type":"ListItem","position":3,"name":"Voyager 42 EVO el viajero m\u00e1s grande de Inovativ de 42\u00b4\u00b4"}]},{"@type":"WebSite","@id":"https:\/\/www.tx-lab.com\/#website","url":"https:\/\/www.tx-lab.com\/","name":"Tx-lab","description":"Products and services for image professionals","publisher":{"@id":"https:\/\/www.tx-lab.com\/#organization"},"potentialAction":[{"@type":"SearchAction","target":{"@type":"EntryPoint","urlTemplate":"https:\/\/www.tx-lab.com\/?s={search_term_string}"},"query-input":{"@type":"PropertyValueSpecification","valueRequired":true,"valueName":"search_term_string"}}],"inLanguage":"en-GB"},{"@type":"Organization","@id":"https:\/\/www.tx-lab.com\/#organization","name":"Tx-lab","url":"https:\/\/www.tx-lab.com\/","logo":{"@type":"ImageObject","inLanguage":"en-GB","@id":"https:\/\/www.tx-lab.com\/#\/schema\/logo\/image\/","url":"https:\/\/www.tx-lab.com\/wp-content\/uploads\/2022\/09\/logo_tx-lab-white-web.png","contentUrl":"https:\/\/www.tx-lab.com\/wp-content\/uploads\/2022\/09\/logo_tx-lab-white-web.png","width":520,"height":236,"caption":"Tx-lab"},"image":{"@id":"https:\/\/www.tx-lab.com\/#\/schema\/logo\/image\/"}}]}},"jetpack-related-posts":[],"jetpack_sharing_enabled":true,"_links":{"self":[{"href":"https:\/\/www.tx-lab.com\/en\/wp-json\/wp\/v2\/product\/13810","targetHints":{"allow":["GET"]}}],"collection":[{"href":"https:\/\/www.tx-lab.com\/en\/wp-json\/wp\/v2\/product"}],"about":[{"href":"https:\/\/www.tx-lab.com\/en\/wp-json\/wp\/v2\/types\/product"}],"replies":[{"embeddable":true,"href":"https:\/\/www.tx-lab.com\/en\/wp-json\/wp\/v2\/comments?post=13810"}],"wp:featuredmedia":[{"embeddable":true,"href":"https:\/\/www.tx-lab.com\/en\/wp-json\/wp\/v2\/media\/13850"}],"wp:attachment":[{"href":"https:\/\/www.tx-lab.com\/en\/wp-json\/wp\/v2\/media?parent=13810"}],"wp:term":[{"taxonomy":"product_brand","embeddable":true,"href":"https:\/\/www.tx-lab.com\/en\/wp-json\/wp\/v2\/product_brand?post=13810"},{"taxonomy":"product_cat","embeddable":true,"href":"https:\/\/www.tx-lab.com\/en\/wp-json\/wp\/v2\/product_cat?post=13810"},{"taxonomy":"product_tag","embeddable":true,"href":"https:\/\/www.tx-lab.com\/en\/wp-json\/wp\/v2\/product_tag?post=13810"}],"curies":[{"name":"wp","href":"https:\/\/api.w.org\/{rel}","templated":true}]}}