{"id":12904,"date":"2021-07-30T11:25:37","date_gmt":"2021-07-30T11:25:37","guid":{"rendered":"https:\/\/www.tx-lab.com\/?post_type=product&#038;p=12904"},"modified":"2025-04-23T16:10:57","modified_gmt":"2025-04-23T16:10:57","slug":"triopod-pro75-base-pro-sin-patas","status":"publish","type":"product","link":"https:\/\/www.tx-lab.com\/en\/product\/triopod-pro75-base-pro-sin-patas\/","title":{"rendered":"TrioPod PRO 75 Tripod base, single, w\/o legs"},"content":{"rendered":"<p>Base de triopod pro75 tr\u00edpode, single<\/p>\n<p>Peso: 1255g\/2.8 lbs<\/p>\n<p>Esp\u00e1rrago enhebrado superior: 3\/8-16<\/p>\n<p>Conector accesorio lateral: 2x 1\/4-20, empotrado<\/p>\n<p>Las paradas del \u00e1ngulo de trinquete: 23 \u00b0, 45 \u00b0, 65 \u00b0, 87 \u00b0, 155 \u00b0 y 180 \u00b0, as\u00ed como 43 \u00b0 (invertido)<\/p>\n<p>La placa de soporte superior est\u00e1 asegurada con tornillos de fijaci\u00f3n 3x tama\u00f1o 3. Se puede reemplazar con la bola de nivelaci\u00f3n Magicbalance Pro75, la columna central engraneada TRIO-CC Pro75 o un medio taz\u00f3n para permitir el uso de cabezas de media bola de 75 mm. Tambi\u00e9n se pueden utilizar accesorios compatibles de otros fabricantes.<\/p>\n<p>Di\u00e1metro superior del soporte accesorio: 70 mm<\/p>\n<p>Incluye: Novoflex m\u00faltiple<\/p>\n<p>\u00a1La base del tr\u00edpode viene sin piernas, bola de nivelaci\u00f3n, columna central y medio taz\u00f3n!<\/p>\n<p>Las piernas de tr\u00edpode est\u00e1n disponibles aqu\u00ed<\/p>\n<p>Tenga en cuenta: para una mejor presentaci\u00f3n, nuestras im\u00e1genes de aplicaci\u00f3n pueden contener algunos accesorios, como c\u00e1maras, lentes, etc., que no se incluye en el alcance de la entrega.<\/p>","protected":false},"excerpt":{"rendered":"<p>Base de triopod pro75 tr\u00edpode, single Peso: 1255g\/2.8 lbs Esp\u00e1rrago enhebrado superior: 3\/8-16 Conector accesorio lateral: 2x 1\/4-20, empotrado Las paradas del \u00e1ngulo&hellip;<\/p>","protected":false},"featured_media":12905,"comment_status":"open","ping_status":"closed","template":"","meta":[],"product_brand":[],"product_cat":[1317,1251],"product_tag":[1740,1426,1429],"class_list":{"0":"post-12904","1":"product","2":"type-product","3":"status-publish","4":"has-post-thumbnail","6":"product_cat-tripodes","7":"product_cat-tripodes-y-rotulas","8":"product_tag-bases","9":"product_tag-novoflex","10":"product_tag-tripodes","11":"product_shipping_class-novofles-ups","13":"first","14":"instock","15":"taxable","16":"shipping-taxable","17":"purchasable","18":"product-type-simple"},"yoast_head":"<!-- This site is optimized with the Yoast SEO plugin v27.4 - https:\/\/yoast.com\/product\/yoast-seo-wordpress\/ -->\n<title>\u1409 TrioPod PRO 75 Tripod base, single, w\/o legs | Tx-lab<\/title>\n<meta name=\"description\" content=\"\ud83e\udd47 Entra y descubre \u261d TrioPod PRO 75 Tripod base, single, w\/o legs. La mejor tecnolog\u00eda disponible en... comprar TrioPod PRO 75 Tripod base, single, w\/o legs al mejor precio \u2705 TrioPod PRO 75 Tripod base, single, w\/o legs recomendado para...\" \/>\n<meta name=\"robots\" content=\"index, follow, max-snippet:-1, max-image-preview:large, max-video-preview:-1\" \/>\n<link rel=\"canonical\" href=\"https:\/\/www.tx-lab.com\/en\/product\/triopod-pro75-base-pro-sin-patas\/\" \/>\n<meta property=\"og:locale\" content=\"en_GB\" \/>\n<meta property=\"og:type\" content=\"article\" \/>\n<meta property=\"og:title\" content=\"\u1409 TrioPod PRO 75 Tripod base, single, w\/o legs | Tx-lab\" \/>\n<meta property=\"og:description\" content=\"\ud83e\udd47 Entra y descubre \u261d TrioPod PRO 75 Tripod base, single, w\/o legs. La mejor tecnolog\u00eda disponible en... comprar TrioPod PRO 75 Tripod base, single, w\/o legs al mejor precio \u2705 TrioPod PRO 75 Tripod base, single, w\/o legs recomendado para...\" \/>\n<meta property=\"og:url\" content=\"https:\/\/www.tx-lab.com\/en\/product\/triopod-pro75-base-pro-sin-patas\/\" \/>\n<meta property=\"og:site_name\" content=\"Tx-lab\" \/>\n<meta property=\"article:modified_time\" content=\"2025-04-23T16:10:57+00:00\" \/>\n<meta property=\"og:image\" content=\"https:\/\/www.tx-lab.com\/wp-content\/uploads\/2021\/07\/imgaQ0SEz.jpg\" \/>\n\t<meta property=\"og:image:width\" content=\"1024\" \/>\n\t<meta property=\"og:image:height\" content=\"768\" \/>\n\t<meta property=\"og:image:type\" content=\"image\/jpeg\" \/>\n<meta name=\"twitter:card\" content=\"summary_large_image\" \/>\n<meta name=\"twitter:label1\" content=\"Estimated reading time\" \/>\n\t<meta name=\"twitter:data1\" content=\"1 minute\" \/>\n<script type=\"application\/ld+json\" class=\"yoast-schema-graph\">{\"@context\":\"https:\\\/\\\/schema.org\",\"@graph\":[{\"@type\":\"WebPage\",\"@id\":\"https:\\\/\\\/www.tx-lab.com\\\/producto\\\/triopod-pro75-base-pro-sin-patas\\\/\",\"url\":\"https:\\\/\\\/www.tx-lab.com\\\/producto\\\/triopod-pro75-base-pro-sin-patas\\\/\",\"name\":\"\u1409 TrioPod PRO 75 Tripod base, single, w\\\/o legs | Tx-lab\",\"isPartOf\":{\"@id\":\"https:\\\/\\\/www.tx-lab.com\\\/#website\"},\"primaryImageOfPage\":{\"@id\":\"https:\\\/\\\/www.tx-lab.com\\\/producto\\\/triopod-pro75-base-pro-sin-patas\\\/#primaryimage\"},\"image\":{\"@id\":\"https:\\\/\\\/www.tx-lab.com\\\/producto\\\/triopod-pro75-base-pro-sin-patas\\\/#primaryimage\"},\"thumbnailUrl\":\"https:\\\/\\\/www.tx-lab.com\\\/wp-content\\\/uploads\\\/2021\\\/07\\\/imgaQ0SEz.jpg\",\"datePublished\":\"2021-07-30T11:25:37+00:00\",\"dateModified\":\"2025-04-23T16:10:57+00:00\",\"description\":\"\ud83e\udd47 Entra y descubre \u261d TrioPod PRO 75 Tripod base, single, w\\\/o legs. La mejor tecnolog\u00eda disponible en... comprar TrioPod PRO 75 Tripod base, single, w\\\/o legs al mejor precio \u2705 TrioPod PRO 75 Tripod base, single, w\\\/o legs recomendado para...\",\"breadcrumb\":{\"@id\":\"https:\\\/\\\/www.tx-lab.com\\\/producto\\\/triopod-pro75-base-pro-sin-patas\\\/#breadcrumb\"},\"inLanguage\":\"en-GB\",\"potentialAction\":[{\"@type\":\"ReadAction\",\"target\":[\"https:\\\/\\\/www.tx-lab.com\\\/producto\\\/triopod-pro75-base-pro-sin-patas\\\/\"]}]},{\"@type\":\"ImageObject\",\"inLanguage\":\"en-GB\",\"@id\":\"https:\\\/\\\/www.tx-lab.com\\\/producto\\\/triopod-pro75-base-pro-sin-patas\\\/#primaryimage\",\"url\":\"https:\\\/\\\/www.tx-lab.com\\\/wp-content\\\/uploads\\\/2021\\\/07\\\/imgaQ0SEz.jpg\",\"contentUrl\":\"https:\\\/\\\/www.tx-lab.com\\\/wp-content\\\/uploads\\\/2021\\\/07\\\/imgaQ0SEz.jpg\",\"width\":1024,\"height\":768},{\"@type\":\"BreadcrumbList\",\"@id\":\"https:\\\/\\\/www.tx-lab.com\\\/producto\\\/triopod-pro75-base-pro-sin-patas\\\/#breadcrumb\",\"itemListElement\":[{\"@type\":\"ListItem\",\"position\":1,\"name\":\"Portada\",\"item\":\"https:\\\/\\\/www.tx-lab.com\\\/\"},{\"@type\":\"ListItem\",\"position\":2,\"name\":\"Tienda\",\"item\":\"https:\\\/\\\/www.tx-lab.com\\\/tienda\\\/\"},{\"@type\":\"ListItem\",\"position\":3,\"name\":\"TrioPod PRO 75 Tripod base, single, w\\\/o legs\"}]},{\"@type\":\"WebSite\",\"@id\":\"https:\\\/\\\/www.tx-lab.com\\\/#website\",\"url\":\"https:\\\/\\\/www.tx-lab.com\\\/\",\"name\":\"Tx-lab\",\"description\":\"Productos y servicios para profesionales de la imagen\",\"publisher\":{\"@id\":\"https:\\\/\\\/www.tx-lab.com\\\/#organization\"},\"potentialAction\":[{\"@type\":\"SearchAction\",\"target\":{\"@type\":\"EntryPoint\",\"urlTemplate\":\"https:\\\/\\\/www.tx-lab.com\\\/?s={search_term_string}\"},\"query-input\":{\"@type\":\"PropertyValueSpecification\",\"valueRequired\":true,\"valueName\":\"search_term_string\"}}],\"inLanguage\":\"en-GB\"},{\"@type\":\"Organization\",\"@id\":\"https:\\\/\\\/www.tx-lab.com\\\/#organization\",\"name\":\"Tx-lab\",\"url\":\"https:\\\/\\\/www.tx-lab.com\\\/\",\"logo\":{\"@type\":\"ImageObject\",\"inLanguage\":\"en-GB\",\"@id\":\"https:\\\/\\\/www.tx-lab.com\\\/#\\\/schema\\\/logo\\\/image\\\/\",\"url\":\"https:\\\/\\\/www.tx-lab.com\\\/wp-content\\\/uploads\\\/2022\\\/09\\\/logo_tx-lab-white-web.png\",\"contentUrl\":\"https:\\\/\\\/www.tx-lab.com\\\/wp-content\\\/uploads\\\/2022\\\/09\\\/logo_tx-lab-white-web.png\",\"width\":520,\"height\":236,\"caption\":\"Tx-lab\"},\"image\":{\"@id\":\"https:\\\/\\\/www.tx-lab.com\\\/#\\\/schema\\\/logo\\\/image\\\/\"}}]}<\/script>\n<!-- \/ Yoast SEO plugin. -->","yoast_head_json":{"title":"\u1409 TrioPod PRO 75 Tripod base, single, w\/o legs | Tx-lab","description":"\ud83e\udd47 Entra y descubre \u261d TrioPod PRO 75 Tripod base, single, w\/o legs. La mejor tecnolog\u00eda disponible en... comprar TrioPod PRO 75 Tripod base, single, w\/o legs al mejor precio \u2705 TrioPod PRO 75 Tripod base, single, w\/o legs recomendado para...","robots":{"index":"index","follow":"follow","max-snippet":"max-snippet:-1","max-image-preview":"max-image-preview:large","max-video-preview":"max-video-preview:-1"},"canonical":"https:\/\/www.tx-lab.com\/en\/product\/triopod-pro75-base-pro-sin-patas\/","og_locale":"en_GB","og_type":"article","og_title":"\u1409 TrioPod PRO 75 Tripod base, single, w\/o legs | Tx-lab","og_description":"\ud83e\udd47 Entra y descubre \u261d TrioPod PRO 75 Tripod base, single, w\/o legs. La mejor tecnolog\u00eda disponible en... comprar TrioPod PRO 75 Tripod base, single, w\/o legs al mejor precio \u2705 TrioPod PRO 75 Tripod base, single, w\/o legs recomendado para...","og_url":"https:\/\/www.tx-lab.com\/en\/product\/triopod-pro75-base-pro-sin-patas\/","og_site_name":"Tx-lab","article_modified_time":"2025-04-23T16:10:57+00:00","og_image":[{"width":1024,"height":768,"url":"https:\/\/www.tx-lab.com\/wp-content\/uploads\/2021\/07\/imgaQ0SEz.jpg","type":"image\/jpeg"}],"twitter_card":"summary_large_image","twitter_misc":{"Estimated reading time":"1 minute"},"schema":{"@context":"https:\/\/schema.org","@graph":[{"@type":"WebPage","@id":"https:\/\/www.tx-lab.com\/producto\/triopod-pro75-base-pro-sin-patas\/","url":"https:\/\/www.tx-lab.com\/producto\/triopod-pro75-base-pro-sin-patas\/","name":"\u1409 TrioPod PRO 75 Tripod base, single, w\/o legs | Tx-lab","isPartOf":{"@id":"https:\/\/www.tx-lab.com\/#website"},"primaryImageOfPage":{"@id":"https:\/\/www.tx-lab.com\/producto\/triopod-pro75-base-pro-sin-patas\/#primaryimage"},"image":{"@id":"https:\/\/www.tx-lab.com\/producto\/triopod-pro75-base-pro-sin-patas\/#primaryimage"},"thumbnailUrl":"https:\/\/www.tx-lab.com\/wp-content\/uploads\/2021\/07\/imgaQ0SEz.jpg","datePublished":"2021-07-30T11:25:37+00:00","dateModified":"2025-04-23T16:10:57+00:00","description":"\ud83e\udd47 Entra y descubre \u261d TrioPod PRO 75 Tripod base, single, w\/o legs. La mejor tecnolog\u00eda disponible en... comprar TrioPod PRO 75 Tripod base, single, w\/o legs al mejor precio \u2705 TrioPod PRO 75 Tripod base, single, w\/o legs recomendado para...","breadcrumb":{"@id":"https:\/\/www.tx-lab.com\/producto\/triopod-pro75-base-pro-sin-patas\/#breadcrumb"},"inLanguage":"en-GB","potentialAction":[{"@type":"ReadAction","target":["https:\/\/www.tx-lab.com\/producto\/triopod-pro75-base-pro-sin-patas\/"]}]},{"@type":"ImageObject","inLanguage":"en-GB","@id":"https:\/\/www.tx-lab.com\/producto\/triopod-pro75-base-pro-sin-patas\/#primaryimage","url":"https:\/\/www.tx-lab.com\/wp-content\/uploads\/2021\/07\/imgaQ0SEz.jpg","contentUrl":"https:\/\/www.tx-lab.com\/wp-content\/uploads\/2021\/07\/imgaQ0SEz.jpg","width":1024,"height":768},{"@type":"BreadcrumbList","@id":"https:\/\/www.tx-lab.com\/producto\/triopod-pro75-base-pro-sin-patas\/#breadcrumb","itemListElement":[{"@type":"ListItem","position":1,"name":"Portada","item":"https:\/\/www.tx-lab.com\/"},{"@type":"ListItem","position":2,"name":"Tienda","item":"https:\/\/www.tx-lab.com\/tienda\/"},{"@type":"ListItem","position":3,"name":"TrioPod PRO 75 Tripod base, single, w\/o legs"}]},{"@type":"WebSite","@id":"https:\/\/www.tx-lab.com\/#website","url":"https:\/\/www.tx-lab.com\/","name":"Tx-lab","description":"Products and services for image professionals","publisher":{"@id":"https:\/\/www.tx-lab.com\/#organization"},"potentialAction":[{"@type":"SearchAction","target":{"@type":"EntryPoint","urlTemplate":"https:\/\/www.tx-lab.com\/?s={search_term_string}"},"query-input":{"@type":"PropertyValueSpecification","valueRequired":true,"valueName":"search_term_string"}}],"inLanguage":"en-GB"},{"@type":"Organization","@id":"https:\/\/www.tx-lab.com\/#organization","name":"Tx-lab","url":"https:\/\/www.tx-lab.com\/","logo":{"@type":"ImageObject","inLanguage":"en-GB","@id":"https:\/\/www.tx-lab.com\/#\/schema\/logo\/image\/","url":"https:\/\/www.tx-lab.com\/wp-content\/uploads\/2022\/09\/logo_tx-lab-white-web.png","contentUrl":"https:\/\/www.tx-lab.com\/wp-content\/uploads\/2022\/09\/logo_tx-lab-white-web.png","width":520,"height":236,"caption":"Tx-lab"},"image":{"@id":"https:\/\/www.tx-lab.com\/#\/schema\/logo\/image\/"}}]}},"jetpack-related-posts":[],"jetpack_sharing_enabled":true,"_links":{"self":[{"href":"https:\/\/www.tx-lab.com\/en\/wp-json\/wp\/v2\/product\/12904","targetHints":{"allow":["GET"]}}],"collection":[{"href":"https:\/\/www.tx-lab.com\/en\/wp-json\/wp\/v2\/product"}],"about":[{"href":"https:\/\/www.tx-lab.com\/en\/wp-json\/wp\/v2\/types\/product"}],"replies":[{"embeddable":true,"href":"https:\/\/www.tx-lab.com\/en\/wp-json\/wp\/v2\/comments?post=12904"}],"wp:featuredmedia":[{"embeddable":true,"href":"https:\/\/www.tx-lab.com\/en\/wp-json\/wp\/v2\/media\/12905"}],"wp:attachment":[{"href":"https:\/\/www.tx-lab.com\/en\/wp-json\/wp\/v2\/media?parent=12904"}],"wp:term":[{"taxonomy":"product_brand","embeddable":true,"href":"https:\/\/www.tx-lab.com\/en\/wp-json\/wp\/v2\/product_brand?post=12904"},{"taxonomy":"product_cat","embeddable":true,"href":"https:\/\/www.tx-lab.com\/en\/wp-json\/wp\/v2\/product_cat?post=12904"},{"taxonomy":"product_tag","embeddable":true,"href":"https:\/\/www.tx-lab.com\/en\/wp-json\/wp\/v2\/product_tag?post=12904"}],"curies":[{"name":"wp","href":"https:\/\/api.w.org\/{rel}","templated":true}]}}