{"id":12404,"date":"2021-07-16T12:33:22","date_gmt":"2021-07-16T12:33:22","guid":{"rendered":"https:\/\/www.tx-lab.com\/producto\/siros-800-l-wifi-rfs-2-incl-flash-bag-1-1\/"},"modified":"2026-04-16T09:30:20","modified_gmt":"2026-04-16T09:30:20","slug":"siros-800-l-wifi-rfs-2-incl-flash-bag-1-1","status":"publish","type":"product","link":"https:\/\/www.tx-lab.com\/en\/product\/siros-800-l-wifi-rfs-2-incl-flash-bag-1-1\/","title":{"rendered":"Siros 800 L WiFi \/ RFS 2 incl. Flash Bag 1.1"},"content":{"rendered":"<p><b>Caracter\u00edsticas t\u00e9cnicas :<\/b><\/p>\n<ul>\n<li><b><br \/>\n<\/b><br \/>\npotencia de flash: 800 J<\/li>\n<li>f-stop a 2m distance, 100 ISO<\/li>\n<li>con reflector L40: 32 8\/10<\/li>\n<li>con reflector P70: 45 6\/10<\/li>\n<li>duraci\u00f3n de flash: t 0.1 (t 0.5)<\/li>\n<li>min. energy: 1\/4400 s (1\/7400 s)<\/li>\n<li>max. energy: 1\/250 s (1\/700 s)<\/li>\n<li>tiempo de recarga (at 28.8 V) (para 100% de la energ\u00eda selecionada)<\/li>\n<li>eco-mode: 0.05 \u0096 4.3 s<\/li>\n<li>normal: 0.03 \u0096 2.7 s<\/li>\n<li>flashes por carga de bater\u00eda: 220 a m\u00e1xima velocidad<\/li>\n<li>Rango de ajuste para energ\u00eda flash: 9 f-stops in \u00b9\/\u2081\u2080 \u00f3 full-stop intervals 4-800 J<\/li>\n<li>Dimensiones (l \u00d7 w \u00d7 h): 36 \u00d7 13 \u00d7 18 cm (14 \u00d7 5.1 \u00d7 7.1&#8243;)<\/li>\n<li>Peso unidad: 3.7 kg<\/li>\n<li>Peso battery: 0.6 kg (1.3 lbs)<\/li>\n<li>Li-ion battery: 28.8 V \/ 2.5 Ah \/ 72 Wh<\/li>\n<li>Temperatura de color: \u221210\u00b0 C bis +60\u00b0 C<\/li>\n<\/ul>","protected":false},"excerpt":{"rendered":"<p>Equipo ideal para iniciarse en la fotograf\u00eda profesional, alimentado con bater\u00eda y perfecta cuando la luz ambiente disponible necesita complementarse con el flash. Est\u00e1 disponible con potencias de 800 julios.<\/p>\n<p><b>It includes:<br \/>\n<\/b><\/p>\n<ul>\n<li>1 Siros 800 L WiFi \/ RFS 2 (incl. Reflector de paraguas)<\/li>\n<li>1 bater\u00eda de iones de litio<\/li>\n<li>1 cargador de bater\u00eda (incl. Cable de red espec\u00edfico del pa\u00eds)<\/li>\n<li>1 bolsa flash 1.1<br \/>\n1 cable USB<\/li>\n<li>1 instrucciones de funcionamiento<\/li>\n<li>1 instrucciones de seguridad<\/li>\n<\/ul>","protected":false},"featured_media":12439,"comment_status":"open","ping_status":"closed","template":"","meta":[],"product_brand":[1837],"product_cat":[1323,1268,1550],"product_tag":[1411],"class_list":{"0":"post-12404","1":"product","2":"type-product","3":"status-publish","4":"has-post-thumbnail","6":"product_brand-iluminacion-flash-de-la-marca-broncolor","7":"product_cat-compactos","8":"product_cat-iluminacion-flash-y-luz-continua","9":"product_cat-ofertas","10":"product_tag-broncolor","12":"first","13":"instock","14":"sale","15":"taxable","16":"shipping-taxable","17":"purchasable","18":"product-type-simple"},"yoast_head":"<!-- This site is optimized with the Yoast SEO plugin v27.4 - https:\/\/yoast.com\/product\/yoast-seo-wordpress\/ -->\n<title>\u1409 Siros 800 L WiFi \/ RFS 2 incl. Flash Bag 1.1 | Tx-lab<\/title>\n<meta name=\"description\" content=\"\ud83e\udd47 Entra y descubre \u261d Siros 800 L WiFi \/ RFS 2 incl. Flash Bag 1.1. Flash a bater\u00eda de 800J de potencia compra Siros 800 L WiFi \/ RFS 2 incl. Flash Bag 1.1 al mejor precio \u2705\" \/>\n<meta name=\"robots\" content=\"index, follow, max-snippet:-1, max-image-preview:large, max-video-preview:-1\" \/>\n<link rel=\"canonical\" href=\"https:\/\/www.tx-lab.com\/en\/product\/siros-800-l-wifi-rfs-2-incl-flash-bag-1-1\/\" \/>\n<meta property=\"og:locale\" content=\"en_GB\" \/>\n<meta property=\"og:type\" content=\"article\" \/>\n<meta property=\"og:title\" content=\"\u1409 Siros 800 L WiFi \/ RFS 2 incl. Flash Bag 1.1 | Tx-lab\" \/>\n<meta property=\"og:description\" content=\"\ud83e\udd47 Entra y descubre \u261d Siros 800 L WiFi \/ RFS 2 incl. Flash Bag 1.1. Flash a bater\u00eda de 800J de potencia compra Siros 800 L WiFi \/ RFS 2 incl. Flash Bag 1.1 al mejor precio \u2705\" \/>\n<meta property=\"og:url\" content=\"https:\/\/www.tx-lab.com\/en\/product\/siros-800-l-wifi-rfs-2-incl-flash-bag-1-1\/\" \/>\n<meta property=\"og:site_name\" content=\"Tx-lab\" \/>\n<meta property=\"article:modified_time\" content=\"2026-04-16T09:30:20+00:00\" \/>\n<meta property=\"og:image\" content=\"https:\/\/www.tx-lab.com\/wp-content\/uploads\/2021\/07\/imgM7jYfE.jpg\" \/>\n\t<meta property=\"og:image:width\" content=\"614\" \/>\n\t<meta property=\"og:image:height\" content=\"500\" \/>\n\t<meta property=\"og:image:type\" content=\"image\/jpeg\" \/>\n<meta name=\"twitter:card\" content=\"summary_large_image\" \/>\n<script type=\"application\/ld+json\" class=\"yoast-schema-graph\">{\"@context\":\"https:\\\/\\\/schema.org\",\"@graph\":[{\"@type\":\"WebPage\",\"@id\":\"https:\\\/\\\/www.tx-lab.com\\\/producto\\\/siros-800-l-wifi-rfs-2-incl-flash-bag-1-1\\\/\",\"url\":\"https:\\\/\\\/www.tx-lab.com\\\/producto\\\/siros-800-l-wifi-rfs-2-incl-flash-bag-1-1\\\/\",\"name\":\"\u1409 Siros 800 L WiFi \\\/ RFS 2 incl. Flash Bag 1.1 | Tx-lab\",\"isPartOf\":{\"@id\":\"https:\\\/\\\/www.tx-lab.com\\\/#website\"},\"primaryImageOfPage\":{\"@id\":\"https:\\\/\\\/www.tx-lab.com\\\/producto\\\/siros-800-l-wifi-rfs-2-incl-flash-bag-1-1\\\/#primaryimage\"},\"image\":{\"@id\":\"https:\\\/\\\/www.tx-lab.com\\\/producto\\\/siros-800-l-wifi-rfs-2-incl-flash-bag-1-1\\\/#primaryimage\"},\"thumbnailUrl\":\"https:\\\/\\\/www.tx-lab.com\\\/wp-content\\\/uploads\\\/2021\\\/07\\\/imgM7jYfE.jpg\",\"datePublished\":\"2021-07-16T12:33:22+00:00\",\"dateModified\":\"2026-04-16T09:30:20+00:00\",\"description\":\"\ud83e\udd47 Entra y descubre \u261d Siros 800 L WiFi \\\/ RFS 2 incl. Flash Bag 1.1. Flash a bater\u00eda de 800J de potencia compra Siros 800 L WiFi \\\/ RFS 2 incl. Flash Bag 1.1 al mejor precio \u2705\",\"breadcrumb\":{\"@id\":\"https:\\\/\\\/www.tx-lab.com\\\/producto\\\/siros-800-l-wifi-rfs-2-incl-flash-bag-1-1\\\/#breadcrumb\"},\"inLanguage\":\"en-GB\",\"potentialAction\":[{\"@type\":\"ReadAction\",\"target\":[\"https:\\\/\\\/www.tx-lab.com\\\/producto\\\/siros-800-l-wifi-rfs-2-incl-flash-bag-1-1\\\/\"]}]},{\"@type\":\"ImageObject\",\"inLanguage\":\"en-GB\",\"@id\":\"https:\\\/\\\/www.tx-lab.com\\\/producto\\\/siros-800-l-wifi-rfs-2-incl-flash-bag-1-1\\\/#primaryimage\",\"url\":\"https:\\\/\\\/www.tx-lab.com\\\/wp-content\\\/uploads\\\/2021\\\/07\\\/imgM7jYfE.jpg\",\"contentUrl\":\"https:\\\/\\\/www.tx-lab.com\\\/wp-content\\\/uploads\\\/2021\\\/07\\\/imgM7jYfE.jpg\",\"width\":614,\"height\":500},{\"@type\":\"BreadcrumbList\",\"@id\":\"https:\\\/\\\/www.tx-lab.com\\\/producto\\\/siros-800-l-wifi-rfs-2-incl-flash-bag-1-1\\\/#breadcrumb\",\"itemListElement\":[{\"@type\":\"ListItem\",\"position\":1,\"name\":\"Portada\",\"item\":\"https:\\\/\\\/www.tx-lab.com\\\/\"},{\"@type\":\"ListItem\",\"position\":2,\"name\":\"Tienda\",\"item\":\"https:\\\/\\\/www.tx-lab.com\\\/tienda\\\/\"},{\"@type\":\"ListItem\",\"position\":3,\"name\":\"Siros 800 L WiFi \\\/ RFS 2 incl. Flash Bag 1.1\"}]},{\"@type\":\"WebSite\",\"@id\":\"https:\\\/\\\/www.tx-lab.com\\\/#website\",\"url\":\"https:\\\/\\\/www.tx-lab.com\\\/\",\"name\":\"Tx-lab\",\"description\":\"Productos y servicios para profesionales de la imagen\",\"publisher\":{\"@id\":\"https:\\\/\\\/www.tx-lab.com\\\/#organization\"},\"potentialAction\":[{\"@type\":\"SearchAction\",\"target\":{\"@type\":\"EntryPoint\",\"urlTemplate\":\"https:\\\/\\\/www.tx-lab.com\\\/?s={search_term_string}\"},\"query-input\":{\"@type\":\"PropertyValueSpecification\",\"valueRequired\":true,\"valueName\":\"search_term_string\"}}],\"inLanguage\":\"en-GB\"},{\"@type\":\"Organization\",\"@id\":\"https:\\\/\\\/www.tx-lab.com\\\/#organization\",\"name\":\"Tx-lab\",\"url\":\"https:\\\/\\\/www.tx-lab.com\\\/\",\"logo\":{\"@type\":\"ImageObject\",\"inLanguage\":\"en-GB\",\"@id\":\"https:\\\/\\\/www.tx-lab.com\\\/#\\\/schema\\\/logo\\\/image\\\/\",\"url\":\"https:\\\/\\\/www.tx-lab.com\\\/wp-content\\\/uploads\\\/2022\\\/09\\\/logo_tx-lab-white-web.png\",\"contentUrl\":\"https:\\\/\\\/www.tx-lab.com\\\/wp-content\\\/uploads\\\/2022\\\/09\\\/logo_tx-lab-white-web.png\",\"width\":520,\"height\":236,\"caption\":\"Tx-lab\"},\"image\":{\"@id\":\"https:\\\/\\\/www.tx-lab.com\\\/#\\\/schema\\\/logo\\\/image\\\/\"}}]}<\/script>\n<!-- \/ Yoast SEO plugin. -->","yoast_head_json":{"title":"\u1409 Siros 800 L WiFi \/ RFS 2 incl. Flash Bag 1.1 | Tx-lab","description":"\ud83e\udd47 Entra y descubre \u261d Siros 800 L WiFi \/ RFS 2 incl. Flash Bag 1.1. Flash a bater\u00eda de 800J de potencia compra Siros 800 L WiFi \/ RFS 2 incl. Flash Bag 1.1 al mejor precio \u2705","robots":{"index":"index","follow":"follow","max-snippet":"max-snippet:-1","max-image-preview":"max-image-preview:large","max-video-preview":"max-video-preview:-1"},"canonical":"https:\/\/www.tx-lab.com\/en\/product\/siros-800-l-wifi-rfs-2-incl-flash-bag-1-1\/","og_locale":"en_GB","og_type":"article","og_title":"\u1409 Siros 800 L WiFi \/ RFS 2 incl. Flash Bag 1.1 | Tx-lab","og_description":"\ud83e\udd47 Entra y descubre \u261d Siros 800 L WiFi \/ RFS 2 incl. Flash Bag 1.1. Flash a bater\u00eda de 800J de potencia compra Siros 800 L WiFi \/ RFS 2 incl. Flash Bag 1.1 al mejor precio \u2705","og_url":"https:\/\/www.tx-lab.com\/en\/product\/siros-800-l-wifi-rfs-2-incl-flash-bag-1-1\/","og_site_name":"Tx-lab","article_modified_time":"2026-04-16T09:30:20+00:00","og_image":[{"width":614,"height":500,"url":"https:\/\/www.tx-lab.com\/wp-content\/uploads\/2021\/07\/imgM7jYfE.jpg","type":"image\/jpeg"}],"twitter_card":"summary_large_image","schema":{"@context":"https:\/\/schema.org","@graph":[{"@type":"WebPage","@id":"https:\/\/www.tx-lab.com\/producto\/siros-800-l-wifi-rfs-2-incl-flash-bag-1-1\/","url":"https:\/\/www.tx-lab.com\/producto\/siros-800-l-wifi-rfs-2-incl-flash-bag-1-1\/","name":"\u1409 Siros 800 L WiFi \/ RFS 2 incl. Flash Bag 1.1 | Tx-lab","isPartOf":{"@id":"https:\/\/www.tx-lab.com\/#website"},"primaryImageOfPage":{"@id":"https:\/\/www.tx-lab.com\/producto\/siros-800-l-wifi-rfs-2-incl-flash-bag-1-1\/#primaryimage"},"image":{"@id":"https:\/\/www.tx-lab.com\/producto\/siros-800-l-wifi-rfs-2-incl-flash-bag-1-1\/#primaryimage"},"thumbnailUrl":"https:\/\/www.tx-lab.com\/wp-content\/uploads\/2021\/07\/imgM7jYfE.jpg","datePublished":"2021-07-16T12:33:22+00:00","dateModified":"2026-04-16T09:30:20+00:00","description":"\ud83e\udd47 Entra y descubre \u261d Siros 800 L WiFi \/ RFS 2 incl. Flash Bag 1.1. Flash a bater\u00eda de 800J de potencia compra Siros 800 L WiFi \/ RFS 2 incl. Flash Bag 1.1 al mejor precio \u2705","breadcrumb":{"@id":"https:\/\/www.tx-lab.com\/producto\/siros-800-l-wifi-rfs-2-incl-flash-bag-1-1\/#breadcrumb"},"inLanguage":"en-GB","potentialAction":[{"@type":"ReadAction","target":["https:\/\/www.tx-lab.com\/producto\/siros-800-l-wifi-rfs-2-incl-flash-bag-1-1\/"]}]},{"@type":"ImageObject","inLanguage":"en-GB","@id":"https:\/\/www.tx-lab.com\/producto\/siros-800-l-wifi-rfs-2-incl-flash-bag-1-1\/#primaryimage","url":"https:\/\/www.tx-lab.com\/wp-content\/uploads\/2021\/07\/imgM7jYfE.jpg","contentUrl":"https:\/\/www.tx-lab.com\/wp-content\/uploads\/2021\/07\/imgM7jYfE.jpg","width":614,"height":500},{"@type":"BreadcrumbList","@id":"https:\/\/www.tx-lab.com\/producto\/siros-800-l-wifi-rfs-2-incl-flash-bag-1-1\/#breadcrumb","itemListElement":[{"@type":"ListItem","position":1,"name":"Portada","item":"https:\/\/www.tx-lab.com\/"},{"@type":"ListItem","position":2,"name":"Tienda","item":"https:\/\/www.tx-lab.com\/tienda\/"},{"@type":"ListItem","position":3,"name":"Siros 800 L WiFi \/ RFS 2 incl. Flash Bag 1.1"}]},{"@type":"WebSite","@id":"https:\/\/www.tx-lab.com\/#website","url":"https:\/\/www.tx-lab.com\/","name":"Tx-lab","description":"Products and services for image professionals","publisher":{"@id":"https:\/\/www.tx-lab.com\/#organization"},"potentialAction":[{"@type":"SearchAction","target":{"@type":"EntryPoint","urlTemplate":"https:\/\/www.tx-lab.com\/?s={search_term_string}"},"query-input":{"@type":"PropertyValueSpecification","valueRequired":true,"valueName":"search_term_string"}}],"inLanguage":"en-GB"},{"@type":"Organization","@id":"https:\/\/www.tx-lab.com\/#organization","name":"Tx-lab","url":"https:\/\/www.tx-lab.com\/","logo":{"@type":"ImageObject","inLanguage":"en-GB","@id":"https:\/\/www.tx-lab.com\/#\/schema\/logo\/image\/","url":"https:\/\/www.tx-lab.com\/wp-content\/uploads\/2022\/09\/logo_tx-lab-white-web.png","contentUrl":"https:\/\/www.tx-lab.com\/wp-content\/uploads\/2022\/09\/logo_tx-lab-white-web.png","width":520,"height":236,"caption":"Tx-lab"},"image":{"@id":"https:\/\/www.tx-lab.com\/#\/schema\/logo\/image\/"}}]}},"jetpack-related-posts":[],"jetpack_sharing_enabled":true,"_links":{"self":[{"href":"https:\/\/www.tx-lab.com\/en\/wp-json\/wp\/v2\/product\/12404","targetHints":{"allow":["GET"]}}],"collection":[{"href":"https:\/\/www.tx-lab.com\/en\/wp-json\/wp\/v2\/product"}],"about":[{"href":"https:\/\/www.tx-lab.com\/en\/wp-json\/wp\/v2\/types\/product"}],"replies":[{"embeddable":true,"href":"https:\/\/www.tx-lab.com\/en\/wp-json\/wp\/v2\/comments?post=12404"}],"wp:featuredmedia":[{"embeddable":true,"href":"https:\/\/www.tx-lab.com\/en\/wp-json\/wp\/v2\/media\/12439"}],"wp:attachment":[{"href":"https:\/\/www.tx-lab.com\/en\/wp-json\/wp\/v2\/media?parent=12404"}],"wp:term":[{"taxonomy":"product_brand","embeddable":true,"href":"https:\/\/www.tx-lab.com\/en\/wp-json\/wp\/v2\/product_brand?post=12404"},{"taxonomy":"product_cat","embeddable":true,"href":"https:\/\/www.tx-lab.com\/en\/wp-json\/wp\/v2\/product_cat?post=12404"},{"taxonomy":"product_tag","embeddable":true,"href":"https:\/\/www.tx-lab.com\/en\/wp-json\/wp\/v2\/product_tag?post=12404"}],"curies":[{"name":"wp","href":"https:\/\/api.w.org\/{rel}","templated":true}]}}