{"id":12123,"date":"2021-07-13T09:07:56","date_gmt":"2021-07-13T09:07:56","guid":{"rendered":"https:\/\/www.tx-lab.com\/producto\/tentacle-track-e-grabador-de-audio-con-codigo-de-tiempo-new\/"},"modified":"2025-05-23T08:52:49","modified_gmt":"2025-05-23T08:52:49","slug":"tentacle-track-e-grabador-de-audio-con-codigo-de-tiempo-new","status":"publish","type":"product","link":"https:\/\/www.tx-lab.com\/en\/product\/tentacle-track-e-grabador-de-audio-con-codigo-de-tiempo-new\/","title":{"rendered":"TENTACLE Track E - Audio Time Code Recorder - NEW"},"content":{"rendered":"<p>- 32-bit Float Recording \/ 24-Bit Recording<br \/>\n- Control Multiple Devices via Bluetooth\u00ae (iOS &amp; Android)<br \/>\n- Wireless Timecode Sync (Bluetooth\u00ae) \/ Jam-Sync via Cable<br \/>\n- Up to 10 hours Operating Time<br \/>\n- General Purpose Lavalier Microphone with Clip and Windscreen included<br \/>\n- 16GB microSD Card included<br \/>\n- 2 Year Limited Warranty<br \/>\n- Designed and Manufactured in Germany<\/p>\n<p>Technical Specifications<br \/>\nRecording<br \/>\nNumber of Tracks: 1<br \/>\nSampling Rate: 48 kHz<br \/>\nRecording Bit-Depth: 32-bit Float \/ 24-bit<br \/>\nRecording File Formats: WAV (BWF)<br \/>\nRecording Time: 30hrs (24-bit) \/ 23hrs (32-bit Float) with 16GB Card<br \/>\nStorage Media: microSDHC Card up to 32GB (Recommended Class 10)<br \/>\nSignal Processing: Low Cut Filter, Limiter (24-bit only)<br \/>\nConnectivity<br \/>\nMicrophone Input: 3.5mm Jack (screw lock)<br \/>\nMic Plug-In Power: 5 V (switchable)<br \/>\nHeadphone Output*: 3.5mm Jack<br \/>\nUSB Connection: USB-C (USB 2.0)<br \/>\nUSB Modes: Charging, Card Reader, Firmware Update<br \/>\nPerformance<br \/>\nFrequency Response: 20 Hz - 20 kHz<br \/>\nGain Range: +6 to +46 dB<br \/>\nDynamic Range: 110dB typ<br \/>\nTHD+N: \u2264 -85 dB (0,05%)<br \/>\nControl &amp; Sync<br \/>\nBluetooth\u00ae: 5.0<br \/>\nRemote Control: Tentacle Setup App (iOS\/Android)<br \/>\nSynchronization: Via Bluetooth\u00ae (Tentacle Setup App) or Jam-Sync via Cable<br \/>\nTimecode Input: LTC via Mic In<br \/>\nTimecode Output: N\/A<br \/>\nFrame Rates: SMPTE 12M \/ 23.98, 24, 25, 29.97, 29.97DF, 30<br \/>\nPower<br \/>\nPower Source: Built-in rechargeable Lithium Polymer Battery<br \/>\nBattery Capacity: 900 mAh<br \/>\nBattery Operation Time: approx. 10 Hours<br \/>\nBattery Charging Time: max. 2 Hours<br \/>\nMounting: Belt Clip (removable) - Black Powder-Coated Stainless Steel<br \/>\nWeight: 58 g \/ 2.1 oz<br \/>\nDimensions: 47 x 68 x 19 mm \/ 1.85 x 2.67 x 0.74 inches<\/p>","protected":false},"excerpt":{"rendered":"<p>Small Lavalier microphone, with time code generator.<\/p>\n<p>micro SD card recording and 100% compatible with Tentacle ecosystem<\/p>","protected":false},"featured_media":12138,"comment_status":"open","ping_status":"closed","template":"","meta":[],"product_brand":[],"product_cat":[1321],"product_tag":[1400,1401],"class_list":{"0":"post-12123","1":"product","2":"type-product","3":"status-publish","4":"has-post-thumbnail","6":"product_cat-cables-y-accesorios","7":"product_tag-tentacle","8":"product_tag-tentacle-sync","10":"first","11":"instock","12":"taxable","13":"shipping-taxable","14":"purchasable","15":"product-type-simple"},"yoast_head":"<!-- This site is optimized with the Yoast SEO plugin v27.4 - https:\/\/yoast.com\/product\/yoast-seo-wordpress\/ -->\n<title>\u1409 TENTACLE Track E - Grabador de audio con c\u00f3digo de tiempo - NEW | Tx-lab<\/title>\n<meta name=\"description\" content=\"Descubre TENTACLE Track E, la innovaci\u00f3n en grabaci\u00f3n de audio con c\u00f3digo de tiempo. Calidad y sincronizaci\u00f3n perfecta para tus proyectos.\" \/>\n<meta name=\"robots\" content=\"index, follow, max-snippet:-1, max-image-preview:large, max-video-preview:-1\" \/>\n<link rel=\"canonical\" href=\"https:\/\/www.tx-lab.com\/en\/product\/tentacle-track-e-grabador-de-audio-con-codigo-de-tiempo-new\/\" \/>\n<meta property=\"og:locale\" content=\"en_GB\" \/>\n<meta property=\"og:type\" content=\"article\" \/>\n<meta property=\"og:title\" content=\"\u1409 TENTACLE Track E - Grabador de audio con c\u00f3digo de tiempo - NEW | Tx-lab\" \/>\n<meta property=\"og:description\" content=\"Descubre TENTACLE Track E, la innovaci\u00f3n en grabaci\u00f3n de audio con c\u00f3digo de tiempo. Calidad y sincronizaci\u00f3n perfecta para tus proyectos.\" \/>\n<meta property=\"og:url\" content=\"https:\/\/www.tx-lab.com\/en\/product\/tentacle-track-e-grabador-de-audio-con-codigo-de-tiempo-new\/\" \/>\n<meta property=\"og:site_name\" content=\"Tx-lab\" \/>\n<meta property=\"article:modified_time\" content=\"2025-05-23T08:52:49+00:00\" \/>\n<meta property=\"og:image\" content=\"https:\/\/www.tx-lab.com\/wp-content\/uploads\/2021\/07\/imgkVvfoR.jpg\" \/>\n\t<meta property=\"og:image:width\" content=\"1200\" \/>\n\t<meta property=\"og:image:height\" content=\"900\" \/>\n\t<meta property=\"og:image:type\" content=\"image\/jpeg\" \/>\n<meta name=\"twitter:card\" content=\"summary_large_image\" \/>\n<meta name=\"twitter:label1\" content=\"Estimated reading time\" \/>\n\t<meta name=\"twitter:data1\" content=\"1 minute\" \/>\n<script type=\"application\/ld+json\" class=\"yoast-schema-graph\">{\"@context\":\"https:\\\/\\\/schema.org\",\"@graph\":[{\"@type\":\"WebPage\",\"@id\":\"https:\\\/\\\/www.tx-lab.com\\\/producto\\\/tentacle-track-e-grabador-de-audio-con-codigo-de-tiempo-new\\\/\",\"url\":\"https:\\\/\\\/www.tx-lab.com\\\/producto\\\/tentacle-track-e-grabador-de-audio-con-codigo-de-tiempo-new\\\/\",\"name\":\"\u1409 TENTACLE Track E - Grabador de audio con c\u00f3digo de tiempo - NEW | Tx-lab\",\"isPartOf\":{\"@id\":\"https:\\\/\\\/www.tx-lab.com\\\/#website\"},\"primaryImageOfPage\":{\"@id\":\"https:\\\/\\\/www.tx-lab.com\\\/producto\\\/tentacle-track-e-grabador-de-audio-con-codigo-de-tiempo-new\\\/#primaryimage\"},\"image\":{\"@id\":\"https:\\\/\\\/www.tx-lab.com\\\/producto\\\/tentacle-track-e-grabador-de-audio-con-codigo-de-tiempo-new\\\/#primaryimage\"},\"thumbnailUrl\":\"https:\\\/\\\/www.tx-lab.com\\\/wp-content\\\/uploads\\\/2021\\\/07\\\/imgkVvfoR.jpg\",\"datePublished\":\"2021-07-13T09:07:56+00:00\",\"dateModified\":\"2025-05-23T08:52:49+00:00\",\"description\":\"Descubre TENTACLE Track E, la innovaci\u00f3n en grabaci\u00f3n de audio con c\u00f3digo de tiempo. Calidad y sincronizaci\u00f3n perfecta para tus proyectos.\",\"breadcrumb\":{\"@id\":\"https:\\\/\\\/www.tx-lab.com\\\/producto\\\/tentacle-track-e-grabador-de-audio-con-codigo-de-tiempo-new\\\/#breadcrumb\"},\"inLanguage\":\"en-GB\",\"potentialAction\":[{\"@type\":\"ReadAction\",\"target\":[\"https:\\\/\\\/www.tx-lab.com\\\/producto\\\/tentacle-track-e-grabador-de-audio-con-codigo-de-tiempo-new\\\/\"]}]},{\"@type\":\"ImageObject\",\"inLanguage\":\"en-GB\",\"@id\":\"https:\\\/\\\/www.tx-lab.com\\\/producto\\\/tentacle-track-e-grabador-de-audio-con-codigo-de-tiempo-new\\\/#primaryimage\",\"url\":\"https:\\\/\\\/www.tx-lab.com\\\/wp-content\\\/uploads\\\/2021\\\/07\\\/imgkVvfoR.jpg\",\"contentUrl\":\"https:\\\/\\\/www.tx-lab.com\\\/wp-content\\\/uploads\\\/2021\\\/07\\\/imgkVvfoR.jpg\",\"width\":1200,\"height\":900},{\"@type\":\"BreadcrumbList\",\"@id\":\"https:\\\/\\\/www.tx-lab.com\\\/producto\\\/tentacle-track-e-grabador-de-audio-con-codigo-de-tiempo-new\\\/#breadcrumb\",\"itemListElement\":[{\"@type\":\"ListItem\",\"position\":1,\"name\":\"Portada\",\"item\":\"https:\\\/\\\/www.tx-lab.com\\\/\"},{\"@type\":\"ListItem\",\"position\":2,\"name\":\"Tienda\",\"item\":\"https:\\\/\\\/www.tx-lab.com\\\/tienda\\\/\"},{\"@type\":\"ListItem\",\"position\":3,\"name\":\"TENTACLE Track E &#8211; Grabador de audio con c\u00f3digo de tiempo &#8211; NEW\"}]},{\"@type\":\"WebSite\",\"@id\":\"https:\\\/\\\/www.tx-lab.com\\\/#website\",\"url\":\"https:\\\/\\\/www.tx-lab.com\\\/\",\"name\":\"Tx-lab\",\"description\":\"Productos y servicios para profesionales de la imagen\",\"publisher\":{\"@id\":\"https:\\\/\\\/www.tx-lab.com\\\/#organization\"},\"potentialAction\":[{\"@type\":\"SearchAction\",\"target\":{\"@type\":\"EntryPoint\",\"urlTemplate\":\"https:\\\/\\\/www.tx-lab.com\\\/?s={search_term_string}\"},\"query-input\":{\"@type\":\"PropertyValueSpecification\",\"valueRequired\":true,\"valueName\":\"search_term_string\"}}],\"inLanguage\":\"en-GB\"},{\"@type\":\"Organization\",\"@id\":\"https:\\\/\\\/www.tx-lab.com\\\/#organization\",\"name\":\"Tx-lab\",\"url\":\"https:\\\/\\\/www.tx-lab.com\\\/\",\"logo\":{\"@type\":\"ImageObject\",\"inLanguage\":\"en-GB\",\"@id\":\"https:\\\/\\\/www.tx-lab.com\\\/#\\\/schema\\\/logo\\\/image\\\/\",\"url\":\"https:\\\/\\\/www.tx-lab.com\\\/wp-content\\\/uploads\\\/2022\\\/09\\\/logo_tx-lab-white-web.png\",\"contentUrl\":\"https:\\\/\\\/www.tx-lab.com\\\/wp-content\\\/uploads\\\/2022\\\/09\\\/logo_tx-lab-white-web.png\",\"width\":520,\"height\":236,\"caption\":\"Tx-lab\"},\"image\":{\"@id\":\"https:\\\/\\\/www.tx-lab.com\\\/#\\\/schema\\\/logo\\\/image\\\/\"}}]}<\/script>\n<!-- \/ Yoast SEO plugin. -->","yoast_head_json":{"title":"\u1409 TENTACLE Track E - Grabador de audio con c\u00f3digo de tiempo - NEW | Tx-lab","description":"Descubre TENTACLE Track E, la innovaci\u00f3n en grabaci\u00f3n de audio con c\u00f3digo de tiempo. Calidad y sincronizaci\u00f3n perfecta para tus proyectos.","robots":{"index":"index","follow":"follow","max-snippet":"max-snippet:-1","max-image-preview":"max-image-preview:large","max-video-preview":"max-video-preview:-1"},"canonical":"https:\/\/www.tx-lab.com\/en\/product\/tentacle-track-e-grabador-de-audio-con-codigo-de-tiempo-new\/","og_locale":"en_GB","og_type":"article","og_title":"\u1409 TENTACLE Track E - Grabador de audio con c\u00f3digo de tiempo - NEW | Tx-lab","og_description":"Descubre TENTACLE Track E, la innovaci\u00f3n en grabaci\u00f3n de audio con c\u00f3digo de tiempo. Calidad y sincronizaci\u00f3n perfecta para tus proyectos.","og_url":"https:\/\/www.tx-lab.com\/en\/product\/tentacle-track-e-grabador-de-audio-con-codigo-de-tiempo-new\/","og_site_name":"Tx-lab","article_modified_time":"2025-05-23T08:52:49+00:00","og_image":[{"width":1200,"height":900,"url":"https:\/\/www.tx-lab.com\/wp-content\/uploads\/2021\/07\/imgkVvfoR.jpg","type":"image\/jpeg"}],"twitter_card":"summary_large_image","twitter_misc":{"Estimated reading time":"1 minute"},"schema":{"@context":"https:\/\/schema.org","@graph":[{"@type":"WebPage","@id":"https:\/\/www.tx-lab.com\/producto\/tentacle-track-e-grabador-de-audio-con-codigo-de-tiempo-new\/","url":"https:\/\/www.tx-lab.com\/producto\/tentacle-track-e-grabador-de-audio-con-codigo-de-tiempo-new\/","name":"\u1409 TENTACLE Track E - Grabador de audio con c\u00f3digo de tiempo - NEW | Tx-lab","isPartOf":{"@id":"https:\/\/www.tx-lab.com\/#website"},"primaryImageOfPage":{"@id":"https:\/\/www.tx-lab.com\/producto\/tentacle-track-e-grabador-de-audio-con-codigo-de-tiempo-new\/#primaryimage"},"image":{"@id":"https:\/\/www.tx-lab.com\/producto\/tentacle-track-e-grabador-de-audio-con-codigo-de-tiempo-new\/#primaryimage"},"thumbnailUrl":"https:\/\/www.tx-lab.com\/wp-content\/uploads\/2021\/07\/imgkVvfoR.jpg","datePublished":"2021-07-13T09:07:56+00:00","dateModified":"2025-05-23T08:52:49+00:00","description":"Descubre TENTACLE Track E, la innovaci\u00f3n en grabaci\u00f3n de audio con c\u00f3digo de tiempo. Calidad y sincronizaci\u00f3n perfecta para tus proyectos.","breadcrumb":{"@id":"https:\/\/www.tx-lab.com\/producto\/tentacle-track-e-grabador-de-audio-con-codigo-de-tiempo-new\/#breadcrumb"},"inLanguage":"en-GB","potentialAction":[{"@type":"ReadAction","target":["https:\/\/www.tx-lab.com\/producto\/tentacle-track-e-grabador-de-audio-con-codigo-de-tiempo-new\/"]}]},{"@type":"ImageObject","inLanguage":"en-GB","@id":"https:\/\/www.tx-lab.com\/producto\/tentacle-track-e-grabador-de-audio-con-codigo-de-tiempo-new\/#primaryimage","url":"https:\/\/www.tx-lab.com\/wp-content\/uploads\/2021\/07\/imgkVvfoR.jpg","contentUrl":"https:\/\/www.tx-lab.com\/wp-content\/uploads\/2021\/07\/imgkVvfoR.jpg","width":1200,"height":900},{"@type":"BreadcrumbList","@id":"https:\/\/www.tx-lab.com\/producto\/tentacle-track-e-grabador-de-audio-con-codigo-de-tiempo-new\/#breadcrumb","itemListElement":[{"@type":"ListItem","position":1,"name":"Portada","item":"https:\/\/www.tx-lab.com\/"},{"@type":"ListItem","position":2,"name":"Tienda","item":"https:\/\/www.tx-lab.com\/tienda\/"},{"@type":"ListItem","position":3,"name":"TENTACLE Track E &#8211; Grabador de audio con c\u00f3digo de tiempo &#8211; NEW"}]},{"@type":"WebSite","@id":"https:\/\/www.tx-lab.com\/#website","url":"https:\/\/www.tx-lab.com\/","name":"Tx-lab","description":"Products and services for image professionals","publisher":{"@id":"https:\/\/www.tx-lab.com\/#organization"},"potentialAction":[{"@type":"SearchAction","target":{"@type":"EntryPoint","urlTemplate":"https:\/\/www.tx-lab.com\/?s={search_term_string}"},"query-input":{"@type":"PropertyValueSpecification","valueRequired":true,"valueName":"search_term_string"}}],"inLanguage":"en-GB"},{"@type":"Organization","@id":"https:\/\/www.tx-lab.com\/#organization","name":"Tx-lab","url":"https:\/\/www.tx-lab.com\/","logo":{"@type":"ImageObject","inLanguage":"en-GB","@id":"https:\/\/www.tx-lab.com\/#\/schema\/logo\/image\/","url":"https:\/\/www.tx-lab.com\/wp-content\/uploads\/2022\/09\/logo_tx-lab-white-web.png","contentUrl":"https:\/\/www.tx-lab.com\/wp-content\/uploads\/2022\/09\/logo_tx-lab-white-web.png","width":520,"height":236,"caption":"Tx-lab"},"image":{"@id":"https:\/\/www.tx-lab.com\/#\/schema\/logo\/image\/"}}]}},"jetpack-related-posts":[],"jetpack_sharing_enabled":true,"_links":{"self":[{"href":"https:\/\/www.tx-lab.com\/en\/wp-json\/wp\/v2\/product\/12123","targetHints":{"allow":["GET"]}}],"collection":[{"href":"https:\/\/www.tx-lab.com\/en\/wp-json\/wp\/v2\/product"}],"about":[{"href":"https:\/\/www.tx-lab.com\/en\/wp-json\/wp\/v2\/types\/product"}],"replies":[{"embeddable":true,"href":"https:\/\/www.tx-lab.com\/en\/wp-json\/wp\/v2\/comments?post=12123"}],"wp:featuredmedia":[{"embeddable":true,"href":"https:\/\/www.tx-lab.com\/en\/wp-json\/wp\/v2\/media\/12138"}],"wp:attachment":[{"href":"https:\/\/www.tx-lab.com\/en\/wp-json\/wp\/v2\/media?parent=12123"}],"wp:term":[{"taxonomy":"product_brand","embeddable":true,"href":"https:\/\/www.tx-lab.com\/en\/wp-json\/wp\/v2\/product_brand?post=12123"},{"taxonomy":"product_cat","embeddable":true,"href":"https:\/\/www.tx-lab.com\/en\/wp-json\/wp\/v2\/product_cat?post=12123"},{"taxonomy":"product_tag","embeddable":true,"href":"https:\/\/www.tx-lab.com\/en\/wp-json\/wp\/v2\/product_tag?post=12123"}],"curies":[{"name":"wp","href":"https:\/\/api.w.org\/{rel}","templated":true}]}}