{"id":10981,"date":"2021-07-05T15:05:03","date_gmt":"2021-07-05T15:05:03","guid":{"rendered":"https:\/\/www.tx-lab.com\/producto\/voyager-36-nxt-x-with-x-top-shelf-rolled-front-lip-threaded-rail-plates\/"},"modified":"2025-05-27T09:11:25","modified_gmt":"2025-05-27T09:11:25","slug":"voyager-36-nxt-x-with-x-top-shelf-rolled-front-lip-threaded-rail-plates","status":"publish","type":"product","link":"https:\/\/www.tx-lab.com\/en\/product\/voyager-36-nxt-x-with-x-top-shelf-rolled-front-lip-threaded-rail-plates\/","title":{"rendered":"Voyager 36 NXT X - with X Top Shelf (lowered front edge for more comfortable working with the keyboard and threaded rail plates)"},"content":{"rendered":"<p>Equipamiento estandar:<br \/>-Estante superior e inferior<br \/>-1 juego de agarres r\u00e1pidos<br \/>-2 barras transversales accesorias<br \/>-Sistema de rueda extra\u00edble de 10&#8243; con frenos de pie INOVATIV<\/p>","protected":false},"excerpt":{"rendered":"<p>El Voyager EVO es el modelo actualizado del Scout EVO y una estaci\u00f3n<br \/>\nde trabajo l\u00edgero y f\u00e1cil de viajar, lista para ayudarte donde sea.<\/p>\n<ul>\n<li>Dise\u00f1o totalmente ajustable y sin herramientas<\/li>\n<li>Tiempo medio de montaje \/ desmontaje: 2 minutos<\/li>\n<\/ul>","protected":false},"featured_media":13822,"comment_status":"open","ping_status":"closed","template":"","meta":[],"product_brand":[],"product_cat":[1328,211],"product_tag":[1338,1337,1336],"class_list":{"0":"post-10981","1":"product","2":"type-product","3":"status-publish","4":"has-post-thumbnail","6":"product_cat-carros","7":"product_cat-produccion","8":"product_tag-carros","9":"product_tag-estaciones-de-trabajo","10":"product_tag-inovativ","12":"first","13":"onbackorder","14":"taxable","15":"shipping-taxable","16":"purchasable","17":"product-type-simple"},"yoast_head":"<!-- This site is optimized with the Yoast SEO plugin v27.4 - https:\/\/yoast.com\/product\/yoast-seo-wordpress\/ -->\n<title>\u1409 Voyager 36 NXT X - con X Top Shelf (borde frontal rebajado para trabajar m\u00e1s c\u00f3modo con el teclado y placas de riel roscadas) | Tx-lab<\/title>\n<meta name=\"description\" content=\"\ud83e\udd47 Entra y descubre \u261d Voyager 36 NXT X - con X Top Shelf (borde frontal rebajado para trabajar m\u00e1s c\u00f3modo con el teclado y placas de riel roscadas). La mejor tecnolog\u00eda disponible en... comprar Voyager 36 NXT X - con X Top Shelf (borde frontal rebajado para trabajar m\u00e1s c\u00f3modo con el teclado y placas de riel roscadas) al mejor precio \u2705 Voyager 36 NXT X - con X Top Shelf (borde frontal rebajado para trabajar m\u00e1s c\u00f3modo con el teclado y placas de riel roscadas) recomendado para...\" \/>\n<meta name=\"robots\" content=\"index, follow, max-snippet:-1, max-image-preview:large, max-video-preview:-1\" \/>\n<link rel=\"canonical\" href=\"https:\/\/www.tx-lab.com\/en\/product\/voyager-36-nxt-x-with-x-top-shelf-rolled-front-lip-threaded-rail-plates\/\" \/>\n<meta property=\"og:locale\" content=\"en_GB\" \/>\n<meta property=\"og:type\" content=\"article\" \/>\n<meta property=\"og:title\" content=\"\u1409 Voyager 36 NXT X - con X Top Shelf (borde frontal rebajado para trabajar m\u00e1s c\u00f3modo con el teclado y placas de riel roscadas) | Tx-lab\" \/>\n<meta property=\"og:description\" content=\"\ud83e\udd47 Entra y descubre \u261d Voyager 36 NXT X - con X Top Shelf (borde frontal rebajado para trabajar m\u00e1s c\u00f3modo con el teclado y placas de riel roscadas). La mejor tecnolog\u00eda disponible en... comprar Voyager 36 NXT X - con X Top Shelf (borde frontal rebajado para trabajar m\u00e1s c\u00f3modo con el teclado y placas de riel roscadas) al mejor precio \u2705 Voyager 36 NXT X - con X Top Shelf (borde frontal rebajado para trabajar m\u00e1s c\u00f3modo con el teclado y placas de riel roscadas) recomendado para...\" \/>\n<meta property=\"og:url\" content=\"https:\/\/www.tx-lab.com\/en\/product\/voyager-36-nxt-x-with-x-top-shelf-rolled-front-lip-threaded-rail-plates\/\" \/>\n<meta property=\"og:site_name\" content=\"Tx-lab\" \/>\n<meta property=\"article:modified_time\" content=\"2025-05-27T09:11:25+00:00\" \/>\n<meta property=\"og:image\" content=\"https:\/\/www.tx-lab.com\/wp-content\/uploads\/2021\/10\/imggGWcc0.jpg\" \/>\n\t<meta property=\"og:image:width\" content=\"800\" \/>\n\t<meta property=\"og:image:height\" content=\"800\" \/>\n\t<meta property=\"og:image:type\" content=\"image\/jpeg\" \/>\n<meta name=\"twitter:card\" content=\"summary_large_image\" \/>\n<script type=\"application\/ld+json\" class=\"yoast-schema-graph\">{\"@context\":\"https:\\\/\\\/schema.org\",\"@graph\":[{\"@type\":\"WebPage\",\"@id\":\"https:\\\/\\\/www.tx-lab.com\\\/producto\\\/voyager-36-nxt-x-with-x-top-shelf-rolled-front-lip-threaded-rail-plates\\\/\",\"url\":\"https:\\\/\\\/www.tx-lab.com\\\/producto\\\/voyager-36-nxt-x-with-x-top-shelf-rolled-front-lip-threaded-rail-plates\\\/\",\"name\":\"\u1409 Voyager 36 NXT X - con X Top Shelf (borde frontal rebajado para trabajar m\u00e1s c\u00f3modo con el teclado y placas de riel roscadas) | Tx-lab\",\"isPartOf\":{\"@id\":\"https:\\\/\\\/www.tx-lab.com\\\/#website\"},\"primaryImageOfPage\":{\"@id\":\"https:\\\/\\\/www.tx-lab.com\\\/producto\\\/voyager-36-nxt-x-with-x-top-shelf-rolled-front-lip-threaded-rail-plates\\\/#primaryimage\"},\"image\":{\"@id\":\"https:\\\/\\\/www.tx-lab.com\\\/producto\\\/voyager-36-nxt-x-with-x-top-shelf-rolled-front-lip-threaded-rail-plates\\\/#primaryimage\"},\"thumbnailUrl\":\"https:\\\/\\\/www.tx-lab.com\\\/wp-content\\\/uploads\\\/2021\\\/10\\\/imggGWcc0.jpg\",\"datePublished\":\"2021-07-05T15:05:03+00:00\",\"dateModified\":\"2025-05-27T09:11:25+00:00\",\"description\":\"\ud83e\udd47 Entra y descubre \u261d Voyager 36 NXT X - con X Top Shelf (borde frontal rebajado para trabajar m\u00e1s c\u00f3modo con el teclado y placas de riel roscadas). La mejor tecnolog\u00eda disponible en... comprar Voyager 36 NXT X - con X Top Shelf (borde frontal rebajado para trabajar m\u00e1s c\u00f3modo con el teclado y placas de riel roscadas) al mejor precio \u2705 Voyager 36 NXT X - con X Top Shelf (borde frontal rebajado para trabajar m\u00e1s c\u00f3modo con el teclado y placas de riel roscadas) recomendado para...\",\"breadcrumb\":{\"@id\":\"https:\\\/\\\/www.tx-lab.com\\\/producto\\\/voyager-36-nxt-x-with-x-top-shelf-rolled-front-lip-threaded-rail-plates\\\/#breadcrumb\"},\"inLanguage\":\"en-GB\",\"potentialAction\":[{\"@type\":\"ReadAction\",\"target\":[\"https:\\\/\\\/www.tx-lab.com\\\/producto\\\/voyager-36-nxt-x-with-x-top-shelf-rolled-front-lip-threaded-rail-plates\\\/\"]}]},{\"@type\":\"ImageObject\",\"inLanguage\":\"en-GB\",\"@id\":\"https:\\\/\\\/www.tx-lab.com\\\/producto\\\/voyager-36-nxt-x-with-x-top-shelf-rolled-front-lip-threaded-rail-plates\\\/#primaryimage\",\"url\":\"https:\\\/\\\/www.tx-lab.com\\\/wp-content\\\/uploads\\\/2021\\\/10\\\/imggGWcc0.jpg\",\"contentUrl\":\"https:\\\/\\\/www.tx-lab.com\\\/wp-content\\\/uploads\\\/2021\\\/10\\\/imggGWcc0.jpg\",\"width\":800,\"height\":800,\"caption\":\"Carro Voyager 36 NXT X con X Top Shelf, dise\u00f1ado con un borde frontal rebajado para trabajar m\u00e1s c\u00f3modamente con el teclado y equipado con placas de riel roscadas para una mayor funcionalidad. Ideal para t\u00e9cnicos digitales y fot\u00f3grafos.\"},{\"@type\":\"BreadcrumbList\",\"@id\":\"https:\\\/\\\/www.tx-lab.com\\\/producto\\\/voyager-36-nxt-x-with-x-top-shelf-rolled-front-lip-threaded-rail-plates\\\/#breadcrumb\",\"itemListElement\":[{\"@type\":\"ListItem\",\"position\":1,\"name\":\"Portada\",\"item\":\"https:\\\/\\\/www.tx-lab.com\\\/\"},{\"@type\":\"ListItem\",\"position\":2,\"name\":\"Tienda\",\"item\":\"https:\\\/\\\/www.tx-lab.com\\\/tienda\\\/\"},{\"@type\":\"ListItem\",\"position\":3,\"name\":\"Voyager 36 NXT X &#8211; con X Top Shelf (borde frontal rebajado para trabajar m\u00e1s c\u00f3modo con el teclado y placas de riel roscadas)\"}]},{\"@type\":\"WebSite\",\"@id\":\"https:\\\/\\\/www.tx-lab.com\\\/#website\",\"url\":\"https:\\\/\\\/www.tx-lab.com\\\/\",\"name\":\"Tx-lab\",\"description\":\"Productos y servicios para profesionales de la imagen\",\"publisher\":{\"@id\":\"https:\\\/\\\/www.tx-lab.com\\\/#organization\"},\"potentialAction\":[{\"@type\":\"SearchAction\",\"target\":{\"@type\":\"EntryPoint\",\"urlTemplate\":\"https:\\\/\\\/www.tx-lab.com\\\/?s={search_term_string}\"},\"query-input\":{\"@type\":\"PropertyValueSpecification\",\"valueRequired\":true,\"valueName\":\"search_term_string\"}}],\"inLanguage\":\"en-GB\"},{\"@type\":\"Organization\",\"@id\":\"https:\\\/\\\/www.tx-lab.com\\\/#organization\",\"name\":\"Tx-lab\",\"url\":\"https:\\\/\\\/www.tx-lab.com\\\/\",\"logo\":{\"@type\":\"ImageObject\",\"inLanguage\":\"en-GB\",\"@id\":\"https:\\\/\\\/www.tx-lab.com\\\/#\\\/schema\\\/logo\\\/image\\\/\",\"url\":\"https:\\\/\\\/www.tx-lab.com\\\/wp-content\\\/uploads\\\/2022\\\/09\\\/logo_tx-lab-white-web.png\",\"contentUrl\":\"https:\\\/\\\/www.tx-lab.com\\\/wp-content\\\/uploads\\\/2022\\\/09\\\/logo_tx-lab-white-web.png\",\"width\":520,\"height\":236,\"caption\":\"Tx-lab\"},\"image\":{\"@id\":\"https:\\\/\\\/www.tx-lab.com\\\/#\\\/schema\\\/logo\\\/image\\\/\"}}]}<\/script>\n<!-- \/ Yoast SEO plugin. -->","yoast_head_json":{"title":"\u1409 Voyager 36 NXT X - con X Top Shelf (borde frontal rebajado para trabajar m\u00e1s c\u00f3modo con el teclado y placas de riel roscadas) | Tx-lab","description":"\ud83e\udd47 Entra y descubre \u261d Voyager 36 NXT X - con X Top Shelf (borde frontal rebajado para trabajar m\u00e1s c\u00f3modo con el teclado y placas de riel roscadas). La mejor tecnolog\u00eda disponible en... comprar Voyager 36 NXT X - con X Top Shelf (borde frontal rebajado para trabajar m\u00e1s c\u00f3modo con el teclado y placas de riel roscadas) al mejor precio \u2705 Voyager 36 NXT X - con X Top Shelf (borde frontal rebajado para trabajar m\u00e1s c\u00f3modo con el teclado y placas de riel roscadas) recomendado para...","robots":{"index":"index","follow":"follow","max-snippet":"max-snippet:-1","max-image-preview":"max-image-preview:large","max-video-preview":"max-video-preview:-1"},"canonical":"https:\/\/www.tx-lab.com\/en\/product\/voyager-36-nxt-x-with-x-top-shelf-rolled-front-lip-threaded-rail-plates\/","og_locale":"en_GB","og_type":"article","og_title":"\u1409 Voyager 36 NXT X - con X Top Shelf (borde frontal rebajado para trabajar m\u00e1s c\u00f3modo con el teclado y placas de riel roscadas) | Tx-lab","og_description":"\ud83e\udd47 Entra y descubre \u261d Voyager 36 NXT X - con X Top Shelf (borde frontal rebajado para trabajar m\u00e1s c\u00f3modo con el teclado y placas de riel roscadas). La mejor tecnolog\u00eda disponible en... comprar Voyager 36 NXT X - con X Top Shelf (borde frontal rebajado para trabajar m\u00e1s c\u00f3modo con el teclado y placas de riel roscadas) al mejor precio \u2705 Voyager 36 NXT X - con X Top Shelf (borde frontal rebajado para trabajar m\u00e1s c\u00f3modo con el teclado y placas de riel roscadas) recomendado para...","og_url":"https:\/\/www.tx-lab.com\/en\/product\/voyager-36-nxt-x-with-x-top-shelf-rolled-front-lip-threaded-rail-plates\/","og_site_name":"Tx-lab","article_modified_time":"2025-05-27T09:11:25+00:00","og_image":[{"width":800,"height":800,"url":"https:\/\/www.tx-lab.com\/wp-content\/uploads\/2021\/10\/imggGWcc0.jpg","type":"image\/jpeg"}],"twitter_card":"summary_large_image","schema":{"@context":"https:\/\/schema.org","@graph":[{"@type":"WebPage","@id":"https:\/\/www.tx-lab.com\/producto\/voyager-36-nxt-x-with-x-top-shelf-rolled-front-lip-threaded-rail-plates\/","url":"https:\/\/www.tx-lab.com\/producto\/voyager-36-nxt-x-with-x-top-shelf-rolled-front-lip-threaded-rail-plates\/","name":"\u1409 Voyager 36 NXT X - con X Top Shelf (borde frontal rebajado para trabajar m\u00e1s c\u00f3modo con el teclado y placas de riel roscadas) | Tx-lab","isPartOf":{"@id":"https:\/\/www.tx-lab.com\/#website"},"primaryImageOfPage":{"@id":"https:\/\/www.tx-lab.com\/producto\/voyager-36-nxt-x-with-x-top-shelf-rolled-front-lip-threaded-rail-plates\/#primaryimage"},"image":{"@id":"https:\/\/www.tx-lab.com\/producto\/voyager-36-nxt-x-with-x-top-shelf-rolled-front-lip-threaded-rail-plates\/#primaryimage"},"thumbnailUrl":"https:\/\/www.tx-lab.com\/wp-content\/uploads\/2021\/10\/imggGWcc0.jpg","datePublished":"2021-07-05T15:05:03+00:00","dateModified":"2025-05-27T09:11:25+00:00","description":"\ud83e\udd47 Entra y descubre \u261d Voyager 36 NXT X - con X Top Shelf (borde frontal rebajado para trabajar m\u00e1s c\u00f3modo con el teclado y placas de riel roscadas). La mejor tecnolog\u00eda disponible en... comprar Voyager 36 NXT X - con X Top Shelf (borde frontal rebajado para trabajar m\u00e1s c\u00f3modo con el teclado y placas de riel roscadas) al mejor precio \u2705 Voyager 36 NXT X - con X Top Shelf (borde frontal rebajado para trabajar m\u00e1s c\u00f3modo con el teclado y placas de riel roscadas) recomendado para...","breadcrumb":{"@id":"https:\/\/www.tx-lab.com\/producto\/voyager-36-nxt-x-with-x-top-shelf-rolled-front-lip-threaded-rail-plates\/#breadcrumb"},"inLanguage":"en-GB","potentialAction":[{"@type":"ReadAction","target":["https:\/\/www.tx-lab.com\/producto\/voyager-36-nxt-x-with-x-top-shelf-rolled-front-lip-threaded-rail-plates\/"]}]},{"@type":"ImageObject","inLanguage":"en-GB","@id":"https:\/\/www.tx-lab.com\/producto\/voyager-36-nxt-x-with-x-top-shelf-rolled-front-lip-threaded-rail-plates\/#primaryimage","url":"https:\/\/www.tx-lab.com\/wp-content\/uploads\/2021\/10\/imggGWcc0.jpg","contentUrl":"https:\/\/www.tx-lab.com\/wp-content\/uploads\/2021\/10\/imggGWcc0.jpg","width":800,"height":800,"caption":"Carro Voyager 36 NXT X con X Top Shelf, dise\u00f1ado con un borde frontal rebajado para trabajar m\u00e1s c\u00f3modamente con el teclado y equipado con placas de riel roscadas para una mayor funcionalidad. Ideal para t\u00e9cnicos digitales y fot\u00f3grafos."},{"@type":"BreadcrumbList","@id":"https:\/\/www.tx-lab.com\/producto\/voyager-36-nxt-x-with-x-top-shelf-rolled-front-lip-threaded-rail-plates\/#breadcrumb","itemListElement":[{"@type":"ListItem","position":1,"name":"Portada","item":"https:\/\/www.tx-lab.com\/"},{"@type":"ListItem","position":2,"name":"Tienda","item":"https:\/\/www.tx-lab.com\/tienda\/"},{"@type":"ListItem","position":3,"name":"Voyager 36 NXT X &#8211; con X Top Shelf (borde frontal rebajado para trabajar m\u00e1s c\u00f3modo con el teclado y placas de riel roscadas)"}]},{"@type":"WebSite","@id":"https:\/\/www.tx-lab.com\/#website","url":"https:\/\/www.tx-lab.com\/","name":"Tx-lab","description":"Products and services for image professionals","publisher":{"@id":"https:\/\/www.tx-lab.com\/#organization"},"potentialAction":[{"@type":"SearchAction","target":{"@type":"EntryPoint","urlTemplate":"https:\/\/www.tx-lab.com\/?s={search_term_string}"},"query-input":{"@type":"PropertyValueSpecification","valueRequired":true,"valueName":"search_term_string"}}],"inLanguage":"en-GB"},{"@type":"Organization","@id":"https:\/\/www.tx-lab.com\/#organization","name":"Tx-lab","url":"https:\/\/www.tx-lab.com\/","logo":{"@type":"ImageObject","inLanguage":"en-GB","@id":"https:\/\/www.tx-lab.com\/#\/schema\/logo\/image\/","url":"https:\/\/www.tx-lab.com\/wp-content\/uploads\/2022\/09\/logo_tx-lab-white-web.png","contentUrl":"https:\/\/www.tx-lab.com\/wp-content\/uploads\/2022\/09\/logo_tx-lab-white-web.png","width":520,"height":236,"caption":"Tx-lab"},"image":{"@id":"https:\/\/www.tx-lab.com\/#\/schema\/logo\/image\/"}}]}},"jetpack-related-posts":[],"jetpack_sharing_enabled":true,"_links":{"self":[{"href":"https:\/\/www.tx-lab.com\/en\/wp-json\/wp\/v2\/product\/10981","targetHints":{"allow":["GET"]}}],"collection":[{"href":"https:\/\/www.tx-lab.com\/en\/wp-json\/wp\/v2\/product"}],"about":[{"href":"https:\/\/www.tx-lab.com\/en\/wp-json\/wp\/v2\/types\/product"}],"replies":[{"embeddable":true,"href":"https:\/\/www.tx-lab.com\/en\/wp-json\/wp\/v2\/comments?post=10981"}],"wp:featuredmedia":[{"embeddable":true,"href":"https:\/\/www.tx-lab.com\/en\/wp-json\/wp\/v2\/media\/13822"}],"wp:attachment":[{"href":"https:\/\/www.tx-lab.com\/en\/wp-json\/wp\/v2\/media?parent=10981"}],"wp:term":[{"taxonomy":"product_brand","embeddable":true,"href":"https:\/\/www.tx-lab.com\/en\/wp-json\/wp\/v2\/product_brand?post=10981"},{"taxonomy":"product_cat","embeddable":true,"href":"https:\/\/www.tx-lab.com\/en\/wp-json\/wp\/v2\/product_cat?post=10981"},{"taxonomy":"product_tag","embeddable":true,"href":"https:\/\/www.tx-lab.com\/en\/wp-json\/wp\/v2\/product_tag?post=10981"}],"curies":[{"name":"wp","href":"https:\/\/api.w.org\/{rel}","templated":true}]}}