{"id":10635,"date":"2021-06-30T09:27:44","date_gmt":"2021-06-30T09:27:44","guid":{"rendered":"https:\/\/www.tx-lab.com\/?post_type=product&#038;p=10635"},"modified":"2026-03-25T12:28:07","modified_gmt":"2026-03-25T12:28:07","slug":"mochila-ultraligera-loka-ul-negro-malibu-azul","status":"publish","type":"product","link":"https:\/\/www.tx-lab.com\/en\/product\/mochila-ultraligera-loka-ul-negro-malibu-azul\/","title":{"rendered":"Loka UL &#8211; Negro\/ Malibu (azul) &#8211; Mochila Ultraligera"},"content":{"rendered":"<p>Para el fot\u00f3grafo que busque simplicidad y ligereza, f-stop ha dise\u00f1ado la soluci\u00f3n ideal. Al igual que todos los packs de la serie Ultralight, la Loka UL de 37L utiliza una vers\u00e1til y resistente carcasa que la protege de los rozamientos, as\u00ed como un sistema de suspensi\u00f3n, y un marco interno de aluminio que soporta hasta 1,2 kg. Los bolsillos traseros y superiores de la UL la hacen un accesorio vers\u00e1til, ideal para los fot\u00f3grafos m\u00e1s viajeros que buscan comodidad y una mochila pr\u00e1ctica sin perder calidad. Dimensiones: 55,9 x 31,8 x  27,9 cm. Volumen: 36L. Peso: 1,2kg. Compatibilidad ICU: Micro, Shallow Small  Medium, Slope Medium, Pro Small son los recomendados. Slope Large, Pro Large, Pro XL quedan ajustados.<\/p>","protected":false},"excerpt":{"rendered":"<p>La Loka UL ha sido dise\u00f1ada para shooters activos y \u00e1giles. Con solo 1,2kg y 37l de almacenaje disponible, la Loka UL es la mezcla perfecta entre personalizaci\u00f3n y comodidad para el fot\u00f3grafo m\u00e1s aventurero.<\/p>","protected":false},"featured_media":10632,"comment_status":"open","ping_status":"closed","template":"","meta":[],"product_brand":[1813],"product_cat":[1550,1353,210],"product_tag":[1332,1352],"class_list":{"0":"post-10635","1":"product","2":"type-product","3":"status-publish","4":"has-post-thumbnail","6":"product_brand-fstop-mochilas-montana-tx-lab-accesrorios-fotografia","7":"product_cat-ofertas","8":"product_cat-mochilas-ultraligeras","9":"product_cat-transporte","10":"product_tag-fstop","11":"product_tag-mochila-ultraligera","13":"first","14":"instock","15":"sale","16":"taxable","17":"shipping-taxable","18":"purchasable","19":"product-type-simple"},"yoast_head":"<!-- This site is optimized with the Yoast SEO plugin v27.4 - https:\/\/yoast.com\/product\/yoast-seo-wordpress\/ -->\n<title>\u1409 Mochila Ultraligera | Loka UL - Negro\/ Malibu (azul) - Mochila Ultraligera en Tx-lab<\/title>\n<meta name=\"description\" content=\"\ud83e\udd47 Entra y descubre \u261d Mochila Ultraligera. La mejor tecnolog\u00eda disponible en... comprar Loka UL - Negro\/ Malibu (azul) - Mochila Ultraligera al mejor precio \u2705 Mochila Ultraligera recomendado para...\" \/>\n<meta name=\"robots\" content=\"index, follow, max-snippet:-1, max-image-preview:large, max-video-preview:-1\" \/>\n<link rel=\"canonical\" href=\"https:\/\/www.tx-lab.com\/en\/product\/mochila-ultraligera-loka-ul-negro-malibu-azul\/\" \/>\n<meta property=\"og:locale\" content=\"en_GB\" \/>\n<meta property=\"og:type\" content=\"article\" \/>\n<meta property=\"og:title\" content=\"\u1409 Mochila Ultraligera | Loka UL - Negro\/ Malibu (azul) - Mochila Ultraligera en Tx-lab\" \/>\n<meta property=\"og:description\" content=\"\ud83e\udd47 Entra y descubre \u261d Mochila Ultraligera. La mejor tecnolog\u00eda disponible en... comprar Loka UL - Negro\/ Malibu (azul) - Mochila Ultraligera al mejor precio \u2705 Mochila Ultraligera recomendado para...\" \/>\n<meta property=\"og:url\" content=\"https:\/\/www.tx-lab.com\/en\/product\/mochila-ultraligera-loka-ul-negro-malibu-azul\/\" \/>\n<meta property=\"og:site_name\" content=\"Tx-lab\" \/>\n<meta property=\"article:modified_time\" content=\"2026-03-25T12:28:07+00:00\" \/>\n<meta property=\"og:image\" content=\"https:\/\/www.tx-lab.com\/wp-content\/uploads\/2021\/06\/img0R57d7.jpg\" \/>\n\t<meta property=\"og:image:width\" content=\"1028\" \/>\n\t<meta property=\"og:image:height\" content=\"1028\" \/>\n\t<meta property=\"og:image:type\" content=\"image\/jpeg\" \/>\n<meta name=\"twitter:card\" content=\"summary_large_image\" \/>\n<meta name=\"twitter:label1\" content=\"Estimated reading time\" \/>\n\t<meta name=\"twitter:data1\" content=\"1 minute\" \/>\n<script type=\"application\/ld+json\" class=\"yoast-schema-graph\">{\"@context\":\"https:\\\/\\\/schema.org\",\"@graph\":[{\"@type\":\"WebPage\",\"@id\":\"https:\\\/\\\/www.tx-lab.com\\\/producto\\\/mochila-ultraligera-loka-ul-negro-malibu-azul\\\/\",\"url\":\"https:\\\/\\\/www.tx-lab.com\\\/producto\\\/mochila-ultraligera-loka-ul-negro-malibu-azul\\\/\",\"name\":\"\u1409 Mochila Ultraligera | Loka UL - Negro\\\/ Malibu (azul) - Mochila Ultraligera en Tx-lab\",\"isPartOf\":{\"@id\":\"https:\\\/\\\/www.tx-lab.com\\\/#website\"},\"primaryImageOfPage\":{\"@id\":\"https:\\\/\\\/www.tx-lab.com\\\/producto\\\/mochila-ultraligera-loka-ul-negro-malibu-azul\\\/#primaryimage\"},\"image\":{\"@id\":\"https:\\\/\\\/www.tx-lab.com\\\/producto\\\/mochila-ultraligera-loka-ul-negro-malibu-azul\\\/#primaryimage\"},\"thumbnailUrl\":\"https:\\\/\\\/www.tx-lab.com\\\/wp-content\\\/uploads\\\/2021\\\/06\\\/img0R57d7.jpg\",\"datePublished\":\"2021-06-30T09:27:44+00:00\",\"dateModified\":\"2026-03-25T12:28:07+00:00\",\"description\":\"\ud83e\udd47 Entra y descubre \u261d Mochila Ultraligera. La mejor tecnolog\u00eda disponible en... comprar Loka UL - Negro\\\/ Malibu (azul) - Mochila Ultraligera al mejor precio \u2705 Mochila Ultraligera recomendado para...\",\"breadcrumb\":{\"@id\":\"https:\\\/\\\/www.tx-lab.com\\\/producto\\\/mochila-ultraligera-loka-ul-negro-malibu-azul\\\/#breadcrumb\"},\"inLanguage\":\"en-GB\",\"potentialAction\":[{\"@type\":\"ReadAction\",\"target\":[\"https:\\\/\\\/www.tx-lab.com\\\/producto\\\/mochila-ultraligera-loka-ul-negro-malibu-azul\\\/\"]}]},{\"@type\":\"ImageObject\",\"inLanguage\":\"en-GB\",\"@id\":\"https:\\\/\\\/www.tx-lab.com\\\/producto\\\/mochila-ultraligera-loka-ul-negro-malibu-azul\\\/#primaryimage\",\"url\":\"https:\\\/\\\/www.tx-lab.com\\\/wp-content\\\/uploads\\\/2021\\\/06\\\/img0R57d7.jpg\",\"contentUrl\":\"https:\\\/\\\/www.tx-lab.com\\\/wp-content\\\/uploads\\\/2021\\\/06\\\/img0R57d7.jpg\",\"width\":1028,\"height\":1028},{\"@type\":\"BreadcrumbList\",\"@id\":\"https:\\\/\\\/www.tx-lab.com\\\/producto\\\/mochila-ultraligera-loka-ul-negro-malibu-azul\\\/#breadcrumb\",\"itemListElement\":[{\"@type\":\"ListItem\",\"position\":1,\"name\":\"Portada\",\"item\":\"https:\\\/\\\/www.tx-lab.com\\\/\"},{\"@type\":\"ListItem\",\"position\":2,\"name\":\"Tienda\",\"item\":\"https:\\\/\\\/www.tx-lab.com\\\/tienda\\\/\"},{\"@type\":\"ListItem\",\"position\":3,\"name\":\"Loka UL &#8211; Negro\\\/ Malibu (azul) &#8211; Mochila Ultraligera\"}]},{\"@type\":\"WebSite\",\"@id\":\"https:\\\/\\\/www.tx-lab.com\\\/#website\",\"url\":\"https:\\\/\\\/www.tx-lab.com\\\/\",\"name\":\"Tx-lab\",\"description\":\"Productos y servicios para profesionales de la imagen\",\"publisher\":{\"@id\":\"https:\\\/\\\/www.tx-lab.com\\\/#organization\"},\"potentialAction\":[{\"@type\":\"SearchAction\",\"target\":{\"@type\":\"EntryPoint\",\"urlTemplate\":\"https:\\\/\\\/www.tx-lab.com\\\/?s={search_term_string}\"},\"query-input\":{\"@type\":\"PropertyValueSpecification\",\"valueRequired\":true,\"valueName\":\"search_term_string\"}}],\"inLanguage\":\"en-GB\"},{\"@type\":\"Organization\",\"@id\":\"https:\\\/\\\/www.tx-lab.com\\\/#organization\",\"name\":\"Tx-lab\",\"url\":\"https:\\\/\\\/www.tx-lab.com\\\/\",\"logo\":{\"@type\":\"ImageObject\",\"inLanguage\":\"en-GB\",\"@id\":\"https:\\\/\\\/www.tx-lab.com\\\/#\\\/schema\\\/logo\\\/image\\\/\",\"url\":\"https:\\\/\\\/www.tx-lab.com\\\/wp-content\\\/uploads\\\/2022\\\/09\\\/logo_tx-lab-white-web.png\",\"contentUrl\":\"https:\\\/\\\/www.tx-lab.com\\\/wp-content\\\/uploads\\\/2022\\\/09\\\/logo_tx-lab-white-web.png\",\"width\":520,\"height\":236,\"caption\":\"Tx-lab\"},\"image\":{\"@id\":\"https:\\\/\\\/www.tx-lab.com\\\/#\\\/schema\\\/logo\\\/image\\\/\"}}]}<\/script>\n<!-- \/ Yoast SEO plugin. -->","yoast_head_json":{"title":"\u1409 Mochila Ultraligera | Loka UL - Negro\/ Malibu (azul) - Mochila Ultraligera en Tx-lab","description":"\ud83e\udd47 Entra y descubre \u261d Mochila Ultraligera. La mejor tecnolog\u00eda disponible en... comprar Loka UL - Negro\/ Malibu (azul) - Mochila Ultraligera al mejor precio \u2705 Mochila Ultraligera recomendado para...","robots":{"index":"index","follow":"follow","max-snippet":"max-snippet:-1","max-image-preview":"max-image-preview:large","max-video-preview":"max-video-preview:-1"},"canonical":"https:\/\/www.tx-lab.com\/en\/product\/mochila-ultraligera-loka-ul-negro-malibu-azul\/","og_locale":"en_GB","og_type":"article","og_title":"\u1409 Mochila Ultraligera | Loka UL - Negro\/ Malibu (azul) - Mochila Ultraligera en Tx-lab","og_description":"\ud83e\udd47 Entra y descubre \u261d Mochila Ultraligera. La mejor tecnolog\u00eda disponible en... comprar Loka UL - Negro\/ Malibu (azul) - Mochila Ultraligera al mejor precio \u2705 Mochila Ultraligera recomendado para...","og_url":"https:\/\/www.tx-lab.com\/en\/product\/mochila-ultraligera-loka-ul-negro-malibu-azul\/","og_site_name":"Tx-lab","article_modified_time":"2026-03-25T12:28:07+00:00","og_image":[{"width":1028,"height":1028,"url":"https:\/\/www.tx-lab.com\/wp-content\/uploads\/2021\/06\/img0R57d7.jpg","type":"image\/jpeg"}],"twitter_card":"summary_large_image","twitter_misc":{"Estimated reading time":"1 minute"},"schema":{"@context":"https:\/\/schema.org","@graph":[{"@type":"WebPage","@id":"https:\/\/www.tx-lab.com\/producto\/mochila-ultraligera-loka-ul-negro-malibu-azul\/","url":"https:\/\/www.tx-lab.com\/producto\/mochila-ultraligera-loka-ul-negro-malibu-azul\/","name":"\u1409 Mochila Ultraligera | Loka UL - Negro\/ Malibu (azul) - Mochila Ultraligera en Tx-lab","isPartOf":{"@id":"https:\/\/www.tx-lab.com\/#website"},"primaryImageOfPage":{"@id":"https:\/\/www.tx-lab.com\/producto\/mochila-ultraligera-loka-ul-negro-malibu-azul\/#primaryimage"},"image":{"@id":"https:\/\/www.tx-lab.com\/producto\/mochila-ultraligera-loka-ul-negro-malibu-azul\/#primaryimage"},"thumbnailUrl":"https:\/\/www.tx-lab.com\/wp-content\/uploads\/2021\/06\/img0R57d7.jpg","datePublished":"2021-06-30T09:27:44+00:00","dateModified":"2026-03-25T12:28:07+00:00","description":"\ud83e\udd47 Entra y descubre \u261d Mochila Ultraligera. La mejor tecnolog\u00eda disponible en... comprar Loka UL - Negro\/ Malibu (azul) - Mochila Ultraligera al mejor precio \u2705 Mochila Ultraligera recomendado para...","breadcrumb":{"@id":"https:\/\/www.tx-lab.com\/producto\/mochila-ultraligera-loka-ul-negro-malibu-azul\/#breadcrumb"},"inLanguage":"en-GB","potentialAction":[{"@type":"ReadAction","target":["https:\/\/www.tx-lab.com\/producto\/mochila-ultraligera-loka-ul-negro-malibu-azul\/"]}]},{"@type":"ImageObject","inLanguage":"en-GB","@id":"https:\/\/www.tx-lab.com\/producto\/mochila-ultraligera-loka-ul-negro-malibu-azul\/#primaryimage","url":"https:\/\/www.tx-lab.com\/wp-content\/uploads\/2021\/06\/img0R57d7.jpg","contentUrl":"https:\/\/www.tx-lab.com\/wp-content\/uploads\/2021\/06\/img0R57d7.jpg","width":1028,"height":1028},{"@type":"BreadcrumbList","@id":"https:\/\/www.tx-lab.com\/producto\/mochila-ultraligera-loka-ul-negro-malibu-azul\/#breadcrumb","itemListElement":[{"@type":"ListItem","position":1,"name":"Portada","item":"https:\/\/www.tx-lab.com\/"},{"@type":"ListItem","position":2,"name":"Tienda","item":"https:\/\/www.tx-lab.com\/tienda\/"},{"@type":"ListItem","position":3,"name":"Loka UL &#8211; Negro\/ Malibu (azul) &#8211; Mochila Ultraligera"}]},{"@type":"WebSite","@id":"https:\/\/www.tx-lab.com\/#website","url":"https:\/\/www.tx-lab.com\/","name":"Tx-lab","description":"Products and services for image professionals","publisher":{"@id":"https:\/\/www.tx-lab.com\/#organization"},"potentialAction":[{"@type":"SearchAction","target":{"@type":"EntryPoint","urlTemplate":"https:\/\/www.tx-lab.com\/?s={search_term_string}"},"query-input":{"@type":"PropertyValueSpecification","valueRequired":true,"valueName":"search_term_string"}}],"inLanguage":"en-GB"},{"@type":"Organization","@id":"https:\/\/www.tx-lab.com\/#organization","name":"Tx-lab","url":"https:\/\/www.tx-lab.com\/","logo":{"@type":"ImageObject","inLanguage":"en-GB","@id":"https:\/\/www.tx-lab.com\/#\/schema\/logo\/image\/","url":"https:\/\/www.tx-lab.com\/wp-content\/uploads\/2022\/09\/logo_tx-lab-white-web.png","contentUrl":"https:\/\/www.tx-lab.com\/wp-content\/uploads\/2022\/09\/logo_tx-lab-white-web.png","width":520,"height":236,"caption":"Tx-lab"},"image":{"@id":"https:\/\/www.tx-lab.com\/#\/schema\/logo\/image\/"}}]}},"jetpack-related-posts":[],"jetpack_sharing_enabled":true,"_links":{"self":[{"href":"https:\/\/www.tx-lab.com\/en\/wp-json\/wp\/v2\/product\/10635","targetHints":{"allow":["GET"]}}],"collection":[{"href":"https:\/\/www.tx-lab.com\/en\/wp-json\/wp\/v2\/product"}],"about":[{"href":"https:\/\/www.tx-lab.com\/en\/wp-json\/wp\/v2\/types\/product"}],"replies":[{"embeddable":true,"href":"https:\/\/www.tx-lab.com\/en\/wp-json\/wp\/v2\/comments?post=10635"}],"wp:featuredmedia":[{"embeddable":true,"href":"https:\/\/www.tx-lab.com\/en\/wp-json\/wp\/v2\/media\/10632"}],"wp:attachment":[{"href":"https:\/\/www.tx-lab.com\/en\/wp-json\/wp\/v2\/media?parent=10635"}],"wp:term":[{"taxonomy":"product_brand","embeddable":true,"href":"https:\/\/www.tx-lab.com\/en\/wp-json\/wp\/v2\/product_brand?post=10635"},{"taxonomy":"product_cat","embeddable":true,"href":"https:\/\/www.tx-lab.com\/en\/wp-json\/wp\/v2\/product_cat?post=10635"},{"taxonomy":"product_tag","embeddable":true,"href":"https:\/\/www.tx-lab.com\/en\/wp-json\/wp\/v2\/product_tag?post=10635"}],"curies":[{"name":"wp","href":"https:\/\/api.w.org\/{rel}","templated":true}]}}